{"id":5,"date":"2024-04-04T03:33:56","date_gmt":"2024-04-04T00:33:56","guid":{"rendered":"https:\/\/sisu.ut.ee\/nooredkoodi\/voistlused\/"},"modified":"2024-04-04T03:34:34","modified_gmt":"2024-04-04T00:34:34","slug":"voistlused","status":"publish","type":"page","link":"https:\/\/sisu.ut.ee\/nooredkoodi\/voistlused\/","title":{"rendered":"V\u00f5istlused"},"content":{"rendered":"<h2>\n\tHei p\u00f5hikooli ja g\u00fcmnaasiumi \u00f5pilane!<br>\n<\/h2>\n<p>\n\t<img loading=\"lazy\" decoding=\"async\" width=\"1280\" height=\"447\" class=\"alignnone wp-image-16\" src=\"https:\/\/sisu.ut.ee\/wp-content\/uploads\/sites\/237\/nk1.png\" title=\"nk1.png\" alt=\"None\" srcset=\"https:\/\/sisu.ut.ee\/wp-content\/uploads\/sites\/237\/nk1.png 1280w, https:\/\/sisu.ut.ee\/wp-content\/uploads\/sites\/237\/nk1-300x105.png 300w, https:\/\/sisu.ut.ee\/wp-content\/uploads\/sites\/237\/nk1-1024x358.png 1024w, https:\/\/sisu.ut.ee\/wp-content\/uploads\/sites\/237\/nk1-768x268.png 768w\" sizes=\"auto, (max-width: 1280px) 100vw, 1280px\">\n<\/p>\n<p>\n\tTudengid paluvad Sinu abi. Eksamik\u00fcsimuste otsimisel j\u00e4i Martin Deltasse l\u00f5ksu ega\u00a0saa enam v\u00e4lja. Lahenda seitse IT-teemalist \u00fclesannet ning p\u00e4\u00e4sta Martin enne 10. novembrit! K\u00f5ikide p\u00e4\u00e4stjate vahel loosib Martin v\u00e4lja auhindu LED-ribadest, 3D-pliiatsitest kuni Spherode ning RasPi klaviatuurideni!\n<\/p>\n<p>\n\tMartini p\u00e4\u00e4stmiseks mine siia: <a data-url=\"https:\/\/www.nooredkoodi.ee\" href=\"https:\/\/www.nooredkoodi.ee\" target=\"_blank\" title=\"\" rel=\"noopener\">www.nooredkoodi.ee<\/a>\n<\/p>\n<p>\n\t***Tegemist on m\u00e4nguga***\n<\/p>\n<hr>\n<p>\n\t<s><strong>Kutsume Sind ja Sinu s\u00f5pru osalema 14. aprillil Noored Koodi h\u00e4katonil. Noored Koodi l\u00f6\u00f6b kampa \u00d5pilaste Teadusfestivaliga ning koos korraldame \u00fchep\u00e4evase \u00f5pilash\u00e4katoni \u201cProgrammeeri oma elu lihtsamaks\u201d Eesti Rahva Muuseumis.<\/strong><\/s>\n<\/p>\n<p>\n\t\u00a0\n<\/p>\n<p>\n\t<s>Oled elus tundnud, et mingid asjad v\u00f5iks olla lihtsamad ning mitte nii keerulised? V\u00e4ga paljusid selliseid asju saab lihtsa programmi v\u00f5i \u00e4piga lahendada. Sa ei tea kuidas? Selleks tulegi \u00fcksi v\u00f5i koos s\u00f5pradega h\u00e4katonile ning Noored Koodi tudengid \u00f5petavad Sind\u00a0kasutama Pythonit.<\/s>\n<\/p>\n<p>\n\t<s>\u201cProgrammeeri oma elu lihtsamaks\u201d j\u00e4ljendab t\u00f5elist h\u00e4katoni, kus pitchitakse ideid, moodustatakse meeskondi, arendatakse lahendusi ning esitletakse neid hiljem lava peal.<br>Koha peal on mentorid, kes meeskondi aitavad, suunavad ning annavad tagasisidet esitluse, tarkvara ning idee teostamise kohta.<\/s>\n<\/p>\n<p>\n\t<s><a data-url=\"https:\/\/docs.google.com\/forms\/d\/e\/1FAIpQLSevItisoVfuGVWMKh-uOkKoVnsLnoRm2xcifPhG34s09NQazA\/viewform?usp=sf_link\" href=\"https:\/\/docs.google.com\/forms\/d\/e\/1FAIpQLSevItisoVfuGVWMKh-uOkKoVnsLnoRm2xcifPhG34s09NQazA\/viewform?usp=sf_link\" target=\"_blank\" title=\"\" rel=\"noopener\">REGISTREERI SIIN<\/a><\/s>\n<\/p>\n<p>\n\t<span style=\"background-color:#add8e6\">09:30 \u2013 10:00 Saabumine B-sissek\u00e4igu kaudu<\/span><br><span style=\"background-color:#add8e6\">10:00 \u2013 12:00 Pythoni \u00f5petamine\/koolitus<\/span><br><span style=\"background-color:#add8e6\">12:00 \u2013 12:30 Pitchid\/meeskondadesse jagamine<\/span><br><span style=\"background-color:#add8e6\">12:30 \u2013 16:00 Meeskonnad arendavad oma lahendust<\/span><br><span style=\"background-color:#add8e6\">12:30 \u2013 14:00 L\u00f5una<\/span><br><span style=\"background-color:#add8e6\">16:15\u00a0\u2013 17:30\u00a0Meeskonnad esitlevad oma ideid (pitchid) (Hurda saal)<\/span><br><span style=\"background-color:#add8e6\">17:30\u00a0\u2013 18:00 Kohtunike otsused ja autasustamine (Hurda saal)<\/span>\n<\/p>\n<p>\n\tAuhinnafond on 1 800 EUR.\n<\/p>\n<p>\n\tK\u00fcsimuste korral p\u00f6\u00f6rduge Andri.Soone@ut.ee\u00a0\n<\/p>\n<p>\n\t<img loading=\"lazy\" decoding=\"async\" width=\"679\" height=\"960\" class=\"alignnone wp-image-15\" src=\"https:\/\/sisu.ut.ee\/wp-content\/uploads\/sites\/237\/b2nner.jpg\" title=\"b2nner.jpg\" alt=\"V\u00f5istlused_b2nner\" srcset=\"https:\/\/sisu.ut.ee\/wp-content\/uploads\/sites\/237\/b2nner.jpg 679w, https:\/\/sisu.ut.ee\/wp-content\/uploads\/sites\/237\/b2nner-212x300.jpg 212w\" sizes=\"auto, (max-width: 679px) 100vw, 679px\">\n<\/p>\n<hr>\n<hr>\n<hr>\n<hr>\n<p>\n\t<em>2019. aasta Noored Koodi v\u00f5istluse tulemused:<\/em>\n<\/p>\n<p>\n\t<em>Python:<\/em>\n<\/p>\n<p>\n\t<em><img loading=\"lazy\" decoding=\"async\" height=\"528\" src=\"\/wp-content\/uploads\/sites\/237\/2019_python_tulemused.png\" width=\"1052\"><\/em>\n<\/p>\n<p>\n\t<em>Veebilehed:<\/em>\n<\/p>\n<table class=\"table table-hover\" border=\"0\" cellpadding=\"0\" cellspacing=\"0\" style=\"width: 483px\">\n<tbody>\n<tr>\n<td class=\"xl63\">\n\t\t\t\t\u00a0\n\t\t\t<\/td>\n<td>\n\t\t\t\t\u00a0\n\t\t\t<\/td>\n<td>\n\t\t\t\t\u00a0\n\t\t\t<\/td>\n<td class=\"xl63\">\n\t\t\t\t<em>Summa<\/em>\n\t\t\t<\/td>\n<td class=\"xl63\">\n\t\t\t\t\u00a0\n\t\t\t<\/td>\n<\/tr>\n<tr>\n<td class=\"xl64\">\n\t\t\t\t<em>Aleksei<\/em>\n\t\t\t<\/td>\n<td class=\"xl64\">\n\t\t\t\t<em>Garanin<\/em>\n\t\t\t<\/td>\n<td class=\"xl64\">\n\t\t\t\t<em>Narva Kesklinna g\u00fcmnaasium<\/em>\n\t\t\t<\/td>\n<td class=\"xl65\" data-sheets-formula=\"=SUM(R[0]C[-2]:R[0]C[-1])\" data-sheets-value='{\"1\":3,\"3\":145}'>\n\t\t\t\t<em>145<\/em>\n\t\t\t<\/td>\n<td class=\"xl63\" data-sheets-value='{\"1\":2,\"2\":\"III\"}'>\n\t\t\t\t<em>III<\/em>\n\t\t\t<\/td>\n<\/tr>\n<tr>\n<td class=\"xl64\">\n\t\t\t\t<em>Annaliisa<\/em>\n\t\t\t<\/td>\n<td class=\"xl64\">\n\t\t\t\t<em>H\u00e4ling<\/em>\n\t\t\t<\/td>\n<td class=\"xl64\">\n\t\t\t\t<em>Tartu Tamme G\u00fcmnaasium<\/em>\n\t\t\t<\/td>\n<td class=\"xl65\" data-sheets-formula=\"=SUM(R[0]C[-2]:R[0]C[-1])\" data-sheets-value='{\"1\":3,\"3\":140}'>\n\t\t\t\t<em>140<\/em>\n\t\t\t<\/td>\n<td class=\"xl63\">\n\t\t\t\t\u00a0\n\t\t\t<\/td>\n<\/tr>\n<tr>\n<td class=\"xl64\">\n\t\t\t\t<em>Anton<\/em>\n\t\t\t<\/td>\n<td class=\"xl64\">\n\t\t\t\t<em>Slavin<\/em>\n\t\t\t<\/td>\n<td class=\"xl64\">\n\t\t\t\t<em>Tartu Annelinna G\u00fcmnaasium<\/em>\n\t\t\t<\/td>\n<td class=\"xl65\" data-sheets-formula=\"=SUM(R[0]C[-2]:R[0]C[-1])\" data-sheets-value='{\"1\":3,\"3\":180.5}'>\n\t\t\t\t<em>180.5<\/em>\n\t\t\t<\/td>\n<td class=\"xl63\" data-sheets-value='{\"1\":2,\"2\":\"I\"}'>\n\t\t\t\t<em>I<\/em>\n\t\t\t<\/td>\n<\/tr>\n<tr>\n<td class=\"xl64\">\n\t\t\t\t<em>Kerdo<\/em>\n\t\t\t<\/td>\n<td class=\"xl64\">\n\t\t\t\t<em>Kurs<\/em>\n\t\t\t<\/td>\n<td class=\"xl64\">\n\t\t\t\t<em>J\u00f5gevamaa G\u00fcmnaasium<\/em>\n\t\t\t<\/td>\n<td class=\"xl65\" data-sheets-formula=\"=SUM(R[0]C[-2]:R[0]C[-1])\" data-sheets-value='{\"1\":3,\"3\":167.5}'>\n\t\t\t\t<em>167.5<\/em>\n\t\t\t<\/td>\n<td class=\"xl63\" data-sheets-value='{\"1\":2,\"2\":\"II\"}'>\n\t\t\t\t<em>II<\/em>\n\t\t\t<\/td>\n<\/tr>\n<tr>\n<td class=\"xl64\">\n\t\t\t\t<em>Krista<\/em>\n\t\t\t<\/td>\n<td class=\"xl64\">\n\t\t\t\t<em>Heido<\/em>\n\t\t\t<\/td>\n<td class=\"xl64\">\n\t\t\t\t<em>Tartu Tamme G\u00fcmnaasium<\/em>\n\t\t\t<\/td>\n<td class=\"xl65\" data-sheets-formula=\"=SUM(R[0]C[-2]:R[0]C[-1])\" data-sheets-value='{\"1\":3,\"3\":128.5}'>\n\t\t\t\t<em>128.5<\/em>\n\t\t\t<\/td>\n<td class=\"xl63\">\n\t\t\t\t\u00a0\n\t\t\t<\/td>\n<\/tr>\n<tr>\n<td class=\"xl64\">\n\t\t\t\t<em>Sander<\/em>\n\t\t\t<\/td>\n<td class=\"xl64\">\n\t\t\t\t<em>Soodla<\/em>\n\t\t\t<\/td>\n<td class=\"xl64\">\n\t\t\t\t<em>Tartu Tamme G\u00fcmnaasium<\/em>\n\t\t\t<\/td>\n<td class=\"xl65\" data-sheets-formula=\"=SUM(R[0]C[-2]:R[0]C[-1])\" data-sheets-value='{\"1\":3,\"3\":116}'>\n\t\t\t\t<em>116<\/em>\n\t\t\t<\/td>\n<td class=\"xl63\">\n\t\t\t\t\u00a0\n\t\t\t<\/td>\n<\/tr>\n<\/tbody>\n<\/table>\n<p>\n\t\u00a0\n<\/p>\n<p>\n\t<em>\u00a0P\u00f5genemistoa TOP3 :<br>1.NKL \u2013 Narva keeltel\u00fctseum<br>2. Love Shot \u2013 Narva Keeltel\u00fctseum<br>3.Kallas^3 \u2013 Viimsi kool<\/em>\n<\/p>\n<p>\n\t<br><em>Teine Noored Koodi v\u00f5istlus on tulemas 16. veebruaril 2019 Tartus, \u00dclikooli 17. V\u00f5istlus\u00fclesanneteks on:<\/em>\n<\/p>\n<ol>\n<li>\n\t\t<em>Algoritmid Pythoniga<\/em>\n\t<\/li>\n<li>\n\t\t<em>Veebilehe loomine<\/em>\n\t<\/li>\n<li>\n\t\t<em>Virtuaalreaalsus<\/em>\n\t<\/li>\n<li>\n\t\t<em>P\u00f5genemistuba<\/em>\n\t<\/li>\n<\/ol>\n<p>\n\t<em><a href=\"https:\/\/www.facebook.com\/events\/2226071361052831\/\" target=\"_blank\" rel=\"noopener\">https:\/\/www.facebook.com\/events\/2226071361052831\/\u00a0<\/a><\/em>\n<\/p>\n<p>\n\t<em>Kolm v\u00f5istlusala (algoritmid Pythoniga, veebilehe loomine ning p\u00f5genemistuba) \u00fclesannete lahendamine toimub koha peal. Virtuaalreaalsuse \u00fclesandes on Teil v\u00f5imalik luua oma s\u00f5braga maailm teemal \u201cMinu kodukoht 100 aasta p\u00e4rast\u201d ning tulla seda v\u00f5istlusele esitama.<\/em>\n<\/p>\n<p>\n\t<em>V\u00f5istlema on oodatud III kooliastme ja g\u00fcmnaasiumi\u00f5pilased.<\/em>\n<\/p>\n<p>\n\t<em><img decoding=\"async\" alt=\"PDF icon\" class=\"file-icon\" src=\"\/modules\/file\/icons\/application-pdf.png\" title=\"application\/pdf\"> <a href=\"https:\/\/sisu.ut.ee\/wp-content\/uploads\/sites\/237\/virtuaalreaalsuse_voistlus.pdf\">virtuaalreaalsuse_voistlus.pdf<\/a><\/em>\n<\/p>\n<p>\n\t<em><a href=\"https:\/\/docs.google.com\/forms\/d\/e\/1FAIpQLSevItisoVfuGVWMKh-uOkKoVnsLnoRm2xcifPhG34s09NQazA\/viewform?usp=sf_link\" style=\"background-color: #ffffff\" target=\"_blank\" rel=\"noopener\">REGISTREERIMINE<\/a><\/em>\n<\/p>\n<p>\n\t<em>Ajakava:<\/em>\n<\/p>\n<p>\n\t<em>11:30-12:00 Saabumine, registreerimine<\/em>\n<\/p>\n<p>\n\t<em>12:00-12:15 Avamistseremoonia<\/em>\n<\/p>\n<p>\n\t<em>12:15-13:00 L\u00f5una<\/em>\n<\/p>\n<p>\n\t<em>13:00 \u2013 15:00 Python ja algoritmika \u00fcllatus\u00fclesanne<\/em>\n<\/p>\n<p>\n\t<em>13:00 \u2013 15:00 Veebilehe loomine<\/em>\n<\/p>\n<p>\n\t<em>12:15 \u2013 16:30 AVatud on P\u00f5genemistuba<\/em>\n<\/p>\n<p>\n\t<em>15:00 \u2013 16:00 Virtuaalreaalsuse t\u00f6\u00f6de tutvustamine<\/em>\n<\/p>\n<p>\n\t<em>16:00 \u2013 16:30 Autasustamine<\/em>\n<\/p>\n<hr>\n<p>\n\t\u00a0\n<\/p>\n<p>\n\t<em>Esimene Noored Koodi v\u00f5istlus toimus 14. aprillil koos RoboMiku Lahinguga J\u00f5hvi Spordihallis!<\/em><br><em>V\u00f5istlusaladeks olid:<\/em>\n<\/p>\n<ul>\n<li>\n\t\t<em>Virtuaalreaalsus \u2013 Loo oma tuleviku klassiruum<\/em>\n\t<\/li>\n<li>\n\t\t<em>Python ja algoritmika \u2013 \u00fclesanne ja arvuti antakse koha peal, v\u00f5imalus kasutada ka oma arvutit<\/em>\n\t<\/li>\n<li>\n\t\t<em>Veebilehe loomine \u2013\u00a0\u00fclesanne ja arvuti antakse koha peal, v\u00f5imalus kasutada ka oma arvutit<\/em>\n\t<\/li>\n<\/ul>\n<p>\n\t<em>Noored koodi alade auhinnad olid:<\/em>\n<\/p>\n<p>\n\t<em>I koht \u2013 100 EUR Euronics kinkekaart<\/em><br><em>II koht \u2013 50 EUR Euronics kinkekaart<br>III koht \u2013 30 EUR (kaks v\u00f5istlusala)<\/em>\n<\/p>\n<p>\n\t<br><em><a href=\"http:\/\/www.eformular.com\/robootika\/robomiku18.html#stay\" target=\"_blank\" rel=\"noopener\">Registreerimine<\/a><\/em>\n<\/p>\n<p>\n\t<em><a href=\"https:\/\/drive.google.com\/drive\/folders\/13Hh0sI5c52LKHXi6Kwxgj80lAzMTNACr?usp=sharing\" target=\"_blank\" rel=\"noopener\">Reeglid<\/a><\/em>\n<\/p>\n<p>\n\t<em>Ajakava:<\/em>\n<\/p>\n<table class=\"table table-hover\" id=\"tablepress-4\">\n<tbody>\n<tr class=\"row-1 odd\">\n<td class=\"column-1\">\n\t\t\t\t<em>09:00-10:30<\/em>\n\t\t\t<\/td>\n<td class=\"column-2\">\n\t\t\t\t<em>Saabumine<\/em>\n\t\t\t<\/td>\n<\/tr>\n<tr class=\"row-2 even\">\n<td class=\"column-1\">\n\t\t\t\t<em>10:45-11:00<\/em>\n\t\t\t<\/td>\n<td class=\"column-2\">\n\t\t\t\t<em>Avamine<\/em>\n\t\t\t<\/td>\n<\/tr>\n<tr class=\"row-3 odd\">\n<td class=\"column-1\">\n\t\t\t\t<em>11:00-17:00<\/em>\n\t\t\t<\/td>\n<td class=\"column-2\">\n\t\t\t\t<em>V\u00f5istlused<\/em>\n\t\t\t<\/td>\n<\/tr>\n<tr class=\"row-4 even\">\n<td class=\"column-1\">\n\t\t\t\t<em>12:00-14:00<\/em>\n\t\t\t<\/td>\n<td class=\"column-2\">\n\t\t\t\t<em>L\u00f5una<\/em>\n\t\t\t<\/td>\n<\/tr>\n<tr class=\"row-5 odd\">\n<td class=\"column-1\">\n\t\t\t\t<em>17:00-17:30<\/em>\n\t\t\t<\/td>\n<td class=\"column-2\">\n\t\t\t\t<em>EV100 \u00fchisaktsioonid<\/em>\n\t\t\t<\/td>\n<\/tr>\n<tr class=\"row-6 even\">\n<td class=\"column-1\">\n\t\t\t\t<em>17:30-18:00<\/em>\n\t\t\t<\/td>\n<td class=\"column-2\">\n\t\t\t\t<em>Autasustamine<\/em>\n\t\t\t<\/td>\n<\/tr>\n<\/tbody>\n<\/table>\n<p>\n\t\u00a0\n<\/p>\n<p>\n\t<img loading=\"lazy\" decoding=\"async\" height=\"189\" src=\"\/wp-content\/uploads\/sites\/237\/kollaaz.png\" width=\"1200\"><\/p>\n","protected":false},"excerpt":{"rendered":"<p>Hei p\u00f5hikooli ja g\u00fcmnaasiumi \u00f5pilane! Tudengid paluvad Sinu abi. Eksamik\u00fcsimuste otsimisel j\u00e4i Martin Deltasse l\u00f5ksu ega\u00a0saa enam v\u00e4lja. Lahenda seitse IT-teemalist \u00fclesannet ning p\u00e4\u00e4sta Martin enne 10. novembrit! K\u00f5ikide p\u00e4\u00e4stjate vahel loosib Martin v\u00e4lja auhindu LED-ribadest, 3D-pliiatsitest kuni Spherode ning &#8230;<\/p>\n","protected":false},"author":119,"featured_media":0,"parent":0,"menu_order":0,"comment_status":"closed","ping_status":"closed","template":"","meta":{"_acf_changed":false,"inline_featured_image":false,"footnotes":""},"class_list":["post-5","page","type-page","status-publish","hentry"],"acf":[],"_links":{"self":[{"href":"https:\/\/sisu.ut.ee\/nooredkoodi\/wp-json\/wp\/v2\/pages\/5","targetHints":{"allow":["GET"]}}],"collection":[{"href":"https:\/\/sisu.ut.ee\/nooredkoodi\/wp-json\/wp\/v2\/pages"}],"about":[{"href":"https:\/\/sisu.ut.ee\/nooredkoodi\/wp-json\/wp\/v2\/types\/page"}],"author":[{"embeddable":true,"href":"https:\/\/sisu.ut.ee\/nooredkoodi\/wp-json\/wp\/v2\/users\/119"}],"replies":[{"embeddable":true,"href":"https:\/\/sisu.ut.ee\/nooredkoodi\/wp-json\/wp\/v2\/comments?post=5"}],"version-history":[{"count":1,"href":"https:\/\/sisu.ut.ee\/nooredkoodi\/wp-json\/wp\/v2\/pages\/5\/revisions"}],"predecessor-version":[{"id":69,"href":"https:\/\/sisu.ut.ee\/nooredkoodi\/wp-json\/wp\/v2\/pages\/5\/revisions\/69"}],"wp:attachment":[{"href":"https:\/\/sisu.ut.ee\/nooredkoodi\/wp-json\/wp\/v2\/media?parent=5"}],"curies":[{"name":"wp","href":"https:\/\/api.w.org\/{rel}","templated":true}]}}