{"id":14,"date":"2024-04-04T03:33:57","date_gmt":"2024-04-04T00:33:57","guid":{"rendered":"https:\/\/sisu.ut.ee\/nooredkoodi\/projektist\/"},"modified":"2024-04-04T03:34:34","modified_gmt":"2024-04-04T00:34:34","slug":"projektist","status":"publish","type":"page","link":"https:\/\/sisu.ut.ee\/nooredkoodi\/projektist\/","title":{"rendered":"Projektist"},"content":{"rendered":"<p>Noored Koodi rahastatakse Euroopa Regionaalarengu fondist meetme TEEME+ raames.<\/p>\n<p>Projekti tulemusena:\u00a0<\/p>\n<ol>\n<li>\n<p>Kokku arendatakse seitse t\u00f6\u00f6tuba: Virtuaalreaalsus, Turvalisus, Python Programmeerimine,\u00a0Algoritmika, Veebilehed, Linux(Raspberry PI), Arduino.<\/p>\n<\/li>\n<li>Viiakse l\u00e4bi 75 IT teemalist t\u00f6\u00f6tuba 3 750-le \u00f5pilasele.<\/li>\n<li>Korraldatakse 15 huvilaagrit 450 \u00f5pilasele.<\/li>\n<li>Arendatakse IT teemalised \u00f5ppe- ja t\u00f6\u00f6kavad:\u00a0\n<p>Virtuaalreaalsuse \u00f5ppekava+t\u00f6\u00f6kava p\u00f5hikooli\/g\u00fcmnaasiumi astmele 45 min x 16<br>Turvalisuse \u00f5ppekava+t\u00f6\u00f6kava p\u00f5hikooli\/g\u00fcmnaasiumi astmele 45 min x 16<br>Algoritmika \u00f5ppekava+t\u00f6\u00f6kava p\u00f5hikooli\/g\u00fcmnaasiumi astmele 45 min x 16<br>Veebilehtede \u00f5ppekava+ t\u00f6\u00f6kava p\u00f5hikooli\/g\u00fcmnaasiumi astmele 45 min x 16<br>Linux (Raspberry PI) \u00f5ppekava+t\u00f6\u00f6kava p\u00f5hikooli\/g\u00fcmnaasiumi astmele 45 min x 32<br>Arduino \u00f5ppekava+t\u00f6\u00f6kava p\u00f5hikooli\/g\u00fcmnaasiumi astmele 45 min x 32<\/p>\n<\/li>\n<li>Viiakse l\u00e4bi 100 \u00f5petajale materjalide \u00f5petajakoolitused.<\/li>\n<li>\n<p>Kokku arendatakse v\u00f5istlusjuhend+reeglid seitsmele IT-alale: Virtuaalreaalsus, Turvalisus,\u00a0Python Programmeerimine Algoritmika Veebilehed Linux(Raspberry PI) Arduino. Kolmel v\u00f5istlusel osaleb kokku 900 \u00f5pilast.<\/p>\n<\/li>\n<\/ol>\n<p><strong>Toetuse summa on 90 000 eurot. Projekti kogumaksumus on 105 882,36 eurot.<\/strong><\/p>\n","protected":false},"excerpt":{"rendered":"<p>Noored Koodi rahastatakse Euroopa Regionaalarengu fondist meetme TEEME+ raames. Projekti tulemusena:\u00a0 Kokku arendatakse seitse t\u00f6\u00f6tuba: Virtuaalreaalsus, Turvalisus, Python Programmeerimine,\u00a0Algoritmika, Veebilehed, Linux(Raspberry PI), Arduino. Viiakse l\u00e4bi 75 IT teemalist t\u00f6\u00f6tuba 3 750-le \u00f5pilasele. Korraldatakse 15 huvilaagrit 450 \u00f5pilasele. Arendatakse IT teemalised &#8230;<\/p>\n","protected":false},"author":119,"featured_media":0,"parent":0,"menu_order":0,"comment_status":"closed","ping_status":"closed","template":"","meta":{"_acf_changed":false,"inline_featured_image":false,"footnotes":""},"class_list":["post-14","page","type-page","status-publish","hentry"],"acf":[],"_links":{"self":[{"href":"https:\/\/sisu.ut.ee\/nooredkoodi\/wp-json\/wp\/v2\/pages\/14","targetHints":{"allow":["GET"]}}],"collection":[{"href":"https:\/\/sisu.ut.ee\/nooredkoodi\/wp-json\/wp\/v2\/pages"}],"about":[{"href":"https:\/\/sisu.ut.ee\/nooredkoodi\/wp-json\/wp\/v2\/types\/page"}],"author":[{"embeddable":true,"href":"https:\/\/sisu.ut.ee\/nooredkoodi\/wp-json\/wp\/v2\/users\/119"}],"replies":[{"embeddable":true,"href":"https:\/\/sisu.ut.ee\/nooredkoodi\/wp-json\/wp\/v2\/comments?post=14"}],"version-history":[{"count":1,"href":"https:\/\/sisu.ut.ee\/nooredkoodi\/wp-json\/wp\/v2\/pages\/14\/revisions"}],"predecessor-version":[{"id":60,"href":"https:\/\/sisu.ut.ee\/nooredkoodi\/wp-json\/wp\/v2\/pages\/14\/revisions\/60"}],"wp:attachment":[{"href":"https:\/\/sisu.ut.ee\/nooredkoodi\/wp-json\/wp\/v2\/media?parent=14"}],"curies":[{"name":"wp","href":"https:\/\/api.w.org\/{rel}","templated":true}]}}