{"id":12,"date":"2024-04-04T03:33:57","date_gmt":"2024-04-04T00:33:57","guid":{"rendered":"https:\/\/sisu.ut.ee\/nooredkoodi\/kursused-gumnaasiumile\/"},"modified":"2024-04-04T03:34:34","modified_gmt":"2024-04-04T00:34:34","slug":"kursused-gumnaasiumile","status":"publish","type":"page","link":"https:\/\/sisu.ut.ee\/nooredkoodi\/kursused-gumnaasiumile\/","title":{"rendered":"Kursused g\u00fcmnaasiumile"},"content":{"rendered":"<p>\n\tTartu \u00dclikooli Arvutiteaduse instituudi \u00f5ppej\u00f5ud ning tudengid on v\u00e4lja t\u00f6\u00f6tanud neli huvitavat kursust, mis sobivad raskuse poolest g\u00fcmnaasiumi astmele kui ka teema vastu huvi tundvatele noorematele \u00f5pilastele.\n<\/p>\n<p>\n\tHea \u00f5petaja, anna teada, kui soovid kursust oma koolis piloteerida! (heilo.altin@ut.ee)\n<\/p>\n<p>\n\tKursused on vabalt kasutatavad!\n<\/p>\n<p>\n\t<a href=\"https:\/\/courses.cs.ut.ee\/t\/nooredkoodi\/Veebilehed\/Veebilehed\" target=\"_blank\" rel=\"noopener\">Veebilehed <\/a>\u2013 16 x 45 min\n<\/p>\n<p>\n\t<\/p><div class=\"ratio ratio-16x9 mb-3\"><div class=\"video-placeholder-wrapper video-placeholder-wrapper--16x9\">\n\t\t\t    <div class=\"video-placeholder d-flex justify-content-center align-items-center\">\n\t\t\t        <div class=\"overlay text-white p-2 w-100 text-center d-block justify-content-center align-items-center\">\n\t\t\t            <div>Kolmandate osapoolte sisu n\u00e4gemiseks palun n\u00f5ustu k\u00fcpsistega.<\/div>\n\t\t\t            <button class=\"btn btn-secondary btn-sm mt-1 consent-change\">Muuda n\u00f5usolekut<\/button>\n\t\t\t        <\/div>\n\t\t\t    <\/div>\n\t\t\t<\/div>\n<\/div>\n\n<p>\n\t\u00a0\n<\/p>\n<p>\n\t<a href=\"https:\/\/courses.cs.ut.ee\/t\/nooredkoodi\/Turvalisus\/Turvalisus\" target=\"_blank\" rel=\"noopener\">Turvalisus<\/a> \u2013 16 x 45 min\n<\/p>\n<p>\n\t<\/p><div class=\"ratio ratio-16x9 mb-3\"><div class=\"video-placeholder-wrapper video-placeholder-wrapper--16x9\">\n\t\t\t    <div class=\"video-placeholder d-flex justify-content-center align-items-center\">\n\t\t\t        <div class=\"overlay text-white p-2 w-100 text-center d-block justify-content-center align-items-center\">\n\t\t\t            <div>Kolmandate osapoolte sisu n\u00e4gemiseks palun n\u00f5ustu k\u00fcpsistega.<\/div>\n\t\t\t            <button class=\"btn btn-secondary btn-sm mt-1 consent-change\">Muuda n\u00f5usolekut<\/button>\n\t\t\t        <\/div>\n\t\t\t    <\/div>\n\t\t\t<\/div>\n<\/div>\n\n<p>\n\t<br><a data-url=\"https:\/\/courses.cs.ut.ee\/t\/nooredkoodi\/Linux\/Linux?fbclid=IwAR23IV2YEyXLnPeS-vM5BWNxi9T5Ff7Sh91jhSK3poT196n2ZAvdROdfth0\" href=\"https:\/\/courses.cs.ut.ee\/t\/nooredkoodi\/Linux\/Linux?fbclid=IwAR23IV2YEyXLnPeS-vM5BWNxi9T5Ff7Sh91jhSK3poT196n2ZAvdROdfth0\" target=\"_blank\" title=\"\" rel=\"noopener\">Linux\/Raspberry PI<\/a> \u2013 32 x 45 min\n<\/p>\n<p>\n\t<\/p><div class=\"ratio ratio-16x9 mb-3\"><div class=\"video-placeholder-wrapper video-placeholder-wrapper--16x9\">\n\t\t\t    <div class=\"video-placeholder d-flex justify-content-center align-items-center\">\n\t\t\t        <div class=\"overlay text-white p-2 w-100 text-center d-block justify-content-center align-items-center\">\n\t\t\t            <div>Kolmandate osapoolte sisu n\u00e4gemiseks palun n\u00f5ustu k\u00fcpsistega.<\/div>\n\t\t\t            <button class=\"btn btn-secondary btn-sm mt-1 consent-change\">Muuda n\u00f5usolekut<\/button>\n\t\t\t        <\/div>\n\t\t\t    <\/div>\n\t\t\t<\/div>\n<\/div>\n\n<p>\n\t\u00a0\n<\/p>\n<p>\n\t<a data-url=\"https:\/\/courses.cs.ut.ee\/t\/nooredkoodi\/Arduino\/Arduino\" href=\"https:\/\/courses.cs.ut.ee\/t\/nooredkoodi\/Arduino\/Arduino\" target=\"_blank\" title=\"https:\/\/courses.cs.ut.ee\/t\/nooredkoodi\/Arduino\/Arduino\" rel=\"noopener\">Arduino<\/a> \u2013 32 x 45 min\n<\/p>\n<p>\n\t<\/p><div class=\"ratio ratio-16x9 mb-3\"><div class=\"video-placeholder-wrapper video-placeholder-wrapper--16x9\">\n\t\t\t    <div class=\"video-placeholder d-flex justify-content-center align-items-center\">\n\t\t\t        <div class=\"overlay text-white p-2 w-100 text-center d-block justify-content-center align-items-center\">\n\t\t\t            <div>Kolmandate osapoolte sisu n\u00e4gemiseks palun n\u00f5ustu k\u00fcpsistega.<\/div>\n\t\t\t            <button class=\"btn btn-secondary btn-sm mt-1 consent-change\">Muuda n\u00f5usolekut<\/button>\n\t\t\t        <\/div>\n\t\t\t    <\/div>\n\t\t\t<\/div>\n<\/div>\n\n<p>\n\t\u00a0\n<\/p>\n<p>\n\t<a href=\"https:\/\/courses.cs.ut.ee\/t\/nooredkoodi\/Algoritmid\/Algoritmid\" target=\"_blank\" rel=\"noopener\">Algoritmika<\/a> \u2013 16 x 45 min\n<\/p>\n<p>\n\t<a data-url=\"https:\/\/courses.cs.ut.ee\/t\/nooredkoodi\/Virtuaalreaalsus\/Virtuaalreaalsus\" href=\"https:\/\/courses.cs.ut.ee\/t\/nooredkoodi\/Virtuaalreaalsus\/Virtuaalreaalsus\" target=\"_blank\" title=\"\" rel=\"noopener\">Virtuaalreaalsus<\/a>\u00a0\u2013 16 x 45 min\n<\/p>\n<p>\n\t\u00a0\n<\/p>\n<p>\n\t<img loading=\"lazy\" decoding=\"async\" height=\"564\" src=\"\/wp-content\/uploads\/sites\/237\/mark-995567_1920.jpg\" width=\"800\"><\/p>\n","protected":false},"excerpt":{"rendered":"<p>Tartu \u00dclikooli Arvutiteaduse instituudi \u00f5ppej\u00f5ud ning tudengid on v\u00e4lja t\u00f6\u00f6tanud neli huvitavat kursust, mis sobivad raskuse poolest g\u00fcmnaasiumi astmele kui ka teema vastu huvi tundvatele noorematele \u00f5pilastele. Hea \u00f5petaja, anna teada, kui soovid kursust oma koolis piloteerida! (heilo.altin@ut.ee) Kursused on &#8230;<\/p>\n","protected":false},"author":119,"featured_media":0,"parent":0,"menu_order":0,"comment_status":"closed","ping_status":"closed","template":"","meta":{"_acf_changed":false,"inline_featured_image":false,"footnotes":""},"class_list":["post-12","page","type-page","status-publish","hentry"],"acf":[],"_links":{"self":[{"href":"https:\/\/sisu.ut.ee\/nooredkoodi\/wp-json\/wp\/v2\/pages\/12","targetHints":{"allow":["GET"]}}],"collection":[{"href":"https:\/\/sisu.ut.ee\/nooredkoodi\/wp-json\/wp\/v2\/pages"}],"about":[{"href":"https:\/\/sisu.ut.ee\/nooredkoodi\/wp-json\/wp\/v2\/types\/page"}],"author":[{"embeddable":true,"href":"https:\/\/sisu.ut.ee\/nooredkoodi\/wp-json\/wp\/v2\/users\/119"}],"replies":[{"embeddable":true,"href":"https:\/\/sisu.ut.ee\/nooredkoodi\/wp-json\/wp\/v2\/comments?post=12"}],"version-history":[{"count":1,"href":"https:\/\/sisu.ut.ee\/nooredkoodi\/wp-json\/wp\/v2\/pages\/12\/revisions"}],"predecessor-version":[{"id":62,"href":"https:\/\/sisu.ut.ee\/nooredkoodi\/wp-json\/wp\/v2\/pages\/12\/revisions\/62"}],"wp:attachment":[{"href":"https:\/\/sisu.ut.ee\/nooredkoodi\/wp-json\/wp\/v2\/media?parent=12"}],"curies":[{"name":"wp","href":"https:\/\/api.w.org\/{rel}","templated":true}]}}