{"id":11,"date":"2024-04-04T03:33:57","date_gmt":"2024-04-04T00:33:57","guid":{"rendered":"https:\/\/sisu.ut.ee\/nooredkoodi\/virtuaalreaalsus\/"},"modified":"2024-04-04T03:34:34","modified_gmt":"2024-04-04T00:34:34","slug":"virtuaalreaalsus","status":"publish","type":"page","link":"https:\/\/sisu.ut.ee\/nooredkoodi\/virtuaalreaalsus\/","title":{"rendered":"Laagrid"},"content":{"rendered":"<p>\n\t<strong>23. oktoobril<\/strong> korraldab Tartu \u00dclikooli Arvutiteaduse instituut \u00fchep\u00e4evase laagri \u00f5pilastele vanuses 12-18. Osaleda saab kuni viieliikmelise meeskonnaga nutiturvalisuse p\u00f5genemistoas, proovida nii Pythonis programmeerimist, kui veebilehe tegemist. Lisaks on eraldi avatud 12:00-15:00 Virtuaalreaalsuse labor.\u00a0T\u00dc arvutigraafika ja virtuaalreaalsuse laboris saab proovida VR lipulaeva HTC Vive, vaadata 360 videosid Oculus Riftiga ning proovida virtuaalselt p\u00f5geneda Oculus Questiga! K\u00f5ikidele teemakohastele k\u00fcsimustele vastab T\u00dc doktorant Madis Vasser.<br>Koha peal on toitlustus ning parimatele on auhinnad!\n<\/p>\n<p>\n\t<img loading=\"lazy\" decoding=\"async\" width=\"1280\" height=\"853\" class=\"alignnone wp-image-21\" src=\"https:\/\/sisu.ut.ee\/wp-content\/uploads\/sites\/237\/mobile-phone-1875813_1280.jpg\" title=\"mobile-phone-1875813_1280.jpg\" alt=\"Ok\" srcset=\"https:\/\/sisu.ut.ee\/wp-content\/uploads\/sites\/237\/mobile-phone-1875813_1280.jpg 1280w, https:\/\/sisu.ut.ee\/wp-content\/uploads\/sites\/237\/mobile-phone-1875813_1280-300x200.jpg 300w, https:\/\/sisu.ut.ee\/wp-content\/uploads\/sites\/237\/mobile-phone-1875813_1280-1024x682.jpg 1024w, https:\/\/sisu.ut.ee\/wp-content\/uploads\/sites\/237\/mobile-phone-1875813_1280-768x512.jpg 768w\" sizes=\"auto, (max-width: 1280px) 100vw, 1280px\">\n<\/p>\n<p>\n\tRegistreeri oma meeskond niipea, kui saad, sest kohtade arv on piiratud:\u00a0<a data-url=\"https:\/\/forms.gle\/NenJUURV4U7uUVh8A\" href=\"https:\/\/forms.gle\/NenJUURV4U7uUVh8A\" target=\"_blank\" title=\"\" rel=\"noopener\">REGISTREERIMINE<\/a>\n<\/p>\n<p>\n\t<!--break-->\n<\/p>\n<hr>\n<p>\n\tLaagrid on \u00fchep\u00e4evased, enamasti koolivaheaegadel v\u00f5i n\u00e4dalavahetusel toimuvad \u00f5ppep\u00e4evad, kus saab osaleda v\u00e4hemalt 30 \u00f5pilast. Laagris k\u00e4sitletakse \u00fchte Noored Koodi teemadest p\u00f5hjalikumalt. Osalejate toitlustus on projekti kulul. Ruumid organiseerib vastuv\u00f5tja asutus.\n<\/p>\n<ul>\n<li>\n\t\tVirtuaalreaalsus\n\t<\/li>\n<li>\n\t\tTurvalisus\n\t<\/li>\n<li>\n\t\tPython Programmeerimine\n\t<\/li>\n<li>\n\t\tAlgoritmika\n\t<\/li>\n<li>\n\t\tVeebilehed\n\t<\/li>\n<li>\n\t\tLinux(Raspberry PI)\n\t<\/li>\n<li>\n\t\tArduino\n\t<\/li>\n<\/ul>\n<p>\n\t<img loading=\"lazy\" decoding=\"async\" height=\"472\" src=\"\/wp-content\/uploads\/sites\/237\/fileprovider_7.jpg\" width=\"640\"><\/p>\n","protected":false},"excerpt":{"rendered":"<p>23. oktoobril korraldab Tartu \u00dclikooli Arvutiteaduse instituut \u00fchep\u00e4evase laagri \u00f5pilastele vanuses 12-18. Osaleda saab kuni viieliikmelise meeskonnaga nutiturvalisuse p\u00f5genemistoas, proovida nii Pythonis programmeerimist, kui veebilehe tegemist. Lisaks on eraldi avatud 12:00-15:00 Virtuaalreaalsuse labor.\u00a0T\u00dc arvutigraafika ja virtuaalreaalsuse laboris saab proovida VR &#8230;<\/p>\n","protected":false},"author":119,"featured_media":0,"parent":0,"menu_order":0,"comment_status":"closed","ping_status":"closed","template":"","meta":{"_acf_changed":false,"inline_featured_image":false,"footnotes":""},"class_list":["post-11","page","type-page","status-publish","hentry"],"acf":[],"_links":{"self":[{"href":"https:\/\/sisu.ut.ee\/nooredkoodi\/wp-json\/wp\/v2\/pages\/11","targetHints":{"allow":["GET"]}}],"collection":[{"href":"https:\/\/sisu.ut.ee\/nooredkoodi\/wp-json\/wp\/v2\/pages"}],"about":[{"href":"https:\/\/sisu.ut.ee\/nooredkoodi\/wp-json\/wp\/v2\/types\/page"}],"author":[{"embeddable":true,"href":"https:\/\/sisu.ut.ee\/nooredkoodi\/wp-json\/wp\/v2\/users\/119"}],"replies":[{"embeddable":true,"href":"https:\/\/sisu.ut.ee\/nooredkoodi\/wp-json\/wp\/v2\/comments?post=11"}],"version-history":[{"count":1,"href":"https:\/\/sisu.ut.ee\/nooredkoodi\/wp-json\/wp\/v2\/pages\/11\/revisions"}],"predecessor-version":[{"id":63,"href":"https:\/\/sisu.ut.ee\/nooredkoodi\/wp-json\/wp\/v2\/pages\/11\/revisions\/63"}],"wp:attachment":[{"href":"https:\/\/sisu.ut.ee\/nooredkoodi\/wp-json\/wp\/v2\/media?parent=11"}],"curies":[{"name":"wp","href":"https:\/\/api.w.org\/{rel}","templated":true}]}}