{"id":10,"date":"2024-04-04T03:33:57","date_gmt":"2024-04-04T00:33:57","guid":{"rendered":"https:\/\/sisu.ut.ee\/nooredkoodi\/pealeht\/"},"modified":"2024-04-04T03:34:34","modified_gmt":"2024-04-04T00:34:34","slug":"pealeht","status":"publish","type":"page","link":"https:\/\/sisu.ut.ee\/nooredkoodi\/pealeht\/","title":{"rendered":"Tegevused"},"content":{"rendered":"<p>\n\t<strong>T\u00f6\u00f6tubade arv projektis Noored Koodi on t\u00e4is!<\/strong>\n<\/p>\n<p>\n\tNoored Koodi t\u00f6\u00f6toad toovad teieni IT ning arvutimaailma huvitaval, kuid \u00f5petlikul moel. Ning isegi, kui Te ei plaani p\u00e4rast t\u00f6\u00f6toa l\u00e4bimist IT karj\u00e4\u00e4ri teha, olete saanud osaks arendavast \u00f5ppetegevusest!\n<\/p>\n<p>\n\t<strong>T\u00f6\u00f6toa sihtgrupp on 8. -12. klass!<\/strong>\n<\/p>\n<p>\n\t<a href=\"mailto:nooredkoodi@gmail.com\">nooredkoodi@gmail.com<\/a>\n<\/p>\n<hr>\n<p>\n\t<strong>Virtuaalreaalsus<\/strong>\n<\/p>\n<p>\n\tSelle t\u00f6\u00f6toa k\u00e4igus valmib koos \u00f5pilastega \u00fcks tuba, paik loodudes v\u00f5i ulmeline tulevikuruum, kus on t\u00f6\u00f6toa l\u00f5pus osalejatel v\u00f5imalik ise ringi liikuda. T\u00f6\u00f6tuba \u00f5petab, kuidas luuakse m\u00e4nge, mismoodi t\u00f6\u00f6tab m\u00e4ngumootor ning kas VR prillide taga kehtivad ka f\u00fc\u00fcsikaseadused?\n<\/p>\n<p>\n\t\u00a0\n<\/p>\n<p>\n\t<strong>Turvalisus<\/strong>\n<\/p>\n<p>\n\tSelles t\u00f6\u00f6toas ei r\u00e4\u00e4gita, kuidas turvaliselt veebis liikuda v\u00f5i mida arvutis tegemata j\u00e4tta. Siin \u00f5pite, kuidas v\u00e4ikese elektroonikaskeemi abil on v\u00f5imalik oma arvuti \u00e4ra trollida.\n<\/p>\n<p>\n\t\u00a0\n<\/p>\n<p>\n\t<strong>Python Programmeerimine<\/strong>\n<\/p>\n<p>\n\tOled kunagi elus programmeerinud? Python ning ATI tudengid on just hea viis alustamiseks ning saamaks teada, mis see programmeerimine siis p\u00e4riselt on.\n<\/p>\n<p>\n\t<br><strong>Algoritmika<\/strong>\n<\/p>\n<p>\n\tAlgoritmika avab IT\u00a0ja arvutite maailma nurga alt, mida sa poleks v\u00f5ib olla oodanud. Algoritmiline m\u00f5tlemine on programmide kirjutamise aluseks ning sellest on kasu tavaelus probleemide lahendamisel.\n<\/p>\n<p>\n\t<br><strong>Veebilehed<\/strong>\n<\/p>\n<p>\n\tKas teadsid, et ka veebis saab veebi luua? Selles t\u00f6\u00f6toas proovitakse j\u00e4rgi, mis on HTML ja CSS. Astu l\u00e4bi, kui tunned, et sulle meeldib kujundamine, disain ning veebi loomine.\n<\/p>\n<p>\n\t\u00a0\n<\/p>\n<p>\n\t<strong>Linux(Raspberry PI)<\/strong>\n<\/p>\n<p>\n\tLinux on operatsioonis\u00fcsteem, mida kasutab maailmas \u00fcha rohkem inimesi ja asutusi. Siin t\u00f6\u00f6toas katsetatakse Linuxit v\u00e4ikese, kuid v\u00f5imsa miniarvuti Raspberry PI peal.\u00a0\n<\/p>\n<p>\n\t<br><strong>Arduino<\/strong>\n<\/p>\n<p>\n\tArduino on kontrollerplaat, millest v\u00f5id teha koduse valgustuss\u00fcsteemi regulaatori v\u00f5i p\u00e4ris oma roboti. Kui oled m\u00f5elnud kunagi kas-sellist-asja-ei-ole-olemas, siis Arduino abil saaksid palju neid asju ise luua.\n<\/p>\n<p>\n\t\u00a0\n<\/p>\n<p>\n\t<img loading=\"lazy\" decoding=\"async\" height=\"400\" src=\"\/wp-content\/uploads\/sites\/237\/cyber-glasses-1938449_960_720.jpg\" width=\"600\"><\/p>\n","protected":false},"excerpt":{"rendered":"<p>T\u00f6\u00f6tubade arv projektis Noored Koodi on t\u00e4is! Noored Koodi t\u00f6\u00f6toad toovad teieni IT ning arvutimaailma huvitaval, kuid \u00f5petlikul moel. Ning isegi, kui Te ei plaani p\u00e4rast t\u00f6\u00f6toa l\u00e4bimist IT karj\u00e4\u00e4ri teha, olete saanud osaks arendavast \u00f5ppetegevusest! T\u00f6\u00f6toa sihtgrupp on 8. &#8230;<\/p>\n","protected":false},"author":119,"featured_media":0,"parent":0,"menu_order":0,"comment_status":"closed","ping_status":"closed","template":"","meta":{"_acf_changed":false,"inline_featured_image":false,"footnotes":""},"class_list":["post-10","page","type-page","status-publish","hentry"],"acf":[],"_links":{"self":[{"href":"https:\/\/sisu.ut.ee\/nooredkoodi\/wp-json\/wp\/v2\/pages\/10","targetHints":{"allow":["GET"]}}],"collection":[{"href":"https:\/\/sisu.ut.ee\/nooredkoodi\/wp-json\/wp\/v2\/pages"}],"about":[{"href":"https:\/\/sisu.ut.ee\/nooredkoodi\/wp-json\/wp\/v2\/types\/page"}],"author":[{"embeddable":true,"href":"https:\/\/sisu.ut.ee\/nooredkoodi\/wp-json\/wp\/v2\/users\/119"}],"replies":[{"embeddable":true,"href":"https:\/\/sisu.ut.ee\/nooredkoodi\/wp-json\/wp\/v2\/comments?post=10"}],"version-history":[{"count":1,"href":"https:\/\/sisu.ut.ee\/nooredkoodi\/wp-json\/wp\/v2\/pages\/10\/revisions"}],"predecessor-version":[{"id":64,"href":"https:\/\/sisu.ut.ee\/nooredkoodi\/wp-json\/wp\/v2\/pages\/10\/revisions\/64"}],"wp:attachment":[{"href":"https:\/\/sisu.ut.ee\/nooredkoodi\/wp-json\/wp\/v2\/media?parent=10"}],"curies":[{"name":"wp","href":"https:\/\/api.w.org\/{rel}","templated":true}]}}