{"id":7,"date":"2024-12-05T12:19:44","date_gmt":"2024-12-05T10:19:44","guid":{"rendered":"https:\/\/sisu.ut.ee\/netiturvalisus\/?page_id=7"},"modified":"2024-12-11T00:56:57","modified_gmt":"2024-12-10T22:56:57","slug":"telefonipettused","status":"publish","type":"page","link":"https:\/\/sisu.ut.ee\/netiturvalisus\/telefonipettused\/","title":{"rendered":"Telefonipettused"},"content":{"rendered":"<p>Sageli on meediast kuulda uudiseid, kus telefonipettuste ohvriteks langenud inimesed on kaotanud suurema osa oma s\u00e4\u00e4studest. Nad v\u00f5ivad teeselda, et esindavad tuntud ettev\u00f5tteid, panku v\u00f5i isegi riigiasutusi. Telefonipetturid \u00fcritavad sageli kasutada hirmutamist v\u00f5i pakkuda erakordseid pakkumisi, et panna sind kiiresti tegutsema. Selleks, et kahtlaste k\u00f5nede puhul teadlikult k\u00e4ituda, pea meeles j\u00e4rgnevat:<\/p>\n\n\n\n<ul class=\"wp-block-list\">\n<li><strong>Ole alati kahtlustav ootamatute k\u00f5nede suhtes.<\/strong>\n<ul class=\"wp-block-list\">\n<li>Kui keegi helistab ja v\u00e4idab, et nad on pangast, maksuametist v\u00f5i muust ametiasutusest, ole ettevaatlik. <strong>Ametlikud organisatsioonid ei k\u00fcsi kunagi<\/strong> telefoni teel sinu isiklikke andmeid, nagu salas\u00f5nu v\u00f5i pangakonto infot.<\/li>\n\n\n\n<li>Sul on \u00f5igus keelduda r\u00e4\u00e4kimast, kui see tundub kahtlane.<\/li>\n<\/ul>\n<\/li>\n\n\n\n<li><strong>\u00c4ra kunagi jaga tundlikku infot telefoni teel.<\/strong>\n<ul class=\"wp-block-list\">\n<li>Salas\u00f5nad, isikukoodid, pangakaardi andmed v\u00f5i koodid, mis saabuvad SMS-iga, on konfidentsiaalsed. Petturid v\u00f5ivad kasutada su s\u00f5nu lindistusena ja hiljem proovida sinu kontodele ligi p\u00e4\u00e4seda.<\/li>\n<\/ul>\n<\/li>\n\n\n\n<li><strong>V\u00f5ta ise \u00fchendust, kui tekib kahtlus.<\/strong>\n<ul class=\"wp-block-list\">\n<li>Kui arvad, et k\u00f5ne v\u00f5ib olla p\u00e4ris, katkesta see ja helista tagasi ametlikule numbrile, mille leiad ettev\u00f5tte kodulehelt. <strong>\u00c4ra kasuta numbrit, mida sulle k\u00f5ne ajal anti.<\/strong><\/li>\n\n\n\n<li>N\u00e4iteks, kui \u201cpank\u201d kutsub sind tegutsema, katkesta k\u00f5ne ja helista tagasi ametlikule numbrile, mille leiad panga kodulehelt. Anna teada petuk\u00f5ne toimumisest.<\/li>\n<\/ul>\n<\/li>\n\n\n\n<li><strong>Kasuta k\u00f5nede blokeerimise rakendusi.<\/strong>\n<ul class=\"wp-block-list\">\n<li>Paljud telefonid ja rakendused suudavad kahtlaseid numbreid blokeerida v\u00f5i hoiatavad, kui k\u00f5ne v\u00f5ib olla petuskeem. See lihtne lisaturvalisus v\u00f5ib p\u00e4\u00e4sta palju peavalu.<\/li>\n<\/ul>\n<\/li>\n\n\n\n<li><strong>\u00c4ra lase end kiirustada.<\/strong>\n<ul class=\"wp-block-list\">\n<li>Petturid tahavad sind paanikasse ajada ja tegutsema panna. Hinga s\u00fcgavalt sisse ja m\u00f5tle enne, kui midagi teed.<\/li>\n\n\n\n<li>K\u00fcsi endalt: <em>Kas see tundub liiga hea, et olla t\u00f5si?<\/em> V\u00f5i <em>Miks ma peaksin kohe midagi maksma v\u00f5i oma andmeid jagama?<\/em><\/li>\n<\/ul>\n<\/li>\n<\/ul>\n\n\n\n<hr class=\"wp-block-separator has-alpha-channel-opacity is-style-dots\">\n\n\n\n<h3 class=\"wp-block-heading\"><strong>Mida teha, kui kahtlustad pettust?<\/strong><\/h3>\n\n\n\n<ul class=\"wp-block-list\">\n<li>Katkesta k\u00f5ne kohe ja \u00e4ra helista tundmatutele numbritele tagasi.<\/li>\n\n\n\n<li>Teata pettusest oma telefoniteenuse pakkujale ja vajadusel ka politseile.<\/li>\n\n\n\n<li>Kontrolli oma pangakontot ja teata panka, kui kahtlustad, et petturid said su andmed.<\/li>\n<\/ul>\n\n\n\n<div style=\"height:36px\" aria-hidden=\"true\" class=\"wp-block-spacer\"><\/div>\n\n\n\n<figure class=\"wp-block-embed is-type-video is-provider-youtube wp-block-embed-youtube wp-embed-aspect-16-9 wp-has-aspect-ratio\"><div class=\"wp-block-embed__wrapper\">\n<div class=\"ratio ratio-16x9 mb-3\"><div class=\"video-placeholder-wrapper video-placeholder-wrapper--16x9\">\n\t\t\t    <div class=\"video-placeholder d-flex justify-content-center align-items-center\">\n\t\t\t        <div class=\"overlay text-white p-2 w-100 text-center d-block justify-content-center align-items-center\">\n\t\t\t            <div>Kolmandate osapoolte sisu n\u00e4gemiseks palun n\u00f5ustu k\u00fcpsistega.<\/div>\n\t\t\t            <button class=\"btn btn-secondary btn-sm mt-1 consent-change\">Muuda n\u00f5usolekut<\/button>\n\t\t\t        <\/div>\n\t\t\t    <\/div>\n\t\t\t<\/div>\n<\/div>\n<\/div><\/figure>\n\n\n\n<blockquote class=\"wp-block-quote is-layout-flow wp-block-quote-is-layout-flow\">\n<p><strong>Pea meeles!<\/strong>    Iga\u00fcks v\u00f5ib sattuda petturite sihikule, kuid nende kavatsusi teades on sul palju lihtsam end kaitsta. K\u00fcsimuste korral p\u00f6\u00f6rdu tuttavate v\u00f5i l\u00e4hedaste poole \u2013 \u00e4ra karda abi k\u00fcsida!<\/p>\n<\/blockquote>\n\n\n\n<div style=\"height:36px\" aria-hidden=\"true\" class=\"wp-block-spacer\"><\/div>\n\n\n\n<h3 class=\"wp-block-heading\">Kontrolli teadmisi<\/h3>\n\n\n\n<p>Pane ennast proovile vastates j\u00e4rgmistele k\u00fcsimustele. Vastusel kl\u00f5psates tuleb ette j\u00e4rgmine k\u00fcsimus, sinine joon valikvastuste all n\u00e4itab k\u00fcsimuste j\u00e4rge.<\/p>\n\n\n\n<div class=\"h5p-iframe-wrapper\"><div class=\"video-placeholder-wrapper video-placeholder-wrapper--fixed\" style=\"height: 366px;\">\n\t\t\t    <div class=\"video-placeholder d-flex justify-content-center align-items-center\">\n\t\t\t        <div class=\"overlay text-white p-2 w-100 text-center d-block justify-content-center align-items-center\">\n\t\t\t            <div>Kolmandate osapoolte sisu n\u00e4gemiseks palun n\u00f5ustu k\u00fcpsistega.<\/div>\n\t\t\t            <button class=\"btn btn-secondary btn-sm mt-1 consent-change\">Muuda n\u00f5usolekut<\/button>\n\t\t\t        <\/div>\n\t\t\t    <\/div>\n\t\t\t<\/div>\n<\/div>\n\n\n\n<hr class=\"wp-block-separator has-alpha-channel-opacity\">\n\n\n\n<div style=\"height:36px\" aria-hidden=\"true\" class=\"wp-block-spacer\"><\/div>\n\n\n\n<p>Kasutatud allikad ja lisalugemist:<\/p>\n\n\n\n<p><a href=\"https:\/\/www.politsei.ee\/et\/juhend\/kaitse-ennast-kelmide-eest\">politsei.ee<\/a><\/p>\n\n\n\n<p><a href=\"https:\/\/www.seb.ee\/foorum\/kuberkuritegevus-kuidas-end-kaitsta\">seb.ee<\/a><\/p>\n","protected":false},"excerpt":{"rendered":"<p>Sageli on meediast kuulda uudiseid, kus telefonipettuste ohvriteks langenud inimesed on kaotanud suurema osa oma s\u00e4\u00e4studest. Nad v\u00f5ivad teeselda, et esindavad tuntud ettev\u00f5tteid, panku v\u00f5i isegi riigiasutusi. Telefonipetturid \u00fcritavad sageli kasutada hirmutamist v\u00f5i pakkuda erakordseid pakkumisi, et panna sind kiiresti &#8230;<\/p>\n","protected":false},"author":660,"featured_media":0,"parent":0,"menu_order":0,"comment_status":"closed","ping_status":"closed","template":"","meta":{"_acf_changed":false,"inline_featured_image":false,"footnotes":""},"class_list":["post-7","page","type-page","status-publish","hentry"],"acf":[],"_links":{"self":[{"href":"https:\/\/sisu.ut.ee\/netiturvalisus\/wp-json\/wp\/v2\/pages\/7","targetHints":{"allow":["GET"]}}],"collection":[{"href":"https:\/\/sisu.ut.ee\/netiturvalisus\/wp-json\/wp\/v2\/pages"}],"about":[{"href":"https:\/\/sisu.ut.ee\/netiturvalisus\/wp-json\/wp\/v2\/types\/page"}],"author":[{"embeddable":true,"href":"https:\/\/sisu.ut.ee\/netiturvalisus\/wp-json\/wp\/v2\/users\/660"}],"replies":[{"embeddable":true,"href":"https:\/\/sisu.ut.ee\/netiturvalisus\/wp-json\/wp\/v2\/comments?post=7"}],"version-history":[{"count":14,"href":"https:\/\/sisu.ut.ee\/netiturvalisus\/wp-json\/wp\/v2\/pages\/7\/revisions"}],"predecessor-version":[{"id":152,"href":"https:\/\/sisu.ut.ee\/netiturvalisus\/wp-json\/wp\/v2\/pages\/7\/revisions\/152"}],"wp:attachment":[{"href":"https:\/\/sisu.ut.ee\/netiturvalisus\/wp-json\/wp\/v2\/media?parent=7"}],"curies":[{"name":"wp","href":"https:\/\/api.w.org\/{rel}","templated":true}]}}