{"id":36,"date":"2024-12-05T12:58:24","date_gmt":"2024-12-05T10:58:24","guid":{"rendered":"https:\/\/sisu.ut.ee\/netiturvalisus\/?page_id=36"},"modified":"2024-12-06T01:35:43","modified_gmt":"2024-12-05T23:35:43","slug":"turvalisus-sotsiaalmeedias","status":"publish","type":"page","link":"https:\/\/sisu.ut.ee\/netiturvalisus\/turvalisus-sotsiaalmeedias\/","title":{"rendered":"Turvalisus sotsiaalmeedias"},"content":{"rendered":"<p>Sotsiaalmeediast on saanud meie igap\u00e4evaelu kaaslane. See pakub palju v\u00f5imalusi, aga peidab endas ka hulga riske ja ohtusid. Teadlikkus erinevatest turvalisuse ja privaatsuse riskidest ning nende ennetamisest on olulisem kui kunagi varem.<\/p>\n\n\n\n<div class=\"wp-block-columns is-layout-flex wp-container-core-columns-is-layout-9d6595d7 wp-block-columns-is-layout-flex\">\n<div class=\"wp-block-column is-vertically-aligned-center is-layout-flow wp-block-column-is-layout-flow\" style=\"flex-basis:50%\">\n<ul class=\"wp-block-list\">\n<li>Kasuta tugevaid paroole ja \u00e4ra jaga oma paroole teistega. Kasuta erinevates keskkondades erinevaid paroole. <a href=\"https:\/\/www.ria.ee\/kuberturbe-nouanded\/nouanded-internetikasutajale\/parool\">Soovitused<\/a>, kuidas tugevaid paroole luua ja oma kasutajakontosid kaitsta.\u00a0<\/li>\n\n\n\n<li>Sotsiaalmeedias tegutsevad r\u00fcndajad esinevad sageli platvormi tehnilise toena ja meelitavad sedasi inimesi kahtlastel linkidel klikkima;<\/li>\n\n\n\n<li>L\u00fclita sisse mitmeastmeline autentimine;<\/li>\n\n\n\n<li>Vaata \u00fcle sotsiaalmeedia kanalite privaatsusseaded. Kontrolli, kes n\u00e4evad sinu infot ja seda, mida postitad;<\/li>\n\n\n\n<li>\u00c4ra v\u00f5ta vastu s\u00f5brakutseid tundmatutelt isikutelt;<\/li>\n\n\n\n<li>Suhtu sotsiaalmeedia teel levivatesse uudistesse kriitiliselt. Enne postituste edasi jagamist kontrolli usaldusv\u00e4\u00e4rsetest allikatest, kas info vastab t\u00f5ele;<\/li>\n\n\n\n<li>Ole t\u00e4helepanelik osaledes tarbijam\u00e4ngudes ja loosimistes. Petturid v\u00f5ivad ka sedasi sind kahtlastele linkidele klikkima meelitada v\u00f5i varastada su identiteedi;<\/li>\n\n\n\n<li>\u00c4ra postita lugupidamatuid ja solvavaid kommentaare. Sellel v\u00f5ivad olla juriidilised tagaj\u00e4rjed ja see v\u00f5ib sulle kalliks maksma minna;<\/li>\n\n\n\n<li>Pea meeles, et internet ei unusta. Enne kui midagi postitad m\u00f5tle hoolega j\u00e4rele, milliseid tagaj\u00e4rgi see v\u00f5iks tulevikus sulle tuua\u00a0<\/li>\n\n\n\n<li>V\u00f5\u00f5ras internetituttav v\u00f5ib olla ohtlik, \u00e4ra jaga delikaatset informatsiooni ja pilte inimestega, keda sa p\u00e4riselt ei tea;<\/li>\n\n\n\n<li>Kui sinu piltidel, mida postitad, on ka teisi inimesi, siis k\u00fcsi postitamiseks luba ka nendelt;<\/li>\n\n\n\n<li>\u00c4ra postita sotsiaalmeediasse oma asukohta v\u00f5i infot millal oled kodus ja millal mitte. Tehes end sotsiaalmeedias n\u00e4htavaks, teed end kurjategijatele haavatavamaks;<\/li>\n\n\n\n<li>K\u00fcberkiusamise, pettuse v\u00f5i v\u00e4ljapressimise korral p\u00f6\u00f6rdu usaldusv\u00e4\u00e4rse t\u00e4iskasvanu v\u00f5i politsei poole. N\u00f5u saad k\u00fcsida ka <a href=\"https:\/\/www.politsei.ee\/et\/veebipolitseinikud\">veebipolitseinikult<\/a><\/li>\n<\/ul>\n<\/div>\n\n\n\n<div class=\"wp-block-column is-vertically-aligned-center is-layout-flow wp-block-column-is-layout-flow\" style=\"flex-basis:50%\">\n<p><img loading=\"lazy\" decoding=\"async\" width=\"502\" height=\"712\" src=\"https:\/\/lh7-rt.googleusercontent.com\/docsz\/AD_4nXctfAqJmk2pYGmQ5KIm3jaWNfgcYSeUj0whieHyd9n7pmmitwqDKsev6TCWWf1nPRcx3j_2RvM7LQzdWB8h8_vcso0BcrgvBsDjk8Cj41K7ve0oPYr-M45_dLPZKpoJ_g4lmW_7?key=DZdsDAymlQZGRgBpGHZ8qQ\"><br>Allikas: Plakati idee Fuzion Communication (fuzion.ie). Plakati t\u00f5lkis ja kohandas eesti keelde Diana Poudel.<br><\/p>\n<\/div>\n<\/div>\n\n\n\n<figure class=\"wp-block-image size-large\"><img loading=\"lazy\" decoding=\"async\" width=\"1024\" height=\"739\" src=\"https:\/\/sisu.ut.ee\/wp-content\/uploads\/sites\/853\/image-1024x739.png\" alt=\"\" class=\"wp-image-135\" title=\"https:\/\/noor.targaltinternetis.ee\/wp-content\/uploads\/2015\/12\/Decision-tree-1_ET_trykk.pdf\" srcset=\"https:\/\/sisu.ut.ee\/wp-content\/uploads\/sites\/853\/image-1024x739.png 1024w, https:\/\/sisu.ut.ee\/wp-content\/uploads\/sites\/853\/image-300x216.png 300w, https:\/\/sisu.ut.ee\/wp-content\/uploads\/sites\/853\/image-768x554.png 768w, https:\/\/sisu.ut.ee\/wp-content\/uploads\/sites\/853\/image.png 1182w\" sizes=\"auto, (max-width: 1024px) 100vw, 1024px\"><\/figure>\n\n\n\n<div style=\"height:36px\" aria-hidden=\"true\" class=\"wp-block-spacer\"><\/div>\n\n\n\n<div class=\"wp-block-columns is-layout-flex wp-container-core-columns-is-layout-9d6595d7 wp-block-columns-is-layout-flex\">\n<div class=\"wp-block-column is-layout-flow wp-block-column-is-layout-flow\">\n<figure class=\"wp-block-embed is-type-video is-provider-youtube wp-block-embed-youtube wp-embed-aspect-16-9 wp-has-aspect-ratio\"><div class=\"wp-block-embed__wrapper\">\n<div class=\"ratio ratio-16x9 mb-3\"><div class=\"video-placeholder-wrapper video-placeholder-wrapper--16x9\">\n\t\t\t    <div class=\"video-placeholder d-flex justify-content-center align-items-center\">\n\t\t\t        <div class=\"overlay text-white p-2 w-100 text-center d-block justify-content-center align-items-center\">\n\t\t\t            <div>Kolmandate osapoolte sisu n\u00e4gemiseks palun n\u00f5ustu k\u00fcpsistega.<\/div>\n\t\t\t            <button class=\"btn btn-secondary btn-sm mt-1 consent-change\">Muuda n\u00f5usolekut<\/button>\n\t\t\t        <\/div>\n\t\t\t    <\/div>\n\t\t\t<\/div>\n<\/div>\n<\/div><\/figure>\n<\/div>\n\n\n\n<div class=\"wp-block-column is-layout-flow wp-block-column-is-layout-flow\">\n<figure class=\"wp-block-embed is-type-video is-provider-youtube wp-block-embed-youtube wp-embed-aspect-16-9 wp-has-aspect-ratio\"><div class=\"wp-block-embed__wrapper\">\n<div class=\"ratio ratio-16x9 mb-3\"><div class=\"video-placeholder-wrapper video-placeholder-wrapper--16x9\">\n\t\t\t    <div class=\"video-placeholder d-flex justify-content-center align-items-center\">\n\t\t\t        <div class=\"overlay text-white p-2 w-100 text-center d-block justify-content-center align-items-center\">\n\t\t\t            <div>Kolmandate osapoolte sisu n\u00e4gemiseks palun n\u00f5ustu k\u00fcpsistega.<\/div>\n\t\t\t            <button class=\"btn btn-secondary btn-sm mt-1 consent-change\">Muuda n\u00f5usolekut<\/button>\n\t\t\t        <\/div>\n\t\t\t    <\/div>\n\t\t\t<\/div>\n<\/div>\n<\/div><\/figure>\n<\/div>\n<\/div>\n\n\n\n<figure class=\"wp-block-embed is-type-video is-provider-youtube wp-block-embed-youtube wp-embed-aspect-16-9 wp-has-aspect-ratio\"><div class=\"wp-block-embed__wrapper\">\n<div class=\"ratio ratio-16x9 mb-3\"><div class=\"video-placeholder-wrapper video-placeholder-wrapper--16x9\">\n\t\t\t    <div class=\"video-placeholder d-flex justify-content-center align-items-center\">\n\t\t\t        <div class=\"overlay text-white p-2 w-100 text-center d-block justify-content-center align-items-center\">\n\t\t\t            <div>Kolmandate osapoolte sisu n\u00e4gemiseks palun n\u00f5ustu k\u00fcpsistega.<\/div>\n\t\t\t            <button class=\"btn btn-secondary btn-sm mt-1 consent-change\">Muuda n\u00f5usolekut<\/button>\n\t\t\t        <\/div>\n\t\t\t    <\/div>\n\t\t\t<\/div>\n<\/div>\n<\/div><\/figure>\n\n\n\n<blockquote class=\"wp-block-quote is-layout-flow wp-block-quote-is-layout-flow\">\n<p><strong>Pea meeles!<\/strong>  Ole t\u00e4helepanelik selle osas, kellele ja mida jagada.<\/p>\n<\/blockquote>\n\n\n\n<p>Kasutatud allikad ja lisalugemist:<\/p>\n\n\n\n<p><a href=\"https:\/\/arhiiv.err.ee\/audio\/vaata\/huvitaja-sotsiaalmeedia-turvalisus\">arhiiv.err.ee<\/a><\/p>\n\n\n\n<p><a href=\"https:\/\/noor.targaltinternetis.ee\/sotsiaal-vorgustikud\/\">noor.targaltinternetis.ee<\/a><\/p>\n\n\n\n<p><a href=\"https:\/\/www.teeviit.ee\/turvaline-suhtlus-sotsiaalmeedias\/\">teeviit.ee<\/a><\/p>\n\n\n\n<p><a href=\"https:\/\/www.naiskodukaitse.ee\/Sotsiaalmeedia_turvalisus_3785\">naiskodukaitse.ee<\/a><\/p>\n\n\n\n<p><a href=\"https:\/\/www.ria.ee\/blogi\/praktilised-nouanded-kuidas-hallata-ettevotte-sotsiaalmeediat-turvaliselt\">naiskodukaitse.ee<\/a><\/p>\n","protected":false},"excerpt":{"rendered":"<p>Sotsiaalmeediast on saanud meie igap\u00e4evaelu kaaslane. See pakub palju v\u00f5imalusi, aga peidab endas ka hulga riske ja ohtusid. Teadlikkus erinevatest turvalisuse ja privaatsuse riskidest ning nende ennetamisest on olulisem kui kunagi varem. Allikas: Plakati idee Fuzion Communication (fuzion.ie). Plakati t\u00f5lkis &#8230;<\/p>\n","protected":false},"author":660,"featured_media":0,"parent":0,"menu_order":0,"comment_status":"closed","ping_status":"closed","template":"","meta":{"_acf_changed":false,"inline_featured_image":false,"footnotes":""},"class_list":["post-36","page","type-page","status-publish","hentry"],"acf":[],"_links":{"self":[{"href":"https:\/\/sisu.ut.ee\/netiturvalisus\/wp-json\/wp\/v2\/pages\/36","targetHints":{"allow":["GET"]}}],"collection":[{"href":"https:\/\/sisu.ut.ee\/netiturvalisus\/wp-json\/wp\/v2\/pages"}],"about":[{"href":"https:\/\/sisu.ut.ee\/netiturvalisus\/wp-json\/wp\/v2\/types\/page"}],"author":[{"embeddable":true,"href":"https:\/\/sisu.ut.ee\/netiturvalisus\/wp-json\/wp\/v2\/users\/660"}],"replies":[{"embeddable":true,"href":"https:\/\/sisu.ut.ee\/netiturvalisus\/wp-json\/wp\/v2\/comments?post=36"}],"version-history":[{"count":7,"href":"https:\/\/sisu.ut.ee\/netiturvalisus\/wp-json\/wp\/v2\/pages\/36\/revisions"}],"predecessor-version":[{"id":136,"href":"https:\/\/sisu.ut.ee\/netiturvalisus\/wp-json\/wp\/v2\/pages\/36\/revisions\/136"}],"wp:attachment":[{"href":"https:\/\/sisu.ut.ee\/netiturvalisus\/wp-json\/wp\/v2\/media?parent=36"}],"curies":[{"name":"wp","href":"https:\/\/api.w.org\/{rel}","templated":true}]}}