{"id":33,"date":"2024-12-05T12:57:53","date_gmt":"2024-12-05T10:57:53","guid":{"rendered":"https:\/\/sisu.ut.ee\/netiturvalisus\/?page_id=33"},"modified":"2024-12-06T01:23:18","modified_gmt":"2024-12-05T23:23:18","slug":"isiklike-andmete-kaitse","status":"publish","type":"page","link":"https:\/\/sisu.ut.ee\/netiturvalisus\/isiklike-andmete-kaitse\/","title":{"rendered":"Isiklike andmete kaitse"},"content":{"rendered":"<p>Miks oma isikuandmeid kaitsta? \u00dcks n\u00e4ide elust enesest:<br>Kelmid varastasid 700 000 Apotheka kliendi andmed: Iga teise eestlase isikukood, ostuinfo ja kontaktandmed lekkisid apteegi- ja haiglakaupadega tegeleva Allium UPI s\u00fcsteemist. Ettev\u00f5te haldas Apotheka, Apotheka Beauty ja Pet City kliendikaardi omanike andmeid. <a href=\"https:\/\/www.err.ee\/1609302060\/kelmid-varastasid-700-000-apotheka-kliendi-andmed\">Link artiklile<\/a><\/p>\n\n\n\n<h5 class=\"wp-block-heading\">Turvaline parool<\/h5>\n\n\n\n<div class=\"wp-block-columns is-layout-flex wp-container-core-columns-is-layout-9d6595d7 wp-block-columns-is-layout-flex\">\n<div class=\"wp-block-column is-layout-flow wp-block-column-is-layout-flow\" style=\"flex-basis:66.66%\">\n<p>Varasema teema juures \u201c<a href=\"https:\/\/sisu.ut.ee\/netiturvalisus\/turvaline-kaugtoo\/\" data-type=\"page\" data-id=\"15\">Turvaline kaug\u00f6\u00f6<\/a>\u201d on juba p\u00f5gusalt mainitud, et tasub kasutada tugevat parooli. Meeldetuletus:<br><em>Paroolid peaksid olema piisavalt keerulised (pikad ja sisaldama suuri ja v\u00e4ikeseid t\u00e4hti, numbreid ja eris\u00fcmboleid). V\u00e4ltida lihtsaid paroolikombinatsioone, nagu \u201e123456\u201c v\u00f5i \u201epassword\u201c. V\u00f5imalusel kasutada paroolihaldurit, et paroolid meelde j\u00e4tta ja neid turvaliselt hoida.<\/em><\/p>\n\n\n\n<p>Soovitatav on kasutada erinevate kontode jaoks erinevaid paroole ja paroole tuleks regulaarselt uuendada. See tagab, et kui sinu \u00fchele kontole on sisse murtud, et saa r\u00fcndaja sama parooliga sisse logida sinu teistesse kontodesse. Samuti kasutajanime valides v\u00f5ime l\u00e4htuda samadest reeglitest ning \u00e4ra vali kasutajanimeks tuntud nimesid nagu \u201cadmin\u201d v\u00f5i oma ees- ja perenimi.<\/p>\n<\/div>\n\n\n\n<div class=\"wp-block-column has-light-background-color has-background is-layout-flow wp-block-column-is-layout-flow\" style=\"flex-basis:33.33%\">\n<p>Levinuimad salas\u00f5nad Eestis. <br>Neid ei tasu mitte kunagi kasutada!<\/p>\n\n\n\n<ol class=\"wp-block-list\">\n<li>admin<\/li>\n\n\n\n<li>kapsas<\/li>\n\n\n\n<li>speedman<\/li>\n\n\n\n<li>123456<\/li>\n\n\n\n<li>12345678910<\/li>\n\n\n\n<li>Nokia5110<\/li>\n\n\n\n<li>pammakas<\/li>\n\n\n\n<li>pesumasin<\/li>\n\n\n\n<li>timbulimbu<\/li>\n\n\n\n<li>adamson<\/li>\n<\/ol>\n<\/div>\n<\/div>\n\n\n\n<div class=\"wp-block-columns is-layout-flex wp-container-core-columns-is-layout-9d6595d7 wp-block-columns-is-layout-flex\">\n<div class=\"wp-block-column is-layout-flow wp-block-column-is-layout-flow\" style=\"flex-basis:50%\">\n<p><img loading=\"lazy\" decoding=\"async\" src=\"https:\/\/lh7-rt.googleusercontent.com\/docsz\/AD_4nXe1bnqFFxvaH1ius37YcEa_0-B5XXxEsEMTHbl0Zb-CIXHwujAIz20-929NN67A6zt1wM_N76toaK6wwgAmNvBUMFZJ_gyiWGS-4AlAYQdNt9fpI3spnAoHIAxq0GXw9Nk3F3D7a_G4KnS2CdikaQdEpC9p?key=DZdsDAymlQZGRgBpGHZ8qQ\" width=\"602\" height=\"431\"><\/p>\n<\/div>\n\n\n\n<div class=\"wp-block-column is-vertically-aligned-center is-layout-flow wp-block-column-is-layout-flow\" style=\"flex-basis:50%\">\n<p><img loading=\"lazy\" decoding=\"async\" src=\"https:\/\/lh7-rt.googleusercontent.com\/docsz\/AD_4nXe6OBiDG6vP8RNxK1O69Oggdhb0pYjmxWIthMCCl7Z78kWKH5Z4raEuUg8xhjDJLl7AD7i-fyVSjEPW8O-wuKRPBCyDvhhjwqnwAAOG7LFmygOjQoUN19a7HZuY3OvWucg0XZsYbY822nFhpQZxbXJ_Wd4?key=DZdsDAymlQZGRgBpGHZ8qQ\" width=\"602\" height=\"292\"><\/p>\n<\/div>\n<\/div>\n\n\n\n<p>Lisaks turvalisele paroolile on soovitatav kasutada kaksikautentimist ehk kahetasandilist autentimist (Vaata ka teemat <a href=\"https:\/\/sisu.ut.ee\/netiturvalisus\/nutiseadmete-ja-rakenduste-turvalisus\/\" data-type=\"page\" data-id=\"24\">Rakenduste turvalisus<\/a>). See t\u00e4hendab, et kontosse sisse logides ei piisa ainult \u00f5ige parooli sisestusest. \u00dcks populaarsemaid kaksikautentimise meetodeid on ID-kaardiga autentimine. See t\u00e4hendab, et lisaks parooli sisestamisele peab sisse logides oma isikut tuvastama ka ID-kaardiga, n\u00e4iteks PIN1 koodi sisestama v\u00f5i Smart-ID\/Mobiil-ID tuvastuse tegema. Kui kontol on peal kaksikautentimine, on r\u00fcndajale ligip\u00e4\u00e4s tehtud palju keerulisemaks. Eriti oluline on kaksikautentimine aktiveerida oma emaili kontol, kuna emailile ligi p\u00e4\u00e4senuna saab r\u00fcndaja teiste kontode parooli muutmist taotlema hakata.<\/p>\n\n\n\n<div style=\"height:36px\" aria-hidden=\"true\" class=\"wp-block-spacer\"><\/div>\n\n\n\n<h4 class=\"wp-block-heading\">Enesekontroll:<\/h4>\n\n\n\n<div class=\"wp-block-columns is-layout-flex wp-container-core-columns-is-layout-9d6595d7 wp-block-columns-is-layout-flex\">\n<div class=\"wp-block-column is-layout-flow wp-block-column-is-layout-flow\">\n<div class=\"h5p-iframe-wrapper\"><div class=\"video-placeholder-wrapper video-placeholder-wrapper--fixed\" style=\"height: 366px;\">\n\t\t\t    <div class=\"video-placeholder d-flex justify-content-center align-items-center\">\n\t\t\t        <div class=\"overlay text-white p-2 w-100 text-center d-block justify-content-center align-items-center\">\n\t\t\t            <div>Kolmandate osapoolte sisu n\u00e4gemiseks palun n\u00f5ustu k\u00fcpsistega.<\/div>\n\t\t\t            <button class=\"btn btn-secondary btn-sm mt-1 consent-change\">Muuda n\u00f5usolekut<\/button>\n\t\t\t        <\/div>\n\t\t\t    <\/div>\n\t\t\t<\/div>\n<\/div>\n<\/div>\n\n\n\n<div class=\"wp-block-column is-layout-flow wp-block-column-is-layout-flow\">\n<div class=\"h5p-iframe-wrapper\"><div class=\"video-placeholder-wrapper video-placeholder-wrapper--fixed\" style=\"height: 366px;\">\n\t\t\t    <div class=\"video-placeholder d-flex justify-content-center align-items-center\">\n\t\t\t        <div class=\"overlay text-white p-2 w-100 text-center d-block justify-content-center align-items-center\">\n\t\t\t            <div>Kolmandate osapoolte sisu n\u00e4gemiseks palun n\u00f5ustu k\u00fcpsistega.<\/div>\n\t\t\t            <button class=\"btn btn-secondary btn-sm mt-1 consent-change\">Muuda n\u00f5usolekut<\/button>\n\t\t\t        <\/div>\n\t\t\t    <\/div>\n\t\t\t<\/div>\n<\/div>\n<\/div>\n<\/div>\n\n\n\n<hr class=\"wp-block-separator has-alpha-channel-opacity\">\n\n\n\n<div class=\"wp-block-columns is-layout-flex wp-container-core-columns-is-layout-9d6595d7 wp-block-columns-is-layout-flex\">\n<div class=\"wp-block-column is-layout-flow wp-block-column-is-layout-flow\">\n<div class=\"h5p-iframe-wrapper\"><div class=\"video-placeholder-wrapper video-placeholder-wrapper--fixed\" style=\"height: 366px;\">\n\t\t\t    <div class=\"video-placeholder d-flex justify-content-center align-items-center\">\n\t\t\t        <div class=\"overlay text-white p-2 w-100 text-center d-block justify-content-center align-items-center\">\n\t\t\t            <div>Kolmandate osapoolte sisu n\u00e4gemiseks palun n\u00f5ustu k\u00fcpsistega.<\/div>\n\t\t\t            <button class=\"btn btn-secondary btn-sm mt-1 consent-change\">Muuda n\u00f5usolekut<\/button>\n\t\t\t        <\/div>\n\t\t\t    <\/div>\n\t\t\t<\/div>\n<\/div>\n<\/div>\n\n\n\n<div class=\"wp-block-column is-layout-flow wp-block-column-is-layout-flow\">\n<div class=\"h5p-iframe-wrapper\"><div class=\"video-placeholder-wrapper video-placeholder-wrapper--fixed\" style=\"height: 366px;\">\n\t\t\t    <div class=\"video-placeholder d-flex justify-content-center align-items-center\">\n\t\t\t        <div class=\"overlay text-white p-2 w-100 text-center d-block justify-content-center align-items-center\">\n\t\t\t            <div>Kolmandate osapoolte sisu n\u00e4gemiseks palun n\u00f5ustu k\u00fcpsistega.<\/div>\n\t\t\t            <button class=\"btn btn-secondary btn-sm mt-1 consent-change\">Muuda n\u00f5usolekut<\/button>\n\t\t\t        <\/div>\n\t\t\t    <\/div>\n\t\t\t<\/div>\n<\/div>\n<\/div>\n<\/div>\n\n\n\n<div style=\"height:36px\" aria-hidden=\"true\" class=\"wp-block-spacer\"><\/div>\n\n\n\n<h5 class=\"wp-block-heading\">Vananenud tarkvara uuendamine<\/h5>\n\n\n\n<div class=\"wp-block-columns is-layout-flex wp-container-core-columns-is-layout-9d6595d7 wp-block-columns-is-layout-flex\">\n<div class=\"wp-block-column is-vertically-aligned-center is-layout-flow wp-block-column-is-layout-flow\" style=\"flex-basis:66.66%\">\n<p>Vananenud tarkvara uuendamine on lihtne ja kiire viis oma seadmeid ja andmeid kaitsta. Uuendused ei too ainult uusi funktsioone, vaid parandavad ka turvaauke, mida k\u00fcberkurjategijad v\u00f5ivad \u00e4ra kasutada. Paljud tarkvarad pakuvad automaatseid uuendusi, mis tagavad kiire ja mugava kaitse. Seadmete turvalisuse tagamiseks veendu alati, et tarkvara oleks ajakohane!<\/p>\n\n\n\n<p>Need haavatavused v\u00f5ivad p\u00f5hjustada mitmesuguseid probleeme, sealhulgas:<\/p>\n\n\n\n<ul class=\"wp-block-list\">\n<li><strong>Turvalekkeid<\/strong>: Vananenud tarkvara sisaldab sageli teadaolevaid turvavigu, mida h\u00e4kkerid saavad \u00e4ra kasutada, et saada volitamata juurdep\u00e4\u00e4s s\u00fcsteemile v\u00f5i tundlikule teabele.<\/li>\n\n\n\n<li><strong>Pahavara nakatumisi<\/strong>: Kurjategijad levitavad vananenud tarkvara kaudu pahavara, nagu viiruseid, lunavara v\u00f5i nuhkvara, mis ohustab s\u00fcsteemi ja andmete terviklikkust.<\/li>\n\n\n\n<li><strong>J\u00f5udlusprobleeme<\/strong>: Vana tarkvara ei pruugi olla optimeeritud uusima riistvara v\u00f5i operatsioonis\u00fcsteemi v\u00e4rskendustega, p\u00f5hjustades j\u00f5udlusprobleeme ja aeglast t\u00f6\u00f6d.<\/li>\n\n\n\n<li><strong>\u00dchilduvusprobleeme<\/strong>: Kuna teised tarkvarad ja s\u00fcsteemid arenevad, v\u00f5ib vananenud tarkvara muutuda \u00fchilduvusprobleemide t\u00f5ttu kasutusk\u00f5lbmatuks.<\/li>\n<\/ul>\n<\/div>\n\n\n\n<div class=\"wp-block-column is-layout-flow wp-block-column-is-layout-flow\" style=\"flex-basis:33.33%\">\n<p><img loading=\"lazy\" decoding=\"async\" src=\"https:\/\/lh7-rt.googleusercontent.com\/docsz\/AD_4nXcumjSWKX_F2uw6GktKepbl5_GPUS9Kj00ZrUf6mdZxjGH-YLt70-bWwaJLz7I6ltXSnT26elOyFg02wbP6qgNCE78ZHau6Zxy2xVLyeteWIqTLY7lRg5hZNotPP4z6ZmZEpoO8?key=DZdsDAymlQZGRgBpGHZ8qQ\" width=\"208\" height=\"440\"><\/p>\n<\/div>\n<\/div>\n\n\n\n<div style=\"height:36px\" aria-hidden=\"true\" class=\"wp-block-spacer\"><\/div>\n\n\n\n<h3 class=\"wp-block-heading\">K\u00fcberturvalisuse ABC<\/h3>\n\n\n\n<ul class=\"wp-block-list\">\n<li>Kasuta tugevat parooli ja kasuta erinevatel keskkondades erinevaid paroole.\u00a0<\/li>\n\n\n\n<li>Uuenda oma paroole regulaarselt ja \u00e4ra jaga neid teistega.\u00a0<\/li>\n\n\n\n<li>\u00c4ra avalikusta oma isiklikke andmeid!\u00a0<\/li>\n\n\n\n<li>\u00c4ra ava tundmatuid kirju, linke ega manuseid.\u00a0<\/li>\n\n\n\n<li>Hoia oma nutiseadmete tarkvara uuendatuna.\u00a0<\/li>\n\n\n\n<li>Lae rakendused alla ainult seadme ametlikult poest \u2013 Google Play Store, Apple App Store.\u00a0<\/li>\n\n\n\n<li>Tee oma failidest tagavarakoopiaid.\u00a0<\/li>\n\n\n\n<li>Rakenda keskkondades kaheastmeline autentimine.\u00a0<\/li>\n\n\n\n<li>V\u00f5imalusel \u00e4ra kasuta avalikku wifipunkti vaid eelista oma seadme 4G\/5G v\u00f5rku.\u00a0<\/li>\n<\/ul>\n\n\n\n<div style=\"height:36px\" aria-hidden=\"true\" class=\"wp-block-spacer\"><\/div>\n\n\n\n<figure class=\"wp-block-embed is-type-video is-provider-youtube wp-block-embed-youtube wp-embed-aspect-16-9 wp-has-aspect-ratio\"><div class=\"wp-block-embed__wrapper\">\n<div class=\"ratio ratio-16x9 mb-3\"><div class=\"video-placeholder-wrapper video-placeholder-wrapper--16x9\">\n\t\t\t    <div class=\"video-placeholder d-flex justify-content-center align-items-center\">\n\t\t\t        <div class=\"overlay text-white p-2 w-100 text-center d-block justify-content-center align-items-center\">\n\t\t\t            <div>Kolmandate osapoolte sisu n\u00e4gemiseks palun n\u00f5ustu k\u00fcpsistega.<\/div>\n\t\t\t            <button class=\"btn btn-secondary btn-sm mt-1 consent-change\">Muuda n\u00f5usolekut<\/button>\n\t\t\t        <\/div>\n\t\t\t    <\/div>\n\t\t\t<\/div>\n<\/div>\n<\/div><\/figure>\n\n\n\n<blockquote class=\"wp-block-quote is-layout-flow wp-block-quote-is-layout-flow\">\n<p><strong>Pea meeles<\/strong>! Kaitse oma isikuandmeid ja kasuta tugevaid ning unikaalseid paroole igas keskkonnas. Uuenda regulaarselt tarkvara ja rakenda kaheastmelist autentimist, et muuta k\u00fcberkurjategijate ligip\u00e4\u00e4s sinu andmetele oluliselt keerulisemaks.<\/p>\n<\/blockquote>\n\n\n\n<p>Kasutatud allikad ja lisalugemist:<\/p>\n\n\n\n<p><a href=\"https:\/\/xysum.ee\/ohtlikud-paroolid-milline-on-turvaline-parool\/\">xysum.ee<\/a><\/p>\n\n\n\n<p><a href=\"https:\/\/majandus.postimees.ee\/7899320\/uuringust-selgus-eesti-levinuim-salasona\">postimees.ee<\/a><\/p>\n\n\n\n<p><a href=\"https:\/\/www.ria.ee\/kuberturbe-nouanded\/nouanded-internetikasutajale\/kuberturvalisuse-abc\">ria.ee<\/a><\/p>\n\n\n\n<p><a href=\"https:\/\/www.c-yber.ee\/kuberturvalisuse-algteadmised\/\">c-kyber.ee<\/a><\/p>\n\n\n\n<p><a href=\"https:\/\/techcare.co.uk\/article\/outdated-software\">techcare.co.uk<\/a><\/p>\n","protected":false},"excerpt":{"rendered":"<p>Miks oma isikuandmeid kaitsta? \u00dcks n\u00e4ide elust enesest:Kelmid varastasid 700 000 Apotheka kliendi andmed: Iga teise eestlase isikukood, ostuinfo ja kontaktandmed lekkisid apteegi- ja haiglakaupadega tegeleva Allium UPI s\u00fcsteemist. Ettev\u00f5te haldas Apotheka, Apotheka Beauty ja Pet City kliendikaardi omanike andmeid. &#8230;<\/p>\n","protected":false},"author":660,"featured_media":0,"parent":0,"menu_order":0,"comment_status":"closed","ping_status":"closed","template":"","meta":{"_acf_changed":false,"inline_featured_image":false,"footnotes":""},"class_list":["post-33","page","type-page","status-publish","hentry"],"acf":[],"_links":{"self":[{"href":"https:\/\/sisu.ut.ee\/netiturvalisus\/wp-json\/wp\/v2\/pages\/33","targetHints":{"allow":["GET"]}}],"collection":[{"href":"https:\/\/sisu.ut.ee\/netiturvalisus\/wp-json\/wp\/v2\/pages"}],"about":[{"href":"https:\/\/sisu.ut.ee\/netiturvalisus\/wp-json\/wp\/v2\/types\/page"}],"author":[{"embeddable":true,"href":"https:\/\/sisu.ut.ee\/netiturvalisus\/wp-json\/wp\/v2\/users\/660"}],"replies":[{"embeddable":true,"href":"https:\/\/sisu.ut.ee\/netiturvalisus\/wp-json\/wp\/v2\/comments?post=33"}],"version-history":[{"count":9,"href":"https:\/\/sisu.ut.ee\/netiturvalisus\/wp-json\/wp\/v2\/pages\/33\/revisions"}],"predecessor-version":[{"id":126,"href":"https:\/\/sisu.ut.ee\/netiturvalisus\/wp-json\/wp\/v2\/pages\/33\/revisions\/126"}],"wp:attachment":[{"href":"https:\/\/sisu.ut.ee\/netiturvalisus\/wp-json\/wp\/v2\/media?parent=33"}],"curies":[{"name":"wp","href":"https:\/\/api.w.org\/{rel}","templated":true}]}}