{"id":30,"date":"2024-12-05T12:57:24","date_gmt":"2024-12-05T10:57:24","guid":{"rendered":"https:\/\/sisu.ut.ee\/netiturvalisus\/?page_id=30"},"modified":"2024-12-06T00:54:00","modified_gmt":"2024-12-05T22:54:00","slug":"kaitse-pahavara-vastu","status":"publish","type":"page","link":"https:\/\/sisu.ut.ee\/netiturvalisus\/kaitse-pahavara-vastu\/","title":{"rendered":"Kaitse pahavara vastu"},"content":{"rendered":"<div class=\"wp-block-columns is-layout-flex wp-container-core-columns-is-layout-9d6595d7 wp-block-columns-is-layout-flex\">\n<div class=\"wp-block-column is-vertically-aligned-center is-layout-flow wp-block-column-is-layout-flow\">\n<figure class=\"wp-block-embed is-type-video is-provider-youtube wp-block-embed-youtube wp-embed-aspect-16-9 wp-has-aspect-ratio\"><div class=\"wp-block-embed__wrapper\">\n<div class=\"ratio ratio-16x9 mb-3\"><div class=\"video-placeholder-wrapper video-placeholder-wrapper--16x9\">\n\t\t\t    <div class=\"video-placeholder d-flex justify-content-center align-items-center\">\n\t\t\t        <div class=\"overlay text-white p-2 w-100 text-center d-block justify-content-center align-items-center\">\n\t\t\t            <div>Kolmandate osapoolte sisu n\u00e4gemiseks palun n\u00f5ustu k\u00fcpsistega.<\/div>\n\t\t\t            <button class=\"btn btn-secondary btn-sm mt-1 consent-change\">Muuda n\u00f5usolekut<\/button>\n\t\t\t        <\/div>\n\t\t\t    <\/div>\n\t\t\t<\/div>\n<\/div>\n<\/div><\/figure>\n<\/div>\n\n\n\n<div class=\"wp-block-column is-layout-flow wp-block-column-is-layout-flow\">\n<h5 class=\"wp-block-heading\">Mis on pahavara?<\/h5>\n\n\n\n<p>Pahavara (v\u00f5i ka kahjurvara, kurivara) on pahatahtlike kavatsustega tarkvara.<br>Pahavara eesm\u00e4rk on ilma seadme omaniku teadmata tema seadmesse tungimine ja selle kahjustamine omakasu saamiseks. Pahavara ei teki ise, vaid inimene on selle teadlikult loonud, et teiste inimeste seadmetesse p\u00e4\u00e4seda ja kahju tekitada. N\u00e4iteks v\u00f5ib olla eesm\u00e4rgiks olla isikuandmete kogumine, et hiljem nende andmetega sisse logida inimese pangakontole.<\/p>\n\n\n\n<p>Pahavara on erinevat t\u00fc\u00fcpi. K\u00f5ige levinumad on viirused, troojahobu ja lunavara.\u00a0<\/p>\n<\/div>\n<\/div>\n\n\n\n<h6 class=\"wp-block-heading\">Viirus<\/h6>\n\n\n\n<ul class=\"wp-block-list\">\n<li>Viiruse eesm\u00e4rk on ennast seadmes oleva faili k\u00fclge kinnitada ja ennast levitada. Kui viirus on end \u00fche faili k\u00fclge kinnitanud, hakkab ta selle faili avamisel nakatama teisi seadmes olevaid faile ehk kopeerib ennast nende k\u00fclge. Inimene kes faili oma seadmes avab ei tea, et fail on viirusest nakatunud.<\/li>\n\n\n\n<li>Viirused v\u00f5ivad rikkuda seadme tarkvara, faile ja riistvara. Seega v\u00f5ib seade mis on viiruse poolt nakatunud muutuda kasutusk\u00f5lbmatuks.<\/li>\n\n\n\n<li>K\u00f5ige levinum viis viiruse levitamiseks on e-kirjade kaudu. N\u00e4iteks lisatakse e-kirjale fail ja kui inimene selle faili avab, leiabki viirus tee tema seadmesse. Seega ei ole soovitatav avada e-kirju ja nende kirjade manuseid, mille saatja on meile tundmatu.<\/li>\n<\/ul>\n\n\n\n<h6 class=\"wp-block-heading\">Troojahobu<\/h6>\n\n\n\n<ul class=\"wp-block-list\">\n<li>Troojahobu nimi tuleneb m\u00fc\u00fctilisest trooja hobusest, mis n\u00e4gi v\u00e4lja nagu kingitus, kuid tegelikult sisaldas Kreeka s\u00f5dureid, kes tulid Trooja linna vallutama. Sarnaselt m\u00fc\u00fctilisele Trooja hobusele, on troojahobu pahavara maskeerunud millekski n\u00e4iliselt kahjutuks. Troojahobu on tavaliselt osa programmist, mis meile kasutajatena tundub vajalik \u2013 nii peibutatakse kasutajat endale pahavara seadmesse paigaldama. Tihtipeale on need programmid tasuta. N\u00e4iteks pakutakse tasuta viiruset\u00f5rjet, kuid tegelikult peale selle viiruset\u00f5rje allalaadimist on seade pahavaraga kahjustunud ja r\u00fcndaja saab n\u00e4iteks teie seadmesse sisse logida.<\/li>\n<\/ul>\n\n\n\n<h6 class=\"wp-block-heading\">Lunavara<\/h6>\n\n\n\n<ul class=\"wp-block-list\">\n<li>Lunavara on pahavara, mis rikub nakatunud seadme kasutatavust. See t\u00e4hendab, et kasutaja ei saa oma seadet edasi kasutada, kui ta n\u00e4iteks ei sisesta pahavara eemaldamiseks oma isikuandmeid v\u00f5i ei tee makset. Ehk siis lunavara puhul ei \u00fcrita r\u00fcndaja oma tegevust peita vaid k\u00fcsib seadme omanikult lunaraha seadme vabastamise vastu.<\/li>\n<\/ul>\n\n\n\n<div style=\"height:36px\" aria-hidden=\"true\" class=\"wp-block-spacer\"><\/div>\n\n\n\n<h5 class=\"wp-block-heading\">Kuidas ennast pahavara eest kaitsta?<\/h5>\n\n\n\n<p>Pahavaraga r\u00fcndajad on kavalad ja nende teadmised pidevalt arenevad. K\u00fcll aga saab iga inimene ennast pahavara eest kaitsta.<\/p>\n\n\n\n<ul class=\"wp-block-list\">\n<li>Programme v\u00f5i rakendusi alla laadides veendu, et laed alla ametlikult kodulehelt v\u00f5i rakenduste poest.<\/li>\n\n\n\n<li>Kasuta viiruset\u00f5rjet ja hangi see otse tootjalt, mitte edasim\u00fc\u00fcjalt. Kui sa ei ole kindel millist viiruset\u00f5rjet kasutada, v\u00f5id n\u00f5u k\u00fcsida enda telekommunikatsiooniteenuse pakkujalt.\u00a0<\/li>\n\n\n\n<li>Enne e-kirja manuse avamist veendu, et kirja saatja on sulle teada. V\u00f5\u00f5rastelt aadressidelt saadetud kirjade suhtes ole kriitiline!\u00a0<\/li>\n\n\n\n<li>Kui e-kirjas v\u00f5i ekraanile ilmunud teates k\u00fcsitakse raha v\u00f5i panga\u00fclekannet, v\u00f5ib tegemist olla lunaraha n\u00f5udmisega. \u00c4ra anna r\u00fcndajale oma pangaandmeid ega maksa lunaraha! Teavita sellest politseid, CERT-EEd <a href=\"mailto:cert@cert.ee\">cert@cert.ee<\/a><\/li>\n\n\n\n<li>T\u00e4htsatele failidele tee varukoopia. N\u00e4iteks lae fail alla ja salvesta oma seadmesse. See on kasulik ka siis, kui interneti\u00fchendus puudub aga soovid faili lugeda.\u00a0<\/li>\n\n\n\n<li>Hoia end uudistega kursis! Kui n\u00e4ed teemakohast uudist, n\u00e4iteks k\u00fcberr\u00fcnde kohta, loe seda hoolikalt ja m\u00f5tle, kuidas sina saaksid end sellise r\u00fcnde eest kaitsta ja mida peaksid tegema, kui oled sattunud r\u00fcnnaku alla.\u00a0<\/li>\n<\/ul>\n\n\n\n<div style=\"height:36px\" aria-hidden=\"true\" class=\"wp-block-spacer\"><\/div>\n\n\n\n<h4 class=\"wp-block-heading\">Enesekontroll:<\/h4>\n\n\n\n<div class=\"wp-block-columns is-layout-flex wp-container-core-columns-is-layout-9d6595d7 wp-block-columns-is-layout-flex\">\n<div class=\"wp-block-column is-layout-flow wp-block-column-is-layout-flow\">\n<p><code><div class=\"h5p-iframe-wrapper\"><div class=\"video-placeholder-wrapper video-placeholder-wrapper--fixed\" style=\"height: 366px;\">\n\t\t\t    <div class=\"video-placeholder d-flex justify-content-center align-items-center\">\n\t\t\t        <div class=\"overlay text-white p-2 w-100 text-center d-block justify-content-center align-items-center\">\n\t\t\t            <div>Kolmandate osapoolte sisu n\u00e4gemiseks palun n\u00f5ustu k\u00fcpsistega.<\/div>\n\t\t\t            <button class=\"btn btn-secondary btn-sm mt-1 consent-change\">Muuda n\u00f5usolekut<\/button>\n\t\t\t        <\/div>\n\t\t\t    <\/div>\n\t\t\t<\/div>\n<\/div><\/code><\/p>\n<\/div>\n\n\n\n<div class=\"wp-block-column is-layout-flow wp-block-column-is-layout-flow\">\n<div class=\"h5p-iframe-wrapper\"><div class=\"video-placeholder-wrapper video-placeholder-wrapper--fixed\" style=\"height: 366px;\">\n\t\t\t    <div class=\"video-placeholder d-flex justify-content-center align-items-center\">\n\t\t\t        <div class=\"overlay text-white p-2 w-100 text-center d-block justify-content-center align-items-center\">\n\t\t\t            <div>Kolmandate osapoolte sisu n\u00e4gemiseks palun n\u00f5ustu k\u00fcpsistega.<\/div>\n\t\t\t            <button class=\"btn btn-secondary btn-sm mt-1 consent-change\">Muuda n\u00f5usolekut<\/button>\n\t\t\t        <\/div>\n\t\t\t    <\/div>\n\t\t\t<\/div>\n<\/div>\n<\/div>\n<\/div>\n\n\n\n<h5 class=\"wp-block-heading\">Miks aga \u00fclej\u00e4\u00e4nud nelja emaili aadressi ei tasuks usaldada?<\/h5>\n\n\n\n<p>Teiste n\u00e4idete puhul on p\u00fc\u00fctud j\u00e4tta muljet, et tegemist on firma ametliku e-posti aadressiga. Kui aga l\u00e4heme nende firmade kodulehtedele v\u00f5i lihtsalt sisestame e-posti aadressi otsingumootorisse n\u00e4eme, et tegemist ei ole ametliku meiliaadressiga. Lisaks sisaldavad teised n\u00e4idetes toodud meilid inglisekeelseid s\u00f5nu v\u00f5i l\u00fchendeid. See on samuti m\u00e4rk, et me ei peaks saatjat usaldama. Tasub alati m\u00f5elda, kas oleme kirja saatnud firma teenuseid kasutanud v\u00f5i mitte. Kui ei, siis on kiri suure t\u00f5en\u00e4osusega kas r\u00e4mpspost v\u00f5i petuskeem.<\/p>\n\n\n\n<div style=\"height:36px\" aria-hidden=\"true\" class=\"wp-block-spacer\"><\/div>\n\n\n\n<figure class=\"wp-block-embed is-type-video is-provider-youtube wp-block-embed-youtube wp-embed-aspect-16-9 wp-has-aspect-ratio\"><div class=\"wp-block-embed__wrapper\">\n<div class=\"ratio ratio-16x9 mb-3\"><div class=\"video-placeholder-wrapper video-placeholder-wrapper--16x9\">\n\t\t\t    <div class=\"video-placeholder d-flex justify-content-center align-items-center\">\n\t\t\t        <div class=\"overlay text-white p-2 w-100 text-center d-block justify-content-center align-items-center\">\n\t\t\t            <div>Kolmandate osapoolte sisu n\u00e4gemiseks palun n\u00f5ustu k\u00fcpsistega.<\/div>\n\t\t\t            <button class=\"btn btn-secondary btn-sm mt-1 consent-change\">Muuda n\u00f5usolekut<\/button>\n\t\t\t        <\/div>\n\t\t\t    <\/div>\n\t\t\t<\/div>\n<\/div>\n<\/div><\/figure>\n\n\n\n<blockquote class=\"wp-block-quote is-layout-flow wp-block-quote-is-layout-flow\">\n<p><strong>Pea meeles!<\/strong> Pahavara on pahatahtlik tarkvara, mis v\u00f5ib rikkuda sinu seadme ja koguda tundlikke andmeid. Kaitse ennast laadides programme ainult ametlikelt kodulehtedelt, kasutades usaldusv\u00e4\u00e4rset viiruset\u00f5rjet ning ole ettevaatlik tundmatutelt aadressidelt saadud e-kirjadega.<\/p>\n<\/blockquote>\n\n\n\n<p>Kasutatud allikad ja lisalugemist:<\/p>\n\n\n\n<p><a href=\"https:\/\/web.htk.tlu.ee\/digitaru\/kyberkaitse\/chapter\/runded-ja-ohud\/\">K\u00fcberkaitse \u00f5pik<\/a><\/p>\n\n\n\n<p><a href=\"https:\/\/www.arvutikaitse.ee\/arvutikaitse-algtoed\/pahavara\/\">arvutikaitse.ee<\/a><\/p>\n\n\n\n<p><a href=\"https:\/\/www.ithooldus.ee\/kusimused-ja-vastused\/163-mis-on-arvutiviirus\">ithooldus.ee<\/a><\/p>\n\n\n\n<p><a href=\"https:\/\/www.ria.ee\/kuberturbe-nouanded\/nouanded-asutusele-ja-ettevottele\/lunavarakampaania-ennetamine\">ria.ee<\/a><\/p>\n\n\n\n<p><a href=\"https:\/\/digi.geenius.ee\/blogi\/zonei-blogi\/mis-on-pahavara-ja-kuidas-ennast-selle-eest-kaitsta\/\">geenius.ee<\/a><\/p>\n","protected":false},"excerpt":{"rendered":"<p>Mis on pahavara? Pahavara (v\u00f5i ka kahjurvara, kurivara) on pahatahtlike kavatsustega tarkvara.Pahavara eesm\u00e4rk on ilma seadme omaniku teadmata tema seadmesse tungimine ja selle kahjustamine omakasu saamiseks. Pahavara ei teki ise, vaid inimene on selle teadlikult loonud, et teiste inimeste seadmetesse &#8230;<\/p>\n","protected":false},"author":660,"featured_media":0,"parent":0,"menu_order":0,"comment_status":"closed","ping_status":"closed","template":"","meta":{"_acf_changed":false,"inline_featured_image":false,"footnotes":""},"class_list":["post-30","page","type-page","status-publish","hentry"],"acf":[],"_links":{"self":[{"href":"https:\/\/sisu.ut.ee\/netiturvalisus\/wp-json\/wp\/v2\/pages\/30","targetHints":{"allow":["GET"]}}],"collection":[{"href":"https:\/\/sisu.ut.ee\/netiturvalisus\/wp-json\/wp\/v2\/pages"}],"about":[{"href":"https:\/\/sisu.ut.ee\/netiturvalisus\/wp-json\/wp\/v2\/types\/page"}],"author":[{"embeddable":true,"href":"https:\/\/sisu.ut.ee\/netiturvalisus\/wp-json\/wp\/v2\/users\/660"}],"replies":[{"embeddable":true,"href":"https:\/\/sisu.ut.ee\/netiturvalisus\/wp-json\/wp\/v2\/comments?post=30"}],"version-history":[{"count":15,"href":"https:\/\/sisu.ut.ee\/netiturvalisus\/wp-json\/wp\/v2\/pages\/30\/revisions"}],"predecessor-version":[{"id":114,"href":"https:\/\/sisu.ut.ee\/netiturvalisus\/wp-json\/wp\/v2\/pages\/30\/revisions\/114"}],"wp:attachment":[{"href":"https:\/\/sisu.ut.ee\/netiturvalisus\/wp-json\/wp\/v2\/media?parent=30"}],"curies":[{"name":"wp","href":"https:\/\/api.w.org\/{rel}","templated":true}]}}