{"id":24,"date":"2024-12-05T12:54:03","date_gmt":"2024-12-05T10:54:03","guid":{"rendered":"https:\/\/sisu.ut.ee\/netiturvalisus\/?page_id=24"},"modified":"2024-12-05T13:55:44","modified_gmt":"2024-12-05T11:55:44","slug":"nutiseadmete-ja-rakenduste-turvalisus","status":"publish","type":"page","link":"https:\/\/sisu.ut.ee\/netiturvalisus\/nutiseadmete-ja-rakenduste-turvalisus\/","title":{"rendered":"Nutiseadmete ja rakenduste turvalisus"},"content":{"rendered":"<h5 class=\"wp-block-heading\">Turvakood<\/h5>\n\n\n\n<p>Selleks, et kaitsta enda nutiseadet on eelk\u00f5ige vajalik ekraani turvakoodi (PIN kood, n\u00e4otuvastus, s\u00f5rmej\u00e4lg) ning pigem kasutada mitut valikut. Lisaks parooli kasutamisele v\u00f5iks kasutada ka Google Authenticatorit.<\/p>\n\n\n\n<h5 class=\"wp-block-heading\">Google Authenticator<\/h5>\n\n\n\n<p>Google Authenticatori eesm\u00e4rk on pakkuda lihtsat ja turvalist kaheastmelise autentimise (2FA) meetodit, et kaitsta kasutajakontosid volitamata juurdep\u00e4\u00e4su eest. Google Authenticator on rakendus, mis genereerib ajutisi, \u00fchekordseid turvakoode, mida saab kasutada koos tavap\u00e4rase parooliga, et suurendada kontode turvalisust.<br>Rakenduse kasutamine muudab konto kaitsmise lihtsaks, v\u00e4hendades ohtu, et r\u00fcndaja saaks ligip\u00e4\u00e4su kontole isegi siis, kui tal on kasutaja parool.<\/p>\n\n\n\n<h5 class=\"wp-block-heading\">S\u00fcsteemi uuendused<\/h5>\n\n\n\n<p>Tuleb alla laadida s\u00fcsteemi uuendused, \u00fcldjuhul nutiseade teavitab, kui on uuendused saadaval. Uuenduste allalaadimine tagab tihtipeale turvalisuse ning muudab seadme kasutamise mugavamaks ja lihtsamaks.<\/p>\n\n\n\n<h5 class=\"wp-block-heading\">Usaldusv\u00e4\u00e4rsed rakendused<\/h5>\n\n\n\n<p>Lisaks tuleb rakendusi alla laadida enda nutiseadmesse ainult sinna juba lisatud usaldusv\u00e4\u00e4rsed \u00e4pid, mis on m\u00f5eldud just rakenduste allalaadimiseks (App Store, Google Play pood jne). Kuna tundmatutelt lehek\u00fclgedelt rakenduste allalaadimine v\u00f5ib kaasa tuua endaga samuti ka pahavara.<\/p>\n\n\n\n<h5 class=\"wp-block-heading\">VPN, avalik Wifi-v\u00f5rk<\/h5>\n\n\n\n<p>\u00dcheks suurimaks ohuks nutiseadmetele on avaliku Wifi kasutamine. Kuna avalikus v\u00f5rgus Wifi kasutamine t\u00e4hendab seda, et teistel isikutel, kes samuti avalikku v\u00f5rku kasutavad, siis neil on v\u00f5imalik ligi p\u00e4\u00e4seda k\u00f5igile meie seadmetes olevatele failidele, piltidele ja isiklikele andmetele. Seet\u00f5ttu tasuks kasutada spetsiaalset VPN \u00e4ppi, mis loob kasutajale virtuaalse privaatv\u00f5rgu ja takistab kolmandatel osapooltel v\u00f5rgus tehtavate toimingute n\u00e4gemist.<\/p>\n\n\n\n<h5 class=\"wp-block-heading\">Positsioneerimise rakendused<\/h5>\n\n\n\n<p>Kasuta nutiseadmete positsioneerimise rakendusi, need aitavad leida varastatud v\u00f5i kadunud seadet ning antud rakenduses saad seadme lukustada, et keegi sellele peale sinu ligi ei p\u00e4\u00e4seks. Samuti saab nende rakendustega positsioneerida laste asukohta, mis tagab nii lastele kui lapsevanemale turvalisuse.<\/p>\n\n\n\n<h5 class=\"wp-block-heading\">V\u00e4ldi \u201candmep\u00fc\u00fcki\u201d<\/h5>\n\n\n\n<p>Antud s\u00f5na tuleb inglise keelest Phishing ehk andmep\u00fc\u00fck. Tegemist on k\u00fcberr\u00fcnnaku meetodiga, mille eesm\u00e4rk on petta inimesi jagama oma isiklikke andmeid, nagu kasutajanimed, paroolid, krediitkaardi andmed v\u00f5i muud tundlikud andmed.<\/p>\n\n\n\n<hr class=\"wp-block-separator has-alpha-channel-opacity is-style-dots\">\n\n\n\n<div style=\"height:36px\" aria-hidden=\"true\" class=\"wp-block-spacer\"><\/div>\n\n\n\n<figure class=\"wp-block-embed is-type-video is-provider-youtube wp-block-embed-youtube wp-embed-aspect-16-9 wp-has-aspect-ratio\"><div class=\"wp-block-embed__wrapper\">\n<div class=\"ratio ratio-16x9 mb-3\"><div class=\"video-placeholder-wrapper video-placeholder-wrapper--16x9\">\n\t\t\t    <div class=\"video-placeholder d-flex justify-content-center align-items-center\">\n\t\t\t        <div class=\"overlay text-white p-2 w-100 text-center d-block justify-content-center align-items-center\">\n\t\t\t            <div>Kolmandate osapoolte sisu n\u00e4gemiseks palun n\u00f5ustu k\u00fcpsistega.<\/div>\n\t\t\t            <button class=\"btn btn-secondary btn-sm mt-1 consent-change\">Muuda n\u00f5usolekut<\/button>\n\t\t\t        <\/div>\n\t\t\t    <\/div>\n\t\t\t<\/div>\n<\/div>\n<\/div><\/figure>\n\n\n\n<figure class=\"wp-block-embed is-type-video is-provider-youtube wp-block-embed-youtube wp-embed-aspect-16-9 wp-has-aspect-ratio\"><div class=\"wp-block-embed__wrapper\">\n<div class=\"ratio ratio-16x9 mb-3\"><div class=\"video-placeholder-wrapper video-placeholder-wrapper--16x9\">\n\t\t\t    <div class=\"video-placeholder d-flex justify-content-center align-items-center\">\n\t\t\t        <div class=\"overlay text-white p-2 w-100 text-center d-block justify-content-center align-items-center\">\n\t\t\t            <div>Kolmandate osapoolte sisu n\u00e4gemiseks palun n\u00f5ustu k\u00fcpsistega.<\/div>\n\t\t\t            <button class=\"btn btn-secondary btn-sm mt-1 consent-change\">Muuda n\u00f5usolekut<\/button>\n\t\t\t        <\/div>\n\t\t\t    <\/div>\n\t\t\t<\/div>\n<\/div>\n<\/div><\/figure>\n\n\n\n<blockquote class=\"wp-block-quote is-layout-flow wp-block-quote-is-layout-flow\">\n<p><strong>Pea meeles!<\/strong> <\/p>\n<\/blockquote>\n\n\n\n<p>Kasutatud allikad ja lisalugemist:<\/p>\n\n\n\n<p><a href=\"https:\/\/www.techtarget.com\/searchsecurity\/definition\/Google-Authenticator\">techtarget.com<\/a><\/p>\n\n\n\n<p><a href=\"https:\/\/www.elisa.ee\/et\/uudised\/nutiturvalisuse-kuldreeglid-kuidas-kaitsta-isiklikke-andmeid-ja-tagada-nutiseadmete\">elisa.ee<\/a><\/p>\n\n\n\n<p><a href=\"https:\/\/digi.geenius.ee\/rubriik\/uudis\/kuidas-oma-kadunud-nutitelefon-ules-leida\/\">geenius.ee<\/a><\/p>\n\n\n\n<p><a href=\"https:\/\/consumer.ftc.gov\/articles\/how-recognize-and-avoid-phishing-scams\">consumer.ftc.gov<\/a><\/p>\n\n\n\n<p><a href=\"https:\/\/www.ria.ee\/kuberturbe-nouanded\/nouanded-internetikasutajale\/nutitelefon\">ria.ee<\/a><\/p>\n","protected":false},"excerpt":{"rendered":"<p>Turvakood Selleks, et kaitsta enda nutiseadet on eelk\u00f5ige vajalik ekraani turvakoodi (PIN kood, n\u00e4otuvastus, s\u00f5rmej\u00e4lg) ning pigem kasutada mitut valikut. Lisaks parooli kasutamisele v\u00f5iks kasutada ka Google Authenticatorit. Google Authenticator Google Authenticatori eesm\u00e4rk on pakkuda lihtsat ja turvalist kaheastmelise autentimise &#8230;<\/p>\n","protected":false},"author":660,"featured_media":0,"parent":0,"menu_order":0,"comment_status":"closed","ping_status":"closed","template":"","meta":{"_acf_changed":false,"inline_featured_image":false,"footnotes":""},"class_list":["post-24","page","type-page","status-publish","hentry"],"acf":[],"_links":{"self":[{"href":"https:\/\/sisu.ut.ee\/netiturvalisus\/wp-json\/wp\/v2\/pages\/24","targetHints":{"allow":["GET"]}}],"collection":[{"href":"https:\/\/sisu.ut.ee\/netiturvalisus\/wp-json\/wp\/v2\/pages"}],"about":[{"href":"https:\/\/sisu.ut.ee\/netiturvalisus\/wp-json\/wp\/v2\/types\/page"}],"author":[{"embeddable":true,"href":"https:\/\/sisu.ut.ee\/netiturvalisus\/wp-json\/wp\/v2\/users\/660"}],"replies":[{"embeddable":true,"href":"https:\/\/sisu.ut.ee\/netiturvalisus\/wp-json\/wp\/v2\/comments?post=24"}],"version-history":[{"count":4,"href":"https:\/\/sisu.ut.ee\/netiturvalisus\/wp-json\/wp\/v2\/pages\/24\/revisions"}],"predecessor-version":[{"id":56,"href":"https:\/\/sisu.ut.ee\/netiturvalisus\/wp-json\/wp\/v2\/pages\/24\/revisions\/56"}],"wp:attachment":[{"href":"https:\/\/sisu.ut.ee\/netiturvalisus\/wp-json\/wp\/v2\/media?parent=24"}],"curies":[{"name":"wp","href":"https:\/\/api.w.org\/{rel}","templated":true}]}}