{"id":2,"date":"2024-12-05T09:41:15","date_gmt":"2024-12-05T09:41:15","guid":{"rendered":"https:\/\/sisu.ut.ee\/netiturvalisus\/?page_id=2"},"modified":"2024-12-06T02:20:05","modified_gmt":"2024-12-06T00:20:05","slug":"demoleht","status":"publish","type":"page","link":"https:\/\/sisu.ut.ee\/netiturvalisus\/","title":{"rendered":"Tere tulemast netiturvalisuse \u00f5ppematerjalide lehele!"},"content":{"rendered":"<div style=\"height:36px\" aria-hidden=\"true\" class=\"wp-block-spacer\"><\/div>\n\n\n\n<p>Kui sattusid siia saabunud kirjas oleva lingi kaudu, oskad edaspidi peale materjaliga tuvumist t\u00e4helepanelikum olla. <\/p>\n\n\n\n<p>Oled j\u00f5udnud \u00f5ppematerjalide kogumikuni, mis pakub tavalisele arvutikasutajale, nii algajale kui ka tavakasutajale, kergesti m\u00f5istetavat infomaterjali igap\u00e4evaste k\u00fcberturvalisusega seotud ohtude kohta. Hoolimata vastavate teemalehtede rohkusest, ei j\u00f5ua sageli vajalik info ennetavalt tarbijani v\u00f5i silmatakse ainult \u00fcht soovitust paljudest. Paljudel juhtudel ei osata ise ka t\u00e4iendavat infot otsida, sest puudub \u00fcldine arusaam kaasnevatest ohtudest. Oleme koondanud materjale erinevatest riigi toel loodud projektidest ning proovinud need v\u00f5imalikult lihtsalt ja arusaadavalt edastada.<\/p>\n\n\n\n<p>Loodame, et koondatud materjal annab esmase \u00fclevaate ning aitab kaasa ohtlike olukordade v\u00e4ltimisele. Meie soov on materjali j\u00f5udmine v\u00f5imalikult paljude inimesteni, et v\u00e4ltida k\u00f5ikv\u00f5imalike pettuste ohvriks langemist. Kui leiad, et siin leiduvast materjalist oleks teistelgi abi, edasta Sulle saabunud kiri ka oma tutvusringile.<\/p>\n\n\n\n<p>Materjalid kogutud Tartu \u00dclikooli infokorralduse eriala r\u00fchmat\u00f6\u00f6 raames 2024. aastal.<\/p>\n\n\n\n<blockquote class=\"wp-block-quote is-layout-flow wp-block-quote-is-layout-flow\">\n<p>P\u00f5nevat tutvumist!<\/p>\n<\/blockquote>\n","protected":false},"excerpt":{"rendered":"<p>Kui sattusid siia saabunud kirjas oleva lingi kaudu, oskad edaspidi peale materjaliga tuvumist t\u00e4helepanelikum olla. Oled j\u00f5udnud \u00f5ppematerjalide kogumikuni, mis pakub tavalisele arvutikasutajale, nii algajale kui ka tavakasutajale, kergesti m\u00f5istetavat infomaterjali igap\u00e4evaste k\u00fcberturvalisusega seotud ohtude kohta. Hoolimata vastavate teemalehtede rohkusest, &#8230;<\/p>\n","protected":false},"author":660,"featured_media":0,"parent":0,"menu_order":0,"comment_status":"closed","ping_status":"open","template":"","meta":{"_acf_changed":false,"inline_featured_image":false,"footnotes":""},"class_list":["post-2","page","type-page","status-publish","hentry"],"acf":[],"_links":{"self":[{"href":"https:\/\/sisu.ut.ee\/netiturvalisus\/wp-json\/wp\/v2\/pages\/2","targetHints":{"allow":["GET"]}}],"collection":[{"href":"https:\/\/sisu.ut.ee\/netiturvalisus\/wp-json\/wp\/v2\/pages"}],"about":[{"href":"https:\/\/sisu.ut.ee\/netiturvalisus\/wp-json\/wp\/v2\/types\/page"}],"author":[{"embeddable":true,"href":"https:\/\/sisu.ut.ee\/netiturvalisus\/wp-json\/wp\/v2\/users\/660"}],"replies":[{"embeddable":true,"href":"https:\/\/sisu.ut.ee\/netiturvalisus\/wp-json\/wp\/v2\/comments?post=2"}],"version-history":[{"count":6,"href":"https:\/\/sisu.ut.ee\/netiturvalisus\/wp-json\/wp\/v2\/pages\/2\/revisions"}],"predecessor-version":[{"id":144,"href":"https:\/\/sisu.ut.ee\/netiturvalisus\/wp-json\/wp\/v2\/pages\/2\/revisions\/144"}],"wp:attachment":[{"href":"https:\/\/sisu.ut.ee\/netiturvalisus\/wp-json\/wp\/v2\/media?parent=2"}],"curies":[{"name":"wp","href":"https:\/\/api.w.org\/{rel}","templated":true}]}}