{"id":15,"date":"2024-12-05T12:40:25","date_gmt":"2024-12-05T10:40:25","guid":{"rendered":"https:\/\/sisu.ut.ee\/netiturvalisus\/?page_id=15"},"modified":"2024-12-11T01:02:22","modified_gmt":"2024-12-10T23:02:22","slug":"turvaline-kaugtoo","status":"publish","type":"page","link":"https:\/\/sisu.ut.ee\/netiturvalisus\/turvaline-kaugtoo\/","title":{"rendered":"Turvaline kaugt\u00f6\u00f6"},"content":{"rendered":"<p>Turvaline kaugt\u00f6\u00f6 t\u00e4hendab, et t\u00f6\u00f6taja hoolitseb oma t\u00f6\u00f6 ja andmete kaitsmise eest ka siis, kui t\u00f6\u00f6tab parajasti v\u00e4ljaspool kontorit. Kaugt\u00f6\u00f6 juhised v\u00f5iks olla ettev\u00f5tte poolt v\u00e4lja t\u00f6\u00f6tatud ja jagatud t\u00f6\u00f6tajatega, neid tasuks kindlasti t\u00f6\u00f6andjalt uurida. Kui t\u00f6\u00f6 tegemiseks on vajalik ligip\u00e4\u00e4s ettev\u00f5tte s\u00fcsteemidele, rakendustele v\u00f5i spetsiifilistele programmidele, tuleb kasutada t\u00f6\u00f6andjapoolset VPN (\u00e4kki lisada seletus, mis on VPN?) lahendust. Kui t\u00f6\u00f6 on pigem n-\u00f6 tekstip\u00f5hine ning peamiseks t\u00f6\u00f6vahendiks on postkast, piisab kaabli- v\u00f5i mobiilse interneti \u00fchendusest (Digitark, 2020). Siin on m\u00f5ned p\u00f5him\u00f5tted, mida oleks hea sel puhul j\u00e4rgida:<\/p>\n\n\n\n<ul class=\"wp-block-list\">\n<li><strong>Kasuta tugevat parooli<\/strong>\n<ul class=\"wp-block-list\">\n<li>Paroolid peaksid olema piisavalt keerulised (pikad ja sisaldama suuri ja v\u00e4ikeseid t\u00e4hti, numbreid ja eris\u00fcmboleid). V\u00e4ltida lihtsaid paroolikombinatsioone, nagu \u201e123456\u201c v\u00f5i \u201epassword\u201c. V\u00f5imalusel kasutada paroolihaldurit, et paroolid meelde j\u00e4tta ja neid turvaliselt hoida. Sama parooli kasuitamine mitmes erinevas kohas on riskitegur, sest kui peaks juhtuma, et \u00fchest keskkonnast paroolid lekivad, on haavatavad ka k\u00f5ik teised keskkonnad, kus sama parooli kasutad (Kriis.ee, 2024).<\/li>\n<\/ul>\n<\/li>\n\n\n\n<li><strong>Kasuta kaheastmelist autentimist<\/strong>\n<ul class=\"wp-block-list\">\n<li>Kui t\u00f6\u00f6andja pakub kaheastmelist autentimist (n\u00e4iteks saad sisestada parooli ning kinnitada sisselogimise telefoniga), siis tuleks kasutada seda. See pakub oluliselt lisaturvalisust.<\/li>\n<\/ul>\n<\/li>\n\n\n\n<li><strong>Hoia t\u00f6\u00f6seadmed ajakohasena<\/strong>\n<ul class=\"wp-block-list\">\n<li>Tarkvarauuendused ja viiruset\u00f5rjeprogrammid kaitsevad t\u00f6\u00f6tajat uute turvaohtude eest. T\u00f6\u00f6taja peab veenduma, et arvuti ja kasutatavad programmid on alati uuendatud. Vajadusel k\u00fcsida abi ettev\u00f5tte IT-osakonnast.<\/li>\n<\/ul>\n<\/li>\n\n\n\n<li><strong>Kasuta turvalist interneti\u00fchendust<\/strong>\n<ul class=\"wp-block-list\">\n<li>V\u00e4ltida avalike WIFI-v\u00f5rkude kasutamist (nt kohvikutes ja lennujaamades), kuna need v\u00f5ivad olla v\u00e4hem turvalised. Kui on vajadus kasutada avalikku WIFIt, peab kindlasti kasutama ettev\u00f5tte poolt pakutavat VPN-i, et luua turvaline \u00fchendus.<\/li>\n<\/ul>\n<\/li>\n\n\n\n<li><strong>Jaga andmeid turvaliselt<\/strong>\n<ul class=\"wp-block-list\">\n<li>Failide ja dokumentide jagamiseks peab kasutama turvalist keskkonda, mis on t\u00f6\u00f6andja poolt koosk\u00f5lastatud (nt OneDrive, Google Drive v\u00f5i muud turvalised platvormid). V\u00e4ltima peaks tundlike dokumentide saatmist tavalise e-postiga. Siinkohal tasuks kindlasti kasutada digiallkirjastamist.<\/li>\n<\/ul>\n<\/li>\n\n\n\n<li><strong>Lukusta oma t\u00f6\u00f6seadmed<\/strong>\n<ul class=\"wp-block-list\">\n<li>Kindlasti lukustada ekraan, kui t\u00f6\u00f6 l\u00f5petatud v\u00f5i lahkutakse arvuti juurest. Seda saab teha n\u00e4iteks klahvikombinatsiooniga Windowsis <strong>Win + L<\/strong> v\u00f5i <strong>Macis Cmd + Ctrl + Q<\/strong>. See kaitseb t\u00f6\u00f6tajat, kui keegi v\u00f5iks veel seadet f\u00fc\u00fcsiliselt n\u00e4ha v\u00f5i samas ruumis viibida.<\/li>\n<\/ul>\n<\/li>\n\n\n\n<li><strong>Ole ettevaatlik e-kirjade ja linkidega<\/strong>\n<ul class=\"wp-block-list\">\n<li>Ootamatud e-kirjad linkide v\u00f5i manustega, mis tunduvad kahtlased peaks enne m\u00f5tlema, kui neil kl\u00f5psata, kas need tunduvad ikka usaldusv\u00e4\u00e4rsed. Kui midagi tundub kahtlane, siis k\u00fcsida t\u00f6\u00f6andjalt v\u00f5i IT-osakonnalt n\u00f5u.<\/li>\n<\/ul>\n<\/li>\n<\/ul>\n\n\n\n<hr class=\"wp-block-separator has-alpha-channel-opacity is-style-dots\">\n\n\n\n<div style=\"height:36px\" aria-hidden=\"true\" class=\"wp-block-spacer\"><\/div>\n\n\n\n<figure class=\"wp-block-embed is-type-video is-provider-youtube wp-block-embed-youtube wp-embed-aspect-16-9 wp-has-aspect-ratio\"><div class=\"wp-block-embed__wrapper\">\n<div class=\"ratio ratio-16x9 mb-3\"><div class=\"video-placeholder-wrapper video-placeholder-wrapper--16x9\">\n\t\t\t    <div class=\"video-placeholder d-flex justify-content-center align-items-center\">\n\t\t\t        <div class=\"overlay text-white p-2 w-100 text-center d-block justify-content-center align-items-center\">\n\t\t\t            <div>Kolmandate osapoolte sisu n\u00e4gemiseks palun n\u00f5ustu k\u00fcpsistega.<\/div>\n\t\t\t            <button class=\"btn btn-secondary btn-sm mt-1 consent-change\">Muuda n\u00f5usolekut<\/button>\n\t\t\t        <\/div>\n\t\t\t    <\/div>\n\t\t\t<\/div>\n<\/div>\n<\/div><\/figure>\n\n\n\n<blockquote class=\"wp-block-quote is-layout-flow wp-block-quote-is-layout-flow\">\n<p><strong>Pea meeles!<\/strong> V\u00e4ldi avaliku v\u00f5rgu kasutamist ning tutvu ettev\u00f5tte turvan\u00f5uetega.<\/p>\n<\/blockquote>\n\n\n\n<p>Kasutatud allikad ja lisalugemist:<\/p>\n\n\n\n<p><a href=\"https:\/\/digitark.telia.ee\/era\/kuidas-turvaliselt-ja-vastustundlikult-kaugtood-teha\/\">digitark.telia.ee<\/a><\/p>\n\n\n\n<p><a href=\"https:\/\/kriis.ee\/haridus-tootamine-ja-teenused\/tootamine-tootajale\/kodust-tootamine\">kriis.ee<\/a><\/p>\n","protected":false},"excerpt":{"rendered":"<p>Turvaline kaugt\u00f6\u00f6 t\u00e4hendab, et t\u00f6\u00f6taja hoolitseb oma t\u00f6\u00f6 ja andmete kaitsmise eest ka siis, kui t\u00f6\u00f6tab parajasti v\u00e4ljaspool kontorit. Kaugt\u00f6\u00f6 juhised v\u00f5iks olla ettev\u00f5tte poolt v\u00e4lja t\u00f6\u00f6tatud ja jagatud t\u00f6\u00f6tajatega, neid tasuks kindlasti t\u00f6\u00f6andjalt uurida. Kui t\u00f6\u00f6 tegemiseks on vajalik &#8230;<\/p>\n","protected":false},"author":660,"featured_media":0,"parent":0,"menu_order":0,"comment_status":"closed","ping_status":"closed","template":"","meta":{"_acf_changed":false,"inline_featured_image":false,"footnotes":""},"class_list":["post-15","page","type-page","status-publish","hentry"],"acf":[],"_links":{"self":[{"href":"https:\/\/sisu.ut.ee\/netiturvalisus\/wp-json\/wp\/v2\/pages\/15","targetHints":{"allow":["GET"]}}],"collection":[{"href":"https:\/\/sisu.ut.ee\/netiturvalisus\/wp-json\/wp\/v2\/pages"}],"about":[{"href":"https:\/\/sisu.ut.ee\/netiturvalisus\/wp-json\/wp\/v2\/types\/page"}],"author":[{"embeddable":true,"href":"https:\/\/sisu.ut.ee\/netiturvalisus\/wp-json\/wp\/v2\/users\/660"}],"replies":[{"embeddable":true,"href":"https:\/\/sisu.ut.ee\/netiturvalisus\/wp-json\/wp\/v2\/comments?post=15"}],"version-history":[{"count":4,"href":"https:\/\/sisu.ut.ee\/netiturvalisus\/wp-json\/wp\/v2\/pages\/15\/revisions"}],"predecessor-version":[{"id":153,"href":"https:\/\/sisu.ut.ee\/netiturvalisus\/wp-json\/wp\/v2\/pages\/15\/revisions\/153"}],"wp:attachment":[{"href":"https:\/\/sisu.ut.ee\/netiturvalisus\/wp-json\/wp\/v2\/media?parent=15"}],"curies":[{"name":"wp","href":"https:\/\/api.w.org\/{rel}","templated":true}]}}