{"id":138,"date":"2024-12-06T01:44:15","date_gmt":"2024-12-05T23:44:15","guid":{"rendered":"https:\/\/sisu.ut.ee\/netiturvalisus\/?page_id=138"},"modified":"2024-12-06T01:44:40","modified_gmt":"2024-12-05T23:44:40","slug":"kokkuvote","status":"publish","type":"page","link":"https:\/\/sisu.ut.ee\/netiturvalisus\/kokkuvote\/","title":{"rendered":"Kokkuv\u00f5te"},"content":{"rendered":"<p>Oledki j\u00f5udnud \u00f5ppematerjalide l\u00f5ppu! V\u00e4ga tubli t\u00f6\u00f6. Hea on aeg-ajalt uuesti pilk peale visata, et enda teadmisi kontrollida. \u00d5ppematerjale v\u00f5id kasutada ka \u00f5ppet\u00f6\u00f6s ning jagada oma s\u00f5prade ja kolleegidega.\u00a0<\/p>\n\n\n\n<h4 class=\"wp-block-heading\">Mida teha, kui kahtlustad k\u00fcberkuritegu?\u00a0<\/h4>\n\n\n\n<p>Vaatamata oma p\u00fc\u00fcdlustele v\u00f5ime siiski k\u00fcberkuriteo ohvriks langeda. Politse- ja piirivalveametil on k\u00fcberkuritegude teadete edastamise leht: <a href=\"https:\/\/cyber.politsei.ee\/\">https:\/\/cyber.politsei.ee\/<\/a><\/p>\n\n\n\n<p>Kuriteost saab teavitada eesti, inglise ja vene keeles. Seega v\u00f5ib lehte jagada ka s\u00f5pradele v\u00f5i kollektiividele, kus suhtluskeel ei ole eesti keel. Lisak\u00fcsimustele saab vastuseid infotelefonil <a href=\"callto:+3726123000\">612 3000<\/a>.\u00a0<\/p>\n\n\n\n<p>K\u00fcberturvalisus on pidev protsess ja teadlikkus on esimene kaitse.<\/p>\n\n\n\n<p><strong>Turvalist netikasutust!<\/strong><\/p>\n","protected":false},"excerpt":{"rendered":"<p>Oledki j\u00f5udnud \u00f5ppematerjalide l\u00f5ppu! V\u00e4ga tubli t\u00f6\u00f6. Hea on aeg-ajalt uuesti pilk peale visata, et enda teadmisi kontrollida. \u00d5ppematerjale v\u00f5id kasutada ka \u00f5ppet\u00f6\u00f6s ning jagada oma s\u00f5prade ja kolleegidega.\u00a0 Mida teha, kui kahtlustad k\u00fcberkuritegu?\u00a0 Vaatamata oma p\u00fc\u00fcdlustele v\u00f5ime siiski k\u00fcberkuriteo &#8230;<\/p>\n","protected":false},"author":660,"featured_media":0,"parent":0,"menu_order":0,"comment_status":"closed","ping_status":"closed","template":"","meta":{"_acf_changed":false,"inline_featured_image":false,"footnotes":""},"class_list":["post-138","page","type-page","status-publish","hentry"],"acf":[],"_links":{"self":[{"href":"https:\/\/sisu.ut.ee\/netiturvalisus\/wp-json\/wp\/v2\/pages\/138","targetHints":{"allow":["GET"]}}],"collection":[{"href":"https:\/\/sisu.ut.ee\/netiturvalisus\/wp-json\/wp\/v2\/pages"}],"about":[{"href":"https:\/\/sisu.ut.ee\/netiturvalisus\/wp-json\/wp\/v2\/types\/page"}],"author":[{"embeddable":true,"href":"https:\/\/sisu.ut.ee\/netiturvalisus\/wp-json\/wp\/v2\/users\/660"}],"replies":[{"embeddable":true,"href":"https:\/\/sisu.ut.ee\/netiturvalisus\/wp-json\/wp\/v2\/comments?post=138"}],"version-history":[{"count":2,"href":"https:\/\/sisu.ut.ee\/netiturvalisus\/wp-json\/wp\/v2\/pages\/138\/revisions"}],"predecessor-version":[{"id":141,"href":"https:\/\/sisu.ut.ee\/netiturvalisus\/wp-json\/wp\/v2\/pages\/138\/revisions\/141"}],"wp:attachment":[{"href":"https:\/\/sisu.ut.ee\/netiturvalisus\/wp-json\/wp\/v2\/media?parent=138"}],"curies":[{"name":"wp","href":"https:\/\/api.w.org\/{rel}","templated":true}]}}