{"id":13,"date":"2024-04-04T01:33:46","date_gmt":"2024-04-04T01:33:46","guid":{"rendered":"https:\/\/sisu.ut.ee\/namurplus\/ald-teenus\/"},"modified":"2026-01-11T00:40:34","modified_gmt":"2026-01-10T22:40:34","slug":"ald-teenus","status":"publish","type":"page","link":"https:\/\/sisu.ut.ee\/namurplus\/ald-teenus\/","title":{"rendered":"Aatomkihtsadestamise teenus"},"content":{"rendered":"<p>\u00a0<\/p>\n\n\n\n<p>Tallinna Tehnika\u00fclikooli Materjali- ja keskkonnatehnoloogia instituudi Keemiliste kiletehnoloogiate teaduslabor pakub v\u00f5imalust kasutada aatomkihtsadestamise (ALD) seadet Picosun tasapinnaliste ja 3D objektide katmisel \u00f5hukese, kompaktse ja nanomeeterskaalas kontrollitud paksusega pinnakatetega. ALD seadmel on v\u00f5imalik sadestada erinevaid metallide sulfiide ja oksisulfiide sisaldavaid pinnakatteid p\u00e4ikesepatareide struktuurides absorber- ja\/v\u00f5i puhverkihtide sadestamiseks, samuti rekombinatsioonibarj\u00e4\u00e4ride ja\/v\u00f5i keemiliste kaitsekihtide sadestamiseks erinevatele struktuurielementidele.<\/p>\n\n\n\n<figure class=\"wp-block-image aligncenter is-resized\"><img loading=\"lazy\" decoding=\"async\" width=\"2560\" height=\"1861\" src=\"https:\/\/sisu.ut.ee\/wp-content\/uploads\/sites\/293\/ald_taltech_web-scaled.jpg\" alt=\"ald_taltech_web.jpg\" class=\"wp-image-43\" style=\"width:598px;height:auto\" title=\"ald_taltech_web.jpg\" srcset=\"https:\/\/sisu.ut.ee\/wp-content\/uploads\/sites\/293\/ald_taltech_web-scaled.jpg 2560w, https:\/\/sisu.ut.ee\/wp-content\/uploads\/sites\/293\/ald_taltech_web-300x218.jpg 300w, https:\/\/sisu.ut.ee\/wp-content\/uploads\/sites\/293\/ald_taltech_web-1024x745.jpg 1024w, https:\/\/sisu.ut.ee\/wp-content\/uploads\/sites\/293\/ald_taltech_web-768x558.jpg 768w, https:\/\/sisu.ut.ee\/wp-content\/uploads\/sites\/293\/ald_taltech_web-1536x1117.jpg 1536w, https:\/\/sisu.ut.ee\/wp-content\/uploads\/sites\/293\/ald_taltech_web-2048x1489.jpg 2048w, https:\/\/sisu.ut.ee\/wp-content\/uploads\/sites\/293\/ald_taltech_web-1920x1396.jpg 1920w\" sizes=\"auto, (max-width: 2560px) 100vw, 2560px\"><\/figure>\n\n\n\n<p><strong>Teenused sisaldavad:<\/strong><\/p>\n\n\n\n<ul class=\"wp-block-list\">\n<li>konsultatsioone\u00a0\u2013 tellijaga arutatakse l\u00e4bi nende teaduslik-tehnilised probleemid ja hinnatakse, kas antud metoodikad suudavad pakkuda tellijale huvipakkuvatele probleemidele lahendusi,<\/li>\n\n\n\n<li>katseobjektide valmistamist kvalifitseeritud spetsialistide poolt,<\/li>\n\n\n\n<li>tellitud arendustegevusi, mille k\u00e4igus t\u00f6\u00f6tatakse v\u00e4lja ja\/v\u00f5i juurutatakse uusi tehnoloogilisi v\u00f5tteid, mida antud taristu v\u00f5imaldab rakendada tellija konkreetsete probleemide lahendamiseks,<\/li>\n\n\n\n<li>tellitud uurimist\u00f6id, kus labori spetsialistid koost\u00f6\u00f6s tellijaga lahendavad tellijale huvipakkuvaid keerukamaid teaduslik-tehnilisi probleeme.<\/li>\n<\/ul>\n\n\n\n<p>Korraldame koolitusi materjalide valmistamiseks keemilistel meetoditel.<\/p>\n\n\n\n<ul class=\"wp-block-list\">\n<li>Kontaktisik: <strong>Ilona Oja Acik<\/strong> (e-mail: ilona.oja@ttu.ee) TT\u00dc, Materjali- ja keskkonnatehnoloogia instituut, Keemiliste kiletehnoloogiate teaduslabori juhataja.<\/li>\n<\/ul>\n\n\n\n<p><em>Eesti teadustaristu teekaardi objekt \u201eNanomaterjalide tehnoloogiate ja uuringute keskus (NAMUR+)\u201d\u00a0on kaasrahastatud Euroopa Regionaalarengu Fondist (projektid \u201eNanomaterjalid \u2013 rakendused ja uuringud\u201c,\u00a03.2.0304.12-0397, 01.02.2012-31.12.2015\u00a0ja \u201eNanomaterjalide tehnoloogiate ja uuringute keskus\u201d, 2014-2020.4.01.16-0123, 01.01.2017 \u2013 30.06.2022 ) ning Eesti Teadusagentuuri poolt (projektid <em>TARISTU24-TK26<\/em><\/em>, <em>IUT20-54 ja TT13).<\/em><\/p>\n","protected":false},"excerpt":{"rendered":"<p>\u00a0 Tallinna Tehnika\u00fclikooli Materjali- ja keskkonnatehnoloogia instituudi Keemiliste kiletehnoloogiate teaduslabor pakub v\u00f5imalust kasutada aatomkihtsadestamise (ALD) seadet Picosun tasapinnaliste ja 3D objektide katmisel \u00f5hukese, kompaktse ja nanomeeterskaalas kontrollitud paksusega pinnakatetega. ALD seadmel on v\u00f5imalik sadestada erinevaid metallide sulfiide ja oksisulfiide sisaldavaid &#8230;<\/p>\n","protected":false},"author":157,"featured_media":0,"parent":0,"menu_order":0,"comment_status":"closed","ping_status":"closed","template":"","meta":{"_acf_changed":false,"inline_featured_image":false,"footnotes":""},"class_list":["post-13","page","type-page","status-publish","hentry"],"acf":[],"_links":{"self":[{"href":"https:\/\/sisu.ut.ee\/namurplus\/wp-json\/wp\/v2\/pages\/13","targetHints":{"allow":["GET"]}}],"collection":[{"href":"https:\/\/sisu.ut.ee\/namurplus\/wp-json\/wp\/v2\/pages"}],"about":[{"href":"https:\/\/sisu.ut.ee\/namurplus\/wp-json\/wp\/v2\/types\/page"}],"author":[{"embeddable":true,"href":"https:\/\/sisu.ut.ee\/namurplus\/wp-json\/wp\/v2\/users\/157"}],"replies":[{"embeddable":true,"href":"https:\/\/sisu.ut.ee\/namurplus\/wp-json\/wp\/v2\/comments?post=13"}],"version-history":[{"count":5,"href":"https:\/\/sisu.ut.ee\/namurplus\/wp-json\/wp\/v2\/pages\/13\/revisions"}],"predecessor-version":[{"id":455,"href":"https:\/\/sisu.ut.ee\/namurplus\/wp-json\/wp\/v2\/pages\/13\/revisions\/455"}],"wp:attachment":[{"href":"https:\/\/sisu.ut.ee\/namurplus\/wp-json\/wp\/v2\/media?parent=13"}],"curies":[{"name":"wp","href":"https:\/\/api.w.org\/{rel}","templated":true}]}}