{"id":11,"date":"2024-04-04T01:33:46","date_gmt":"2024-04-04T01:33:46","guid":{"rendered":"https:\/\/sisu.ut.ee\/namurplus\/namur-et\/"},"modified":"2026-01-11T00:01:18","modified_gmt":"2026-01-10T22:01:18","slug":"namur","status":"publish","type":"page","link":"https:\/\/sisu.ut.ee\/namurplus\/namur\/","title":{"rendered":"NAMUR+ infrastruktuur"},"content":{"rendered":"<p style=\"text-align: justify;\">Eesti teadustaristu teekaardi objekti <strong>Nanomaterjalide tehnoloogiate ja uuringute keskus<\/strong> <strong>(NAMUR+)<\/strong> eesm\u00e4rk on arendada v\u00e4lja tipptasemel taristu nanomaterjalide valmistamiseks, uurimiseks ja rakendamiseks ning koondada see koos partnerite k\u00f5rgetasemelise uurimiskompetentsiga\u00a0 atraktiivseks multifunktsionaalseks nanomaterjalide ja nanoohutuse alaseid TA-teenuseid pakkuvaks t\u00f5mbekeskuseks.<\/p>\n<p style=\"text-align: justify;\">Eesti teadustaristu teekaardi objekt <strong>NAMUR+<\/strong> p\u00f5hineb <strong>Tartu \u00dclikooli F\u00fc\u00fcsika Instituudi ja Keemia Instituudi, Keemilise ja Bioloogilise F\u00fc\u00fcsika Instituudi ja Tallinna Tehnika\u00fclikooli<\/strong> materjalide, k\u00f5rgefektiivse energeetika ja nanoturvalisuse teadusgruppide kompetentsil. Keskus v\u00f5imaldab pakkuda teenustena maailma tipptasemel nanotehnoloogilisi ja nanoohutuse alaseid uuringuid v\u00e4ga erinevatele partneritele.<\/p>\n<p style=\"text-align: justify;\">Teadustaristu <strong>NAMUR+<\/strong>\u00a0esimene osa rajati aastatel 2012-2015 projekti<strong><em> \u201eNanomaterjalid \u2013 rakendused ja uuringud\u201c <\/em>(NAMUR)<\/strong> raames. Kokku investeeriti selle projekti raames 4\u00a0940\u00a0370 eurot, suurematest aparaatidest hangiti ning rakendati t\u00f6\u00f6le erinevate teenuste pakkumiseks: anal\u00fc\u00fctiline \u00fclik\u00f5rglahutusega l\u00e4bivalgustav elektronmikroskoop (<strong>aHR-(S)TEM<\/strong>) Titan 200, sekundaarioonide mass-spektromeeter (<strong>FIB-TOF-SIMS nanoTOF II<\/strong>) ning anal\u00fc\u00fctiline \u00fclik\u00f5rgresolutsooniga skaneeriva elektronmikroskoobi (<strong>HR-SEM<\/strong>) kompleks.<\/p>\n<p style=\"text-align: justify;\">Eesti teadustaristu teekaardi objekti <strong>NAMUR+<\/strong> rajamise teine etapp toimub aastatel 2017-2021 projekti <em><strong>\u201eNanomaterjalide tehnoloogiate ja uuringute keskus\u201d<\/strong><\/em><strong> (NAMUR+)<\/strong> raames (projekti suurus 1 782 135 eurot). NAMUR+ raames luuakse litograafia (sh elektronlitograafia) infrastruktuur, omandatakse litograafiakompetents ja arendatakse v\u00e4lja vastavad teenused. Samuti hangitakse p\u00e4ikesepatareide valmistamiseks sobiv aatomkihtsadestamise (ALD) seade ning arendatakse v\u00e4lja vastavad teenused. FIB-TOF-SIMS-anal\u00fc\u00fcsi v\u00f5imaluste parandamiseks on hankimisel C-60 tekitav ioonkahur. See lubab anal\u00fc\u00fcsida lisaks anorgaanilisele maailmale ka orgaaniliste \u00fchenditega (pol\u00fcmeeridega) kaetud pindu. Lisaks hangitakse mikro\/nano-manipulaatorid, mis v\u00f5imaldavad HR-SEM seadmes teostada <em>in-situ<\/em> elektrilisi m\u00f5\u00f5tmisi ja mehhaanilisi manipulatsioone. Nanouuringute teenuste komplekssuse arendamiseks on hankimisel nanomaterjalide mehhaaniliste omaduste m\u00f5\u00f5teseade. Et uurida nanomaterjalide biom\u00f5jusid: interaktsioone rakkude ja organismidega ning seel\u00e4bi stimuleerida nanomaterjalide loomist turvalise disaini p\u00f5him\u00f5ttel, on loomisel nanoturvalisuse uuringute tugistruktuur.<\/p>\n<p style=\"text-align: justify;\"><img loading=\"lazy\" decoding=\"async\" width=\"720\" height=\"960\" class=\"wp-image-39 aligncenter\" title=\"namurplus_timeline_calibri_est_01.png\" src=\"https:\/\/sisu.ut.ee\/wp-content\/uploads\/sites\/293\/namurplus_timeline_calibri_est_01.png\" alt=\"namurplus_timeline_calibri_est_01.png\" srcset=\"https:\/\/sisu.ut.ee\/wp-content\/uploads\/sites\/293\/namurplus_timeline_calibri_est_01.png 720w, https:\/\/sisu.ut.ee\/wp-content\/uploads\/sites\/293\/namurplus_timeline_calibri_est_01-225x300.png 225w\" sizes=\"auto, (max-width: 720px) 100vw, 720px\"><\/p>\n<div class=\"media-element file-default\" data-file_info=\"%7B%22fid%22:34883,%22view_mode%22:%22default%22,%22type%22:%22media%22%7D\"><em>Eesti teadustaristu teekaardi objekt \u201eNanomaterjalide tehnoloogiate ja uuringute keskus (NAMUR+)\u201d on kaasrahastatud Euroopa Regionaalarengu Fondist (projektid \u201eNanomaterjalid \u2013 rakendused ja uuringud\u201c, 3.2.0304.12-0397, 01.02.2012-31.12.2015 ja \u201eNanomaterjalide tehnoloogiate ja uuringute keskus\u201d, 2014-2020.4.01.16-0123, 01.01.2017 \u2013 30.06.2022 ) ning Eesti Teadusagentuuri poolt (projektid\u00a0TARISTU24-TK26,\u00a0IUT20-54 ja TT13).<\/em><\/div>\n<p style=\"text-align: justify;\">\n<\/p>","protected":false},"excerpt":{"rendered":"<p>Eesti teadustaristu teekaardi objekti Nanomaterjalide tehnoloogiate ja uuringute keskus (NAMUR+) eesm\u00e4rk on arendada v\u00e4lja tipptasemel taristu nanomaterjalide valmistamiseks, uurimiseks ja rakendamiseks ning koondada see koos partnerite k\u00f5rgetasemelise uurimiskompetentsiga\u00a0 atraktiivseks multifunktsionaalseks nanomaterjalide ja nanoohutuse alaseid TA-teenuseid pakkuvaks t\u00f5mbekeskuseks. Eesti teadustaristu teekaardi &#8230;<\/p>\n","protected":false},"author":157,"featured_media":0,"parent":0,"menu_order":0,"comment_status":"closed","ping_status":"closed","template":"","meta":{"_acf_changed":false,"inline_featured_image":false,"footnotes":""},"class_list":["post-11","page","type-page","status-publish","hentry"],"acf":[],"_links":{"self":[{"href":"https:\/\/sisu.ut.ee\/namurplus\/wp-json\/wp\/v2\/pages\/11","targetHints":{"allow":["GET"]}}],"collection":[{"href":"https:\/\/sisu.ut.ee\/namurplus\/wp-json\/wp\/v2\/pages"}],"about":[{"href":"https:\/\/sisu.ut.ee\/namurplus\/wp-json\/wp\/v2\/types\/page"}],"author":[{"embeddable":true,"href":"https:\/\/sisu.ut.ee\/namurplus\/wp-json\/wp\/v2\/users\/157"}],"replies":[{"embeddable":true,"href":"https:\/\/sisu.ut.ee\/namurplus\/wp-json\/wp\/v2\/comments?post=11"}],"version-history":[{"count":6,"href":"https:\/\/sisu.ut.ee\/namurplus\/wp-json\/wp\/v2\/pages\/11\/revisions"}],"predecessor-version":[{"id":431,"href":"https:\/\/sisu.ut.ee\/namurplus\/wp-json\/wp\/v2\/pages\/11\/revisions\/431"}],"wp:attachment":[{"href":"https:\/\/sisu.ut.ee\/namurplus\/wp-json\/wp\/v2\/media?parent=11"}],"curies":[{"name":"wp","href":"https:\/\/api.w.org\/{rel}","templated":true}]}}