{"id":9,"date":"2024-04-03T23:06:53","date_gmt":"2024-04-03T20:06:53","guid":{"rendered":"https:\/\/sisu.ut.ee\/naisteterviseuuring\/teaduspublikatsioonid\/"},"modified":"2025-10-22T18:23:30","modified_gmt":"2025-10-22T15:23:30","slug":"teaduspublikatsioonid","status":"publish","type":"page","link":"https:\/\/sisu.ut.ee\/naisteterviseuuring\/teaduspublikatsioonid\/","title":{"rendered":"Teaduspublikatsioonid"},"content":{"rendered":"<figure class=\"wp-block-image size-full\"><img loading=\"lazy\" decoding=\"async\" width=\"1920\" height=\"280\" src=\"https:\/\/sisu.ut.ee\/wp-content\/uploads\/sites\/4\/naistekliinik_1920x280px.jpg\" alt=\"ENTU banner\" class=\"wp-image-41\" style=\"object-fit:cover\" srcset=\"https:\/\/sisu.ut.ee\/wp-content\/uploads\/sites\/4\/naistekliinik_1920x280px.jpg 1920w, https:\/\/sisu.ut.ee\/wp-content\/uploads\/sites\/4\/naistekliinik_1920x280px-300x44.jpg 300w, https:\/\/sisu.ut.ee\/wp-content\/uploads\/sites\/4\/naistekliinik_1920x280px-1024x149.jpg 1024w, https:\/\/sisu.ut.ee\/wp-content\/uploads\/sites\/4\/naistekliinik_1920x280px-768x112.jpg 768w, https:\/\/sisu.ut.ee\/wp-content\/uploads\/sites\/4\/naistekliinik_1920x280px-1536x224.jpg 1536w\" sizes=\"auto, (max-width: 1920px) 100vw, 1920px\"><\/figure>\n\n\n<h1>Teaduspublikatsioonid<\/h1>\n<h2>KAITSTUD DOKTORIT\u00d6\u00d6D:<\/h2>\n<ol>\n<li>Lippus-Metsaots Hedda. Interpersonal violence in Estonia: prevalence, impact on health and health behaviour. DISSERTATIONES MEDICINAE UNIVERSITATIS TARTUENSIS. University of Tartu Press, 2021. K\u00e4ttesaadav:\u00a0<a href=\"https:\/\/dspace.ut.ee\/items\/f11a6b45-aa54-4f5b-8bac-a25621745d23\">https:\/\/dspace.ut.ee\/items\/f11a6b45-aa54-4f5b-8bac-a25621745d23<\/a><\/li>\n<li>Laanpere Made. Factors influencing women\u2019s sexual health and reproductive choices in Estonia. DISSERTATIONES MEDICINAE UNIVERSITATIS TARTUENSIS. University of Tartu Press, 2015. K\u00e4ttesaadav:\u00a0<a href=\"https:\/\/dspace.ut.ee\/items\/fcd3e7ff-1b4b-4f42-b833-44e5688e92d0\">https:\/\/dspace.ut.ee\/items\/fcd3e7ff-1b4b-4f42-b833-44e5688e92d0<\/a><\/li>\n<li>Part Kai. Sexual health of young people in Estonia in a social context: the role of school-based sexuality education and youth-friendly counseling services. DISSERTATIONES MEDICINAE UNIVERSITATIS TARTUENSIS. University of Tartu Press, 2015. K\u00e4ttesaadav:\u00a0<a href=\"https:\/\/dspace.ut.ee\/server\/api\/core\/bitstreams\/1355ead0-f8cb-4e83-8488-2a34b69524b7\/content\">https:\/\/dspace.ut.ee\/server\/api\/core\/bitstreams\/1355ead0-f8cb-4e83-8488-2a34b69524b7\/content<\/a><\/li>\n<\/ol>\n<h2>KAITSTUD MAGISTRIT\u00d6\u00d6D:<\/h2>\n<ol>\n<li>Ottep Katri. Rasestumisvastaste meetodite kasutamine, sellega seotud tegurid ja barj\u00e4\u00e4rid 16-44-aastaste naiste hulgas Eestis. Magistrit\u00f6\u00f6 rahvatervishoius. Peremeditsiini ja rahvatervishoiu Instituut. Tartu, 2017. K\u00e4ttesaadav:\u00a0<a title=\"\" href=\"https:\/\/dspace.ut.ee\/items\/23884bbe-7eeb-4e51-887c-c870a431ca86\" target=\"_blank\" rel=\"noopener\" data-url=\"https:\/\/dspace.ut.ee\/items\/23884bbe-7eeb-4e51-887c-c870a431ca86\">https:\/\/dspace.ut.ee\/items\/23884bbe-7eeb-4e51-887c-c870a431ca86<\/a><\/li>\n<li>Sildnik Liis. Viljatus ja viljatuse t\u00f5ttu arstile p\u00f6\u00f6rdumine ning sellega seotud tegurid Eestis aastatel 2004 ja 2014.\u00a0Magistrit\u00f6\u00f6 rahvatervishoius. Peremeditsiini ja rahvatervishoiu Instituut. Tartu, 2017. K\u00e4ttesaadav:\u00a0<a title=\"\" href=\"https:\/\/dspace.ut.ee\/items\/a5d39d09-5c10-4431-9732-ac79bf0bfb17\" target=\"_blank\" rel=\"noopener\" data-url=\"https:\/\/dspace.ut.ee\/items\/a5d39d09-5c10-4431-9732-ac79bf0bfb17\">https:\/\/dspace.ut.ee\/items\/a5d39d09-5c10-4431-9732-ac79bf0bfb17<\/a><\/li>\n<\/ol>\n<h2>TEADUSPUBLIKATSIOONID:<\/h2>\n<ol>\n<li>T\u00f5niste, G; Part, K, Ringmets, I. Raseduse katkestamise suundumused ja naiste kogemused seoses raseduse katkestamise tervishoiuteenusega Eestis. <a href=\"https:\/\/ojs.utlib.ee\/index.php\/EA\/article\/view\/26129\/version\/19901\/19868\">Eesti Arst 2025;104(10):515\u2013525.<\/a><\/li>\n<li>Lippus, H.; Laanpere, M.; Part, K.; Ringmets, I.; Karro, H. (2021). Polyvictimization and the Associations Between Poor Self-Perceived Health, Dissatisfaction With Life, and Sexual Dysfunction Among Women in Estonia. Journal of Interpersonal Violence, 36 (7-8), 3922\u22123940.<\/li>\n<li>Lippus, H.; Soo, K.; Laanpere, M.; Yount, KM.; Part, K.; Ringmets, I.; Ainsaar, M.; Karro, H. (2020). The prevalence and patterns of exposure to interpersonal violence among men and women in Estonia. PLoS ONE, 15 (8), ARTN e0237562.<\/li>\n<li>Lippus, H.; Laanpere, M.; Part, K.; Ringmets, I; Karro; H. (2020). What do we know about the impact of sexual violence on health and health behaviour of women in Estonia? BMC Public Health, 20,1897.<\/li>\n<li>Ottep, K.; Laanpere, M.; Ringmets, I. (2019). Rasestumisvastaste meetodite kasutamine 16\u201344aastaste naiste hulgas Eestis: levimus, sotsiaalmajanduslikud ja tervishoiuteenustega seotud v\u00f5imalikud barj\u00e4\u00e4rid. Eesti Arst 2019;98(3):135\u2013143.<\/li>\n<li>Part, K.; Ringmets, I.; Laanpere, M.; Rahu, M.; Karro, H. (2016). Contraceptive use among young women in Estonia: Association with contraceptive services. The European Journal of Contraception &amp; Reproductive Health Care, 21 (2), 132\u2212140.<\/li>\n<li>Part, K.; Laanpere, M.; Lippus, H. (2016). Seksuaalv\u00e4givalla levimus, riskir\u00fchmad ja hoiakud Eestis. Ariadne L\u00f5ng, 15 (1\/2), 142\u2212152.<\/li>\n<li>Dubikaytis, T.; H\u00e4rk\u00e4nen, T.; Regushevskaya, E.; Hemminki, E.; Haavio-Mannila, E.; Laanpere, M.; Kuznetsova, O.; Koskinen, S. (2014). Socioeconomic differences in self-rated health among women: a comparison of St. Petersburg to Estonia and Finland. International Journal for Equity in Health, 13, 39\u221239.<\/li>\n<li>Laanpere, M.; Ringmets, I.; Part, K.; Karro, H. (2013). Intimate partner violence and sexual health indicators: a population-based study among 16\u221244-year-old women in Estonia. European Journal of Public Health, 23 (4), 688\u2212693.<\/li>\n<li>Laanpere, M., Rahu, K., Part, K., Dubikaytis, T., Karro, H. (2012). Ethnic differences in factors associated with the use of contraception among 20- to 44-year-old women in Estonia and St. Petersburg, Russia. Contraception, 86 (2), 132\u2212140.<\/li>\n<li>Regushevskaya, E.; Dubikaytis, T.; Laanpere, M.; Nikula, M.; Kuznetsova, O.; Karro, H.; Haavio-Mannila, E.; Hemminki, E. (2010). The determinants of sexually transmitted infections among reproductive age women in St. Petersburg, Estonia and Finland. International Journal of Public Health, 55 (6), 581\u2212589.<\/li>\n<li>Regushevskaya, E.; Dubikaytis, T.; Laanpere, M.; Nikula, M.; Kuznetsova, O.; Haavio-Mannila, E.; Karro, H.; Hemminki, E. (2009). Risk factors for induced abortions in St Petersburg, Estonia and Finland. Results from surveys among women of reproductive age. The European Journal of Contraception &amp; Reproductive Health Care, 14 (3), 176\u2212186.<\/li>\n<li>Laanpere, M.; Rahu, K.; Part, K.; Haldre, K.; Karro, H. (2009). Naiste eelistused ja rahulolu pereplaneerimise n\u00f5ustamisega Eestis. Eesti Arst, 88 (11), 715\u2212723.<\/li>\n<\/ol>","protected":false},"excerpt":{"rendered":"<p>Teaduspublikatsioonid KAITSTUD DOKTORIT\u00d6\u00d6D: Lippus-Metsaots Hedda. Interpersonal violence in Estonia: prevalence, impact on health and health behaviour. DISSERTATIONES MEDICINAE UNIVERSITATIS TARTUENSIS. University of Tartu Press, 2021. K\u00e4ttesaadav:\u00a0https:\/\/dspace.ut.ee\/items\/f11a6b45-aa54-4f5b-8bac-a25621745d23 Laanpere Made. Factors influencing women\u2019s sexual health and reproductive choices in Estonia. DISSERTATIONES MEDICINAE &#8230;<\/p>\n","protected":false},"author":4,"featured_media":0,"parent":0,"menu_order":0,"comment_status":"closed","ping_status":"closed","template":"","meta":{"_acf_changed":false,"inline_featured_image":false,"footnotes":""},"class_list":["post-9","page","type-page","status-publish","hentry"],"acf":[],"_links":{"self":[{"href":"https:\/\/sisu.ut.ee\/naisteterviseuuring\/wp-json\/wp\/v2\/pages\/9","targetHints":{"allow":["GET"]}}],"collection":[{"href":"https:\/\/sisu.ut.ee\/naisteterviseuuring\/wp-json\/wp\/v2\/pages"}],"about":[{"href":"https:\/\/sisu.ut.ee\/naisteterviseuuring\/wp-json\/wp\/v2\/types\/page"}],"author":[{"embeddable":true,"href":"https:\/\/sisu.ut.ee\/naisteterviseuuring\/wp-json\/wp\/v2\/users\/4"}],"replies":[{"embeddable":true,"href":"https:\/\/sisu.ut.ee\/naisteterviseuuring\/wp-json\/wp\/v2\/comments?post=9"}],"version-history":[{"count":5,"href":"https:\/\/sisu.ut.ee\/naisteterviseuuring\/wp-json\/wp\/v2\/pages\/9\/revisions"}],"predecessor-version":[{"id":252,"href":"https:\/\/sisu.ut.ee\/naisteterviseuuring\/wp-json\/wp\/v2\/pages\/9\/revisions\/252"}],"wp:attachment":[{"href":"https:\/\/sisu.ut.ee\/naisteterviseuuring\/wp-json\/wp\/v2\/media?parent=9"}],"curies":[{"name":"wp","href":"https:\/\/api.w.org\/{rel}","templated":true}]}}