{"id":6,"date":"2024-04-03T23:06:53","date_gmt":"2024-04-03T20:06:53","guid":{"rendered":"https:\/\/sisu.ut.ee\/naisteterviseuuring\/kkk\/"},"modified":"2024-06-19T18:27:40","modified_gmt":"2024-06-19T15:27:40","slug":"kkk","status":"publish","type":"page","link":"https:\/\/sisu.ut.ee\/naisteterviseuuring\/kkk\/","title":{"rendered":"KKK &#8211; korduma kippivad k\u00fcsimused"},"content":{"rendered":"<figure class=\"wp-block-image size-full\"><img loading=\"lazy\" decoding=\"async\" width=\"1920\" height=\"280\" src=\"https:\/\/sisu.ut.ee\/wp-content\/uploads\/sites\/4\/naistekliinik_1920x280px.jpg\" alt=\"ENTU banner\" class=\"wp-image-41\" style=\"object-fit:cover\" srcset=\"https:\/\/sisu.ut.ee\/wp-content\/uploads\/sites\/4\/naistekliinik_1920x280px.jpg 1920w, https:\/\/sisu.ut.ee\/wp-content\/uploads\/sites\/4\/naistekliinik_1920x280px-300x44.jpg 300w, https:\/\/sisu.ut.ee\/wp-content\/uploads\/sites\/4\/naistekliinik_1920x280px-1024x149.jpg 1024w, https:\/\/sisu.ut.ee\/wp-content\/uploads\/sites\/4\/naistekliinik_1920x280px-768x112.jpg 768w, https:\/\/sisu.ut.ee\/wp-content\/uploads\/sites\/4\/naistekliinik_1920x280px-1536x224.jpg 1536w\" sizes=\"auto, (max-width: 1920px) 100vw, 1920px\"><\/figure>\n\n\n<h2>Kes uuringut l\u00e4bi viivad?<\/h2>\n<p>Tartu \u00dclikooli meditsiinivaldkonna naistekliiniku uurimisr\u00fchma naistearstid\u00a0alustasid naiste tervise uuringutega 2000ndate alguses. Esimese uuringu viisime l\u00e4bi koost\u00f6\u00f6s Soome teadlastega 2004. aastal ja teise Eesti Teadusagentuuri abiga k\u00fcmme aastat hiljem, 2014. aastal. T\u00e4na kuuluvad uurimisr\u00fchma naistearstid, naistearsti eriala omandavad arstid ja arstiteaduse \u00fcli\u00f5pilased. Lisaks aitavad meid tehniliste ja statistiliste lahenduste spetsialistid. Uurimisr\u00fchma liikmetega saate tutvuda <a title=\"\" href=\"https:\/\/sisu.ut.ee\/naisteterviseuuring\/uuringu-tooruhm\/\" rel=\"noopener\" data-url=\"https:\/\/sisu.ut.ee\/naisteterviseuuring\/meeskond\">siin.<\/a><\/p>\n<h2>Mida uuritakse ja miks?<\/h2>\n<p>Meie eesm\u00e4rk on saada \u00fclevaade Eesti 16\u201359-aastaste naiste kogemustest ja vajadustest seoses seksuaal- ja reproduktiivtervisega ning uurida, millised tegurid naiste tervist m\u00f5jutavad. Kuna uuring viiakse l\u00e4bi kolmandat korda, saame hinnata viimase 20 aasta jooksul toimunud muutusi. Iga uuringus osaleva naise kogemused, tervise ja terviseteenustega seotud ootused ning vajadused on osa usaldusv\u00e4\u00e4rsest \u00fcldistatud teadmisest, mida kasutada riikliku tervishoiupoliitika kujundamisel ja teenuste planeerimisel.<\/p>\n<h2>Mille poolest erineb k\u00e4esolev uuring eelmistest naiste tervise uuringutest, mis viidi l\u00e4bi aastatel 2004 ja 2014?<\/h2>\n<p>K\u00e4esolev uuring on sisu poolest sarnane kahele eelnevale, kuid sellesse on kaasatud rohkem naisi. Saatsime osalemise kutse 12 456 naisele ning erinevalt varasemast viisime kogu uuringu seekord l\u00e4bi veebip\u00f5hiselt. Lisaks kutsusime seekord uuringule vastama ka naised vanuses 45\u201359 aastat, et saada rohkem teada naiste \u00fcleminekuea ja menopausi kogemusest. Esmakordselt uurime ka menstruatsioonidega seonduvat: kuidas see on m\u00f5jutanud t\u00f6\u00f6d ja sotsiaalset elu.<\/p>\n<h2>Kuidas uuring l\u00e4bi viiakse?<\/h2>\n<p>Uuringu l\u00e4biviimiseks kasutame rahvastikuregistri koostatud juhuvalimit 16\u201359-aastastest Eesti naistest. P\u00f6\u00f6rdusime valimisse sattunud naiste poole e-posti teel ning palusime vastata valikvastustega k\u00fcsimustele. E-posti aadressi kasutasime ainult kutse saatmiseks ning seda ei seostata k\u00fcsimustikule antud vastustega. Isikuandmeid s\u00e4ilitame vaid kuni viimase uuringus osalemise meeldetuletuse saatmiseni (hiljemalt 30. juunini 2024) ja neid ei kasutata \u00fchegi teise uuringu l\u00e4biviimiseks. K\u00fcsimustikku sai t\u00e4ita kas eesti v\u00f5i vene keeles.<\/p>\n<h2>Miks mulle kutse saadeti?<\/h2>\n<p>Teid on kutsutud osalema, kuna olete \u00fcks juhuvalimisse sattunud 16\u201359-aastasest naisest, kes elab Eestis. Kuna meil pole v\u00f5imalik k\u00fcsitleda k\u00f5iki naisi, olete Teie selles uuringus \u00fcheks oma vanuser\u00fchma esindajaks. Seet\u00f5ttu on iga kutse saanud naise panus oluline, sest mida rohkem on vastuseid, seda t\u00f5ep\u00e4rasema \u00fclevaate saame naiste seksuaal- ja reproduktiivtervisest, tervisek\u00e4itumisest, hoiakutest ja tervishoiuteenuste kasutamisest. Vastused aitavad teha tervishoius paremaid otsuseid.<\/p>\n<h2>Kas minu osalemine on vajalik?<\/h2>\n<p>Iga naise elukogemus on erinev, seet\u00f5ttu on k\u00f5ik arvamused meile olulised. Ootame v\u00e4ga, et Te osalete, kuid Teil on vaba valik otsustada, kas soovite seda teha.<\/p>\n<h2>Mis juhtub, kui n\u00f5ustun osalema?<\/h2>\n<p>Kui otsustate osaleda, palume teil t\u00e4ita ja esitada Teile e-posti teel saadud k\u00fcsimustik. K\u00fcsimustikule vastamine v\u00f5tab aega umbes 30 minutit ning vajadusel on Teil v\u00f5imalik selle t\u00e4itmine katkestada ning hiljem vastamise juurde tagasi p\u00f6\u00f6rduda. Kui olete vastused \u00e4ra esitanud, siis pole neid v\u00f5imalik tagasi v\u00f5tta, sest uurimisr\u00fchmale laekuvad vastused on anon\u00fc\u00fcmsed ning neid ei saa vastaja isikuga kokku viia.<\/p>\n<h2>Mida uuringus k\u00fcsitakse?<\/h2>\n<p>Palusime uuringusse sattunutel vastata k\u00fcsimustele, mis puudutavad l\u00e4hisuhteid ja seksuaalsust, varasemaid rasedusi, kogemusi seoses seksuaalharidusega kodus ja koolis, seksuaalsusega seotud k\u00fcsimustes n\u00f5u ja abi saamist, naistearsti k\u00fclastamist, viljatust, rasestumisvastaste vahendite kasutamist ja sellega seotud n\u00f5ustamist, kokkupuuteid vaimse, kehalise ja seksuaalse v\u00e4\u00e4rkohtlemisega, kogemusi seoses menstruatsioonide ja \u00fcleminekueaga ning laste saamisega seotud vajadusi ja eelistusi.<\/p>\n<h2>Kas ma pean vastama igale k\u00fcsimusele?<\/h2>\n<p>V\u00f5imalusel palume Teil vastata k\u00f5ikidele Teid puudutavatele k\u00fcsimustele, sest see annab meile Eesti naiste tervisest t\u00f5ep\u00e4rasema tervikpildi. Sellegipoolest, kui m\u00f5ni k\u00fcsimus Teid ei puuduta v\u00f5i on teile ebamugav, pole Te kohustatud vastama. Te saate esitada ka k\u00fcsimustiku, mille k\u00f5ikidele k\u00fcsimustele pole vastatud.<\/p>\n<h2>Millega pean vastamisel arvestama?<\/h2>\n<p>Kuna seksuaal- ja reproduktiivtervisega seonduv on isiklik ja seet\u00f5ttu tundlik valdkond, siis v\u00f5ib m\u00f5nedele k\u00fcsimustele vastamine tekitada Teis ebamugavust. Me m\u00f5istame seda. Te\u00a0ei pea vastama k\u00fcsimustele, millele Te ei soovi vastata. Samas kinnitame, et iga kogemus on v\u00e4\u00e4rtuslik osa\u00a0tervikpildist, mille moodustab iga \u00fcksik vastus.<\/p>\n<h2>Mida teha, kui soovin vahepeal vastamise katkestada?<\/h2>\n<p>Te v\u00f5ite k\u00fcsimustikule vastamise katkestada vajutades nupule: \u201dSalvesta ja tule hiljem tagasi\u201d. Vastamist saate endale sobival ajal j\u00e4tkata lingil, mille s\u00fcsteem saadab Teie e-postiaadressile s\u00f5numiga: \u201cT\u00e4name \u201cEesti naiste tervise uuring 2024\u201d osalise t\u00e4itmise eest. Saate vastamisega j\u00e4tkata vajutades allolevale lingile\u201d.<\/p>\n<h2>Kuidas on minu andmed kaitstud?<\/h2>\n<p>Vastused on anon\u00fc\u00fcmsed ja neid ei saa Teie isikuga seostada. M\u00f5istame, et vastused sisaldavad isiklikku ja tundlikku informatsiooni ja kinnitame, et Teie vastuseid k\u00e4sitletakse konfidentsiaalselt. Andmete k\u00e4sitlemisel rakendatakse rangeid turvan\u00f5udeid ja elektroonne andmevahetus toimub kr\u00fcpteeritult (st et see ei ole loetav). Igale vastajale saadetakse personaalne k\u00fcsitluse link ning vastajate IP-aadresse ei koguta ega t\u00f6\u00f6delda. Andmete kogumine, t\u00f6\u00f6tlemine ja anal\u00fc\u00fcs toimub vastavalt Euroopa Parlamendi ja n\u00f5ukogu m\u00e4\u00e4ruse ja isikuandmete kaitse seadusele. Andmete vastutav t\u00f6\u00f6tleja on Tartu \u00dclikool.<\/p>\n<h2>Kuidas uuringu tulemusi kasutatakse?<\/h2>\n<p>Uuringu tulemuste p\u00f5hjal koostame uurimisaruande, mis avaldatakse siinsel veebilehel. Uuringust saadud teadmisi kasutatakse ettepanekute tegemiseks tervishoiupoliitikate ja -teenuste kujundamiseks. Andmete p\u00f5hjal tehakse statistilisi anal\u00fc\u00fcse ja j\u00e4reldusi, mis on aluseks teadusartiklitele ning magistri- ja doktorit\u00f6\u00f6dele.<\/p>\n<h2>Kas uuringus osalemine on mulle kasulik?<\/h2>\n<p>Uuringus osalemine ei anna Teile otsest kasu, kuid iga naise h\u00e4\u00e4l on oluline osa teadmistest, mis aitavad paremini m\u00f5ista naiste tervisega seotud vajadusi ja korraldada tervishoiuteenuseid.<\/p>\n<h2>Kuidas saan osaleda 100-eurose Partner kinkekaardi loosimises?<\/h2>\n<p>Kui soovite loosimises osaleda, siis p\u00e4rast vastamist ja anon\u00fc\u00fcmse k\u00fcsimustiku \u00e4rasaatmist avaneb Teile koht, kuhu saate sisestada\u00a0meiliaadressi, millel\u00a0Te infot loosiv\u00f5idu kohta\u00a0saada soovite. Sisestatud e-postiaadress on ja j\u00e4\u00e4b eraldi k\u00fcsimustikust ja seda ei saa mingil viisil seostada Teie vastustega. P\u00e4eval, kuid mitte hiljem kui 30. juunil, mil\u00a0loosimine l\u00e4bi viiakse, kustutakse ka need meiliaadressid.\u00a0Kinkekaardid loositakse juhusliku valiku alusel ja v\u00f5itjatega v\u00f5etakse \u00fchendust hiljemalt 30. juunil 2024. V\u00e4lja loositakse k\u00fcmme 100-eurost kinkekaarti.<\/p>\n<p><strong>Uuendus<\/strong>: t\u00e4naseks on loosimine l\u00f5ppenud ning oleme v\u00f5itjatega \u00fchendust v\u00f5tnud.<\/p>\n<h2>Kes on uuringu koost\u00f6\u00f6partnerid?<\/h2>\n<p>Meie koost\u00f6\u00f6partneriks on EV Sotsiaalministeerium, kes uuringut rahastab.<\/p>\n<h2>Konfidentsiaalsuse eest vastutavate t\u00f6\u00f6tajatega kontakteerumine<\/h2>\n<p>K\u00f5igi k\u00fcsimuste korral, mis on seotud isikuandmete t\u00f6\u00f6tlemise ja andmete kasutamisega, on Teil v\u00f5imalik p\u00f6\u00f6rduda Tartu \u00dclikooli andmekaitsespetsialisti poole e-postiaadressil <a href=\"mailto:andmekaitse@ut.ee\">andmekaitse@ut.ee<\/a>. Kui Teile tundub, et viis, kuidas \u00fclikool t\u00f6\u00f6tleb teie isikuandmeid, v\u00f5ib olla vastuolus isikuandmete t\u00f6\u00f6tlemist reguleerivate \u00f5igusaktidega, on Teil \u00f5igus p\u00f6\u00f6rduda <a title=\"\" href=\"http:\/\/www.aki.ee\/et\" target=\"_blank\" rel=\"noopener\" data-url=\"http:\/\/www.aki.ee\/et\">Andmekaitse Inspektsiooni<\/a> (e-post: <a href=\"mailto:info@aki.ee\">info@aki.ee<\/a>, tel 627 4135).<\/p>\n<h2>Teadusuuringute eetikakomiteega kontakteerumine<\/h2>\n<p>K\u00e4esoleva uuringu on koosk\u00f5lastanud Tartu \u00dclikooli inimuuringute eetika komitee\u00a0(koosk\u00f5lastus 348\/T- 3 20.11.2023). Tegemist on s\u00f5ltumatu ekspertidest koosneva organiga, mille eesm\u00e4rk on tagada, et uuringus osalejate tervis, inimv\u00e4\u00e4rikus, identiteet, isikute turvalisus ja muud p\u00f5hi\u00f5igused ja -vabadused oleksid kaitstud. Komiteega saate \u00fchendust v\u00f5tta aadressil <a href=\"mailto:eetikakomitee@ut.ee\">eetikakomitee@ut.ee<\/a>.<\/p>\n<h2>Teadlastega kontakteerumine<\/h2>\n<p>Uuringut puudutavate k\u00fcsimuste korral palume p\u00f6\u00f6rduda uurimisr\u00fchma vastutavate liikmete poole: Helle Karro (<a href=\"mailto:helle.karro@ut.ee\">helle.karro@ut.ee<\/a>), Kai Part (<a href=\"mailto:kai.part@ut.ee\">kai.part@ut.ee<\/a>), Made Laanpere (<a href=\"mailto:made.laanpere@ut.ee\">made.laanpere@ut.ee<\/a>)<\/p>\n<h2>Kui vajate n\u00f5u ja abi<\/h2>\n<p>Kui tunnete, et Teie v\u00f5i Teie l\u00e4hedane vajab n\u00f5u v\u00f5i abi seoses naiste seksuaal- ja reproduktiivtervisega,\u00a0siis siin on m\u00f5ned\u00a0kontaktid.<\/p>\n<ul>\n<li>Naistearstide ja \u00e4mmaemandate vastuv\u00f5tud:\u00a0<a title=\"\" href=\"https:\/\/www.terviseportaal.ee\/\" target=\"_blank\" rel=\"noopener\" data-url=\"https:\/\/www.terviseportaal.ee\/\">https:\/\/www.terviseportaal.ee\/<\/a><\/li>\n<li>Noorte n\u00f5ustamiskeskused (seksuaaltervisealane noortes\u00f5bralik n\u00f5ustamine ja tervishoiuteenus): <a title=\"\" href=\"https:\/\/seksuaaltervis.ee\/noorte-noustamiskeskused\" target=\"_blank\" rel=\"noopener\" data-url=\"https:\/\/seksuaaltervis.ee\/noorte-noustamiskeskused\">https:\/\/seksuaaltervis.ee\/noorte-noustamiskeskused<\/a><\/li>\n<li>Seksuaalv\u00e4givalla kriisiabikeskused ja abi seksuaalv\u00e4givalla korral: <a title=\"\" href=\"https:\/\/www.palunabi.ee\/et\/seksuaalvagivald\" target=\"_blank\" rel=\"noopener\" data-url=\"https:\/\/www.palunabi.ee\/et\/seksuaalvagivald\">https:\/\/www.palunabi.ee\/et\/seksuaalvagivald<\/a><\/li>\n<li>Abi l\u00e4hisuhtev\u00e4givalla korral: <a title=\"\" href=\"https:\/\/www.palunabi.ee\/et\/perevagivald-ja-lahisuhtevagivald\" target=\"_blank\" rel=\"noopener\" data-url=\"https:\/\/www.palunabi.ee\/et\/perevagivald-ja-lahisuhtevagivald\">https:\/\/www.palunabi.ee\/et\/perevagivald-ja-lahisuhtevagivald<\/a><\/li>\n<li>Ohvriabi kriisitelefon: 116 006.<\/li>\n<li>Eesti LGBT \u00fching: <a title=\"\" href=\"https:\/\/www.lgbt.ee\/\" target=\"_blank\" rel=\"noopener\" data-url=\"https:\/\/www.lgbt.ee\/\">https:\/\/www.lgbt.ee\/<\/a><\/li>\n<li>Emotsionaalse toe ja hingehoiu telefon: 116 123 (iga p\u00e4ev kell 10-24, hingehoidjad vastavad kell 16-24).<\/li>\n<li>Inimkaubanduse ennetamise n\u00f5uandeliin: + 372 660 7320.<\/li>\n<li>V\u00e4givallast loobumise tugiliin: +372 660 6077<\/li>\n<\/ul>","protected":false},"excerpt":{"rendered":"<p>Kes uuringut l\u00e4bi viivad? Tartu \u00dclikooli meditsiinivaldkonna naistekliiniku uurimisr\u00fchma naistearstid\u00a0alustasid naiste tervise uuringutega 2000ndate alguses. Esimese uuringu viisime l\u00e4bi koost\u00f6\u00f6s Soome teadlastega 2004. aastal ja teise Eesti Teadusagentuuri abiga k\u00fcmme aastat hiljem, 2014. aastal. T\u00e4na kuuluvad uurimisr\u00fchma naistearstid, naistearsti eriala &#8230;<\/p>\n","protected":false},"author":4,"featured_media":0,"parent":0,"menu_order":0,"comment_status":"closed","ping_status":"closed","template":"","meta":{"_acf_changed":false,"inline_featured_image":false,"footnotes":""},"class_list":["post-6","page","type-page","status-publish","hentry"],"acf":[],"_links":{"self":[{"href":"https:\/\/sisu.ut.ee\/naisteterviseuuring\/wp-json\/wp\/v2\/pages\/6","targetHints":{"allow":["GET"]}}],"collection":[{"href":"https:\/\/sisu.ut.ee\/naisteterviseuuring\/wp-json\/wp\/v2\/pages"}],"about":[{"href":"https:\/\/sisu.ut.ee\/naisteterviseuuring\/wp-json\/wp\/v2\/types\/page"}],"author":[{"embeddable":true,"href":"https:\/\/sisu.ut.ee\/naisteterviseuuring\/wp-json\/wp\/v2\/users\/4"}],"replies":[{"embeddable":true,"href":"https:\/\/sisu.ut.ee\/naisteterviseuuring\/wp-json\/wp\/v2\/comments?post=6"}],"version-history":[{"count":7,"href":"https:\/\/sisu.ut.ee\/naisteterviseuuring\/wp-json\/wp\/v2\/pages\/6\/revisions"}],"predecessor-version":[{"id":160,"href":"https:\/\/sisu.ut.ee\/naisteterviseuuring\/wp-json\/wp\/v2\/pages\/6\/revisions\/160"}],"wp:attachment":[{"href":"https:\/\/sisu.ut.ee\/naisteterviseuuring\/wp-json\/wp\/v2\/media?parent=6"}],"curies":[{"name":"wp","href":"https:\/\/api.w.org\/{rel}","templated":true}]}}