{"id":4,"date":"2024-04-03T23:06:53","date_gmt":"2024-04-03T20:06:53","guid":{"rendered":"https:\/\/sisu.ut.ee\/naisteterviseuuring\/avaleht\/"},"modified":"2025-05-27T18:11:13","modified_gmt":"2025-05-27T15:11:13","slug":"avaleht","status":"publish","type":"page","link":"https:\/\/sisu.ut.ee\/naisteterviseuuring\/","title":{"rendered":"Avaleht"},"content":{"rendered":"<figure class=\"wp-block-image size-full\"><img loading=\"lazy\" decoding=\"async\" width=\"1920\" height=\"280\" src=\"https:\/\/sisu.ut.ee\/wp-content\/uploads\/sites\/4\/naistekliinik_1920x280px.jpg\" alt=\"ENTU banner\" class=\"wp-image-41\" srcset=\"https:\/\/sisu.ut.ee\/wp-content\/uploads\/sites\/4\/naistekliinik_1920x280px.jpg 1920w, https:\/\/sisu.ut.ee\/wp-content\/uploads\/sites\/4\/naistekliinik_1920x280px-300x44.jpg 300w, https:\/\/sisu.ut.ee\/wp-content\/uploads\/sites\/4\/naistekliinik_1920x280px-1024x149.jpg 1024w, https:\/\/sisu.ut.ee\/wp-content\/uploads\/sites\/4\/naistekliinik_1920x280px-768x112.jpg 768w, https:\/\/sisu.ut.ee\/wp-content\/uploads\/sites\/4\/naistekliinik_1920x280px-1536x224.jpg 1536w\" sizes=\"auto, (max-width: 1920px) 100vw, 1920px\"><\/figure>\n\n\n<h1>Avaleht<\/h1>\n<h2>Tere tulemast Eesti naiste tervise uuringu kodulehele!<\/h2>\n<p>Maailma Terviseorganisatsiooni j\u00e4rgi on <a title=\"\" href=\"https:\/\/www.who.int\/teams\/sexual-and-reproductive-health-and-research\/key-areas-of-work\/sexual-health\/defining-sexual-health\" target=\"_blank\" rel=\"noopener\" data-url=\"https:\/\/www.who.int\/teams\/sexual-and-reproductive-health-and-research\/key-areas-of-work\/sexual-health\/defining-sexual-health\">seksuaal- ja reproduktiivtervis<\/a> \u00fcldise tervise osa, seksuaalsusega seotud kehaline, emotsionaalne, vaimne ja sotsiaalne tervis. See m\u00f5jutab naiste ja meeste reproduktiivs\u00fcsteemi toimimist, v\u00f5imet saada lapsi ning vabadust otsustada laste saamise \u00fcle. Kuid see t\u00e4hendab ka v\u00f5imalust nautida ja v\u00e4ljendada oma seksuaalsust ilma sunni, v\u00e4givalla, \u00e4rakasutamise ja diskrimineerimiseta, sh ennetada seksuaalsel teel levivaid nakkusi ja soovimatuid rasedusi. Hea seksuaaltervis on lahutamatult seotud naiste ja meeste seksuaal- ja reproduktiiv\u00f5igustega (sh\u00a0\u00f5igus saada haridust;\u00a0heatasemelist n\u00f5ustamist;\u00a0abi ja teenuseid\u00a0jm). Naistel on seoses seksuaal- ja reproduktiivtervisega erivajadused, mis n\u00f5uvad\u00a0vastavaid ennetus- ja sekkumismeetmeid. Mitte keegi teine ei neid vajadusi paremini tunda kui naised ise.<\/p>\n<p>Tartu \u00dclikooli naistekliinikus\u00a0viisime\u00a02004. ja 2014. aastal l\u00e4bi rahvastikup\u00f5hised uuringud 16\u201344-aastaste Eesti naiste hulgas.\u00a0 M\u00f5lema uuringu metoodika, tulemuste ja publikatsioonidega saate tutvuda <a title=\"\" href=\"https:\/\/sisu.ut.ee\/naisteterviseuuring\/varasemad-uuringud\/\" rel=\"noopener\" data-url=\"https:\/\/sisu.ut.ee\/naisteterviseuuring\/uuringu-tulemused\">siin<\/a>.<\/p>\n<h2>Eesti naiste tervise uuring 2024<\/h2>\n<p>Viimasel k\u00fcmnendil on toimunud Eestis rida muutusi \u2013 rasedust planeeritakse j\u00e4rjest hilisemas eas ja s\u00fcnnitajate vanus on suurenenud, viljatusravile p\u00f6\u00f6rdutakse sagedamini, seksuaaltervise teenuste pakkujate ring on laienenud (sh esmatasandi terviskeskused, iseseisev \u00e4mmaemandusabi), haiglav\u00f5rgu reformimise k\u00e4igus on s\u00fcnnitusabi osutavate raviasutuste arv v\u00e4henenud ja on toimunud s\u00fcnnituste tsentraliseerimine; COVID-19 pandeemia\u00a0m\u00f5jutas tervishoiuteenuste korraldust. Meil on v\u00e4he teada perimenopausi m\u00f5ju kohta naiste seksuaaltervise n\u00e4itajatele ning meid huvitab, kuidas naiste toimetulekule m\u00f5juvad menstruatsiooniga seotud vaevused.<\/p>\n<p>Taaskord p\u00f6\u00f6rdusime Eesti naiste poole, et saada \u00fclevaade t\u00e4na Eesti 16\u201359-aastaste naiste seksuaal- ja reproduktiivtervist m\u00f5jutavatest teguritest, naiste vajadustest ja kogemustest kasutades v\u00f5rdlusandmestikuna varasemalt <a title=\"\" href=\"https:\/\/sisu.ut.ee\/naisteterviseuuring\/varasemad-uuringud\/\" data-url=\"https:\/\/sisu.ut.ee\/naisteterviseuuring\/uuringu-tulemused\">2004. a ja 2014. aastal sama metoodikaga l\u00e4bi viidud uuringute tulemusi<\/a>. Uuringu l\u00e4biviimiseks on koosk\u00f5lastus Tartu \u00dclikooli inimuuringute eetika komiteelt 384\/T-3 (20.11.2023).<\/p>\n<p><strong>2024. aasta uuringu raames on andmete kogumine n\u00fc\u00fcdseks l\u00f5ppenud. Ait\u00e4h k\u00f5igile vastajatele!<\/strong><\/p>","protected":false},"excerpt":{"rendered":"<p>Avaleht Tere tulemast Eesti naiste tervise uuringu kodulehele! Maailma Terviseorganisatsiooni j\u00e4rgi on seksuaal- ja reproduktiivtervis \u00fcldise tervise osa, seksuaalsusega seotud kehaline, emotsionaalne, vaimne ja sotsiaalne tervis. See m\u00f5jutab naiste ja meeste reproduktiivs\u00fcsteemi toimimist, v\u00f5imet saada lapsi ning vabadust otsustada laste &#8230;<\/p>\n","protected":false},"author":4,"featured_media":0,"parent":0,"menu_order":0,"comment_status":"closed","ping_status":"closed","template":"","meta":{"_acf_changed":false,"inline_featured_image":false,"footnotes":""},"class_list":["post-4","page","type-page","status-publish","hentry"],"acf":[],"_links":{"self":[{"href":"https:\/\/sisu.ut.ee\/naisteterviseuuring\/wp-json\/wp\/v2\/pages\/4","targetHints":{"allow":["GET"]}}],"collection":[{"href":"https:\/\/sisu.ut.ee\/naisteterviseuuring\/wp-json\/wp\/v2\/pages"}],"about":[{"href":"https:\/\/sisu.ut.ee\/naisteterviseuuring\/wp-json\/wp\/v2\/types\/page"}],"author":[{"embeddable":true,"href":"https:\/\/sisu.ut.ee\/naisteterviseuuring\/wp-json\/wp\/v2\/users\/4"}],"replies":[{"embeddable":true,"href":"https:\/\/sisu.ut.ee\/naisteterviseuuring\/wp-json\/wp\/v2\/comments?post=4"}],"version-history":[{"count":10,"href":"https:\/\/sisu.ut.ee\/naisteterviseuuring\/wp-json\/wp\/v2\/pages\/4\/revisions"}],"predecessor-version":[{"id":158,"href":"https:\/\/sisu.ut.ee\/naisteterviseuuring\/wp-json\/wp\/v2\/pages\/4\/revisions\/158"}],"wp:attachment":[{"href":"https:\/\/sisu.ut.ee\/naisteterviseuuring\/wp-json\/wp\/v2\/media?parent=4"}],"curies":[{"name":"wp","href":"https:\/\/api.w.org\/{rel}","templated":true}]}}