{"id":181,"date":"2025-03-17T08:11:39","date_gmt":"2025-03-17T06:11:39","guid":{"rendered":"https:\/\/sisu.ut.ee\/naisteterviseuuring\/?page_id=181"},"modified":"2025-05-27T18:12:36","modified_gmt":"2025-05-27T15:12:36","slug":"eesti-naiste-tervise-uuring-2024","status":"publish","type":"page","link":"https:\/\/sisu.ut.ee\/naisteterviseuuring\/eesti-naiste-tervise-uuring-2024\/","title":{"rendered":"Eesti naiste tervise uuring 2024"},"content":{"rendered":"<figure class=\"wp-block-image size-full\"><img loading=\"lazy\" decoding=\"async\" width=\"1920\" height=\"280\" src=\"https:\/\/sisu.ut.ee\/wp-content\/uploads\/sites\/4\/naistekliinik_1920x280px.jpg\" alt=\"ENTU banner\" class=\"wp-image-41\" style=\"object-fit:cover\" srcset=\"https:\/\/sisu.ut.ee\/wp-content\/uploads\/sites\/4\/naistekliinik_1920x280px.jpg 1920w, https:\/\/sisu.ut.ee\/wp-content\/uploads\/sites\/4\/naistekliinik_1920x280px-300x44.jpg 300w, https:\/\/sisu.ut.ee\/wp-content\/uploads\/sites\/4\/naistekliinik_1920x280px-1024x149.jpg 1024w, https:\/\/sisu.ut.ee\/wp-content\/uploads\/sites\/4\/naistekliinik_1920x280px-768x112.jpg 768w, https:\/\/sisu.ut.ee\/wp-content\/uploads\/sites\/4\/naistekliinik_1920x280px-1536x224.jpg 1536w\" sizes=\"auto, (max-width: 1920px) 100vw, 1920px\"><\/figure>\n\n\n\n<h1 class=\"wp-block-heading\">Eesti naiste tervise uuring 2024<\/h1>\n\n\n\n<p>Rahvastikup\u00f5hine k\u00fcsitlusuuring \u201eEesti naiste tervis: seksuaal- ja reproduktiivtervis, tervisek\u00e4itumine, hoiakud ja tervishoiuteenuste kasutamine\u201c korraldati 2024. aastal kolmandat korda. Uuringu eesm\u00e4rk oli saada \u00fclevaade Eesti 16-59-aastaste naiste seksuaal- ja reproduktiivtervisest ja sellega seotud teguritest. Aruanne sisaldab nii 2024. aasta k\u00fcsitluse tulemusi kui ka olulisemate n\u00e4itajate osas v\u00f5rdlust kahe varasema uuringuaastaga (v\u00f5rreldavad andmed on 16-44-aastaste vastajate kohta). Andmed koguti elektroonilise k\u00fcsimustiku abil ajavahemikus 24.01.\u20134.05.2024. Anal\u00fc\u00fcsis kasutati 5443 naise andmeid, l\u00f5plik vastamism\u00e4\u00e4r oli 44%.<strong>\u00a0<\/strong>\u00a0<\/p>\n\n\n\n<p>Uurimisaruandes esitatud andmete kasutamisel palume viidata allikale:<\/p>\n\n\n\n<p>Part K, Laanpere M, Ringmets I, Eltermaa M, Hein M, Kond K, T\u00f5niste G, Alafrange M, Paju K, L\u00f5hmus L, Karro H. Eesti naiste tervis 2024: seksuaal- ja reproduktiivtervis, tervisek\u00e4itumine, hoiakud ja tervishoiuteenuste kasutamine. Uurimisaruanne. Tartu: Tartu \u00dclikooli naistekliinik ja\u00a0 seksuaaltervise uuringute keskus, 2025.\u00a0<\/p>\n\n\n\n<p><a href=\"https:\/\/sisu.ut.ee\/wp-content\/uploads\/sites\/4\/uurimus-1.pdf\" data-type=\"page\" data-id=\"181\" target=\"_blank\" rel=\"noreferrer noopener\">Uurimisaruanne 2024 (pdf)<\/a><\/p>\n\n\n\n<p>Vaata ka uuringutulemuste <a href=\"https:\/\/uttv.ee\/naita?id=36836\">esitlust veebis<\/a><a href=\"https:\/\/uttv.ee\/live?id=36836\"> <\/a>(26.05.2025).<\/p>\n","protected":false},"excerpt":{"rendered":"<p>Eesti naiste tervise uuring 2024 Rahvastikup\u00f5hine k\u00fcsitlusuuring \u201eEesti naiste tervis: seksuaal- ja reproduktiivtervis, tervisek\u00e4itumine, hoiakud ja tervishoiuteenuste kasutamine\u201c korraldati 2024. aastal kolmandat korda. Uuringu eesm\u00e4rk oli saada \u00fclevaade Eesti 16-59-aastaste naiste seksuaal- ja reproduktiivtervisest ja sellega seotud teguritest. Aruanne sisaldab &#8230;<\/p>\n","protected":false},"author":9,"featured_media":0,"parent":0,"menu_order":0,"comment_status":"closed","ping_status":"closed","template":"","meta":{"_acf_changed":false,"inline_featured_image":false,"footnotes":""},"class_list":["post-181","page","type-page","status-publish","hentry"],"acf":[],"_links":{"self":[{"href":"https:\/\/sisu.ut.ee\/naisteterviseuuring\/wp-json\/wp\/v2\/pages\/181","targetHints":{"allow":["GET"]}}],"collection":[{"href":"https:\/\/sisu.ut.ee\/naisteterviseuuring\/wp-json\/wp\/v2\/pages"}],"about":[{"href":"https:\/\/sisu.ut.ee\/naisteterviseuuring\/wp-json\/wp\/v2\/types\/page"}],"author":[{"embeddable":true,"href":"https:\/\/sisu.ut.ee\/naisteterviseuuring\/wp-json\/wp\/v2\/users\/9"}],"replies":[{"embeddable":true,"href":"https:\/\/sisu.ut.ee\/naisteterviseuuring\/wp-json\/wp\/v2\/comments?post=181"}],"version-history":[{"count":15,"href":"https:\/\/sisu.ut.ee\/naisteterviseuuring\/wp-json\/wp\/v2\/pages\/181\/revisions"}],"predecessor-version":[{"id":253,"href":"https:\/\/sisu.ut.ee\/naisteterviseuuring\/wp-json\/wp\/v2\/pages\/181\/revisions\/253"}],"wp:attachment":[{"href":"https:\/\/sisu.ut.ee\/naisteterviseuuring\/wp-json\/wp\/v2\/media?parent=181"}],"curies":[{"name":"wp","href":"https:\/\/api.w.org\/{rel}","templated":true}]}}