{"id":13,"date":"2024-04-03T23:06:53","date_gmt":"2024-04-03T20:06:53","guid":{"rendered":"https:\/\/sisu.ut.ee\/naisteterviseuuring\/meediakajastused\/"},"modified":"2026-04-01T16:12:38","modified_gmt":"2026-04-01T13:12:38","slug":"meediakajastused","status":"publish","type":"page","link":"https:\/\/sisu.ut.ee\/naisteterviseuuring\/meediakajastused\/","title":{"rendered":"Meediakajastused"},"content":{"rendered":"<figure class=\"wp-block-image size-full\"><img loading=\"lazy\" decoding=\"async\" width=\"1920\" height=\"280\" src=\"https:\/\/sisu.ut.ee\/wp-content\/uploads\/sites\/4\/naistekliinik_1920x280px.jpg\" alt=\"ENTU banner\" class=\"wp-image-41\" style=\"object-fit:cover\" srcset=\"https:\/\/sisu.ut.ee\/wp-content\/uploads\/sites\/4\/naistekliinik_1920x280px.jpg 1920w, https:\/\/sisu.ut.ee\/wp-content\/uploads\/sites\/4\/naistekliinik_1920x280px-300x44.jpg 300w, https:\/\/sisu.ut.ee\/wp-content\/uploads\/sites\/4\/naistekliinik_1920x280px-1024x149.jpg 1024w, https:\/\/sisu.ut.ee\/wp-content\/uploads\/sites\/4\/naistekliinik_1920x280px-768x112.jpg 768w, https:\/\/sisu.ut.ee\/wp-content\/uploads\/sites\/4\/naistekliinik_1920x280px-1536x224.jpg 1536w\" sizes=\"auto, (max-width: 1920px) 100vw, 1920px\"><\/figure>\n\n\n\n<h4 class=\"wp-block-heading\"><\/h4>\n\n\n<h1>Meediakajastused<\/h1>\n<p><strong>2025<\/strong><\/p>\n<ul>\n<li>Maribel Uusmaa. Kuidas kolm Eesti noort t\u00f6\u00f6tasid prostituudina. Vahel tuli k\u00e4ia meeste kodudes, mille p\u00f5randal vedelesid laste m\u00e4nguasjad. <a href=\"https:\/\/ekspress.delfi.ee\/artikkel\/120392939\/kuidas-kolm-eesti-noort-tootasid-prostituudina-vahel-tuli-kaia-meeste-kodudes-mille-porandal-vedelesid-laste-manguasjad\">Eesti Ekspress<\/a> 30.07.2025.<\/li>\n<li>Merilyn Merisalu. Eesti naised on muutunud eneseteadlikumaks. <a href=\"https:\/\/ajakiri.ut.ee\/eesti-naised-on-muutunud-eneseteadlikumaks\/\">Universitas Tartuensi<\/a>s. 06.06.2025.<\/li>\n<li>Reti J\u00f5erand. Stereot\u00fc\u00fcbid murenevad: naised r\u00e4\u00e4givad oma seksuaalsusest \u00fcha avatumalt.<a href=\"https:\/\/www.ohtuleht.ee\/1132541\/stereotuubid-murenevad-naised-raagivad-oma-seksuaalsusest-aina-avatumalt\"> \u00d5htuleht<\/a> 08.06.2025.<\/li>\n<li>Tiina Kruus. Helle Karro: naistearstide v\u00f5imuses pole iivet suurendada. <a href=\"https:\/\/epl.delfi.ee\/artikkel\/120382352\/helle-karro-naistearstide-voimuses-pole-iivet-suurendada\">Eesti P\u00e4evaleht LP<\/a>. 08.06.2025.<\/li>\n<li>Helle Karro, Kai Part, Made Laanpere. Naistearstid: laste saamise p\u00f5hjused on isiklikud ja mitmekesised. <a href=\"https:\/\/www.err.ee\/1609712274\/naistearstid-laste-saamise-pohjused-on-isiklikud-ja-mitmekesised\">Arvamusartikkel<\/a> ERRs 03.06.2025.<\/li>\n<li>Made Laanpere: 44% naistest puudub menstruatsiooni t\u00f5ttu koolist v\u00f5i t\u00f6\u00f6lt \u2013 seda ei saa eirata! <a href=\"https:\/\/epl.delfi.ee\/artikkel\/120381214\/made-laanpere-44-naistest-puudub-menstruatsiooni-tottu-koolist-voi-toolt-seda-ei-saa-eirata\">Arvamusartikkel<\/a> EPLs 01.06.2025.<\/li>\n<li>Rahva teenrid. Mirko Ojakivi, Evelyn Kaldoja, Sulev Vedler. <a href=\"https:\/\/vikerraadio.err.ee\/1609697720\/rahva-teenrid-mirko-ojakivi-evelyn-kaldoja-sulev-vedler\">Vikerraadio<\/a>, 30.05.2025.<\/li>\n<li>Made Laanpere. Naiste tervise uuringust.\u00a0 Arp M\u00fcller, <a href=\"https:\/\/novaator.err.ee\/1609708314\/eesti-naised-on-oma-seksuaaleluga-uha-enam-rahul\">Uudis +, Vikerraadio<\/a>, 29.05.2025.<\/li>\n<li>Eesti naised on oma seksuaaleluga \u00fcha enam rahul. <a href=\"https:\/\/novaator.err.ee\/1609708314\/eesti-naised-on-oma-seksuaaleluga-uha-enam-rahul\">ERR, Novaator,<\/a> 29.05.2025.<\/li>\n<li>Kai Part uuringu tulemustest <a href=\"https:\/\/jupiter.err.ee\/1609695587\/terevisioon\">Terevisioonis<\/a> 29.05.2025 (alates 0:52)<\/li>\n<li>Uuring: iga kolmas Eesti naine on kogenud seksuaalv\u00e4givalda. <a href=\"https:\/\/www.postimees.ee\/8257096\/graafikud-uuring-iga-kolmas-eesti-naine-on-kogenud-seksuaalvagivalda\">Postimees<\/a> 29.05.2025.<\/li>\n<li>Helle Karro v\u00e4rskest Eesti naiste tervise uuringust. Kuku raadio <a href=\"https:\/\/kuku.pleier.ee\/podcast\/sihik\/211651\">Sihik,<\/a>\u00a027.05.2025<\/li>\n<li><strong>26.05.2025. Eesti naiste tervise uuringu 2024 tulemuste esitlus <\/strong><a href=\"https:\/\/uttv.ee\/naita?id=36836\">uttv veebis<\/a> ja <a href=\"https:\/\/www.youtube.com\/watch?v=rRBllk7XPWc\">T\u00dc youtube-i kanalis\u00a0<\/a><\/li>\n<li>Tartu \u00dclikooli <a href=\"https:\/\/ut.ee\/et\/uudis\/jarelvaadatav-eesti-naiste-tervise-uuring-teeb-naiste-haale-kuuldavaks\">pressiteade<\/a> 26.05.2025: <span class=\"TextRun SCXW85820402 BCX8\" lang=\"ET-EE\" xml:lang=\"ET-EE\" data-contrast=\"none\"><span class=\"NormalTextRun SCXW85820402 BCX8\">Seksuaalsus, menstruatsioon ja emadus: Eesti naiste tervise uuring teeb naiste h\u00e4\u00e4le kuuldavaks.https:\/\/uttv.ee\/live?id=36836<\/span><\/span><\/li>\n<li>Kai Part: Eesti naised ei pea seksuaalsust enam tabuks. <a href=\"https:\/\/epl.delfi.ee\/artikkel\/120379795\/kai-part-eesti-naised-ei-pea-seksuaalsust-enam-tabuks-toimunud-on-oluline-kultuuriline-nihe\">Arvamusartikkel<\/a> EPLs 26.05.2025.\u00a0<\/li>\n<li>Helle Karro k\u00fclalisena Eesti Naise taskuh\u00e4\u00e4lingus \u201cVaimse tervise heaks\u201d 05.03.2025, intervjueerib Rita R\u00e4tsepp, kuula <a href=\"https:\/\/eestinaine.delfi.ee\/artikkel\/120360906\/kuula-naistearst-dr-helle-karro-just-see-on-uks-asi-mida-iga-naine-voiks-oma-tervise-heaks-kohe-tana-ara-teha\">siit<\/a>.<\/li>\n<li>Artikkel Eesti naiste (seksuaal)tervisest soolise v\u00f5rd\u00f5iguslikkuse ja v\u00f5rdse kohtlemise voliniku poolt ellu kutsutud artiklikogumikus, mis avaldati t\u00e4histamaks 30 aasta m\u00f6\u00f6dumist Pekingi maailma naiste konverentsist. 05.03.2025. Vt l\u00e4hemalt <a href=\"https:\/\/www.volinik.ee\/infomaterjalid\/artiklikogumik-naistel-oigus-30-aastat-naiste-oiguste-deklaratsiooni-vastuvotmisest.html\" data-type=\"link\" data-id=\"https:\/\/www.volinik.ee\/infomaterjalid\/artiklikogumik-naistel-oigus-30-aastat-naiste-oiguste-deklaratsiooni-vastuvotmisest.html\">siit<\/a>.<\/li>\n<\/ul>\n<p><strong>2024<\/strong><\/p>\n<ul>\n<li>\u041a\u043e\u0444\u0435+, 24.01.2024, \u043d\u0430\u0447\u0438\u043d\u0430\u0435\u0442\u0441\u044f\u00a001:18:14. Leitav <a title=\"\" href=\"https:\/\/etvpluss.err.ee\/1609219673\/kofe\" target=\"_blank\" rel=\"noopener\" data-url=\"https:\/\/etvpluss.err.ee\/1609219673\/kofe\">siit<\/a>.<\/li>\n<li>\u0413\u043e\u0440\u0438\u0437\u043e\u043d\u0442, 24.01.2024,\u00a0\u043d\u0430\u0447\u0438\u043d\u0430\u0435\u0442\u0441\u044f\u00a006:09. Leitav <a title=\"\" href=\"https:\/\/etvpluss.err.ee\/1609219688\/gorizont\" target=\"_blank\" rel=\"noopener\" data-url=\"https:\/\/etvpluss.err.ee\/1609219688\/gorizont\">siit<\/a>.<\/li>\n<li>Kai Part: kas naiskosmonaut ei pea menstruatsiooni p\u00e4rast muretsema? Eesti P\u00e4evaleht, 23.01.2024. Leitav <a title=\"\" href=\"https:\/\/epl.delfi.ee\/artikkel\/120264517\/kai-part-kas-naiskosmonaut-ei-pea-menstruatsiooni-parast-muretsema\" target=\"_blank\" rel=\"noopener\" data-url=\"https:\/\/epl.delfi.ee\/artikkel\/120264517\/kai-part-kas-naiskosmonaut-ei-pea-menstruatsiooni-parast-muretsema\">siit<\/a>.\u00a0<\/li>\n<li>Made Laanpere: varjatud probleeme uurides loome naistele ohutuma keskkonna. ERR, 23.01.2024. Leitav <a title=\"\" href=\"https:\/\/www.err.ee\/1609229568\/made-laanpere-varjatud-probleeme-uurides-loome-naistele-ohutuma-keskkonna\" target=\"_blank\" rel=\"noopener\" data-url=\"https:\/\/www.err.ee\/1609229568\/made-laanpere-varjatud-probleeme-uurides-loome-naistele-ohutuma-keskkonna\">siit<\/a>.<\/li>\n<li>Made Laanpere: We survey issues hid from society and the law. ERR, 24.01.2024. Leitav <a title=\"\" href=\"https:\/\/news.err.ee\/1609231956\/made-laanpere-we-survey-issues-hid-from-society-and-the-law\" target=\"_blank\" rel=\"noopener\" data-url=\"https:\/\/news.err.ee\/1609231956\/made-laanpere-we-survey-issues-hid-from-society-and-the-law\">siit<\/a>.\u00a0<\/li>\n<li>Algab l\u00e4bi aegade suurim Eesti naiste tervise uuring. P\u00e4rnu Postimees, 23.01.2024. Leitav <a title=\"\" href=\"https:\/\/parnu.postimees.ee\/7944490\/algab-labi-aegade-suurim-eesti-naiste-tervise-uuring\" target=\"_blank\" rel=\"noopener\" data-url=\"https:\/\/parnu.postimees.ee\/7944490\/algab-labi-aegade-suurim-eesti-naiste-tervise-uuring\">siit<\/a>.<\/li>\n<li>University of Tartu launching Estonia\u2019s biggest women\u2019s health study yet \u2013 ERR News. Newsburst, 23.01.2024. Leitav <a title=\"\" href=\"https:\/\/newsburst.ink\/university-of-tartu-launching-estonias-biggest-womens-health-study-yet-err-news\/\" target=\"_blank\" rel=\"noopener\" data-url=\"https:\/\/newsburst.ink\/university-of-tartu-launching-estonias-biggest-womens-health-study-yet-err-news\/\">siit<\/a>.<\/li>\n<li>T\u00dc v\u00f5tab suures uuringus tuhandete naiste tervise luubi alla. ERR, 23.01.2024. Leitav <a title=\"\" href=\"https:\/\/www.err.ee\/1609230219\/tu-votab-suures-uuringus-tuhandete-naiste-tervise-luubi-alla\" target=\"_blank\" rel=\"noopener\" data-url=\"https:\/\/www.err.ee\/1609230219\/tu-votab-suures-uuringus-tuhandete-naiste-tervise-luubi-alla\">siit<\/a>.<\/li>\n<li>12 456 \u0436\u0435\u043d\u0449\u0438\u043d \u043f\u043e\u043b\u0443\u0447\u0430\u0442 \u043f\u0440\u0438\u0433\u043b\u0430\u0448\u0435\u043d\u0438\u0435 \u043f\u0440\u0438\u043d\u044f\u0442\u044c \u0443\u0447\u0430\u0441\u0442\u0438\u0435 \u0432 \u0438\u0441\u0441\u043b\u0435\u0434\u043e\u0432\u0430\u043d\u0438\u0438 \u0437\u0434\u043e\u0440\u043e\u0432\u044c\u044f \u0436\u0435\u043d\u0441\u043a\u043e\u0433\u043e \u043d\u0430\u0441\u0435\u043b\u0435\u043d\u0438\u044f. Delfi, 23.01.2024. Leitav <a title=\"\" href=\"https:\/\/rus.delfi.ee\/statja\/120264326\/12-456-zhenshchin-poluchat-priglashenie-prinyat-uchastie-v-issledovanii-zdorovya-zhenskogo-naseleniya\" target=\"_blank\" rel=\"noopener\" data-url=\"https:\/\/rus.delfi.ee\/statja\/120264326\/12-456-zhenshchin-poluchat-priglashenie-prinyat-uchastie-v-issledovanii-zdorovya-zhenskogo-naseleniya\">siit<\/a>.<\/li>\n<li>\u201eOn oluline, et tervist puudutavad otsused oleksid t\u00f5endusp\u00f5hised.\u201c 12 456 naist saavad homme terviseuuringu kutse. Tervis Pluss, 23.01.2024. Leitav <a title=\"\" href=\"https:\/\/tervispluss.delfi.ee\/artikkel\/120264393\/on-oluline-et-tervist-puudutavad-otsused-oleksid-toenduspohised-12-456-naist-saavad-homme-terviseuuringu-kutse\" target=\"_blank\" rel=\"noopener\" data-url=\"https:\/\/tervispluss.delfi.ee\/artikkel\/120264393\/on-oluline-et-tervist-puudutavad-otsused-oleksid-toenduspohised-12-456-naist-saavad-homme-terviseuuringu-kutse\">siit<\/a>.<\/li>\n<li>\u041d\u0430\u0447\u0438\u043d\u0430\u0435\u0442\u0441\u044f \u0441\u0430\u043c\u043e\u0435 \u043c\u0430\u0441\u0448\u0442\u0430\u0431\u043d\u043e\u0435 \u0438\u0441\u0441\u043b\u0435\u0434\u043e\u0432\u0430\u043d\u0438\u0435 \u0437\u0434\u043e\u0440\u043e\u0432\u044c\u044f \u0436\u0435\u043d\u0449\u0438\u043d \u042d\u0441\u0442\u043e\u043d\u0438\u0438. Raadio 4, 22.01.2024. Leitav <a title=\"\" href=\"https:\/\/r4.err.ee\/1609221107\/velikolepnaja-chetvjorka\/a0494ce7198bcbe4fa96a74d5b1cc083\" target=\"_blank\" rel=\"noopener\" data-url=\"https:\/\/r4.err.ee\/1609221107\/velikolepnaja-chetvjorka\/a0494ce7198bcbe4fa96a74d5b1cc083\">siit<\/a>.\u00a0<\/li>\n<li>Eesti naiste tervise uuringu pressiteade (17.01.2024)\u00a0on loetav <a href=\"https:\/\/sisu.ut.ee\/wp-content\/uploads\/sites\/4\/eesti_naiste_tervise_uuringu_pressiteade.pdf\" data-fid=\"81852\">siit<\/a>.<\/li>\n<li>\u041f\u0440\u0435\u0441\u0441-\u0440\u0435\u043b\u0438\u0437 \u0438\u0441\u0441\u043b\u0435\u0434\u043e\u0432\u0430\u043d\u0438\u044f (17.01.2024), leitav\u00a0<a href=\"https:\/\/sisu.ut.ee\/wp-content\/uploads\/sites\/4\/eesti_naiste_tervise_uuringu_pressiteade_rus.pdf\" data-fid=\"81853\">siit<\/a>.<\/li>\n<li>Kuku p\u00e4rastl\u00f5una: Helle Karro. Eesti naiste tervise uuring. KUKU raadio, 17.01.2024. Leitav <a title=\"\" href=\"https:\/\/kuku.pleier.ee\/podcast\/kuku-parastlouna\/175695\" target=\"_blank\" rel=\"noopener\" data-url=\"https:\/\/kuku.pleier.ee\/podcast\/kuku-parastlouna\/175695\">siit<\/a>.<\/li>\n<li>Algab l\u00e4bi aegade suurim Eesti naiste tervise uuring. Tervisegeenius, 17.01.2024. Loetav <a title=\"\" href=\"https:\/\/tervise.geenius.ee\/rubriik\/uudis\/algab-labi-aegade-suurim-eesti-naiste-tervise-uuring\/\" target=\"_blank\" rel=\"noopener\" data-url=\"https:\/\/tervise.geenius.ee\/rubriik\/uudis\/algab-labi-aegade-suurim-eesti-naiste-tervise-uuring\/\">siit<\/a>.<\/li>\n<li>Tartu \u00dclikoolis algab l\u00e4bi aegade suurim Eesti naiste tervise uuring. L\u00f5unaeestlane.ee, 17.01.2024. Loetav <a title=\"\" href=\"https:\/\/lounaeestlane.ee\/tartu-ulikoolis-algab-labi-aegade-suurim-eesti-naiste-tervise-uuring\/\" target=\"_blank\" rel=\"noopener\" data-url=\"https:\/\/lounaeestlane.ee\/tartu-ulikoolis-algab-labi-aegade-suurim-eesti-naiste-tervise-uuring\/\">siit<\/a>.\u00a0<\/li>\n<li>Algab l\u00e4bi aegade suurim Eesti naiste tervise uuring. Med24, 17.01.2024. Loetav <a title=\"\" href=\"https:\/\/med24.ee\/uudised\/algab-l%C3%A4bi-aegade-suurim-eesti-naiste-tervise-uuring\" target=\"_blank\" rel=\"noopener\" data-url=\"https:\/\/med24.ee\/uudised\/algab-l%C3%A4bi-aegade-suurim-eesti-naiste-tervise-uuring\">siit<\/a>.\u00a0<\/li>\n<li>Helle Karro. Mida k\u00fcsib jaanuaris alustav suur naiste tervise uuring? Postimees, 15.01.2024. Loetav Postimehe veebilehelt\u00a0<a title=\"\" href=\"https:\/\/arvamus.postimees.ee\/7938777\/helle-karro-mida-kusib-jaanuaris-alustav-suur-naiste-tervise-uuring\" target=\"_blank\" rel=\"noopener\" data-url=\"https:\/\/arvamus.postimees.ee\/7938777\/helle-karro-mida-kusib-jaanuaris-alustav-suur-naiste-tervise-uuring\">siit<\/a>\u00a0v\u00f5i pdf-failina <a href=\"https:\/\/sisu.ut.ee\/wp-content\/uploads\/sites\/4\/helle_karro_mida_kusib_jaanuaris_alustav_suur_naiste_tervise_uuring_.pdf\" data-fid=\"81834\">siit<\/a>.<\/li>\n<\/ul>\n\n\n\n\n<div class=\"wp-block-group attached-files-group is-layout-constrained wp-block-group-is-layout-constrained\">\n<div class=\"wp-block-file\"><a id=\"wp-block-file--media-7de69027-45f8-45b4-9ed0-40e70529f93c\" href=\"https:\/\/sisu.ut.ee\/wp-content\/uploads\/sites\/4\/helle_karro_mida_kusib_jaanuaris_alustav_suur_naiste_tervise_uuring_.pdf\" target=\"_blank\" rel=\"noreferrer noopener\">helle_karro_mida_kusib_jaanuaris_alustav_suur_naiste_tervise_uuring_.pdf<\/a><\/div>\n<\/div>\n","protected":false},"excerpt":{"rendered":"<p>Meediakajastused 2025 Maribel Uusmaa. Kuidas kolm Eesti noort t\u00f6\u00f6tasid prostituudina. Vahel tuli k\u00e4ia meeste kodudes, mille p\u00f5randal vedelesid laste m\u00e4nguasjad. Eesti Ekspress 30.07.2025. Merilyn Merisalu. Eesti naised on muutunud eneseteadlikumaks. Universitas Tartuensis. 06.06.2025. Reti J\u00f5erand. Stereot\u00fc\u00fcbid murenevad: naised r\u00e4\u00e4givad oma &#8230;<\/p>\n","protected":false},"author":4,"featured_media":0,"parent":0,"menu_order":0,"comment_status":"closed","ping_status":"closed","template":"","meta":{"_acf_changed":false,"inline_featured_image":false,"footnotes":""},"class_list":["post-13","page","type-page","status-publish","hentry"],"acf":[],"_links":{"self":[{"href":"https:\/\/sisu.ut.ee\/naisteterviseuuring\/wp-json\/wp\/v2\/pages\/13","targetHints":{"allow":["GET"]}}],"collection":[{"href":"https:\/\/sisu.ut.ee\/naisteterviseuuring\/wp-json\/wp\/v2\/pages"}],"about":[{"href":"https:\/\/sisu.ut.ee\/naisteterviseuuring\/wp-json\/wp\/v2\/types\/page"}],"author":[{"embeddable":true,"href":"https:\/\/sisu.ut.ee\/naisteterviseuuring\/wp-json\/wp\/v2\/users\/4"}],"replies":[{"embeddable":true,"href":"https:\/\/sisu.ut.ee\/naisteterviseuuring\/wp-json\/wp\/v2\/comments?post=13"}],"version-history":[{"count":22,"href":"https:\/\/sisu.ut.ee\/naisteterviseuuring\/wp-json\/wp\/v2\/pages\/13\/revisions"}],"predecessor-version":[{"id":257,"href":"https:\/\/sisu.ut.ee\/naisteterviseuuring\/wp-json\/wp\/v2\/pages\/13\/revisions\/257"}],"wp:attachment":[{"href":"https:\/\/sisu.ut.ee\/naisteterviseuuring\/wp-json\/wp\/v2\/media?parent=13"}],"curies":[{"name":"wp","href":"https:\/\/api.w.org\/{rel}","templated":true}]}}