{"id":11,"date":"2024-04-03T23:06:53","date_gmt":"2024-04-03T20:06:53","guid":{"rendered":"https:\/\/sisu.ut.ee\/naisteterviseuuring\/kontakt\/"},"modified":"2024-05-14T15:38:51","modified_gmt":"2024-05-14T12:38:51","slug":"kontakt","status":"publish","type":"page","link":"https:\/\/sisu.ut.ee\/naisteterviseuuring\/kontakt\/","title":{"rendered":"Kontakt"},"content":{"rendered":"<figure class=\"wp-block-image size-full\"><img loading=\"lazy\" decoding=\"async\" width=\"1920\" height=\"280\" src=\"https:\/\/sisu.ut.ee\/wp-content\/uploads\/sites\/4\/naistekliinik_1920x280px.jpg\" alt=\"ENTU banner\" class=\"wp-image-41\" style=\"object-fit:cover\" srcset=\"https:\/\/sisu.ut.ee\/wp-content\/uploads\/sites\/4\/naistekliinik_1920x280px.jpg 1920w, https:\/\/sisu.ut.ee\/wp-content\/uploads\/sites\/4\/naistekliinik_1920x280px-300x44.jpg 300w, https:\/\/sisu.ut.ee\/wp-content\/uploads\/sites\/4\/naistekliinik_1920x280px-1024x149.jpg 1024w, https:\/\/sisu.ut.ee\/wp-content\/uploads\/sites\/4\/naistekliinik_1920x280px-768x112.jpg 768w, https:\/\/sisu.ut.ee\/wp-content\/uploads\/sites\/4\/naistekliinik_1920x280px-1536x224.jpg 1536w\" sizes=\"auto, (max-width: 1920px) 100vw, 1920px\"><\/figure>\n\n\n<h1>Kontakt<\/h1>\n<h2>K\u00fcsimustiku t\u00e4itmisega seonduvad k\u00fcsimused<\/h2>\n<p><a href=\"mailto:naisteterviseuuring@ut.ee\">naisteterviseuuring@ut.ee<\/a><\/p>\n<h2>Teadlastega kontakteerumine<\/h2>\n<p>Uuringut puudutavate k\u00fcsimuste korral palume p\u00f6\u00f6rduda uurimisr\u00fchma vastutavate liikmete poole: Helle Karro (<a href=\"mailto:helle.karro@ut.ee\">helle.karro@ut.ee<\/a>), Kai Part (<a href=\"mailto:kai.part@ut.ee\">kai.part@ut.ee<\/a>), Made Laanpere (<a href=\"mailto:made.laanpere@ut.ee\">made.laanpere@ut.ee<\/a>)<\/p>\n<h2>Teadusuuringute eetika komiteega kontakteerumine<\/h2>\n<p>K\u00e4esoleva uuringu on koosk\u00f5lastanud Tartu \u00dclikooli inimuuringute eetika komitee Eestis (koosk\u00f5lastus 348\/T- 3 20.11.2023). Tegemist on s\u00f5ltumatu ekspertidest koosneva organiga, mille eesm\u00e4rk on tagada, et uuringus osalejate tervis, inimv\u00e4\u00e4rikus, identiteet, isikute turvalisus ja muud p\u00f5hi\u00f5igused ja -vabadused oleksid kaitstud. Komiteega saate \u00fchendust v\u00f5tta aadressil\u00a0<a href=\"mailto:eetikakomitee@ut.ee\">eetikakomitee@ut.ee<\/a>.<\/p>","protected":false},"excerpt":{"rendered":"<p>Kontakt K\u00fcsimustiku t\u00e4itmisega seonduvad k\u00fcsimused naisteterviseuuring@ut.ee Teadlastega kontakteerumine Uuringut puudutavate k\u00fcsimuste korral palume p\u00f6\u00f6rduda uurimisr\u00fchma vastutavate liikmete poole: Helle Karro (helle.karro@ut.ee), Kai Part (kai.part@ut.ee), Made Laanpere (made.laanpere@ut.ee) Teadusuuringute eetika komiteega kontakteerumine K\u00e4esoleva uuringu on koosk\u00f5lastanud Tartu \u00dclikooli inimuuringute eetika komitee &#8230;<\/p>\n","protected":false},"author":4,"featured_media":0,"parent":0,"menu_order":0,"comment_status":"closed","ping_status":"closed","template":"","meta":{"_acf_changed":false,"inline_featured_image":false,"footnotes":""},"class_list":["post-11","page","type-page","status-publish","hentry"],"acf":[],"_links":{"self":[{"href":"https:\/\/sisu.ut.ee\/naisteterviseuuring\/wp-json\/wp\/v2\/pages\/11","targetHints":{"allow":["GET"]}}],"collection":[{"href":"https:\/\/sisu.ut.ee\/naisteterviseuuring\/wp-json\/wp\/v2\/pages"}],"about":[{"href":"https:\/\/sisu.ut.ee\/naisteterviseuuring\/wp-json\/wp\/v2\/types\/page"}],"author":[{"embeddable":true,"href":"https:\/\/sisu.ut.ee\/naisteterviseuuring\/wp-json\/wp\/v2\/users\/4"}],"replies":[{"embeddable":true,"href":"https:\/\/sisu.ut.ee\/naisteterviseuuring\/wp-json\/wp\/v2\/comments?post=11"}],"version-history":[{"count":5,"href":"https:\/\/sisu.ut.ee\/naisteterviseuuring\/wp-json\/wp\/v2\/pages\/11\/revisions"}],"predecessor-version":[{"id":150,"href":"https:\/\/sisu.ut.ee\/naisteterviseuuring\/wp-json\/wp\/v2\/pages\/11\/revisions\/150"}],"wp:attachment":[{"href":"https:\/\/sisu.ut.ee\/naisteterviseuuring\/wp-json\/wp\/v2\/media?parent=11"}],"curies":[{"name":"wp","href":"https:\/\/api.w.org\/{rel}","templated":true}]}}