{"id":9,"date":"2024-04-04T07:10:56","date_gmt":"2024-04-04T04:10:56","guid":{"rendered":"https:\/\/sisu.ut.ee\/mykoloogia\/ehitusmukoloogia\/"},"modified":"2024-04-04T07:11:00","modified_gmt":"2024-04-04T04:11:00","slug":"ehitusmukoloogia","status":"publish","type":"page","link":"https:\/\/sisu.ut.ee\/mykoloogia\/ehitusmukoloogia\/","title":{"rendered":"Ehitusm\u00fckoloogia"},"content":{"rendered":"<p>\n\tEhitusm\u00fckoloogia suuna teadust\u00f6\u00f6 keskendub peamiselt j\u00e4rgmistele teemadele:\n<\/p>\n<ul>\n<li>\n\t\tMajaseente esinemine Eestis\n\t<\/li>\n<li>\n\t\tPutukad majaseente levitajatena\n\t<\/li>\n<li>\n\t\tHallitusseente molekulaarne diagnostika\n\t<\/li>\n<li>\n\t\tTolmu m\u00e4\u00e4ramine seene-, taime- ja loomaliikideks\n\t<\/li>\n<\/ul>\n<p>\n\t<img loading=\"lazy\" decoding=\"async\" width=\"597\" height=\"929\" class=\"alignnone wp-image-19\" src=\"https:\/\/sisu.ut.ee\/wp-content\/uploads\/sites\/488\/picture_6.png\" title=\"picture_6.png\" alt=\"Mould\" srcset=\"https:\/\/sisu.ut.ee\/wp-content\/uploads\/sites\/488\/picture_6.png 597w, https:\/\/sisu.ut.ee\/wp-content\/uploads\/sites\/488\/picture_6-193x300.png 193w\" sizes=\"auto, (max-width: 597px) 100vw, 597px\"><\/p>\n","protected":false},"excerpt":{"rendered":"<p>Ehitusm\u00fckoloogia suuna teadust\u00f6\u00f6 keskendub peamiselt j\u00e4rgmistele teemadele: Majaseente esinemine Eestis Putukad majaseente levitajatena Hallitusseente molekulaarne diagnostika Tolmu m\u00e4\u00e4ramine seene-, taime- ja loomaliikideks<\/p>\n","protected":false},"author":163,"featured_media":0,"parent":0,"menu_order":0,"comment_status":"closed","ping_status":"closed","template":"","meta":{"_acf_changed":false,"inline_featured_image":false,"footnotes":""},"class_list":["post-9","page","type-page","status-publish","hentry"],"acf":[],"_links":{"self":[{"href":"https:\/\/sisu.ut.ee\/mykoloogia\/wp-json\/wp\/v2\/pages\/9","targetHints":{"allow":["GET"]}}],"collection":[{"href":"https:\/\/sisu.ut.ee\/mykoloogia\/wp-json\/wp\/v2\/pages"}],"about":[{"href":"https:\/\/sisu.ut.ee\/mykoloogia\/wp-json\/wp\/v2\/types\/page"}],"author":[{"embeddable":true,"href":"https:\/\/sisu.ut.ee\/mykoloogia\/wp-json\/wp\/v2\/users\/163"}],"replies":[{"embeddable":true,"href":"https:\/\/sisu.ut.ee\/mykoloogia\/wp-json\/wp\/v2\/comments?post=9"}],"version-history":[{"count":1,"href":"https:\/\/sisu.ut.ee\/mykoloogia\/wp-json\/wp\/v2\/pages\/9\/revisions"}],"predecessor-version":[{"id":32,"href":"https:\/\/sisu.ut.ee\/mykoloogia\/wp-json\/wp\/v2\/pages\/9\/revisions\/32"}],"wp:attachment":[{"href":"https:\/\/sisu.ut.ee\/mykoloogia\/wp-json\/wp\/v2\/media?parent=9"}],"curies":[{"name":"wp","href":"https:\/\/api.w.org\/{rel}","templated":true}]}}