{"id":8,"date":"2024-04-04T07:10:55","date_gmt":"2024-04-04T04:10:55","guid":{"rendered":"https:\/\/sisu.ut.ee\/mykoloogia\/patoloogia\/"},"modified":"2024-04-04T07:11:01","modified_gmt":"2024-04-04T04:11:01","slug":"patoloogia","status":"publish","type":"page","link":"https:\/\/sisu.ut.ee\/mykoloogia\/patoloogia\/","title":{"rendered":"Patoloogia"},"content":{"rendered":"<p>\n\tPatoloogia suuna teadust\u00f6\u00f6 keskendub peamiselt j\u00e4rgmistele teemadele:\n<\/p>\n<ul>\n<li>\n\t\tKultuurtaimede patogeenid\n\t<\/li>\n<li>\n\t\tMetsapuude patogeenid\n\t<\/li>\n<li>\n\t\tInimeste ja loomade patogeenid\n\t<\/li>\n<li>\n\t\tPatogeenide populatsioonid\u00fcnaamika\n\t<\/li>\n<li>\n\t\tPatogeenide tuvastamine spetsiaalsete\u00a0praimeritega\n\t<\/li>\n<li>\n\t\tPatogeenide biogeograafia\n\t<\/li>\n<li>\n\t\tPatogeenide ko-invasioon\n\t<\/li>\n<\/ul>\n<p>\n\t<img loading=\"lazy\" decoding=\"async\" width=\"489\" height=\"368\" class=\"alignnone wp-image-18\" src=\"https:\/\/sisu.ut.ee\/wp-content\/uploads\/sites\/488\/picture_5.png\" title=\"picture_5.png\" alt=\"Heterobasidion annosum\" srcset=\"https:\/\/sisu.ut.ee\/wp-content\/uploads\/sites\/488\/picture_5.png 489w, https:\/\/sisu.ut.ee\/wp-content\/uploads\/sites\/488\/picture_5-300x226.png 300w\" sizes=\"auto, (max-width: 489px) 100vw, 489px\"><\/p>\n","protected":false},"excerpt":{"rendered":"<p>Patoloogia suuna teadust\u00f6\u00f6 keskendub peamiselt j\u00e4rgmistele teemadele: Kultuurtaimede patogeenid Metsapuude patogeenid Inimeste ja loomade patogeenid Patogeenide populatsioonid\u00fcnaamika Patogeenide tuvastamine spetsiaalsete\u00a0praimeritega Patogeenide biogeograafia Patogeenide ko-invasioon<\/p>\n","protected":false},"author":163,"featured_media":0,"parent":0,"menu_order":0,"comment_status":"closed","ping_status":"closed","template":"","meta":{"_acf_changed":false,"inline_featured_image":false,"footnotes":""},"class_list":["post-8","page","type-page","status-publish","hentry"],"acf":[],"_links":{"self":[{"href":"https:\/\/sisu.ut.ee\/mykoloogia\/wp-json\/wp\/v2\/pages\/8","targetHints":{"allow":["GET"]}}],"collection":[{"href":"https:\/\/sisu.ut.ee\/mykoloogia\/wp-json\/wp\/v2\/pages"}],"about":[{"href":"https:\/\/sisu.ut.ee\/mykoloogia\/wp-json\/wp\/v2\/types\/page"}],"author":[{"embeddable":true,"href":"https:\/\/sisu.ut.ee\/mykoloogia\/wp-json\/wp\/v2\/users\/163"}],"replies":[{"embeddable":true,"href":"https:\/\/sisu.ut.ee\/mykoloogia\/wp-json\/wp\/v2\/comments?post=8"}],"version-history":[{"count":1,"href":"https:\/\/sisu.ut.ee\/mykoloogia\/wp-json\/wp\/v2\/pages\/8\/revisions"}],"predecessor-version":[{"id":43,"href":"https:\/\/sisu.ut.ee\/mykoloogia\/wp-json\/wp\/v2\/pages\/8\/revisions\/43"}],"wp:attachment":[{"href":"https:\/\/sisu.ut.ee\/mykoloogia\/wp-json\/wp\/v2\/media?parent=8"}],"curies":[{"name":"wp","href":"https:\/\/api.w.org\/{rel}","templated":true}]}}