{"id":7,"date":"2024-04-04T07:10:55","date_gmt":"2024-04-04T04:10:55","guid":{"rendered":"https:\/\/sisu.ut.ee\/mykoloogia\/bioloogilised-interaktsioonid\/"},"modified":"2024-04-04T07:11:00","modified_gmt":"2024-04-04T04:11:00","slug":"bioloogilised-interaktsioonid","status":"publish","type":"page","link":"https:\/\/sisu.ut.ee\/mykoloogia\/bioloogilised-interaktsioonid\/","title":{"rendered":"Bioloogilised interaktsioonid"},"content":{"rendered":"<p>\n\tBioloogiliste interaktsioonide suuna teadust\u00f6\u00f6 keskendub peamiselt j\u00e4rgmistele teemadele:\n<\/p>\n<ul>\n<li>\n\t\tM\u00fckoriisat\u00fc\u00fcbid\n\t<\/li>\n<li>\n\t\t\u00d6koloogilised v\u00f5rgustikud\n\t<\/li>\n<li>\n\t\tPatogeenide, saproobide ja s\u00fcmbiontide peremehe-spetsiifika\n\t<\/li>\n<li>\n\t\tSeened imetajate ja l\u00fclijalgsete toidus\n\t<\/li>\n<li>\n\t\tMetssigade roll tr\u00fchvlite levimises\n\t<\/li>\n<li>\n\t\tSeente roll orhideede levikus\n\t<\/li>\n<li>\n\t\tSeeneussid, p\u00f5rnikad ja teod kui eoste levitajad\n\t<\/li>\n<li>\n\t\tSamblikel kasvavad \u201elihhenikoolsed\u201c seened\n\t<\/li>\n<li>\n\t\tErilised seen-taim-putukas suhted troopikas\n\t<\/li>\n<\/ul>\n<p>\n\t<img loading=\"lazy\" decoding=\"async\" width=\"383\" height=\"249\" class=\"alignnone wp-image-17\" src=\"https:\/\/sisu.ut.ee\/wp-content\/uploads\/sites\/488\/picture_4.png\" title=\"picture_4.png\" alt=\"Squirrel\" srcset=\"https:\/\/sisu.ut.ee\/wp-content\/uploads\/sites\/488\/picture_4.png 383w, https:\/\/sisu.ut.ee\/wp-content\/uploads\/sites\/488\/picture_4-300x195.png 300w\" sizes=\"auto, (max-width: 383px) 100vw, 383px\"><\/p>\n","protected":false},"excerpt":{"rendered":"<p>Bioloogiliste interaktsioonide suuna teadust\u00f6\u00f6 keskendub peamiselt j\u00e4rgmistele teemadele: M\u00fckoriisat\u00fc\u00fcbid \u00d6koloogilised v\u00f5rgustikud Patogeenide, saproobide ja s\u00fcmbiontide peremehe-spetsiifika Seened imetajate ja l\u00fclijalgsete toidus Metssigade roll tr\u00fchvlite levimises Seente roll orhideede levikus Seeneussid, p\u00f5rnikad ja teod kui eoste levitajad Samblikel kasvavad \u201elihhenikoolsed\u201c seened &#8230;<\/p>\n","protected":false},"author":163,"featured_media":0,"parent":0,"menu_order":0,"comment_status":"closed","ping_status":"closed","template":"","meta":{"_acf_changed":false,"inline_featured_image":false,"footnotes":""},"class_list":["post-7","page","type-page","status-publish","hentry"],"acf":[],"_links":{"self":[{"href":"https:\/\/sisu.ut.ee\/mykoloogia\/wp-json\/wp\/v2\/pages\/7","targetHints":{"allow":["GET"]}}],"collection":[{"href":"https:\/\/sisu.ut.ee\/mykoloogia\/wp-json\/wp\/v2\/pages"}],"about":[{"href":"https:\/\/sisu.ut.ee\/mykoloogia\/wp-json\/wp\/v2\/types\/page"}],"author":[{"embeddable":true,"href":"https:\/\/sisu.ut.ee\/mykoloogia\/wp-json\/wp\/v2\/users\/163"}],"replies":[{"embeddable":true,"href":"https:\/\/sisu.ut.ee\/mykoloogia\/wp-json\/wp\/v2\/comments?post=7"}],"version-history":[{"count":1,"href":"https:\/\/sisu.ut.ee\/mykoloogia\/wp-json\/wp\/v2\/pages\/7\/revisions"}],"predecessor-version":[{"id":42,"href":"https:\/\/sisu.ut.ee\/mykoloogia\/wp-json\/wp\/v2\/pages\/7\/revisions\/42"}],"wp:attachment":[{"href":"https:\/\/sisu.ut.ee\/mykoloogia\/wp-json\/wp\/v2\/media?parent=7"}],"curies":[{"name":"wp","href":"https:\/\/api.w.org\/{rel}","templated":true}]}}