{"id":6,"date":"2024-04-04T07:10:55","date_gmt":"2024-04-04T04:10:55","guid":{"rendered":"https:\/\/sisu.ut.ee\/mykoloogia\/seente-funktsionaalsus\/"},"modified":"2024-04-04T07:11:00","modified_gmt":"2024-04-04T04:11:00","slug":"seente-funktsionaalsus","status":"publish","type":"page","link":"https:\/\/sisu.ut.ee\/mykoloogia\/seente-funktsionaalsus\/","title":{"rendered":"Seente funktsionaalsus"},"content":{"rendered":"<p>\n\tSeente funktsionaalsuse suuna teadust\u00f6\u00f6 keskendub peamiselt j\u00e4rgmistele teemadele:\n<\/p>\n<ul>\n<li>\n\t\tSeente v\u00f5rdlev genoomika\n\t<\/li>\n<li>\n\t\tSeente roll aineringes mulla toitainete gradiendil\n\t<\/li>\n<li>\n\t\tSeente roll aineringes laiuskraadi\/kliima gradiendil\n\t<\/li>\n<li>\n\t\tM\u00fckoriisaseente roll varise lagunemises\n\t<\/li>\n<li>\n\t\tSeente roll metsade looduslikus uuenemises\n\t<\/li>\n<li>\n\t\tSeened indikaatoritena looduskaitses\n\t<\/li>\n<\/ul>\n<p>\n\t<img loading=\"lazy\" decoding=\"async\" width=\"695\" height=\"462\" class=\"alignnone wp-image-16\" src=\"https:\/\/sisu.ut.ee\/wp-content\/uploads\/sites\/488\/picture_2.png\" title=\"picture_2.png\" alt=\"Roots\" srcset=\"https:\/\/sisu.ut.ee\/wp-content\/uploads\/sites\/488\/picture_2.png 695w, https:\/\/sisu.ut.ee\/wp-content\/uploads\/sites\/488\/picture_2-300x199.png 300w\" sizes=\"auto, (max-width: 695px) 100vw, 695px\"><\/p>\n","protected":false},"excerpt":{"rendered":"<p>Seente funktsionaalsuse suuna teadust\u00f6\u00f6 keskendub peamiselt j\u00e4rgmistele teemadele: Seente v\u00f5rdlev genoomika Seente roll aineringes mulla toitainete gradiendil Seente roll aineringes laiuskraadi\/kliima gradiendil M\u00fckoriisaseente roll varise lagunemises Seente roll metsade looduslikus uuenemises Seened indikaatoritena looduskaitses<\/p>\n","protected":false},"author":163,"featured_media":0,"parent":0,"menu_order":0,"comment_status":"closed","ping_status":"closed","template":"","meta":{"_acf_changed":false,"inline_featured_image":false,"footnotes":""},"class_list":["post-6","page","type-page","status-publish","hentry"],"acf":[],"_links":{"self":[{"href":"https:\/\/sisu.ut.ee\/mykoloogia\/wp-json\/wp\/v2\/pages\/6","targetHints":{"allow":["GET"]}}],"collection":[{"href":"https:\/\/sisu.ut.ee\/mykoloogia\/wp-json\/wp\/v2\/pages"}],"about":[{"href":"https:\/\/sisu.ut.ee\/mykoloogia\/wp-json\/wp\/v2\/types\/page"}],"author":[{"embeddable":true,"href":"https:\/\/sisu.ut.ee\/mykoloogia\/wp-json\/wp\/v2\/users\/163"}],"replies":[{"embeddable":true,"href":"https:\/\/sisu.ut.ee\/mykoloogia\/wp-json\/wp\/v2\/comments?post=6"}],"version-history":[{"count":1,"href":"https:\/\/sisu.ut.ee\/mykoloogia\/wp-json\/wp\/v2\/pages\/6\/revisions"}],"predecessor-version":[{"id":41,"href":"https:\/\/sisu.ut.ee\/mykoloogia\/wp-json\/wp\/v2\/pages\/6\/revisions\/41"}],"wp:attachment":[{"href":"https:\/\/sisu.ut.ee\/mykoloogia\/wp-json\/wp\/v2\/media?parent=6"}],"curies":[{"name":"wp","href":"https:\/\/api.w.org\/{rel}","templated":true}]}}