{"id":5,"date":"2024-04-04T07:10:55","date_gmt":"2024-04-04T04:10:55","guid":{"rendered":"https:\/\/sisu.ut.ee\/mykoloogia\/taksonoomia-biogeograafia\/"},"modified":"2024-04-04T07:11:00","modified_gmt":"2024-04-04T04:11:00","slug":"taksonoomia-biogeograafia","status":"publish","type":"page","link":"https:\/\/sisu.ut.ee\/mykoloogia\/taksonoomia-biogeograafia\/","title":{"rendered":"Taksonoomia-biogeograafia"},"content":{"rendered":"<p>\n\tTaksonoomia-biogeograafia suuna teadust\u00f6\u00f6 keskendub peamiselt j\u00e4rgmistele teemadele:\n<\/p>\n<ul>\n<li>\n\t\tValitud seeneperekondade molekulaarne s\u00fcstemaatika\n\t<\/li>\n<li>\n\t\tSeente evolutsioon ja f\u00fclogenees\n\t<\/li>\n<li>\n\t\tSeente lokaalne, regionaalne ja globaalne biogeograafia\n\t<\/li>\n<li>\n\t\tSeente globaalne elurikkus\n\t<\/li>\n<li>\n\t\tInvasiivsed seened Eestis ja mujal\n\t<\/li>\n<li>\n\t\tTr\u00fchvlite elurikkus Eestis\n\t<\/li>\n<\/ul>\n<p>\n\t<img loading=\"lazy\" decoding=\"async\" width=\"427\" height=\"622\" class=\"alignnone wp-image-15\" src=\"https:\/\/sisu.ut.ee\/wp-content\/uploads\/sites\/488\/picture_1.png\" title=\"picture_1.png\" alt=\"Fluorescent fungi\" srcset=\"https:\/\/sisu.ut.ee\/wp-content\/uploads\/sites\/488\/picture_1.png 427w, https:\/\/sisu.ut.ee\/wp-content\/uploads\/sites\/488\/picture_1-206x300.png 206w\" sizes=\"auto, (max-width: 427px) 100vw, 427px\">\u200b\u200b\u200b\u200b\u200b\u200b\u200b<\/p>\n","protected":false},"excerpt":{"rendered":"<p>Taksonoomia-biogeograafia suuna teadust\u00f6\u00f6 keskendub peamiselt j\u00e4rgmistele teemadele: Valitud seeneperekondade molekulaarne s\u00fcstemaatika Seente evolutsioon ja f\u00fclogenees Seente lokaalne, regionaalne ja globaalne biogeograafia Seente globaalne elurikkus Invasiivsed seened Eestis ja mujal Tr\u00fchvlite elurikkus Eestis \u200b\u200b\u200b\u200b\u200b\u200b\u200b<\/p>\n","protected":false},"author":163,"featured_media":0,"parent":0,"menu_order":0,"comment_status":"closed","ping_status":"closed","template":"","meta":{"_acf_changed":false,"inline_featured_image":false,"footnotes":""},"class_list":["post-5","page","type-page","status-publish","hentry"],"acf":[],"_links":{"self":[{"href":"https:\/\/sisu.ut.ee\/mykoloogia\/wp-json\/wp\/v2\/pages\/5","targetHints":{"allow":["GET"]}}],"collection":[{"href":"https:\/\/sisu.ut.ee\/mykoloogia\/wp-json\/wp\/v2\/pages"}],"about":[{"href":"https:\/\/sisu.ut.ee\/mykoloogia\/wp-json\/wp\/v2\/types\/page"}],"author":[{"embeddable":true,"href":"https:\/\/sisu.ut.ee\/mykoloogia\/wp-json\/wp\/v2\/users\/163"}],"replies":[{"embeddable":true,"href":"https:\/\/sisu.ut.ee\/mykoloogia\/wp-json\/wp\/v2\/comments?post=5"}],"version-history":[{"count":1,"href":"https:\/\/sisu.ut.ee\/mykoloogia\/wp-json\/wp\/v2\/pages\/5\/revisions"}],"predecessor-version":[{"id":40,"href":"https:\/\/sisu.ut.ee\/mykoloogia\/wp-json\/wp\/v2\/pages\/5\/revisions\/40"}],"wp:attachment":[{"href":"https:\/\/sisu.ut.ee\/mykoloogia\/wp-json\/wp\/v2\/media?parent=5"}],"curies":[{"name":"wp","href":"https:\/\/api.w.org\/{rel}","templated":true}]}}