{"id":3,"date":"2024-04-04T07:10:55","date_gmt":"2024-04-04T04:10:55","guid":{"rendered":"https:\/\/sisu.ut.ee\/mykoloogia\/avaleht\/"},"modified":"2026-04-20T14:11:24","modified_gmt":"2026-04-20T11:11:24","slug":"avaleht","status":"publish","type":"page","link":"https:\/\/sisu.ut.ee\/mykoloogia\/","title":{"rendered":"Avaleht"},"content":{"rendered":"<div>Kas sind huvitab, kuidas seened ja muud organismid m\u00f5jutavad \u00f6kos\u00fcsteeme, mullaprotsesse ja elurikkust?<\/div>\n\n\n<figure class=\"wp-block-image size-large\"><img loading=\"lazy\" decoding=\"async\" width=\"1024\" height=\"768\" src=\"https:\/\/sisu.ut.ee\/wp-content\/uploads\/sites\/488\/DSCN8170-1024x768.jpg\" alt=\"\" class=\"wp-image-97\" srcset=\"https:\/\/sisu.ut.ee\/wp-content\/uploads\/sites\/488\/DSCN8170-1024x768.jpg 1024w, https:\/\/sisu.ut.ee\/wp-content\/uploads\/sites\/488\/DSCN8170-300x225.jpg 300w, https:\/\/sisu.ut.ee\/wp-content\/uploads\/sites\/488\/DSCN8170-768x576.jpg 768w, https:\/\/sisu.ut.ee\/wp-content\/uploads\/sites\/488\/DSCN8170-1920x1440.jpg 1920w\" sizes=\"auto, (max-width: 1024px) 100vw, 1024px\"><\/figure>\n\n\n\n<p>See koduleht koondab \u00f6koloogia ja maateaduste instituudi kolme tihedalt koost\u00f6\u00f6d tegevat t\u00f6\u00f6r\u00fchma:<\/p>\n\n\n\n<p><strong>Bioloogiliste interaktsioonide \u00f6koloogia t\u00f6\u00f6r\u00fchm<\/strong><br><strong>M\u00fckoloogia t\u00f6\u00f6r\u00fchm<\/strong><br><strong>Elurikkuse informaatika t\u00f6\u00f6r\u00fchm<\/strong><\/p>\n\n\n\n<p>Meie t\u00f6\u00f6r\u00fchmades saab iga tudeng osaleda p\u00e4ris teadust\u00f6\u00f6s \u2013 alates v\u00e4lit\u00f6\u00f6dest ja laborikatsetest kuni andmete anal\u00fc\u00fcsi, tulemuste t\u00f5lgendamise ja uurimisk\u00fcsimuste p\u00fcstitamiseni.\u00a0<\/p>\n\n\n\n<p>T\u00f6\u00f6r\u00fchmade teadust\u00f6\u00f6 h\u00f5lmab mitmeid omavahel seotud uurimissuundi, sealhulgas:<\/p>\n\n\n\n<ul class=\"wp-block-list\">\n<li>Taksonoomiat, f\u00fclogeneesi ja biogeograafiat<\/li>\n\n\n\n<li>Seente funktsionaalsust \u00f6kos\u00fcsteemides<\/li>\n\n\n\n<li>Seente interaktsioone teiste organismidega<\/li>\n\n\n\n<li>Patoloogiat<\/li>\n\n\n\n<li>Ehitusm\u00fckoloogiat<\/li>\n\n\n\n<li>Seenekasvatust<\/li>\n\n\n\n<li>Elurikkuse informaatikat<\/li>\n<\/ul>\n\n\n\n<p>T\u00f6\u00f6r\u00fchmadesse kuuluvad neli Eesti enim tsiteeritud teadlast ning rahvusvaheline ja mitmekesine noorteadlaste kogukond, sealhulgas doktorandid ja magistrandid. Igap\u00e4evane t\u00f6\u00f6 ning juhendamine toimub nii eesti kui inglise keeles ning teadust\u00f6\u00f6ks on kasutada kaasaegne ja h\u00e4sti varustatud labor.<\/p>\n\n\n\n<p>Kui otsid ideid kursuset\u00f6\u00f6ks, praktikaks v\u00f5i l\u00f5put\u00f6\u00f6ks, vaata l\u00e4hemalt lehti \u201e<a href=\"https:\/\/sisu.ut.ee\/mykoloogia\/tegevused\/\">Tegevused<\/a>\u201c ja \u201e<a href=\"https:\/\/sisu.ut.ee\/mykoloogia\/tudengitele\/\">Tudengitele<\/a>\u201c, kus oleme kirjeldanud uurimissuundi ja v\u00f5imalusi l\u00e4hemalt.<\/p>\n","protected":false},"excerpt":{"rendered":"<p>Kas sind huvitab, kuidas seened ja muud organismid m\u00f5jutavad \u00f6kos\u00fcsteeme, mullaprotsesse ja elurikkust? See koduleht koondab \u00f6koloogia ja maateaduste instituudi kolme tihedalt koost\u00f6\u00f6d tegevat t\u00f6\u00f6r\u00fchma: Bioloogiliste interaktsioonide \u00f6koloogia t\u00f6\u00f6r\u00fchmM\u00fckoloogia t\u00f6\u00f6r\u00fchmElurikkuse informaatika t\u00f6\u00f6r\u00fchm Meie t\u00f6\u00f6r\u00fchmades saab iga tudeng osaleda p\u00e4ris teadust\u00f6\u00f6s &#8230;<\/p>\n","protected":false},"author":163,"featured_media":0,"parent":0,"menu_order":0,"comment_status":"closed","ping_status":"closed","template":"","meta":{"_acf_changed":false,"inline_featured_image":false,"footnotes":""},"class_list":["post-3","page","type-page","status-publish","hentry"],"acf":[],"_links":{"self":[{"href":"https:\/\/sisu.ut.ee\/mykoloogia\/wp-json\/wp\/v2\/pages\/3","targetHints":{"allow":["GET"]}}],"collection":[{"href":"https:\/\/sisu.ut.ee\/mykoloogia\/wp-json\/wp\/v2\/pages"}],"about":[{"href":"https:\/\/sisu.ut.ee\/mykoloogia\/wp-json\/wp\/v2\/types\/page"}],"author":[{"embeddable":true,"href":"https:\/\/sisu.ut.ee\/mykoloogia\/wp-json\/wp\/v2\/users\/163"}],"replies":[{"embeddable":true,"href":"https:\/\/sisu.ut.ee\/mykoloogia\/wp-json\/wp\/v2\/comments?post=3"}],"version-history":[{"count":3,"href":"https:\/\/sisu.ut.ee\/mykoloogia\/wp-json\/wp\/v2\/pages\/3\/revisions"}],"predecessor-version":[{"id":98,"href":"https:\/\/sisu.ut.ee\/mykoloogia\/wp-json\/wp\/v2\/pages\/3\/revisions\/98"}],"wp:attachment":[{"href":"https:\/\/sisu.ut.ee\/mykoloogia\/wp-json\/wp\/v2\/media?parent=3"}],"curies":[{"name":"wp","href":"https:\/\/api.w.org\/{rel}","templated":true}]}}