{"id":13,"date":"2024-04-04T07:10:56","date_gmt":"2024-04-04T04:10:56","guid":{"rendered":"https:\/\/sisu.ut.ee\/mykoloogia\/loputoode-teemad\/"},"modified":"2026-04-21T09:59:30","modified_gmt":"2026-04-21T06:59:30","slug":"loputoode-teemad","status":"publish","type":"page","link":"https:\/\/sisu.ut.ee\/mykoloogia\/loputoode-teemad\/","title":{"rendered":"L\u00f5put\u00f6\u00f6de teemad"},"content":{"rendered":"<p><strong>VALIK BAKALAUREUSE- JA MAGISTRIT\u00d6\u00d6DE TEEMASID<\/strong><\/p>\n<div>\n<p>Allpool on esitatud v\u00f5imalikud l\u00f5put\u00f6\u00f6de teemad juhendajate kaupa. Loetelu ei ole ammendav \u2013 enamik teemasid on paindlikud ning neid saab kohandada vastavalt tudengi huvidele ja tasemele.<\/p>\n<p>Kui m\u00f5ni uurimissuund k\u00f5netab, aga konkreetset teemat ei leia, tasub juhendajaga kindlasti \u00fchendust v\u00f5tta.<\/p>\n<\/div>\n\n<div class=\"accordion-block mb-3\">\n\t\t<div class=\"accordion \" id=\"accordion-accordion-69ff9b5913a90\">\n\t\t\t\t\t\t\t<div class=\"accordion-item accordion-item--white\">\n\t\t\t\t\t<h2 class=\"accordion-header\" id=\"accordion-69ff9b5913a90-heading-1\">\n\t\t\t\t\t\t<button class=\"accordion-button collapsed\" type=\"button\" data-bs-toggle=\"collapse\" data-bs-target=\"#accordion-69ff9b5913a90-collapse-1\" aria-expanded=\"true\" aria-controls=\"accordion-69ff9b5913a90-collapse-1\">\n\t\t\t\t\t\t\tPolina Degtjarenko \u2013 samblikud, elurikkus, looduskaitsebioloogia, \u00f6koloogia\n\t\t\t\t\t\t<\/button>\n\t\t\t\t\t<\/h2>\n\t\t\t\t\t<div id=\"accordion-69ff9b5913a90-collapse-1\" class=\"accordion-collapse collapse \" aria-labelledby=\"accordion-69ff9b5913a90-heading-1\">\n\t\t\t\t\t\t<div class=\"accordion-body\">\n\t\t\t\t\t\t\t<ul>\n<li class=\"elementToProof\">Samblike looduskaitseline seisund Euroopas<\/li>\n<li class=\"elementToProof\">Eesti samblike punane nimestik<\/li>\n<li class=\"elementToProof\">Kliimamuutuste m\u00f5ju samblike mitmekesisusele<\/li>\n<li class=\"elementToProof\">Lindude ja selgrootute roll samblike levikus<\/li>\n<li class=\"elementToProof\">Samblike ja sammalde mitmekesisus Eesti loopealsetel<\/li>\n<li class=\"elementToProof\">Samblike t\u00e4htsus boreaalsetes metsakooslustes<\/li>\n<li class=\"elementToProof\">Samblike mitmekesisuse makro\u00f6koloogilised mustrid<\/li>\n<li>\n<\/ul>\n<p>Lisainfo teadust\u00f6\u00f6 ja publikatsioonide kohta:<strong> <a href=\"https:\/\/www.etis.ee\/CV\/Polina_Degtjarenko\/est\">ETIS<\/a><br>\n<\/strong>K\u00fcsimuste v\u00f5i huvi korral kirjuta:<strong> <a href=\"mailto:polina.degtjarenko@ut.ee\">polina.degtjarenko@ut.ee<\/a><\/strong><\/p>\n\n\t\t\t\t\t\t<\/div>\n\t\t\t\t\t<\/div>\n\t\t\t\t<\/div>\n\t\t\t\t\t\t\t<div class=\"accordion-item accordion-item--white\">\n\t\t\t\t\t<h2 class=\"accordion-header\" id=\"accordion-69ff9b5913a90-heading-2\">\n\t\t\t\t\t\t<button class=\"accordion-button collapsed\" type=\"button\" data-bs-toggle=\"collapse\" data-bs-target=\"#accordion-69ff9b5913a90-collapse-2\" aria-expanded=\"true\" aria-controls=\"accordion-69ff9b5913a90-collapse-2\">\n\t\t\t\t\t\t\tNiloufar Hagh Doust \u2013 taim\u2011mikroob suhted, lehemikrobioom, mikroobide biogeograafia, mikroobne \u00f6koloogia\n\t\t\t\t\t\t<\/button>\n\t\t\t\t\t<\/h2>\n\t\t\t\t\t<div id=\"accordion-69ff9b5913a90-collapse-2\" class=\"accordion-collapse collapse \" aria-labelledby=\"accordion-69ff9b5913a90-heading-2\">\n\t\t\t\t\t\t<div class=\"accordion-body\">\n\t\t\t\t\t\t\t<ul>\n<li class=\"elementToProof\">Plant-microbe interactions<\/li>\n<li class=\"elementToProof\">Biotechnological applications of endophytic fungi and other growth promoting microbes.<\/li>\n<li class=\"elementToProof\">Biodiversity patterns and Biogeography of phyllosphere microbiome.<\/li>\n<li class=\"elementToProof\">Exploring the diversity of leaf-associated bacteria across Estonia as well as continental scale.<\/li>\n<li class=\"elementToProof\">Exploring the leaf microbial latitudinal patterns<\/li>\n<\/ul>\n<p>*Juhendamine toimub inglise keeles.<\/p>\n<p>Lisainfo teadust\u00f6\u00f6 ja publikatsioonide kohta: <b><\/b><b><a href=\"https:\/\/www.etis.ee\/CV\/Niloufar_Hagh_Doust\/est\/\">ETIS<\/a><\/b><strong><br>\n<\/strong>K\u00fcsimuste v\u00f5i huvi korral kirjuta:\u00a0<b><a href=\"mailto:niloufar.hagh.doust@ut.ee\">niloufar.hagh.doust@ut.ee<\/a><\/b><\/p>\n\n\t\t\t\t\t\t<\/div>\n\t\t\t\t\t<\/div>\n\t\t\t\t<\/div>\n\t\t\t\t\t\t\t<div class=\"accordion-item accordion-item--white\">\n\t\t\t\t\t<h2 class=\"accordion-header\" id=\"accordion-69ff9b5913a90-heading-3\">\n\t\t\t\t\t\t<button class=\"accordion-button collapsed\" type=\"button\" data-bs-toggle=\"collapse\" data-bs-target=\"#accordion-69ff9b5913a90-collapse-3\" aria-expanded=\"true\" aria-controls=\"accordion-69ff9b5913a90-collapse-3\">\n\t\t\t\t\t\t\tInga J\u00fcriado \u2013 samblike liigirikkus, s\u00fcmbioosid, sekundaarsed kaitseained, keskkonnam\u00f5jud\n\t\t\t\t\t\t<\/button>\n\t\t\t\t\t<\/h2>\n\t\t\t\t\t<div id=\"accordion-69ff9b5913a90-collapse-3\" class=\"accordion-collapse collapse \" aria-labelledby=\"accordion-69ff9b5913a90-heading-3\">\n\t\t\t\t\t\t<div class=\"accordion-body\">\n\t\t\t\t\t\t\t<ul style=\"margin-bottom: 0cm;\" type=\"disc\">\n<li>Maapinnal kasvavad samblikud Eestis \u2013 liigiline mitmekesisus, kasvukohad ja ohustatus<\/li>\n<li>Sekundaarsed samblikuained \u2013 nende funktsioonid ja varieeruvus samblikes<\/li>\n<li>Samblike fotobionti liigiline mitmekseisus, varieeruvus ja seos keskkonnatingimustega<\/li>\n<li>Sekundaarsed samblikuained ja nende tuvastamise meetodid samblikes<\/li>\n<li>Sekundaarsete samblikuainete varieeruvus samblikes s\u00f5ltuvalt keskkonnateguritest<\/li>\n<\/ul>\n<p>Lisainfo teadust\u00f6\u00f6 ja publikatsioonide kohta: <b style=\"text-align: var(--bs-body-text-align);\"> <a href=\"https:\/\/www.etis.ee\/CV\/Inga_J%C3%BCriado\/est\/\">ETIS<\/a><\/b><strong><br>\n<\/strong>K\u00fcsimuste v\u00f5i huvi korral kirjuta: <b style=\"text-align: var(--bs-body-text-align);\"><a href=\"mailto:inga.juriado@ut.ee\">inga.juriado@ut.ee<\/a><\/b><\/p>\n\n\t\t\t\t\t\t<\/div>\n\t\t\t\t\t<\/div>\n\t\t\t\t<\/div>\n\t\t\t\t\t\t\t<div class=\"accordion-item accordion-item--white\">\n\t\t\t\t\t<h2 class=\"accordion-header\" id=\"accordion-69ff9b5913a90-heading-4\">\n\t\t\t\t\t\t<button class=\"accordion-button collapsed\" type=\"button\" data-bs-toggle=\"collapse\" data-bs-target=\"#accordion-69ff9b5913a90-collapse-4\" aria-expanded=\"true\" aria-controls=\"accordion-69ff9b5913a90-collapse-4\">\n\t\t\t\t\t\t\tUrmas K\u00f5ljalg \u2013 bioinformaatika, elurikkuse andmed, seente s\u00fcstemaatika, keskkonnaDNA\n\t\t\t\t\t\t<\/button>\n\t\t\t\t\t<\/h2>\n\t\t\t\t\t<div id=\"accordion-69ff9b5913a90-collapse-4\" class=\"accordion-collapse collapse \" aria-labelledby=\"accordion-69ff9b5913a90-heading-4\">\n\t\t\t\t\t\t<div class=\"accordion-body\">\n\t\t\t\t\t\t\t<ul>\n<li>Seente perekonna Thelephora (lehternahkis) Eesti liikide digitaalsete teisikute loomine ja haldus<\/li>\n<li>Tehisaru kasutamine Eesti liikide keskkonnaDNA andmelao loomisel (see teema v\u00f5ib huvi korral kasvada doktorit\u00f6\u00f6ks ja siis juba h\u00f5lmata maailma liikide andmelao loomist koost\u00f6\u00f6s GBIF-i ja Euroopa geenipangaga)<\/li>\n<li>Tehisaru meetodid liikide eristamiseks ning kommunikatsiooniks (see teema v\u00f5ib huvi korral kasvada doktorit\u00f6\u00f6ks, juhendamine koost\u00f6\u00f6s Chalmersi tehnoloogia\u00fclikooliga)<\/li>\n<\/ul>\n<p>Lisainfo teadust\u00f6\u00f6 ja publikatsioonide kohta: <b><a href=\"https:\/\/www.etis.ee\/CV\/Urmas_K%C3%B5ljalg\/est\/\"> ETIS<\/a><\/b><strong><br>\n<\/strong>K\u00fcsimuste v\u00f5i huvi korral kirjuta: <b><a href=\"mailto:urmas.koljalg@ut.ee\">urmas.koljalg@ut.ee<\/a><\/b><\/p>\n\n\t\t\t\t\t\t<\/div>\n\t\t\t\t\t<\/div>\n\t\t\t\t<\/div>\n\t\t\t\t\t\t\t<div class=\"accordion-item accordion-item--white\">\n\t\t\t\t\t<h2 class=\"accordion-header\" id=\"accordion-69ff9b5913a90-heading-5\">\n\t\t\t\t\t\t<button class=\"accordion-button collapsed\" type=\"button\" data-bs-toggle=\"collapse\" data-bs-target=\"#accordion-69ff9b5913a90-collapse-5\" aria-expanded=\"true\" aria-controls=\"accordion-69ff9b5913a90-collapse-5\">\n\t\t\t\t\t\t\tJane Oja \u2013 sisekeskkonna elurikkus, tolmumikrobioom, mikroobide levikumustrid, globaalv\u00f5rdlused\n\t\t\t\t\t\t<\/button>\n\t\t\t\t\t<\/h2>\n\t\t\t\t\t<div id=\"accordion-69ff9b5913a90-collapse-5\" class=\"accordion-collapse collapse \" aria-labelledby=\"accordion-69ff9b5913a90-heading-5\">\n\t\t\t\t\t\t<div class=\"accordion-body\">\n\t\t\t\t\t\t\t<ul>\n<li><span style=\"text-align: var(--bs-body-text-align);\">Kodutolmus esinevate selgrootute ja seente kooslused<\/span><\/li>\n<li>Sisekeskkonna mikroorganismide aastaajalised muutused<\/li>\n<li>Tolmus esinevate mikroorganismide levik m\u00f6\u00f6da laiusgradienti: jahtlaev Admiral Bellingshauseni ekspeditsiooni n\u00e4itel<\/li>\n<\/ul>\n<p>Lisainfo teadust\u00f6\u00f6 ja publikatsioonide kohta: <b><a href=\"https:\/\/www.etis.ee\/CV\/Jane_Oja\">ETIS<\/a><\/b><strong><br>\n<\/strong>K\u00fcsimuste v\u00f5i huvi korral kirjuta: <b><a href=\"mailto:jane.oja@ut.ee\">jane.oja@ut.ee<\/a><\/b><\/p>\n\n\t\t\t\t\t\t<\/div>\n\t\t\t\t\t<\/div>\n\t\t\t\t<\/div>\n\t\t\t\t\t\t\t<div class=\"accordion-item accordion-item--white\">\n\t\t\t\t\t<h2 class=\"accordion-header\" id=\"accordion-69ff9b5913a90-heading-6\">\n\t\t\t\t\t\t<button class=\"accordion-button collapsed\" type=\"button\" data-bs-toggle=\"collapse\" data-bs-target=\"#accordion-69ff9b5913a90-collapse-6\" aria-expanded=\"true\" aria-controls=\"accordion-69ff9b5913a90-collapse-6\">\n\t\t\t\t\t\t\tMari Pent \u2013 mullamikrobioloogia, bakterikooslused, mikroobide koostoimed, biokontroll\n\t\t\t\t\t\t<\/button>\n\t\t\t\t\t<\/h2>\n\t\t\t\t\t<div id=\"accordion-69ff9b5913a90-collapse-6\" class=\"accordion-collapse collapse \" aria-labelledby=\"accordion-69ff9b5913a90-heading-6\">\n\t\t\t\t\t\t<div class=\"accordion-body\">\n\t\t\t\t\t\t\t<ul>\n<li>Seenekasvatuse j\u00e4\u00e4kidega seotud bakterikooslused<\/li>\n<li>Mikroseente roll bakterite levimisel ja ellu j\u00e4\u00e4misel mullas<\/li>\n<\/ul>\n<p>Lisainfo teadust\u00f6\u00f6 ja publikatsioonide kohta: <strong><a href=\"https:\/\/www.etis.ee\/CV\/Mari_Pent\/est\/\">ETIS<\/a><\/strong><b><\/b><strong><br>\n<\/strong>K\u00fcsimuste v\u00f5i huvi korral kirjuta: <strong><a href=\"mailto:mari.pent@ut.ee\">mari.pent@ut.ee<\/a><\/strong><\/p>\n\n\t\t\t\t\t\t<\/div>\n\t\t\t\t\t<\/div>\n\t\t\t\t<\/div>\n\t\t\t\t\t\t\t<div class=\"accordion-item accordion-item--white\">\n\t\t\t\t\t<h2 class=\"accordion-header\" id=\"accordion-69ff9b5913a90-heading-7\">\n\t\t\t\t\t\t<button class=\"accordion-button collapsed\" type=\"button\" data-bs-toggle=\"collapse\" data-bs-target=\"#accordion-69ff9b5913a90-collapse-7\" aria-expanded=\"true\" aria-controls=\"accordion-69ff9b5913a90-collapse-7\">\n\t\t\t\t\t\t\tKadri P\u00f5ldmaa \u2013 seenpatogeenid, f\u00fctopatoloogia, molekulaartaksonoomia, parasiitsed seened\n\t\t\t\t\t\t<\/button>\n\t\t\t\t\t<\/h2>\n\t\t\t\t\t<div id=\"accordion-69ff9b5913a90-collapse-7\" class=\"accordion-collapse collapse \" aria-labelledby=\"accordion-69ff9b5913a90-heading-7\">\n\t\t\t\t\t\t<div class=\"accordion-body\">\n\t\t\t\t\t\t\t<ul>\n<li dir=\"ltr\">Taimede haigustekitajate mitmekesisus ja seire<\/li>\n<li dir=\"ltr\">Parasiitseente m\u00e4\u00e4ramismeetodid<\/li>\n<li dir=\"ltr\">Molekulaardiagnostika rakendamine f\u00fctopatoloogias<\/li>\n<li dir=\"ltr\">Obligaatsed ja oportunistlikud seenpatogeenid putukatel<\/li>\n<\/ul>\n<p>Lisainfo teadust\u00f6\u00f6 ja publikatsioonide kohta: <strong><a href=\"https:\/\/www.etis.ee\/CV\/Kadri_P%C3%B5ldmaa\/est\/\">ETIS<\/a><\/strong><strong><br>\n<\/strong>K\u00fcsimuste v\u00f5i huvi korral kirjuta: <strong><a href=\"mailto:kadri.poldmaa@ut.ee\">kadri.poldmaa@ut.ee<\/a><\/strong><\/p>\n\n\t\t\t\t\t\t<\/div>\n\t\t\t\t\t<\/div>\n\t\t\t\t<\/div>\n\t\t\t\t\t\t\t<div class=\"accordion-item accordion-item--white\">\n\t\t\t\t\t<h2 class=\"accordion-header\" id=\"accordion-69ff9b5913a90-heading-8\">\n\t\t\t\t\t\t<button class=\"accordion-button collapsed\" type=\"button\" data-bs-toggle=\"collapse\" data-bs-target=\"#accordion-69ff9b5913a90-collapse-8\" aria-expanded=\"true\" aria-controls=\"accordion-69ff9b5913a90-collapse-8\">\n\t\t\t\t\t\t\tAve Suija \u2013 samblikud, s\u00fcmbiootilised suhted, parasiitseened, liigirikkuse mustrid\n\t\t\t\t\t\t<\/button>\n\t\t\t\t\t<\/h2>\n\t\t\t\t\t<div id=\"accordion-69ff9b5913a90-collapse-8\" class=\"accordion-collapse collapse \" aria-labelledby=\"accordion-69ff9b5913a90-heading-8\">\n\t\t\t\t\t\t<div class=\"accordion-body\">\n\t\t\t\t\t\t\t<ul style=\"margin-bottom: 0cm;\" type=\"disc\">\n<li>Seente ja vetikate (v\u00f5i fotos\u00fcnteesivate bakterite) vaheliste suhete mitmekesisusest looduses<\/li>\n<li>\u00dclevaade samblike s\u00fcnteesist in vitro<\/li>\n<li>Veesamblike liigirikkus ja seos keskkonnaparameetritega Eesti materjalide p\u00f5hja<\/li>\n<li>\n<div class=\"\"><span class=\"\" style=\"color: #4b4b4b; font-family: Rubik, sans-serif; font-size: medium;\"><span class=\"\">\u00dche seente viljakehadel eluneva kottseene \u2013 Chaenotricha \u00a0\u2013 bioloogiast<\/span><\/span><\/div>\n<\/li>\n<li>\n<div class=\"\"><span class=\"\" style=\"color: #4b4b4b; font-family: Rubik, sans-serif; font-size: medium;\">Samblike biontide eluj\u00f5ulisuse hindamine erinevate seenparasiitide nakkuse korral (meetod(id))<\/span><\/div>\n<\/li>\n<li>\n<div class=\"\"><span class=\"\" style=\"color: #4b4b4b; font-family: Rubik, sans-serif; font-size: medium;\">Samblikel parasiteerivate seente mitmekesisusest<\/span><\/div>\n<\/li>\n<li>Tartu parklates seisvatele autoromudele kujunenud samblike- ja samblakooslustest (vaatlustel p\u00f5hinev t\u00f6\u00f6)<\/li>\n<\/ul>\n<p>Lisainfo teadust\u00f6\u00f6 ja publikatsioonide kohta: <b><a href=\"https:\/\/www.etis.ee\/CV\/Ave_Suija\/est\/\">ETIS<\/a><\/b><strong><br>\n<\/strong>K\u00fcsimuste v\u00f5i huvi korral kirjuta: <b><a href=\"mailto:ave.suija@ut.ee\">ave.suija@ut.ee<\/a><\/b><\/p>\n\n\t\t\t\t\t\t<\/div>\n\t\t\t\t\t<\/div>\n\t\t\t\t<\/div>\n\t\t\t\t\t\t\t<div class=\"accordion-item accordion-item--white\">\n\t\t\t\t\t<h2 class=\"accordion-header\" id=\"accordion-69ff9b5913a90-heading-9\">\n\t\t\t\t\t\t<button class=\"accordion-button collapsed\" type=\"button\" data-bs-toggle=\"collapse\" data-bs-target=\"#accordion-69ff9b5913a90-collapse-9\" aria-expanded=\"true\" aria-controls=\"accordion-69ff9b5913a90-collapse-9\">\n\t\t\t\t\t\t\tLeho Tedersoo \u2013 mullamikroorganismid, globaalne elurikkus, m\u00fckoriisaseened, bioinformaatika\n\t\t\t\t\t\t<\/button>\n\t\t\t\t\t<\/h2>\n\t\t\t\t\t<div id=\"accordion-69ff9b5913a90-collapse-9\" class=\"accordion-collapse collapse \" aria-labelledby=\"accordion-69ff9b5913a90-heading-9\">\n\t\t\t\t\t\t<div class=\"accordion-body\">\n\t\t\t\t\t\t\t<ul style=\"margin-bottom: 0cm;\" type=\"disc\">\n<li>Eesti protistide, bakterite ja arhede elurikkus<\/li>\n<li>\u201eHuvitavate\u201c seeneperekondade globaalne biogeograafia<\/li>\n<li>Mulla- ja vee mikroorganismide sarnasused ja erinevused<\/li>\n<li>Taasmetsastamise parimad viisid elurikkuse aspektist<\/li>\n<li>\u00dclevaade Eestisse sissetoodud seentest<\/li>\n<li>Meetodid m\u00fckoriisaseente eluskultuuride tegemiseks ja s\u00e4ilitamiseks<\/li>\n<li>Metsa- ja niidukoosluste majandamise m\u00f5ju mullas\u00fcsiniku sidumisele<\/li>\n<li>Bioinformaatika v\u00f5i statistika meetodite v\u00f5rdlus elurikkuse anal\u00fc\u00fcsides<\/li>\n<li>Kas taimede elurikkus m\u00f5jutab seente elurikkust v\u00f5i vastupidi?<\/li>\n<li>Bioloogiliste interaktsioonide t\u00e4htsus kaitsealustel liikidel<\/li>\n<li>Millised on peamised putukatega kaaslevad ja soolestikus elavad seened?<\/li>\n<li>Sulalume mikrobioom ja toiduahelad<\/li>\n<li>Mikroorganismide m\u00f5ju mulla tervisele ja j\u00e4tkusuutlikule p\u00f5llumajandusele<\/li>\n<\/ul>\n<p>Lisainfo teadust\u00f6\u00f6 ja publikatsioonide kohta: <b><a href=\"https:\/\/www.etis.ee\/CV\/Leho_Tedersoo\/est\/\">ETIS<\/a><\/b><\/p>\n<p>K\u00fcsimuste v\u00f5i huvi korral kirjuta: <b><a href=\"mailto:leho.tedersoo@ut.ee\">leho.tedersoo@ut.ee<\/a><\/b><\/p>\n\n\t\t\t\t\t\t<\/div>\n\t\t\t\t\t<\/div>\n\t\t\t\t<\/div>\n\t\t\t\t\t<\/div>\n\t<\/div>\n","protected":false},"excerpt":{"rendered":"<p>VALIK BAKALAUREUSE- JA MAGISTRIT\u00d6\u00d6DE TEEMASID Allpool on esitatud v\u00f5imalikud l\u00f5put\u00f6\u00f6de teemad juhendajate kaupa. Loetelu ei ole ammendav \u2013 enamik teemasid on paindlikud ning neid saab kohandada vastavalt tudengi huvidele ja tasemele. Kui m\u00f5ni uurimissuund k\u00f5netab, aga konkreetset teemat ei leia, &#8230;<\/p>\n","protected":false},"author":163,"featured_media":0,"parent":0,"menu_order":0,"comment_status":"closed","ping_status":"closed","template":"","meta":{"_acf_changed":false,"inline_featured_image":false,"footnotes":""},"class_list":["post-13","page","type-page","status-publish","hentry"],"acf":[],"_links":{"self":[{"href":"https:\/\/sisu.ut.ee\/mykoloogia\/wp-json\/wp\/v2\/pages\/13","targetHints":{"allow":["GET"]}}],"collection":[{"href":"https:\/\/sisu.ut.ee\/mykoloogia\/wp-json\/wp\/v2\/pages"}],"about":[{"href":"https:\/\/sisu.ut.ee\/mykoloogia\/wp-json\/wp\/v2\/types\/page"}],"author":[{"embeddable":true,"href":"https:\/\/sisu.ut.ee\/mykoloogia\/wp-json\/wp\/v2\/users\/163"}],"replies":[{"embeddable":true,"href":"https:\/\/sisu.ut.ee\/mykoloogia\/wp-json\/wp\/v2\/comments?post=13"}],"version-history":[{"count":26,"href":"https:\/\/sisu.ut.ee\/mykoloogia\/wp-json\/wp\/v2\/pages\/13\/revisions"}],"predecessor-version":[{"id":113,"href":"https:\/\/sisu.ut.ee\/mykoloogia\/wp-json\/wp\/v2\/pages\/13\/revisions\/113"}],"wp:attachment":[{"href":"https:\/\/sisu.ut.ee\/mykoloogia\/wp-json\/wp\/v2\/media?parent=13"}],"curies":[{"name":"wp","href":"https:\/\/api.w.org\/{rel}","templated":true}]}}