{"id":12,"date":"2024-04-04T07:10:56","date_gmt":"2024-04-04T04:10:56","guid":{"rendered":"https:\/\/sisu.ut.ee\/mykoloogia\/tudengitele\/"},"modified":"2026-04-21T09:45:51","modified_gmt":"2026-04-21T06:45:51","slug":"tudengitele","status":"publish","type":"page","link":"https:\/\/sisu.ut.ee\/mykoloogia\/tudengitele\/","title":{"rendered":"Tudengitele"},"content":{"rendered":"<p>Pakume tudengitele praktikav\u00f5imalust \u2013 huvi korral v\u00f5ta \u00fchendust!<\/p>\n\n\n\n<figure class=\"wp-block-image size-large\"><img loading=\"lazy\" decoding=\"async\" width=\"1024\" height=\"743\" src=\"https:\/\/sisu.ut.ee\/wp-content\/uploads\/sites\/488\/1644924325661-1024x743.jpg\" alt=\"\" class=\"wp-image-89\" srcset=\"https:\/\/sisu.ut.ee\/wp-content\/uploads\/sites\/488\/1644924325661-1024x743.jpg 1024w, https:\/\/sisu.ut.ee\/wp-content\/uploads\/sites\/488\/1644924325661-300x218.jpg 300w, https:\/\/sisu.ut.ee\/wp-content\/uploads\/sites\/488\/1644924325661-768x557.jpg 768w, https:\/\/sisu.ut.ee\/wp-content\/uploads\/sites\/488\/1644924325661-1920x1393.jpg 1920w\" sizes=\"auto, (max-width: 1024px) 100vw, 1024px\"><\/figure>\n\n\n\n<div class=\"wp-block-buttons is-layout-flex wp-block-buttons-is-layout-flex\">\n<div class=\"wp-block-button\"><a class=\"wp-block-button__link wp-element-button\" href=\"https:\/\/sisu.ut.ee\/wp-content\/uploads\/sites\/488\/voldik.pdf\" target=\"_blank\" rel=\"noreferrer noopener\">Vaata l\u00f5put\u00f6\u00f6v\u00f5imaluste voldikut (PDF)<\/a><\/div>\n<\/div>\n","protected":false},"excerpt":{"rendered":"<p>Pakume tudengitele praktikav\u00f5imalust \u2013 huvi korral v\u00f5ta \u00fchendust!<\/p>\n","protected":false},"author":163,"featured_media":0,"parent":0,"menu_order":0,"comment_status":"closed","ping_status":"closed","template":"","meta":{"_acf_changed":false,"inline_featured_image":false,"footnotes":""},"class_list":["post-12","page","type-page","status-publish","hentry"],"acf":[],"_links":{"self":[{"href":"https:\/\/sisu.ut.ee\/mykoloogia\/wp-json\/wp\/v2\/pages\/12","targetHints":{"allow":["GET"]}}],"collection":[{"href":"https:\/\/sisu.ut.ee\/mykoloogia\/wp-json\/wp\/v2\/pages"}],"about":[{"href":"https:\/\/sisu.ut.ee\/mykoloogia\/wp-json\/wp\/v2\/types\/page"}],"author":[{"embeddable":true,"href":"https:\/\/sisu.ut.ee\/mykoloogia\/wp-json\/wp\/v2\/users\/163"}],"replies":[{"embeddable":true,"href":"https:\/\/sisu.ut.ee\/mykoloogia\/wp-json\/wp\/v2\/comments?post=12"}],"version-history":[{"count":5,"href":"https:\/\/sisu.ut.ee\/mykoloogia\/wp-json\/wp\/v2\/pages\/12\/revisions"}],"predecessor-version":[{"id":112,"href":"https:\/\/sisu.ut.ee\/mykoloogia\/wp-json\/wp\/v2\/pages\/12\/revisions\/112"}],"wp:attachment":[{"href":"https:\/\/sisu.ut.ee\/mykoloogia\/wp-json\/wp\/v2\/media?parent=12"}],"curies":[{"name":"wp","href":"https:\/\/api.w.org\/{rel}","templated":true}]}}