{"id":11,"date":"2024-04-04T07:10:56","date_gmt":"2024-04-04T04:10:56","guid":{"rendered":"https:\/\/sisu.ut.ee\/mykoloogia\/elurikkuse-informaatika\/"},"modified":"2024-04-04T07:11:00","modified_gmt":"2024-04-04T04:11:00","slug":"elurikkuse-informaatika","status":"publish","type":"page","link":"https:\/\/sisu.ut.ee\/mykoloogia\/elurikkuse-informaatika\/","title":{"rendered":"Elurikkuse informaatika"},"content":{"rendered":"<p>\n\tElurikkuse informaatika suuna teadust\u00f6\u00f6 keskendub peamiselt j\u00e4rgmistele teemadele:\n<\/p>\n<ul>\n<li>\n\t\tGlobaalsed andmebaasid\n\t<\/li>\n<li>\n\t\tBioinformaatilised rakendused uue p\u00f5lvkonna sekveneerimisandmete anal\u00fc\u00fcsiks\n\t<\/li>\n<li>\n\t\tSeente genoomide kokkupanek, annoteerimine ja v\u00f5rdlus\n\t<\/li>\n<li>\n\t\tLagundamist ja farmakoloogilisi omadusi p\u00f5hjustavate geenide tuvastamine genoomidest\n\t<\/li>\n<li>\n\t\tTroopiliste ja parasv\u00f6\u00f6tme seente genoomide v\u00f5rdlus\n\t<\/li>\n<\/ul>\n","protected":false},"excerpt":{"rendered":"<p>Elurikkuse informaatika suuna teadust\u00f6\u00f6 keskendub peamiselt j\u00e4rgmistele teemadele: Globaalsed andmebaasid Bioinformaatilised rakendused uue p\u00f5lvkonna sekveneerimisandmete anal\u00fc\u00fcsiks Seente genoomide kokkupanek, annoteerimine ja v\u00f5rdlus Lagundamist ja farmakoloogilisi omadusi p\u00f5hjustavate geenide tuvastamine genoomidest Troopiliste ja parasv\u00f6\u00f6tme seente genoomide v\u00f5rdlus<\/p>\n","protected":false},"author":163,"featured_media":0,"parent":0,"menu_order":0,"comment_status":"closed","ping_status":"closed","template":"","meta":{"_acf_changed":false,"inline_featured_image":false,"footnotes":""},"class_list":["post-11","page","type-page","status-publish","hentry"],"acf":[],"_links":{"self":[{"href":"https:\/\/sisu.ut.ee\/mykoloogia\/wp-json\/wp\/v2\/pages\/11","targetHints":{"allow":["GET"]}}],"collection":[{"href":"https:\/\/sisu.ut.ee\/mykoloogia\/wp-json\/wp\/v2\/pages"}],"about":[{"href":"https:\/\/sisu.ut.ee\/mykoloogia\/wp-json\/wp\/v2\/types\/page"}],"author":[{"embeddable":true,"href":"https:\/\/sisu.ut.ee\/mykoloogia\/wp-json\/wp\/v2\/users\/163"}],"replies":[{"embeddable":true,"href":"https:\/\/sisu.ut.ee\/mykoloogia\/wp-json\/wp\/v2\/comments?post=11"}],"version-history":[{"count":1,"href":"https:\/\/sisu.ut.ee\/mykoloogia\/wp-json\/wp\/v2\/pages\/11\/revisions"}],"predecessor-version":[{"id":34,"href":"https:\/\/sisu.ut.ee\/mykoloogia\/wp-json\/wp\/v2\/pages\/11\/revisions\/34"}],"wp:attachment":[{"href":"https:\/\/sisu.ut.ee\/mykoloogia\/wp-json\/wp\/v2\/media?parent=11"}],"curies":[{"name":"wp","href":"https:\/\/api.w.org\/{rel}","templated":true}]}}