{"id":8,"date":"2024-04-04T04:15:37","date_gmt":"2024-04-04T01:15:37","guid":{"rendered":"https:\/\/sisu.ut.ee\/mutlimodal\/publikatsioonid\/"},"modified":"2024-06-12T12:49:27","modified_gmt":"2024-06-12T09:49:27","slug":"publikatsioonid","status":"publish","type":"page","link":"https:\/\/sisu.ut.ee\/mutlimodal\/publikatsioonid\/","title":{"rendered":"Publikatsioonid"},"content":{"rendered":"<p><span><strong>Teaduslikud artiklid rahvusvahelise levikuga eelretsenseeritavates v\u00e4ljaannetes:<\/strong><\/span><\/p>\n<p style=\"text-align: justify;\"><span><strong>Tenjes, Silvi <\/strong>(2017) Mentaalsete mudelite avardamine multimodaalsete suhtlusviiside kaudu: kasu ennastjuhtivale \u00f5ppijale. \u2013 <em>S\u00f5jateadlane \/ Estonian Journal of Military Studies<\/em> 4, 208\u2013236. <a href=\"http:\/\/www.ksk.edu.ee\/publikatsioonid\"><span>www.ksk.edu.ee\/publikatsioonid<\/span><\/a> (16.08.2017)<\/span><\/p>\n<p>Vt teisi\u00a0<a href=\"https:\/\/sisu.ut.ee\/wp-content\/uploads\/sites\/273\/musu-publikatsioonid-1.pdf\">musu-publikatsioonid-1.pdf<\/a><\/p>\n<p><span><strong>Muud teaduslikud publikatsioonid:<\/strong><\/span><\/p>\n<p style=\"text-align: justify;\"><span><strong>P\u00f5ldsaar, Raili\u00a0<\/strong>(2007) Discursive (Dis)Connections:\u00a0Framing Gender Equality inAmerican and Estonian Public Discourse.\u00a0\u2013\u00a0<em>Communities and Connections: Writings in North American Studies<\/em>. A. Helo (Eds.).\u00a0Helsinki: University of Helsinki,\u00a0123\u2013136.<\/span><\/p>\n<p><span>Vt teisi<\/span>\u00a0<a href=\"https:\/\/sisu.ut.ee\/wp-content\/uploads\/sites\/273\/musu-muud-teaduslikud-publikatsioonid.pdf\">musu-muud-teaduslikud-publikatsioonid.pdf<\/a><\/p>\n<p><span><strong>Populaarteaduslikud:<\/strong><\/span><\/p>\n<p style=\"text-align: justify;\"><span><strong>Tenjes, Silvi<\/strong> (2017)<strong>\u00a0<\/strong>\u017dest multimodaalsel t\u00e4hendusv\u00e4ljal. \u2013 P\u00e4rnu n\u00fc\u00fcdismuusika p\u00e4evad (PNP) \/ P\u00e4rnu Contemporary Music Days 2017. PERFORMATIIVSUS 4 \/ PERFORMATIVITY 4: \u017dest ja muusika \/ Gesture and music (Eesti Arnold Sch\u00f6nbergi \u00dching, P\u00e4rnu), 14.01.2017<\/span> <a href=\"http:\/\/www.schoenberg.ee\/index2.php\/index.php?sitesig=SB&amp;page=SB_060_Arhiiv&amp;subpage=ARH_PNP_2017\">http:\/\/www.schoenberg.ee\/index2.php\/index.php?sitesig=SB&amp;page=SB_060_Arhiiv&amp;subpage=ARH_PNP_2017<\/a> <span>(01.02.2017)<\/span><\/p>\n<p><span>Vt teisi<\/span>\u00a0<a href=\"https:\/\/sisu.ut.ee\/wp-content\/uploads\/sites\/273\/musu-populaarteaduslikud.pdf\">musu-populaarteaduslikud.pdf<\/a><\/p>\n<p><span><strong>Vt veel MUSU-teema kohta:<\/strong><\/span><\/p>\n<p style=\"text-align: justify;\"><span><strong>Hiiem\u00e4e, Reet<\/strong>\u00a0(2015) Mitteverbaalne s\u00fcndmus kui usundilise jutuloome osa. \u2013\u00a0<em>M\u00e4<\/em><em>eta<\/em><em>gused<\/em>\u00a062 (H\u00fcperajakiri), 7\u201324.\u00a0<em>&lt;<\/em>www.folklore.ee\/tagused\/nr62\/download.php<em>&gt;<\/em>(30.10.2016)<\/span><\/p>\n<p><span><strong>Eva Ingerpuu-R\u00fcmmel 2014:<\/strong><\/span><\/p>\n<p><span>http:\/\/samm.ut.ee\/multimodaalse-diskursuse-analyys<\/span><\/p>\n<p><span><strong>Blogi: jeesusjalutasallveelaeval.blogspot.com.ee:<\/strong><\/span><\/p>\n<p><span>http:\/\/jeesusjalutasallveelaeval.blogspot.com.ee\/2011\/12\/suhtluse-reguleerimine-nao-kaudu.html<\/span><\/p>\n<p><span><strong>Novaator:<\/strong><\/span><\/p>\n<p><span>http:\/\/www.novaator.ee\/ET\/inimene\/inimeste_suhtlemine_mida_sealt_ikkagi_saab_valja_lugeda\/<\/span><\/p>\n","protected":false},"excerpt":{"rendered":"<p>Teaduslikud artiklid rahvusvahelise levikuga eelretsenseeritavates v\u00e4ljaannetes: Tenjes, Silvi (2017) Mentaalsete mudelite avardamine multimodaalsete suhtlusviiside kaudu: kasu ennastjuhtivale \u00f5ppijale. \u2013 S\u00f5jateadlane \/ Estonian Journal of Military Studies 4, 208\u2013236. www.ksk.edu.ee\/publikatsioonid (16.08.2017) Vt teisi\u00a0musu-publikatsioonid-1.pdf Muud teaduslikud publikatsioonid: P\u00f5ldsaar, Raili\u00a0(2007) Discursive (Dis)Connections:\u00a0Framing Gender &#8230;<\/p>\n","protected":false},"author":143,"featured_media":0,"parent":0,"menu_order":0,"comment_status":"closed","ping_status":"closed","template":"","meta":{"_acf_changed":false,"inline_featured_image":false,"footnotes":""},"class_list":["post-8","page","type-page","status-publish","hentry"],"acf":[],"_links":{"self":[{"href":"https:\/\/sisu.ut.ee\/mutlimodal\/wp-json\/wp\/v2\/pages\/8","targetHints":{"allow":["GET"]}}],"collection":[{"href":"https:\/\/sisu.ut.ee\/mutlimodal\/wp-json\/wp\/v2\/pages"}],"about":[{"href":"https:\/\/sisu.ut.ee\/mutlimodal\/wp-json\/wp\/v2\/types\/page"}],"author":[{"embeddable":true,"href":"https:\/\/sisu.ut.ee\/mutlimodal\/wp-json\/wp\/v2\/users\/143"}],"replies":[{"embeddable":true,"href":"https:\/\/sisu.ut.ee\/mutlimodal\/wp-json\/wp\/v2\/comments?post=8"}],"version-history":[{"count":2,"href":"https:\/\/sisu.ut.ee\/mutlimodal\/wp-json\/wp\/v2\/pages\/8\/revisions"}],"predecessor-version":[{"id":42,"href":"https:\/\/sisu.ut.ee\/mutlimodal\/wp-json\/wp\/v2\/pages\/8\/revisions\/42"}],"wp:attachment":[{"href":"https:\/\/sisu.ut.ee\/mutlimodal\/wp-json\/wp\/v2\/media?parent=8"}],"curies":[{"name":"wp","href":"https:\/\/api.w.org\/{rel}","templated":true}]}}