{"id":6,"date":"2024-04-04T04:15:37","date_gmt":"2024-04-04T01:15:37","guid":{"rendered":"https:\/\/sisu.ut.ee\/mutlimodal\/loengukursused\/"},"modified":"2024-04-04T04:15:40","modified_gmt":"2024-04-04T01:15:40","slug":"loengukursused","status":"publish","type":"page","link":"https:\/\/sisu.ut.ee\/mutlimodal\/loengukursused\/","title":{"rendered":"Loengukursused"},"content":{"rendered":"<h2><span style=\"color: #000000\"><strong>PhD ained:<\/strong><\/span><\/h2>\n<p style=\"text-align: justify\"><strong><\/strong><span style=\"color: #000000\"><strong>FLEE.04.184. Suhtlusandmete anal\u00fc\u00fcs ja anal\u00fc\u00fcsi meetodid<\/strong><strong>\u00a0<\/strong>(3+3 EAP) (Silvi Tenjes, Raili Marling) 2008\/2009\u20132014.<\/span><\/p>\n<p style=\"text-align: justify\"><span style=\"color: #000000\">Kursuse eesm\u00e4rk on anda s\u00fcsteemne \u00fclevaade suuliste ja kirjalike suhtlusandmete anal\u00fc\u00fcsi meetoditest ja multimodaalse suhtluse valdkonnast. (The purpose is to give a systematic overview of methods used for analysis of spoken and written communication data and of the field of multimodal communication.)<\/span><\/p>\n<p style=\"text-align: justify\"><span style=\"color: #000000\"><strong>FLGR.04.283\u00a0Tekst kui filoloogilise uurimist\u00f6\u00f6 objek<\/strong><strong>t<\/strong>\u00a0(6 EAP) (Raili Marling, Janika P\u00e4ll jt)<\/span><\/p>\n<p style=\"text-align: justify\"><span style=\"color: #000000\">Kursus k\u00e4sitleb teksti kui erinevate filoloogiliste teadusharude uurimisobjekti ning tutvustab interdistsiplinaarseid l\u00e4henemisi tekstide uurimisele. (The course focuses on text as the object of study<strong>\u00a0<\/strong>in different sub-fields of philology and introduces interdisciplinary approaches to the study of texts.)<\/span><\/p>\n<h2><span style=\"color: #000000\"><strong>MA ained:<\/strong><\/span><\/h2>\n<p style=\"text-align: justify\"><span style=\"color: #000000\"><strong>FLEE.08.066.\u00a0Kommunikatsiooniteooriad<\/strong><strong>\u00a0<\/strong>(3 EAP) (Silvi Tenjes) 2005\/2006\u20132014.<\/span><\/p>\n<p style=\"text-align: justify\"><span style=\"color: #000000\">Kursuse eesm\u00e4rk on anda teadmisi kommunikatsiooni arengust l\u00e4bi evolutsiooni ja kultuuri, sh teadmisi inimsuhtluse arengust. (The subject will proffer knowledge of the development of communication through evolution and culture, including the development of human communication.)<\/span><\/p>\n<p style=\"text-align: justify\"><span style=\"color: #000000\"><strong>FLGR.01.181. Diskursuseanal\u00fc\u00fcsi seminar <\/strong>(3 EAP) (Raili Marling)<\/span><\/p>\n<p style=\"text-align: justify\"><span style=\"color: #000000\">Kursuse eesm\u00e4rgiks on tutvustada diskursuse m\u00f5istet ja selle rakendamisv\u00f5imalusi erinevates (v\u00f5\u00f5r)filoloogia alavaldkondades. (The course introduces the concept of discourse and the range of its applications in different subfields of (foreign)philology studies.)<\/span><\/p>\n<p style=\"text-align: justify\"><span style=\"color: #000000\"><strong>FLGR.01.189\u00a0Briti ja ameerika kultuuri- ja kommunikatsiooniteooriad\u00a0<\/strong>(3 EAP) (Raili Marling)<\/span><\/p>\n<p style=\"text-align: justify\"><span style=\"color: #000000\">Kursus tutvustab kaasaegseid briti ja ameerika kultuuri- ja kommunikatsiooniteooriaid ning nende rakendamist erinevate inglise filoloogia aspektide (inglise keel, inglise keeles kirjutatud kirjandus, inglise keelt k\u00f5nelevate maade kultuur) anal\u00fc\u00fcsiks.<\/span><\/p>\n<p style=\"text-align: justify\"><span style=\"color: #000000\"><\/span><\/p>\n<h2><span style=\"color: #000000\"><strong>BA ained:<\/strong><\/span><\/h2>\n<p style=\"text-align: justify\"><span style=\"color: #000000\"><strong>FLEE.04.180. Eesti keele semantika p\u00f5hikursus\u00a0<\/strong>(3 EAP) (Silvi Tenjes) 2012\/2013\u20132014.<\/span><\/p>\n<p style=\"text-align: justify\"><span style=\"color: #000000\">Eesm\u00e4rk:<strong>\u00a0<\/strong>anda \u00fclevaade eesti keele semantikast. (The purpose is to give an overview of Estonian semantics.)<\/span><\/p>\n<p style=\"text-align: justify\"><span style=\"color: #000000\"><strong>FLGR.01.203.\u00a0Briti ja ameerika k\u00e4sitlused keelest ja soost<\/strong>\u00a0(3 EAP) (Raili Marling) 2008\/2009\u20132013.<\/span><\/p>\n<p style=\"text-align: justify\"><span style=\"color: #000000\">Kursuse eesm\u00e4rgiks on n\u00e4idata, kuidas keel kujutab mehi ja naisi ning kuidas keelt kasutatakse teatud naiselikkuste ja mehelikkuste loomiseks. (The aim of the course is to discuss how language represents and speaks men and women and what consequences it has for men\u2019s and women\u2019s position in the public and private spheres of life.)<\/span><\/p>\n<p style=\"text-align: justify\"><span style=\"color: #000000\"><\/span><\/p>\n","protected":false},"excerpt":{"rendered":"<p>PhD ained: FLEE.04.184. Suhtlusandmete anal\u00fc\u00fcs ja anal\u00fc\u00fcsi meetodid\u00a0(3+3 EAP) (Silvi Tenjes, Raili Marling) 2008\/2009\u20132014. Kursuse eesm\u00e4rk on anda s\u00fcsteemne \u00fclevaade suuliste ja kirjalike suhtlusandmete anal\u00fc\u00fcsi meetoditest ja multimodaalse suhtluse valdkonnast. (The purpose is to give a systematic overview of methods &#8230;<\/p>\n","protected":false},"author":143,"featured_media":0,"parent":0,"menu_order":0,"comment_status":"closed","ping_status":"closed","template":"","meta":{"_acf_changed":false,"inline_featured_image":false,"footnotes":""},"class_list":["post-6","page","type-page","status-publish","hentry"],"acf":[],"_links":{"self":[{"href":"https:\/\/sisu.ut.ee\/mutlimodal\/wp-json\/wp\/v2\/pages\/6","targetHints":{"allow":["GET"]}}],"collection":[{"href":"https:\/\/sisu.ut.ee\/mutlimodal\/wp-json\/wp\/v2\/pages"}],"about":[{"href":"https:\/\/sisu.ut.ee\/mutlimodal\/wp-json\/wp\/v2\/types\/page"}],"author":[{"embeddable":true,"href":"https:\/\/sisu.ut.ee\/mutlimodal\/wp-json\/wp\/v2\/users\/143"}],"replies":[{"embeddable":true,"href":"https:\/\/sisu.ut.ee\/mutlimodal\/wp-json\/wp\/v2\/comments?post=6"}],"version-history":[{"count":1,"href":"https:\/\/sisu.ut.ee\/mutlimodal\/wp-json\/wp\/v2\/pages\/6\/revisions"}],"predecessor-version":[{"id":33,"href":"https:\/\/sisu.ut.ee\/mutlimodal\/wp-json\/wp\/v2\/pages\/6\/revisions\/33"}],"wp:attachment":[{"href":"https:\/\/sisu.ut.ee\/mutlimodal\/wp-json\/wp\/v2\/media?parent=6"}],"curies":[{"name":"wp","href":"https:\/\/api.w.org\/{rel}","templated":true}]}}