{"id":4,"date":"2024-04-04T04:15:37","date_gmt":"2024-04-04T01:15:37","guid":{"rendered":"https:\/\/sisu.ut.ee\/mutlimodal\/grandid\/"},"modified":"2024-04-04T04:15:40","modified_gmt":"2024-04-04T01:15:40","slug":"grandid","status":"publish","type":"page","link":"https:\/\/sisu.ut.ee\/mutlimodal\/grandid\/","title":{"rendered":"Grandid"},"content":{"rendered":"<p style=\"text-align: justify\"><span style=\"color: #000000\">Kaitsev\u00e4e \u00dchendatud \u00d5ppeasutuste riikliku programmi E-002 raames projekt E-003 \u201eInteraktsioonilise teadlikkuse arendamine s\u00f5jalistel juhtidel\u201c (\u201cDeveloping Interactive Awareness in Military Leaders\u201d) (01.01.2018\u201331.12.2021), vastutav t\u00e4itja Silvi Tenjes.<\/span><\/p>\n<p style=\"text-align: justify\"><span style=\"color: #000000\">Eesti Teadusfondi grant nr 8008 (ETF8008) \u201eMultimodaalse suhtluse struktuur ja suhtlusstrateegiate valik\u201c (\u201cThe structure of multimodal communication and the choice of communication strategies\u201d) (2009\u20132012), vastutav t\u00e4itja Silvi Tenjes.<\/span><\/p>\n<p style=\"text-align: justify\"><span style=\"color: #000000\">Eesti Teadusfondi grant nr 5519 (ETF5519) \u201e\u017destide kommunikatiivsed ja sotsiokultuurilised aspektid\u201c\u00a0(\u201cHand gestures and their communicative and sociocultural aspects\u201d)\u00a0(2003\u20132006), vastutav t\u00e4itja Silvi Tenjes.<\/span><\/p>\n<p style=\"text-align: justify\"><span style=\"color: #000000\">Sihtfinantseeritava grandi SF0181778s01 \u201cKommunikatsiooniprotsesside lingvistilised ja kultuurilis-ps\u00fchholoogilised aspektid muutuvas maailmas\u201d p\u00f5hit\u00e4itja 01.03.2002\u201331.12.2003 (vastutav t\u00e4itja Krista Vogelberg).<\/span><\/p>\n<p><span style=\"color: #000000\"><strong>Seotud grandid<\/strong><\/span><\/p>\n<p style=\"text-align: justify\"><span style=\"color: #000000\">Eesti Teadusfondi grant nr 8958 (ETF8958) \u201eMultimodaalne suhtlus \u2013 videoandmete kogumise, anal\u00fc\u00fcsi ja kasutamise kultuuridevahelised ja tehnoloogilised aspektid\u201c (\u201cMultimodal Interaction \u2013 intercultural and technological aspects of videodata collection, analysis, and use\u201c) (2011\u20132015), vastutav t\u00e4itja P\u00e4ivi Kristiina Jokinen.<\/span><\/p>\n","protected":false},"excerpt":{"rendered":"<p>Kaitsev\u00e4e \u00dchendatud \u00d5ppeasutuste riikliku programmi E-002 raames projekt E-003 \u201eInteraktsioonilise teadlikkuse arendamine s\u00f5jalistel juhtidel\u201c (\u201cDeveloping Interactive Awareness in Military Leaders\u201d) (01.01.2018\u201331.12.2021), vastutav t\u00e4itja Silvi Tenjes. Eesti Teadusfondi grant nr 8008 (ETF8008) \u201eMultimodaalse suhtluse struktuur ja suhtlusstrateegiate valik\u201c (\u201cThe structure of &#8230;<\/p>\n","protected":false},"author":143,"featured_media":0,"parent":0,"menu_order":0,"comment_status":"closed","ping_status":"closed","template":"","meta":{"_acf_changed":false,"inline_featured_image":false,"footnotes":""},"class_list":["post-4","page","type-page","status-publish","hentry"],"acf":[],"_links":{"self":[{"href":"https:\/\/sisu.ut.ee\/mutlimodal\/wp-json\/wp\/v2\/pages\/4","targetHints":{"allow":["GET"]}}],"collection":[{"href":"https:\/\/sisu.ut.ee\/mutlimodal\/wp-json\/wp\/v2\/pages"}],"about":[{"href":"https:\/\/sisu.ut.ee\/mutlimodal\/wp-json\/wp\/v2\/types\/page"}],"author":[{"embeddable":true,"href":"https:\/\/sisu.ut.ee\/mutlimodal\/wp-json\/wp\/v2\/users\/143"}],"replies":[{"embeddable":true,"href":"https:\/\/sisu.ut.ee\/mutlimodal\/wp-json\/wp\/v2\/comments?post=4"}],"version-history":[{"count":1,"href":"https:\/\/sisu.ut.ee\/mutlimodal\/wp-json\/wp\/v2\/pages\/4\/revisions"}],"predecessor-version":[{"id":31,"href":"https:\/\/sisu.ut.ee\/mutlimodal\/wp-json\/wp\/v2\/pages\/4\/revisions\/31"}],"wp:attachment":[{"href":"https:\/\/sisu.ut.ee\/mutlimodal\/wp-json\/wp\/v2\/media?parent=4"}],"curies":[{"name":"wp","href":"https:\/\/api.w.org\/{rel}","templated":true}]}}