{"id":43,"date":"2024-04-04T01:18:37","date_gmt":"2024-04-04T01:18:37","guid":{"rendered":"https:\/\/sisu.ut.ee\/multilingual\/3-multilingualism-historical-perspective\/"},"modified":"2024-05-08T14:47:10","modified_gmt":"2024-05-08T11:47:10","slug":"3-multilingualism-historical-perspective","status":"publish","type":"page","link":"https:\/\/sisu.ut.ee\/multilingual\/3-multilingualism-historical-perspective\/","title":{"rendered":"1.3. Multilingualism from a historical perspective"},"content":{"rendered":"<p>Week 1 Part 3 will help you:<\/p>\n<ul>\n<li>become familiar with the history of multilingual practices in Europe,<\/li>\n<li>become familiar with the concept of <em>lingua franca<\/em>.<\/li>\n<\/ul>\n<p>To reach these goals you are expected to:<\/p>\n<ul>\n<li>watch the video that introduces the topic of European multilingual history,<\/li>\n<li>read the paragraphs below to familiarize yourself with the history of multilingual practices in Europe and the <em>lingua francas<\/em> in Europe,<\/li>\n<li>do the quiz to learn some interesting facts about the history of European languages.<\/li>\n<\/ul>\n<h4><img loading=\"lazy\" decoding=\"async\" width=\"50\" height=\"50\" class=\"alignnone wp-image-82\" title=\"pages-video-icon50.png\" src=\"https:\/\/sisu.ut.ee\/wp-content\/uploads\/sites\/283\/pages-video-icon50.png\" alt=\"pages-video-icon50.png\">Video<\/h4>\n<p><\/p><div class=\"ratio ratio-16x9 mb-3\"><div class=\"video-placeholder-wrapper video-placeholder-wrapper--16x9\">\n\t\t\t    <div class=\"video-placeholder d-flex justify-content-center align-items-center\">\n\t\t\t        <div class=\"overlay text-white p-2 w-100 text-center d-block justify-content-center align-items-center\">\n\t\t\t            <div>To view third-party content, please accept cookies.<\/div>\n\t\t\t            <button class=\"btn btn-secondary btn-sm mt-1 consent-change\">Change consent<\/button>\n\t\t\t        <\/div>\n\t\t\t    <\/div>\n\t\t\t<\/div>\n<\/div>\n<h4><img loading=\"lazy\" decoding=\"async\" width=\"50\" height=\"50\" class=\"alignnone wp-image-81\" title=\"pages-book-icon50.png\" src=\"https:\/\/sisu.ut.ee\/wp-content\/uploads\/sites\/283\/pages-book-icon50.png\" alt=\"pages-book-icon50.png\">Reading<\/h4>\n<p><strong>European multilingual history<\/strong><\/p>\n<p style=\"text-align: justify;\">Multilingualism as a policy was adopted at the state level and incorporated into the legal framework of the country. The Austrian-Hungarian Monarchy, linguistically one of the most heterogeneous territories in modern Europe, granted in its constitution equality in school, office and public life to all 14 languages spoken by its citizens. This law gave \u2018linguistic-nationalities\u2019, among other things, the right to establish their own schools and choose the language of instruction, and all citizens the right to use their mother tongue in court. Judges, consequently, had to pronounce verdicts in the language in which they were addressed. To enable this, the Empire began to methodically translate its codes and statutes into its various languages, and compiled its first multilingual legal dictionaries (e.g. a legal dictionary of the juridical and political terminology of all the Slavonic languages of the Austrian-Hungarian monarchy).<\/p>\n<p style=\"text-align: justify;\">On the individual level, plurilingualism was\u00a0very common among the upper classes and court circles of the European societies before 1800. They often used foreign languages in internal as well as international communication, in private as well as public life. The polyglot Emperor of the Holy Roman Empire, Charles V, is known for saying: \u201cI speak Spanish with God, Italian to women, French to men, and German to my horse.\u201d On the other hand, plurilingualism was also seen as a precondition for mastering various tasks in everyday life of the middle and lower classes, as well. To be able to participate in the fields of trade and book-keeping, in church and in court, one had to use languages other than one\u2019s own. However, this was perceived as normal and thus rarely emphasized or even mentioned in (written) sources.<\/p>\n<p style=\"text-align: justify;\"><strong>The \u2018lingua francas\u2019 of Europe<\/strong><\/p>\n<p style=\"text-align: justify;\">Alongside its diverse multilingual practices, Europe has experienced a number of languages which have served as a <em>lingua franca<\/em>. In most cases those were the prestigious languages of the elites with enough political power to impose their language on a large territory (often the whole empire) or a specific field.\u00a0 <strong>The term <em>lingua franca<\/em><\/strong> (in Late Latin: \u2018Frankish language\u2019 or \u2018language of the <a href=\"#\" data-bs-toggle=\"modal\" data-bs-target=\"#popup-modal\" data-title=\"Franks\" data-content=\"The term \u2018Franks\u2019 was applied to all Western Europeans during the late Byzantine Period.\">Franks<\/a>\u2019, sometimes called also <a href=\"#\" data-bs-toggle=\"modal\" data-bs-target=\"#popup-modal\" data-title=\"Sabir\" data-content=\"In the Mediterranean area, Lingua Franca was called also Sabir. The name derived from a Romance base meaning &amp;#8220;to know&amp;#8221;.\">Sabir<\/a>\u00a0), was first used with capital letters (as <em>Lingua Franca<\/em>) during the Middle Ages to describe a specific language, namely a French- and Italian-based jargon or pidgin that was developed by the Crusaders and traders for the purpose of commerce in the eastern Mediterranean and has already died out. Today we use the term generically to describe bridge languages, languages used as a means of communication between populations who use languages that are not mutually intelligible.<\/p>\n<p style=\"text-align: justify;\">In European history, there have been a number of languages dominating either a region or specific walks of life. Latin was not only the lingua franca of the Roman Empire but also of the Roman Catholic Church and science until the 19<sup>th<\/sup> century. From the 11<sup>th<\/sup> to 19<sup>th<\/sup> century, Italian and Proven\u00e7al were used for various commercial activities in the Mediterranean, while Italian was also the language of culture and intellectual elites in general. European diplomatic circles of the 17<sup>th<\/sup>, 18<sup>th<\/sup> and 19<sup>th<\/sup> century communicated predominantly in French. However, after the First and Second World War, English started to take over as the lingua franca of diplomacy. The German language was the dominant official language of the Austro-Hungarian Empire, while Russian was and still is used as the language of interethnic communication in the former parts of the Soviet Union. In fact, it is still understood by a number of people in Eastern and Central Europe. In the multi-ethnic Yugoslavia, a similar role was played by Serbo-Croatian, which ceased to exist after the breakup of Yugoslavia in the early 1990s (Kocbek 2013).<\/p>\n<p style=\"text-align: justify;\">The lingua franca of the 21<sup>st<\/sup> century Europe and the globalised world is English. English as a lingua franca (ELF) is predominantly used by non-native speakers who do not have a common native language and have chosen English as their language of communication. Thus, ELF is mostly used internationally and interculturally, which is why we also talk about \u2018English as an international language\u2019, \u2018English as a global language\u2019, \u2018English as a world language\u2019, \u2018World Englishes\u2019, etc. Due to its global status, English is taught worldwide and promoted as an important linguistic tool that helps individuals and groups function in the contemporary world with success. However, some researchers (Phillipson 1992) criticise the global teaching of English as an act of linguistic imperialism and a threat for widespread multilingual education.<\/p>\n<p>Sources:<\/p>\n<p>Braunm\u00fcller, K., Ferraresi, G. Ed. 2003. <em>Aspects of Multilingualism in European Language History.<\/em> Amsterdam: John Benjamins Publishing Company. Pp. 1-7.<\/p>\n<p>Kocbek, A. (2013). Legal terminology at arm\u2019s length-the multiple dimensions of legal terms.\u00a0<em>Linguistica<\/em>,\u00a0<em>53<\/em>(2), 25-37.<\/p>\n<p>Mar\u00e1cz, L\u00e1szl\u00f3. 2012. \u201cMultilingualism in the Transleithanian Part of the Austro-Hungarian Empire (1867-1918): Policy and Practice\u201d\u00a0<em>Jezikoslovlje\u00a0<\/em>13.2: 269-298.<\/p>\n<p>Phillipson, Robert. 1992. <em>Linguistic imperialism<\/em>. Oxford: OUP.<\/p>\n<div>\n<hr>\n<div>\n<div>\n<\/div>\n<\/div>\n<\/div>\n<h4><img loading=\"lazy\" decoding=\"async\" src=\"\/wp-content\/uploads\/sites\/283\/pages-icon50.png\" width=\"50\" height=\"50\">Activity<\/h4>\n<p>What do you know about the European languages?\u00a0 Do the quiz and learn some interesting facts about European languages.<\/p>\n<p><div class=\"video-placeholder-wrapper video-placeholder-wrapper--fixed\" style=\"height: 402px;\">\n\t\t\t    <div class=\"video-placeholder d-flex justify-content-center align-items-center\">\n\t\t\t        <div class=\"overlay text-white p-2 w-100 text-center d-block justify-content-center align-items-center\">\n\t\t\t            <div>To view third-party content, please accept cookies.<\/div>\n\t\t\t            <button class=\"btn btn-secondary btn-sm mt-1 consent-change\">Change consent<\/button>\n\t\t\t        <\/div>\n\t\t\t    <\/div>\n\t\t\t<\/div>\n<\/p>\n<hr>\n<p>Further reading:<\/p>\n<p>Daba\u0161inskien\u0117, Ineta and Laura \u010cubajevait\u0117. 2013. <em>Multilingualism in Europe<\/em>. Kaunas: Vytautas Magnus University. <a href=\"https:\/\/vb.vdu.lt\/object\/elaba:4803887\/4803887.pdf\">https:\/\/vb.vdu.lt\/object\/elaba:4803887\/4803887.pdf<\/a><\/p>\n<p>Mar\u00e1cz, L\u00e1szl\u00f3. 2012. \u00bbMultilingualism in Europe: Policy and Practice.\u00ab In <em>Multilingual Europe, Multilingual Europeans<\/em>. L. Maracz, M. Rosello. (ed.). European studies. 29. Rodopi. <a href=\"http:\/\/bit.ly\/2rtya3n\">http:\/\/bit.ly\/2rtya3n<\/a><\/p>\n","protected":false},"excerpt":{"rendered":"<p>Week 1 Part 3 will help you: become familiar with the history of multilingual practices in Europe, become familiar with the concept of lingua franca. To reach these goals you are expected to: watch the video that introduces the topic &#8230;<\/p>\n","protected":false},"author":150,"featured_media":0,"parent":0,"menu_order":0,"comment_status":"closed","ping_status":"closed","template":"","meta":{"_acf_changed":false,"inline_featured_image":false,"footnotes":""},"class_list":["post-43","page","type-page","status-publish","hentry"],"acf":[],"_links":{"self":[{"href":"https:\/\/sisu.ut.ee\/multilingual\/wp-json\/wp\/v2\/pages\/43","targetHints":{"allow":["GET"]}}],"collection":[{"href":"https:\/\/sisu.ut.ee\/multilingual\/wp-json\/wp\/v2\/pages"}],"about":[{"href":"https:\/\/sisu.ut.ee\/multilingual\/wp-json\/wp\/v2\/types\/page"}],"author":[{"embeddable":true,"href":"https:\/\/sisu.ut.ee\/multilingual\/wp-json\/wp\/v2\/users\/150"}],"replies":[{"embeddable":true,"href":"https:\/\/sisu.ut.ee\/multilingual\/wp-json\/wp\/v2\/comments?post=43"}],"version-history":[{"count":2,"href":"https:\/\/sisu.ut.ee\/multilingual\/wp-json\/wp\/v2\/pages\/43\/revisions"}],"predecessor-version":[{"id":554,"href":"https:\/\/sisu.ut.ee\/multilingual\/wp-json\/wp\/v2\/pages\/43\/revisions\/554"}],"wp:attachment":[{"href":"https:\/\/sisu.ut.ee\/multilingual\/wp-json\/wp\/v2\/media?parent=43"}],"curies":[{"name":"wp","href":"https:\/\/api.w.org\/{rel}","templated":true}]}}