{"id":9,"date":"2024-04-04T00:19:09","date_gmt":"2024-04-03T21:19:09","guid":{"rendered":"https:\/\/sisu.ut.ee\/mukoloogiauhing\/eesti-mukoloogiauhing-valis-2018-aasta-seene\/"},"modified":"2024-09-25T23:03:22","modified_gmt":"2024-09-25T20:03:22","slug":"eesti-mukoloogiauhing-valis-2018-aasta-seene","status":"publish","type":"page","link":"https:\/\/sisu.ut.ee\/mukoloogiauhing\/eesti-mukoloogiauhing-valis-2018-aasta-seene\/","title":{"rendered":"Aasta seen 2018 &#8211; tuletael"},"content":{"rendered":"<p><strong>Eesti m\u00fckoloogia\u00fching valis 2018. aasta seeneks tuletaela<\/strong>\u00a0<\/p>\n<p>Eesti m\u00fckoloogia\u00fching valis detsembrikuus j\u00e4rgmise aasta seene -2018.\u00a0 aasta seeneks sai <a href=\"https:\/\/elurikkus.ee\/app\/taxonomy\/taxon\/147842\">tuletael (<em>Fomes fomentarius)<\/em>.<\/a><\/p>\n<p>Tuletael kuulub torikseente hulka,\u00a0 viljakehad kasvavad\u00a0 kaskedel, harvem ka teistel lehtpuudel. Tuletaelad on mitmeaastased, t\u00e4iskasvanult kabjakujulise viljakehaga seened. Pealispind on kaetud koorikuga, mis vanematel seentel on tuhkhall, viimaste aastate juurdekasvud nahkpruunid, seene alapinnal on torukesed. Kevadel moodustab tuletael eoseid, siis on\u00a0 seene pind ja tihti ka \u00fcmbrus kaetud valge eospulbriga. Tuletael on puidulagundaja ja p\u00f5hjustab puudel valgem\u00e4danikku. Varasematel aegadel kasutati tuletaela\u00a0 tule s\u00fc\u00fctamiseks, millest p\u00e4rineb ka tema nimi.<\/p>\n<p>1963. aastast Eesti Looduseuurijate Seltsi juures tegutsev m\u00fckoloogiasektsioon nimetati 2000. aastal Eesti m\u00fckoloogia\u00fchinguks. Eesti m\u00fckoloogia\u00fching tegeleb seente uurimise, vaatlemise ja populariseerimisega.<\/p>\n<p>Eesti m\u00fckoloogia\u00fchingu esimees K\u00fclli Kalamees<\/p>\n<p>\u00a0<\/p>\n\n\n<figure class=\"wp-block-gallery has-nested-images columns-3 is-cropped wp-block-gallery-1 is-layout-flex wp-block-gallery-is-layout-flex\">\n<figure class=\"wp-block-image size-large\"><a href=\"https:\/\/sisu.ut.ee\/wp-content\/uploads\/sites\/121\/tuletael_fomes_fomentarius_kasetuvel_foto_kulli_kalamees-scaled.jpg\"><img loading=\"lazy\" decoding=\"async\" width=\"2560\" height=\"1707\" data-id=\"104\" src=\"https:\/\/sisu.ut.ee\/wp-content\/uploads\/sites\/121\/tuletael_fomes_fomentarius_kasetuvel_foto_kulli_kalamees-scaled.jpg\" alt=\"tuletael_fomes_fomentarius_kasetuvel_foto_kulli_kalamees\" class=\"wp-image-104\" srcset=\"https:\/\/sisu.ut.ee\/wp-content\/uploads\/sites\/121\/tuletael_fomes_fomentarius_kasetuvel_foto_kulli_kalamees-scaled.jpg 2560w, https:\/\/sisu.ut.ee\/wp-content\/uploads\/sites\/121\/tuletael_fomes_fomentarius_kasetuvel_foto_kulli_kalamees-300x200.jpg 300w, https:\/\/sisu.ut.ee\/wp-content\/uploads\/sites\/121\/tuletael_fomes_fomentarius_kasetuvel_foto_kulli_kalamees-1024x683.jpg 1024w, https:\/\/sisu.ut.ee\/wp-content\/uploads\/sites\/121\/tuletael_fomes_fomentarius_kasetuvel_foto_kulli_kalamees-768x512.jpg 768w, https:\/\/sisu.ut.ee\/wp-content\/uploads\/sites\/121\/tuletael_fomes_fomentarius_kasetuvel_foto_kulli_kalamees-1536x1024.jpg 1536w, https:\/\/sisu.ut.ee\/wp-content\/uploads\/sites\/121\/tuletael_fomes_fomentarius_kasetuvel_foto_kulli_kalamees-2048x1365.jpg 2048w, https:\/\/sisu.ut.ee\/wp-content\/uploads\/sites\/121\/tuletael_fomes_fomentarius_kasetuvel_foto_kulli_kalamees-1920x1280.jpg 1920w\" sizes=\"auto, (max-width: 2560px) 100vw, 2560px\"><\/a><figcaption class=\"wp-element-caption\">tuletael_fomes_fomentarius_kasetuvel_foto_kulli_kalamees<\/figcaption><\/figure>\n<\/figure>\n\n\n<p><\/p>\n\n\n<div class=\"wp-block-group attached-files-group is-layout-constrained wp-block-group-is-layout-constrained\">\n<div class=\"wp-block-file\"><a href=\"https:\/\/sisu.ut.ee\/wp-content\/uploads\/sites\/121\/aastaseen_2018_tuletael.pdf\" target=\"_blank\" rel=\"noreferrer noopener\">aastaseen_2018_tuletael.pdf<\/a><\/div>\n<\/div>\n","protected":false},"excerpt":{"rendered":"<p>Eesti m\u00fckoloogia\u00fching valis 2018. aasta seeneks tuletaela\u00a0 Eesti m\u00fckoloogia\u00fching valis detsembrikuus j\u00e4rgmise aasta seene -2018.\u00a0 aasta seeneks sai tuletael (Fomes fomentarius). Tuletael kuulub torikseente hulka,\u00a0 viljakehad kasvavad\u00a0 kaskedel, harvem ka teistel lehtpuudel. Tuletaelad on mitmeaastased, t\u00e4iskasvanult kabjakujulise viljakehaga seened. Pealispind &#8230;<\/p>\n","protected":false},"author":52,"featured_media":0,"parent":0,"menu_order":0,"comment_status":"closed","ping_status":"closed","template":"","meta":{"_acf_changed":false,"inline_featured_image":false,"footnotes":""},"class_list":["post-9","page","type-page","status-publish","hentry"],"acf":[],"_links":{"self":[{"href":"https:\/\/sisu.ut.ee\/mukoloogiauhing\/wp-json\/wp\/v2\/pages\/9","targetHints":{"allow":["GET"]}}],"collection":[{"href":"https:\/\/sisu.ut.ee\/mukoloogiauhing\/wp-json\/wp\/v2\/pages"}],"about":[{"href":"https:\/\/sisu.ut.ee\/mukoloogiauhing\/wp-json\/wp\/v2\/types\/page"}],"author":[{"embeddable":true,"href":"https:\/\/sisu.ut.ee\/mukoloogiauhing\/wp-json\/wp\/v2\/users\/52"}],"replies":[{"embeddable":true,"href":"https:\/\/sisu.ut.ee\/mukoloogiauhing\/wp-json\/wp\/v2\/comments?post=9"}],"version-history":[{"count":3,"href":"https:\/\/sisu.ut.ee\/mukoloogiauhing\/wp-json\/wp\/v2\/pages\/9\/revisions"}],"predecessor-version":[{"id":1004,"href":"https:\/\/sisu.ut.ee\/mukoloogiauhing\/wp-json\/wp\/v2\/pages\/9\/revisions\/1004"}],"wp:attachment":[{"href":"https:\/\/sisu.ut.ee\/mukoloogiauhing\/wp-json\/wp\/v2\/media?parent=9"}],"curies":[{"name":"wp","href":"https:\/\/api.w.org\/{rel}","templated":true}]}}