{"id":7,"date":"2024-04-04T00:19:09","date_gmt":"2024-04-03T21:19:09","guid":{"rendered":"https:\/\/sisu.ut.ee\/mukoloogiauhing\/eesti-mukoloogiauhingu-ja-tu-omi-mukoloogia-opetooli-uhisseminar-actiones-10122022\/"},"modified":"2024-04-04T00:28:05","modified_gmt":"2024-04-03T21:28:05","slug":"eesti-mukoloogiauhingu-ja-tu-omi-mukoloogia-opetooli-uhisseminar-actiones-10122022","status":"publish","type":"page","link":"https:\/\/sisu.ut.ee\/mukoloogiauhing\/eesti-mukoloogiauhingu-ja-tu-omi-mukoloogia-opetooli-uhisseminar-actiones-10122022\/","title":{"rendered":"Eesti m\u00fckoloogia\u00fchingu ja T\u00dc \u00d6MI m\u00fckoloogia \u00f5petooli \u00fchisseminar Actiones 10.12.2022"},"content":{"rendered":"<p>\n\t<b>Olete oodatud 10. detsembril 2022 kl 11.00 Eesti M\u00fckoloogia\u00fchingu<\/b>\u00a0<b>Actiones\u00a0ettekande seminarile.\u00a0\u00a0Actiones toimub Tartus Oecologicumis Liivi tn 2, ruumis 126.<\/b>\n<\/p>\n<p>\n\t<b>Ettekanded.<\/b>\n<\/p>\n<p>\n\t11 -11.30 K\u00fclli Kalamees M\u00fckoloogia\u00fchingu aasta 2022 ja aastaseene kandidaadid 2023.\n<\/p>\n<p>\n\t11.35-12.05 Urmas K\u00f5ljalg.\u00a0Eesti seeneliikide digitaalne teisik.\n<\/p>\n<p>\n\t12.05-12.35\u00a0\u00a0T\u00f5nu Ploompuu.\u00a0P\u00f5uase suve seenekogemused.\n<\/p>\n<p>\n\t12.35-13.05. Sergei P\u00f5lme. Huvitavad retked p\u00f5nevas maailmas \u2013 USA-s,\u00a0Indoneesias, Al\u017eeerias ja Teravm\u00e4gedel.\n<\/p>\n<p>\n\t13.05-14.05 Kohvipaus.\u00a0\u00a0Oecologicumis ruumidega tutvumine.\n<\/p>\n<p>\n\t14.05_14.35 Kadri P\u00f5ldmaa. Aastaseen 2022 k\u00f5rreliste- t\u00f5lvt\u00f5vik.\n<\/p>\n<p>\n\t14.40-17.00 Aastaseene valimine.\u00a0Juhatuse valimine.\u00a0Arutelu. M\u00fckoloogia\u00fchingu aastap\u00e4evaga seotud 2023.a. tegevuste ja s\u00fcndmuste\u00a0\u00a0arutelu.\u00a0\u00a0\u00a0\u00a0\u00a0\u00a0\u00a0\u00a0\u00a0\u00a0\u00a0\u00a0\u00a0\u00a0\u00a0\u00a0\u00a0\u00a0\u00a0\u00a0\u00a0\u00a0\u00a0\u00a0\u00a0\u00a0\u00a0\u00a0\u00a0\u00a0\u00a0\u00a0\u00a0\u00a0\u00a0\u00a0\u00a0\u00a0\u00a0(LUS-i m\u00fckoloogia sektsioon asutati 3.12.1963)\n<\/p>\n<p>\n\tActionese p\u00e4evakavas v\u00f5ib ette tulla muudatusi.\u00a0\n<\/p>\n<p>\n\tSoovi korral saame kavasse lisada veel teie l\u00fchiettekande, kui kirjutate meile.\n<\/p>\n<p>\n\tKavas on kuulutada \u00fchingu poolt 2023. aasta seen, oodatud on teie ettepanekud ja m\u00f5tteavaldused K\u00fclli meilile ja kohapeal. Ootame teie ettepanekuid, kus 2023. a seenelaagrid v\u00f5iksid toimuda. Kohvipausi jaoks ootame teilt v\u00e4ikest toetust.\u00a0\u00a0\n<\/p>\n<p>\n\t<b>Registreerumine seminarile t\u00e4itke palun <\/b><a data-url=\"https:\/\/forms.gle\/eKpDor4pPMatkECg9\" href=\"https:\/\/forms.gle\/eKpDor4pPMatkECg9\" target=\"_blank\" title=\"registreerumisvorm\" rel=\"noopener\">vorm<\/a>\u00a0 v\u00f5i kirjutage:\u00a0 kulli.kalamees-pani@ut.ee,<b>\u00a0palun registreeruge 8.detsembriks.\u00a0<\/b>\n<\/p>\n<p>\n\tActiones toimub kohapeal Tartus.<b>\u00a0<\/b><\/p>\n","protected":false},"excerpt":{"rendered":"<p>Olete oodatud 10. detsembril 2022 kl 11.00 Eesti M\u00fckoloogia\u00fchingu\u00a0Actiones\u00a0ettekande seminarile.\u00a0\u00a0Actiones toimub Tartus Oecologicumis Liivi tn 2, ruumis 126. Ettekanded. 11 -11.30 K\u00fclli Kalamees M\u00fckoloogia\u00fchingu aasta 2022 ja aastaseene kandidaadid 2023. 11.35-12.05 Urmas K\u00f5ljalg.\u00a0Eesti seeneliikide digitaalne teisik. 12.05-12.35\u00a0\u00a0T\u00f5nu Ploompuu.\u00a0P\u00f5uase suve seenekogemused. &#8230;<\/p>\n","protected":false},"author":52,"featured_media":0,"parent":0,"menu_order":0,"comment_status":"closed","ping_status":"closed","template":"","meta":{"_acf_changed":false,"inline_featured_image":false,"footnotes":""},"class_list":["post-7","page","type-page","status-publish","hentry"],"acf":[],"_links":{"self":[{"href":"https:\/\/sisu.ut.ee\/mukoloogiauhing\/wp-json\/wp\/v2\/pages\/7","targetHints":{"allow":["GET"]}}],"collection":[{"href":"https:\/\/sisu.ut.ee\/mukoloogiauhing\/wp-json\/wp\/v2\/pages"}],"about":[{"href":"https:\/\/sisu.ut.ee\/mukoloogiauhing\/wp-json\/wp\/v2\/types\/page"}],"author":[{"embeddable":true,"href":"https:\/\/sisu.ut.ee\/mukoloogiauhing\/wp-json\/wp\/v2\/users\/52"}],"replies":[{"embeddable":true,"href":"https:\/\/sisu.ut.ee\/mukoloogiauhing\/wp-json\/wp\/v2\/comments?post=7"}],"version-history":[{"count":1,"href":"https:\/\/sisu.ut.ee\/mukoloogiauhing\/wp-json\/wp\/v2\/pages\/7\/revisions"}],"predecessor-version":[{"id":578,"href":"https:\/\/sisu.ut.ee\/mukoloogiauhing\/wp-json\/wp\/v2\/pages\/7\/revisions\/578"}],"wp:attachment":[{"href":"https:\/\/sisu.ut.ee\/mukoloogiauhing\/wp-json\/wp\/v2\/media?parent=7"}],"curies":[{"name":"wp","href":"https:\/\/api.w.org\/{rel}","templated":true}]}}