{"id":69,"date":"2024-04-04T00:19:13","date_gmt":"2024-04-03T21:19:13","guid":{"rendered":"https:\/\/sisu.ut.ee\/mukoloogiauhing\/tegevused\/"},"modified":"2024-09-15T13:30:45","modified_gmt":"2024-09-15T10:30:45","slug":"tegevused","status":"publish","type":"page","link":"https:\/\/sisu.ut.ee\/mukoloogiauhing\/tegevused\/","title":{"rendered":"Tegevused"},"content":{"rendered":"<p><strong>Kevadel ja s\u00fcgisel korraldab m\u00fckoloogia\u00fching <\/strong><a href=\"https:\/\/sisu.ut.ee\/mukoloogiauhing\/seenelaagrid\/\">seenelaagri<\/a> m\u00f5nes looduslikult huvitavas v\u00f5i seente poolest v\u00e4he uuritud Eesti piirkonnas. Laagrites osalevad nii elukutselised kui ka amat\u00f6\u00f6ridest seeneuurijad ja \u00a0seenehuvilised, samuti Eesti \u00fclikoolide tudengid ja kraadi\u00f5ppurid. Laagrite eesm\u00e4rgiks on Eesti seenestiku kirjeldamine ning \u00fcksteise \u00f5petamine ja teadmiste-kogemuste jagamine.<\/p>\n<p>Detsembri teisel n\u00e4dalavahetusel korraldab \u00fching <strong>\u00fchep\u00e4evase seminari \u00fcldnimetusega <a href=\"https:\/\/sisu.ut.ee\/mukoloogiauhing\/actiones\/\">\u2018<\/a><\/strong><a href=\"https:\/\/sisu.ut.ee\/mukoloogiauhing\/actiones\/\">Actiones<\/a><strong><a href=\"https:\/\/sisu.ut.ee\/mukoloogiauhing\/actiones\/\">\u2018<\/a><\/strong>, kus esitatakse m\u00f5ned teaduslikud ettekanded ning tehakse kokkuv\u00f5tteid l\u00f5ppevast aastast ja plaane uueks aastaks ning alates 2018.a. valitakse <a href=\"https:\/\/sisu.ut.ee\/mukoloogiauhing\/aasta-seened-0\/\">j\u00e4rgmise aasta seen <\/a>.<\/p>\n<p>\u00dchingu liikmed osalevad k\u00f5ikjal Eestis <strong>seenen\u00e4ituste korraldamisel<\/strong>.<\/p>\n<p><span style=\"line-height: 1.6em;\">ELUS m\u00fckoloogia\u00fching, Tartu \u00dclikool ja Tartu \u00dclikooli Kirjastus annavad v\u00e4lja rahvusvahelist ajakirja\u00a0(etis 1.1)\u00a0<\/span><strong style=\"line-height: 1.6em;\">Folia Cryptogamica Estonica<\/strong><span style=\"line-height: 1.6em;\">. Ajakiri ilmub <a href=\"http:\/\/ojs.utlib.ee\/index.php\/FCE\">v\u00f5rguv\u00e4ljaandena<\/a><\/span><span style=\"line-height: 1.6em;\">\u00a0ja tavaliselt \u00fcks kord aastas tr\u00fckisena.<\/span><\/p>\n","protected":false},"excerpt":{"rendered":"<p>Kevadel ja s\u00fcgisel korraldab m\u00fckoloogia\u00fching seenelaagri m\u00f5nes looduslikult huvitavas v\u00f5i seente poolest v\u00e4he uuritud Eesti piirkonnas. Laagrites osalevad nii elukutselised kui ka amat\u00f6\u00f6ridest seeneuurijad ja \u00a0seenehuvilised, samuti Eesti \u00fclikoolide tudengid ja kraadi\u00f5ppurid. Laagrite eesm\u00e4rgiks on Eesti seenestiku kirjeldamine ning \u00fcksteise &#8230;<\/p>\n","protected":false},"author":52,"featured_media":0,"parent":0,"menu_order":0,"comment_status":"closed","ping_status":"closed","template":"","meta":{"_acf_changed":false,"inline_featured_image":false,"footnotes":""},"class_list":["post-69","page","type-page","status-publish","hentry"],"acf":[],"_links":{"self":[{"href":"https:\/\/sisu.ut.ee\/mukoloogiauhing\/wp-json\/wp\/v2\/pages\/69","targetHints":{"allow":["GET"]}}],"collection":[{"href":"https:\/\/sisu.ut.ee\/mukoloogiauhing\/wp-json\/wp\/v2\/pages"}],"about":[{"href":"https:\/\/sisu.ut.ee\/mukoloogiauhing\/wp-json\/wp\/v2\/types\/page"}],"author":[{"embeddable":true,"href":"https:\/\/sisu.ut.ee\/mukoloogiauhing\/wp-json\/wp\/v2\/users\/52"}],"replies":[{"embeddable":true,"href":"https:\/\/sisu.ut.ee\/mukoloogiauhing\/wp-json\/wp\/v2\/comments?post=69"}],"version-history":[{"count":15,"href":"https:\/\/sisu.ut.ee\/mukoloogiauhing\/wp-json\/wp\/v2\/pages\/69\/revisions"}],"predecessor-version":[{"id":950,"href":"https:\/\/sisu.ut.ee\/mukoloogiauhing\/wp-json\/wp\/v2\/pages\/69\/revisions\/950"}],"wp:attachment":[{"href":"https:\/\/sisu.ut.ee\/mukoloogiauhing\/wp-json\/wp\/v2\/media?parent=69"}],"curies":[{"name":"wp","href":"https:\/\/api.w.org\/{rel}","templated":true}]}}