{"id":68,"date":"2024-04-04T00:19:13","date_gmt":"2024-04-03T21:19:13","guid":{"rendered":"https:\/\/sisu.ut.ee\/mukoloogiauhing\/avaleht\/"},"modified":"2026-01-05T11:53:40","modified_gmt":"2026-01-05T09:53:40","slug":"avaleht","status":"publish","type":"page","link":"https:\/\/sisu.ut.ee\/mukoloogiauhing\/","title":{"rendered":"Eesti m\u00fckoloogia\u00fching"},"content":{"rendered":"<div style=\"width: 20%; float: left; padding-top: 10px;\">\n<h5 style=\"text-align: center;\">Viimati lisatud pildiga vaatlused<\/h5>\n<h5 style=\"text-align: center;\"><a href=\"https:\/\/elurikkus.ee\/app\/occurrences\/search?offset=0&amp;country=Estonia&amp;limit=50&amp;orderBy=event_date_naive&amp;orderAscending=false&amp;kingdom=Fungi&amp;text=&amp;basis_of_record=HumanObservation&amp;file_types=Image\" target=\"_blank\" rel=\"noopener\">eElurikkus portaalis<\/a><\/h5>\n<\/div>\n\n\n\n<div style=\"width: 40%; float: left;\">\n<p style=\"padding-left: 40px;\"><strong>Eesti m\u00fckoloogia\u00fchingu<\/strong> <strong>koduleht<\/strong> on loodud tutvustamaks \u00fchingu tegevusi ja jagamaks teavet seente kohta. \u00dching on <a href=\"https:\/\/www.elus.ee\/index.php\/astu-liikmeks\/\">avatud k\u00f5igille<\/a>, kel huvi seente vastu. M\u00fckoloogia\u00fchingu liikmete hulgas on seeneteadlased ja seenehuvilised. K\u00f5igil \u00fchine eesm\u00e4rk \u2013 \u00a0\u00f5ppida tundma ja kirjeldada Eesti seenestikku.<\/p>\n<\/div>\n\n\n\n\n\n<figure class=\"wp-block-gallery alignright has-nested-images columns-7 wp-block-gallery-1 is-layout-flex wp-block-gallery-is-layout-flex\">\n<figure class=\"wp-block-image size-full\"><a href=\"https:\/\/sisu.ut.ee\/wp-content\/uploads\/sites\/121\/Foto1.jpg\"><img loading=\"lazy\" decoding=\"async\" width=\"488\" height=\"325\" data-id=\"1656\" src=\"https:\/\/sisu.ut.ee\/wp-content\/uploads\/sites\/121\/Foto1.jpg\" alt=\"\" class=\"wp-image-1656\" srcset=\"https:\/\/sisu.ut.ee\/wp-content\/uploads\/sites\/121\/Foto1.jpg 488w, https:\/\/sisu.ut.ee\/wp-content\/uploads\/sites\/121\/Foto1-300x200.jpg 300w\" sizes=\"auto, (max-width: 488px) 100vw, 488px\"><\/a><figcaption class=\"wp-element-caption\">Pildil: <em><a href=\"https:\/\/elurikkus.ee\/app\/taxonomy\/taxon\/170180\">Puccinia coronata<\/a><\/em> kevadeoslad paakspuu lehel; Autor: Kadri P\u00f5ldmaa<\/figcaption><\/figure>\n\n\n\n<figure class=\"wp-block-image size-large\"><a href=\"https:\/\/sisu.ut.ee\/wp-content\/uploads\/sites\/121\/Foto5.jpg\"><img loading=\"lazy\" decoding=\"async\" width=\"488\" height=\"325\" data-id=\"1660\" src=\"https:\/\/sisu.ut.ee\/wp-content\/uploads\/sites\/121\/Foto5.jpg\" alt=\"\" class=\"wp-image-1660\" srcset=\"https:\/\/sisu.ut.ee\/wp-content\/uploads\/sites\/121\/Foto5.jpg 488w, https:\/\/sisu.ut.ee\/wp-content\/uploads\/sites\/121\/Foto5-300x200.jpg 300w\" sizes=\"auto, (max-width: 488px) 100vw, 488px\"><\/a><figcaption class=\"wp-element-caption\">Pildil: <em><a href=\"https:\/\/elurikkus.ee\/app\/taxonomy\/taxon\/183267\">Byssonectria terrestris<\/a><\/em>; Autor: Bellis Kullman<\/figcaption><\/figure>\n\n\n\n<figure class=\"wp-block-image size-large\"><a href=\"https:\/\/sisu.ut.ee\/wp-content\/uploads\/sites\/121\/Foto6.jpg\"><img loading=\"lazy\" decoding=\"async\" width=\"488\" height=\"325\" data-id=\"1661\" src=\"https:\/\/sisu.ut.ee\/wp-content\/uploads\/sites\/121\/Foto6.jpg\" alt=\"\" class=\"wp-image-1661\" srcset=\"https:\/\/sisu.ut.ee\/wp-content\/uploads\/sites\/121\/Foto6.jpg 488w, https:\/\/sisu.ut.ee\/wp-content\/uploads\/sites\/121\/Foto6-300x200.jpg 300w\" sizes=\"auto, (max-width: 488px) 100vw, 488px\"><\/a><figcaption class=\"wp-element-caption\">Pildil: korallnarmik, <em><a href=\"https:\/\/elurikkus.ee\/app\/taxonomy\/taxon\/150773\">Hericium coralloides<\/a><\/em>; Autor: K\u00fclli Kalamees-Pani<\/figcaption><\/figure>\n\n\n\n<figure class=\"wp-block-image size-large\"><a href=\"https:\/\/sisu.ut.ee\/wp-content\/uploads\/sites\/121\/Foto2.jpg\"><img loading=\"lazy\" decoding=\"async\" width=\"488\" height=\"324\" data-id=\"1657\" src=\"https:\/\/sisu.ut.ee\/wp-content\/uploads\/sites\/121\/Foto2.jpg\" alt=\"\" class=\"wp-image-1657\" srcset=\"https:\/\/sisu.ut.ee\/wp-content\/uploads\/sites\/121\/Foto2.jpg 488w, https:\/\/sisu.ut.ee\/wp-content\/uploads\/sites\/121\/Foto2-300x199.jpg 300w\" sizes=\"auto, (max-width: 488px) 100vw, 488px\"><\/a><figcaption class=\"wp-element-caption\">Pildil: <em><a href=\"https:\/\/elurikkus.ee\/app\/taxonomy\/taxon\/151776\">Hymenoscyphus fraxineus<\/a><\/em> saare petioolil; Autor: Vello Liiv<\/figcaption><\/figure>\n\n\n\n<figure class=\"wp-block-image size-large\"><a href=\"https:\/\/sisu.ut.ee\/wp-content\/uploads\/sites\/121\/Foto7.jpg\"><img loading=\"lazy\" decoding=\"async\" width=\"488\" height=\"325\" data-id=\"1662\" src=\"https:\/\/sisu.ut.ee\/wp-content\/uploads\/sites\/121\/Foto7.jpg\" alt=\"\" class=\"wp-image-1662\" srcset=\"https:\/\/sisu.ut.ee\/wp-content\/uploads\/sites\/121\/Foto7.jpg 488w, https:\/\/sisu.ut.ee\/wp-content\/uploads\/sites\/121\/Foto7-300x200.jpg 300w\" sizes=\"auto, (max-width: 488px) 100vw, 488px\"><\/a><figcaption class=\"wp-element-caption\">Pildil: lehter-kukeseen, <em><a href=\"https:\/\/elurikkus.ee\/app\/taxonomy\/taxon\/142734\">Craterellus tubaeformis<\/a><\/em>; Autor: Veiko Kastanje<\/figcaption><\/figure>\n\n\n\n<figure class=\"wp-block-image size-large\"><a href=\"https:\/\/sisu.ut.ee\/wp-content\/uploads\/sites\/121\/Foto3.jpg\"><img loading=\"lazy\" decoding=\"async\" width=\"488\" height=\"325\" data-id=\"1658\" src=\"https:\/\/sisu.ut.ee\/wp-content\/uploads\/sites\/121\/Foto3.jpg\" alt=\"\" class=\"wp-image-1658\" srcset=\"https:\/\/sisu.ut.ee\/wp-content\/uploads\/sites\/121\/Foto3.jpg 488w, https:\/\/sisu.ut.ee\/wp-content\/uploads\/sites\/121\/Foto3-300x200.jpg 300w\" sizes=\"auto, (max-width: 488px) 100vw, 488px\"><\/a><figcaption class=\"wp-element-caption\">Pildil: pirn-murumuna, <em><a href=\"https:\/\/elurikkus.ee\/app\/taxonomy\/taxon\/156738\">Lycoperdon pyriforme<\/a><\/em>; Autor: Veiko Kastanje<\/figcaption><\/figure>\n\n\n\n<figure class=\"wp-block-image size-large\"><a href=\"https:\/\/sisu.ut.ee\/wp-content\/uploads\/sites\/121\/Foto8.jpg\"><img loading=\"lazy\" decoding=\"async\" width=\"488\" height=\"325\" data-id=\"1663\" src=\"https:\/\/sisu.ut.ee\/wp-content\/uploads\/sites\/121\/Foto8.jpg\" alt=\"\" class=\"wp-image-1663\" srcset=\"https:\/\/sisu.ut.ee\/wp-content\/uploads\/sites\/121\/Foto8.jpg 488w, https:\/\/sisu.ut.ee\/wp-content\/uploads\/sites\/121\/Foto8-300x200.jpg 300w\" sizes=\"auto, (max-width: 488px) 100vw, 488px\"><\/a><figcaption class=\"wp-element-caption\">Pildil: pagana-urnseen, <em><a href=\"https:\/\/elurikkus.ee\/app\/taxonomy\/taxon\/180281\">Urnula craterium<\/a><\/em>; Autor: Bellis Kullman<\/figcaption><\/figure>\n\n\n\n<figure class=\"wp-block-image size-large\"><a href=\"https:\/\/sisu.ut.ee\/wp-content\/uploads\/sites\/121\/Foto4.jpg\"><img loading=\"lazy\" decoding=\"async\" width=\"488\" height=\"325\" data-id=\"1659\" src=\"https:\/\/sisu.ut.ee\/wp-content\/uploads\/sites\/121\/Foto4.jpg\" alt=\"\" class=\"wp-image-1659\" srcset=\"https:\/\/sisu.ut.ee\/wp-content\/uploads\/sites\/121\/Foto4.jpg 488w, https:\/\/sisu.ut.ee\/wp-content\/uploads\/sites\/121\/Foto4-300x200.jpg 300w\" sizes=\"auto, (max-width: 488px) 100vw, 488px\"><\/a><figcaption class=\"wp-element-caption\">Pildil: soopilvik, <em><a href=\"https:\/\/elurikkus.ee\/app\/taxonomy\/taxon\/173234\">Russula paludosa<\/a><\/em>; Autor: K\u00fclli Kalamees-Pani<\/figcaption><\/figure>\n<figcaption class=\"blocks-gallery-caption wp-element-caption\"><a href=\"https:\/\/elurikkus.ee\/app\/occurrences\/search\/gallery?offset=0&amp;country=Estonia&amp;limit=50&amp;orderBy=event_date_naive&amp;orderAscending=false&amp;kingdom=Fungi&amp;text=\">Seenepiltide galerii<\/a><\/figcaption><\/figure>\n\n\n\n<p><\/p>\n","protected":false},"excerpt":{"rendered":"<p>Viimati lisatud pildiga vaatlused eElurikkus portaalis Eesti m\u00fckoloogia\u00fchingu koduleht on loodud tutvustamaks \u00fchingu tegevusi ja jagamaks teavet seente kohta. \u00dching on avatud k\u00f5igille, kel huvi seente vastu. M\u00fckoloogia\u00fchingu liikmete hulgas on seeneteadlased ja seenehuvilised. K\u00f5igil \u00fchine eesm\u00e4rk \u2013 \u00a0\u00f5ppida tundma &#8230;<\/p>\n","protected":false},"author":52,"featured_media":0,"parent":0,"menu_order":0,"comment_status":"closed","ping_status":"closed","template":"","meta":{"_acf_changed":false,"inline_featured_image":false,"footnotes":""},"class_list":["post-68","page","type-page","status-publish","hentry"],"acf":[],"_links":{"self":[{"href":"https:\/\/sisu.ut.ee\/mukoloogiauhing\/wp-json\/wp\/v2\/pages\/68","targetHints":{"allow":["GET"]}}],"collection":[{"href":"https:\/\/sisu.ut.ee\/mukoloogiauhing\/wp-json\/wp\/v2\/pages"}],"about":[{"href":"https:\/\/sisu.ut.ee\/mukoloogiauhing\/wp-json\/wp\/v2\/types\/page"}],"author":[{"embeddable":true,"href":"https:\/\/sisu.ut.ee\/mukoloogiauhing\/wp-json\/wp\/v2\/users\/52"}],"replies":[{"embeddable":true,"href":"https:\/\/sisu.ut.ee\/mukoloogiauhing\/wp-json\/wp\/v2\/comments?post=68"}],"version-history":[{"count":30,"href":"https:\/\/sisu.ut.ee\/mukoloogiauhing\/wp-json\/wp\/v2\/pages\/68\/revisions"}],"predecessor-version":[{"id":1690,"href":"https:\/\/sisu.ut.ee\/mukoloogiauhing\/wp-json\/wp\/v2\/pages\/68\/revisions\/1690"}],"wp:attachment":[{"href":"https:\/\/sisu.ut.ee\/mukoloogiauhing\/wp-json\/wp\/v2\/media?parent=68"}],"curies":[{"name":"wp","href":"https:\/\/api.w.org\/{rel}","templated":true}]}}