{"id":63,"date":"2024-04-04T00:19:12","date_gmt":"2024-04-03T21:19:12","guid":{"rendered":"https:\/\/sisu.ut.ee\/mukoloogiauhing\/seeneinfo\/"},"modified":"2024-09-15T16:18:41","modified_gmt":"2024-09-15T13:18:41","slug":"seeneinfo","status":"publish","type":"page","link":"https:\/\/sisu.ut.ee\/mukoloogiauhing\/seeneinfo\/","title":{"rendered":"Seeneinfo"},"content":{"rendered":"<p><strong>Siit lehelt<\/strong> \u00a0leiate teavet ja juhiseid seente <a href=\"https:\/\/keskkonnaharidus.ee\/et\/oppematerjalid\/seened-oppekogumik\">m\u00e4\u00e4ramise<\/a> ning <a href=\"https:\/\/mukoloogiauhing.ut.ee\/juhend-seente-kogumiseks-seenekogudesse\/\">kogumise <\/a>kohta; viidet, kui vaja <a href=\"https:\/\/majaseen.ee\">ehitusm\u00fckoloogilist<\/a> n\u00f5u. Ja sekka peot\u00e4is <a href=\"https:\/\/sisu.ut.ee\/mukoloogiauhing\/uued-seeneraamatud-algavaks-seenehooajaks\/\">uusimaid seeneraamatuid<\/a> ja <a href=\"https:\/\/mukoloogiauhing.ut.ee\/populaarteaduslikud-artiklid\/\">populaarteaduslikke artikleid<\/a><\/p>\n","protected":false},"excerpt":{"rendered":"<p>Siit lehelt \u00a0leiate teavet ja juhiseid seente m\u00e4\u00e4ramise ning kogumise kohta; viidet, kui vaja ehitusm\u00fckoloogilist n\u00f5u. Ja sekka peot\u00e4is uusimaid seeneraamatuid ja populaarteaduslikke artikleid<\/p>\n","protected":false},"author":52,"featured_media":0,"parent":0,"menu_order":0,"comment_status":"closed","ping_status":"closed","template":"","meta":{"_acf_changed":false,"inline_featured_image":false,"footnotes":""},"class_list":["post-63","page","type-page","status-publish","hentry"],"acf":[],"_links":{"self":[{"href":"https:\/\/sisu.ut.ee\/mukoloogiauhing\/wp-json\/wp\/v2\/pages\/63","targetHints":{"allow":["GET"]}}],"collection":[{"href":"https:\/\/sisu.ut.ee\/mukoloogiauhing\/wp-json\/wp\/v2\/pages"}],"about":[{"href":"https:\/\/sisu.ut.ee\/mukoloogiauhing\/wp-json\/wp\/v2\/types\/page"}],"author":[{"embeddable":true,"href":"https:\/\/sisu.ut.ee\/mukoloogiauhing\/wp-json\/wp\/v2\/users\/52"}],"replies":[{"embeddable":true,"href":"https:\/\/sisu.ut.ee\/mukoloogiauhing\/wp-json\/wp\/v2\/comments?post=63"}],"version-history":[{"count":9,"href":"https:\/\/sisu.ut.ee\/mukoloogiauhing\/wp-json\/wp\/v2\/pages\/63\/revisions"}],"predecessor-version":[{"id":953,"href":"https:\/\/sisu.ut.ee\/mukoloogiauhing\/wp-json\/wp\/v2\/pages\/63\/revisions\/953"}],"wp:attachment":[{"href":"https:\/\/sisu.ut.ee\/mukoloogiauhing\/wp-json\/wp\/v2\/media?parent=63"}],"curies":[{"name":"wp","href":"https:\/\/api.w.org\/{rel}","templated":true}]}}