{"id":62,"date":"2024-04-04T00:19:12","date_gmt":"2024-04-03T21:19:12","guid":{"rendered":"https:\/\/sisu.ut.ee\/mukoloogiauhing\/seenelaagrid\/"},"modified":"2024-04-04T00:28:04","modified_gmt":"2024-04-03T21:28:04","slug":"seenelaagrid","status":"publish","type":"page","link":"https:\/\/sisu.ut.ee\/mukoloogiauhing\/seenelaagrid\/","title":{"rendered":"Seenelaagrid"},"content":{"rendered":"<p>Seenelaagrite \u00fcldinfo ning nimekiri alamen\u00fc\u00fcdest (vt. uudiste lehek\u00fclge)<\/p><br><div class=\"wp-block-group attached-files-group is-layout-constrained wp-block-group-is-layout-constrained\"><div class=\"wp-block-file\"><a href=\"https:\/\/sisu.ut.ee\/wp-content\/uploads\/sites\/121\/myhing1_1957-77.pdf\" target=\"_blank\" rel=\"noreferrer noopener\">ELUS Eesti M\u00fckoloogia\u00fchingu laagrite pildid 1957 \u2013 1977<\/a><\/div><\/div>","protected":false},"excerpt":{"rendered":"<p>Seenelaagrite \u00fcldinfo ning nimekiri alamen\u00fc\u00fcdest (vt. uudiste lehek\u00fclge)<\/p>\n","protected":false},"author":52,"featured_media":0,"parent":0,"menu_order":0,"comment_status":"closed","ping_status":"closed","template":"","meta":{"_acf_changed":false,"inline_featured_image":false,"footnotes":""},"class_list":["post-62","page","type-page","status-publish","hentry"],"acf":[],"_links":{"self":[{"href":"https:\/\/sisu.ut.ee\/mukoloogiauhing\/wp-json\/wp\/v2\/pages\/62","targetHints":{"allow":["GET"]}}],"collection":[{"href":"https:\/\/sisu.ut.ee\/mukoloogiauhing\/wp-json\/wp\/v2\/pages"}],"about":[{"href":"https:\/\/sisu.ut.ee\/mukoloogiauhing\/wp-json\/wp\/v2\/types\/page"}],"author":[{"embeddable":true,"href":"https:\/\/sisu.ut.ee\/mukoloogiauhing\/wp-json\/wp\/v2\/users\/52"}],"replies":[{"embeddable":true,"href":"https:\/\/sisu.ut.ee\/mukoloogiauhing\/wp-json\/wp\/v2\/comments?post=62"}],"version-history":[{"count":2,"href":"https:\/\/sisu.ut.ee\/mukoloogiauhing\/wp-json\/wp\/v2\/pages\/62\/revisions"}],"predecessor-version":[{"id":584,"href":"https:\/\/sisu.ut.ee\/mukoloogiauhing\/wp-json\/wp\/v2\/pages\/62\/revisions\/584"}],"wp:attachment":[{"href":"https:\/\/sisu.ut.ee\/mukoloogiauhing\/wp-json\/wp\/v2\/media?parent=62"}],"curies":[{"name":"wp","href":"https:\/\/api.w.org\/{rel}","templated":true}]}}