{"id":61,"date":"2024-04-04T00:19:12","date_gmt":"2024-04-03T21:19:12","guid":{"rendered":"https:\/\/sisu.ut.ee\/mukoloogiauhing\/mukoloogiauhingu-kevadlaager-6-8052022\/"},"modified":"2024-04-04T00:28:04","modified_gmt":"2024-04-03T21:28:04","slug":"mukoloogiauhingu-kevadlaager-6-8052022","status":"publish","type":"page","link":"https:\/\/sisu.ut.ee\/mukoloogiauhing\/mukoloogiauhingu-kevadlaager-6-8052022\/","title":{"rendered":"M\u00fckoloogia\u00fchingu kevadlaager 6. &#8211; 8.05.2022"},"content":{"rendered":"<p>\n\tTERE!<br>M\u00fckoloogia\u00fchingu kevadine seenelaager on toimumas 6-8.05.2022 Piusa kandis Setomaal, registreerumine kuni 30.04.2022, v\u00f5imalusel palun varakult. Seeneretked toimuvad Piusa piirkonnas Setomaal (V\u00f5rumaal)- kava seenekohtade\u00a0t\u00e4psema info kohta saadame aprilli\u00a0l\u00f5pus \u2013 mai alguses.\n<\/p>\n<p>\n\tSeenelaagri majutus on Piusa \u00dcrgoru puhkekeskuses\u00a0<a data-url=\"http:\/\/www.puhkemaja.ee\/\" href=\"http:\/\/www.puhkemaja.ee\/\" target=\"_blank\" title=\"\" rel=\"noopener\">http:\/\/www.puhkemaja.ee\/<\/a>, majutuse hind: kaks \u00f6\u00f6d inimese kohta koos hommikus\u00f6\u00f6giga 70 eur, lisaks tellime \u00f5htus\u00f6\u00f6gi kahel \u00f5htul (praad ja magustoit, grupimen\u00fc\u00fc) 2\u00d715 eur.\u00a0Registreerumisel\u00a0 palun t\u00e4psustada, mis \u00f6\u00f6del vajate majutust ja \u00f5htus\u00f6\u00f6ki, millal saabute ja lahkute. Palun teatada, kui teil on erisoove\u00a0\u00f5htus\u00f6\u00f6gi osas\u00a0(palun t\u00e4psustada nt. taimetoitlus jms.) registreerumisel.\u00a0 P\u00e4eval oleme erinevates metsakohtades seeni uurimas ja kogumas, l\u00f5unas\u00f6\u00f6k v\u00f5tta\u00a0omal kaasa. \u00dchel \u00f5htul (reedel 6.05) saaksime tellida sauna, kui on rohkem huvilisi, andke teada oma soovist, siis kogume kohapeal selleks raha. Maksmine kohapeal majutuse ja \u00f5htus\u00f6\u00f6kide eest, olemas kaardimakse.\n<\/p>\n<p>\n\tPalun registreeruda seenelaagrisse kuni 30.04.22 lingilt <a data-url=\"https:\/\/forms.gle\/6dbiNPGiirGgW63RA\" href=\"https:\/\/forms.gle\/6dbiNPGiirGgW63RA\" target=\"_blank\" title=\"\" rel=\"noopener\">Registreerumisvorm<\/a>, (v\u00f5imalusel varakult) v\u00f5i kulli.kalamees-pani@ut.ee\u00a0v\u00f5i triin.varvas@emu.ee\n<\/p>\n<p>\n\tKohtumiseni seenelaagris.\n<\/p>\n<p>\n\t\u00a0\n<\/p>\n<p>\n\tK\u00f5ike head K\u00fclli Kalamees\n<\/p>\n<p>\n\t53425101\n<\/p>\n<p>\n\tkulli.kalamees-pani@ut.ee\n<\/p>\n<p>\n\tTriin Varvas\n<\/p>\n<p>\n\ttriin.varvas@emu.ee\n<\/p>\n<p>\n\ttel 53482985<\/p>\n","protected":false},"excerpt":{"rendered":"<p>TERE!M\u00fckoloogia\u00fchingu kevadine seenelaager on toimumas 6-8.05.2022 Piusa kandis Setomaal, registreerumine kuni 30.04.2022, v\u00f5imalusel palun varakult. Seeneretked toimuvad Piusa piirkonnas Setomaal (V\u00f5rumaal)- kava seenekohtade\u00a0t\u00e4psema info kohta saadame aprilli\u00a0l\u00f5pus \u2013 mai alguses. Seenelaagri majutus on Piusa \u00dcrgoru puhkekeskuses\u00a0http:\/\/www.puhkemaja.ee\/, majutuse hind: kaks \u00f6\u00f6d &#8230;<\/p>\n","protected":false},"author":52,"featured_media":0,"parent":0,"menu_order":0,"comment_status":"closed","ping_status":"closed","template":"","meta":{"_acf_changed":false,"inline_featured_image":false,"footnotes":""},"class_list":["post-61","page","type-page","status-publish","hentry"],"acf":[],"_links":{"self":[{"href":"https:\/\/sisu.ut.ee\/mukoloogiauhing\/wp-json\/wp\/v2\/pages\/61","targetHints":{"allow":["GET"]}}],"collection":[{"href":"https:\/\/sisu.ut.ee\/mukoloogiauhing\/wp-json\/wp\/v2\/pages"}],"about":[{"href":"https:\/\/sisu.ut.ee\/mukoloogiauhing\/wp-json\/wp\/v2\/types\/page"}],"author":[{"embeddable":true,"href":"https:\/\/sisu.ut.ee\/mukoloogiauhing\/wp-json\/wp\/v2\/users\/52"}],"replies":[{"embeddable":true,"href":"https:\/\/sisu.ut.ee\/mukoloogiauhing\/wp-json\/wp\/v2\/comments?post=61"}],"version-history":[{"count":1,"href":"https:\/\/sisu.ut.ee\/mukoloogiauhing\/wp-json\/wp\/v2\/pages\/61\/revisions"}],"predecessor-version":[{"id":524,"href":"https:\/\/sisu.ut.ee\/mukoloogiauhing\/wp-json\/wp\/v2\/pages\/61\/revisions\/524"}],"wp:attachment":[{"href":"https:\/\/sisu.ut.ee\/mukoloogiauhing\/wp-json\/wp\/v2\/media?parent=61"}],"curies":[{"name":"wp","href":"https:\/\/api.w.org\/{rel}","templated":true}]}}