{"id":60,"date":"2024-04-04T00:19:12","date_gmt":"2024-04-03T21:19:12","guid":{"rendered":"https:\/\/sisu.ut.ee\/mukoloogiauhing\/eesti-mukoloogiauhingu-aastakoosolek-actiones-2020\/"},"modified":"2024-04-04T00:28:04","modified_gmt":"2024-04-03T21:28:04","slug":"eesti-mukoloogiauhingu-aastakoosolek-actiones-2020","status":"publish","type":"page","link":"https:\/\/sisu.ut.ee\/mukoloogiauhing\/eesti-mukoloogiauhingu-aastakoosolek-actiones-2020\/","title":{"rendered":"Eesti m\u00fckoloogia\u00fchingu aastakoosolek Actiones 2020"},"content":{"rendered":"<p>\n\t<b><span lang=\"EN-US\" style=\",serif\">12. detsembril 2020 kl 11 toimub Actionese ettekandeseminar. \u00a0Actiones toimub ainult veebis Teamsi keskkonnas. \u00a0<\/span><\/b>\n<\/p>\n<p>\n\t<b><span lang=\"EN-US\" style=\",serif\">Ettekanded. <\/span><\/b>\n<\/p>\n<p>\n\t<span lang=\"EN-US\" style=\",serif\">11 -11.20 K\u00fclli Kalamees \u201cM\u00fckoloogia\u00fchingu aasta 2020\u201d. Sissejuhatused P\u00e4evakavasse, kuidas toimuvad (ettekanded, aastaseen\u00a0 2021 kandidaadid ja valik, juhatuse valimised) <\/span>\n<\/p>\n<p>\n\t<span lang=\"EN-US\" style=\",serif\">11.20-11.50 Tanel Vahter. Eesti p\u00f5llumuldade seeneelustik ja selle seisund.<\/span>\n<\/p>\n<p>\n\t<span lang=\"EN-US\" style=\",serif\">11.50-12.20 Jane Oja. Pool aastat Kataris.<\/span>\n<\/p>\n<p style=\"margin-bottom:0cm\">\n\t<span style=\"line-height:normal\"><span><span lang=\"EN-US\" style=\",serif\">12.20-12.50 Kadri P\u00e4rtel. Heinrich August Dietrichi 200. juubel \u2013 mida me teame tema elust ja<\/span><\/span><\/span>\n<\/p>\n<p>\n\t<span lang=\"EN-US\" style=\",serif\">seentest. <\/span>\n<\/p>\n<p>\n\t<span lang=\"EN-US\" style=\",serif\">12.50-13.05 Polina Degtjarenko. Alpi p\u00f5drasamblik aastaseeneks: \u00fclevaade ja kokkuv\u00f5te<\/span>\n<\/p>\n<p>\n\t<span style=\"background:white\"><span lang=\"EN-US\" style=\",serif\"><span style=\"color:black\">Organisatsioonilised k\u00fcsimused. Juhatuse valimine.<\/span><\/span><\/span>\n<\/p>\n<p>\n\t<span style=\"background:white\"><span lang=\"EN-US\" style=\",serif\"><span style=\"color:black\">2021.a. Aastaseene valimine.<\/span><\/span><\/span>\n<\/p>\n<p>\n\t<b><span lang=\"EN-US\" style=\",serif\">Kavas on v\u00e4lja kuulutada \u00fchingu poolt<\/span><\/b><span lang=\"EN-US\" style=\",serif\"> <b>2021 aasta seen<\/b>, oodatud on teie ettepanekud ja m\u00f5tteavaldused K\u00fclli meilile ja kohapeal. Lisaks ootame teie ettepanekuid, kus 2021. aasta seenelaagrid v\u00f5iksid toimuda. <\/span>\n<\/p>\n<p>\n\t<b><span lang=\"EN-US\" style=\",serif\">**Registreerumine seminarile K\u00fclli mailile <\/span><\/b><a href=\"mailto:kulli.kalamees-pani@ut.ee\"><b><span style=\",serif\">kulli.kalamees-pani@ut.ee<\/span><\/b><\/a><b><span lang=\"EN-US\" style=\",serif\">, tel 53425101, palun registreeruge 10.detsembriks. <\/span><\/b><span lang=\"EN-US\" style=\",serif\">Teamsis osalemiseks saadetakse teile ka kutse mailile.<\/span>\n<\/p>\n<p>\n\t<span lang=\"EN-US\" style=\",serif\">K\u00fclli Kalamees, tel 53425101, kulli.kalamees-pani@ut.ee<\/span>\n<\/p>\n<p>\n\t<span lang=\"EN-US\" style=\",serif\">Jane Oja jane.oja@gmail.com, tel.55565460<\/span>\n<\/p>\n<p>\n\t<span lang=\"EN-US\" style=\",serif\">Eesti m\u00fckoloogia\u00fching\u00a0\u00a0\u00a0 <\/span><a href=\"http:\/\/www.mukoloogiauhing.ut.ee\"><span style=\",serif\">www.mukoloogiauhing.ut.ee<\/span><\/a>\n<\/p>\n<p>\n\t\u00a0\n<\/p>\n<p>\n\t<b><span lang=\"EN-US\" style=\",serif\">Eesti m\u00fckoloogia\u00fchingu Actiones koosoleku 12.12.2020 tulemuste l\u00fchikokkuv\u00f5te. <\/span><\/b>\n<\/p>\n<p>\n\t<b><span lang=\"EN-US\" style=\",serif\">Aastakoosolek toimus veebis Teamsi keskkonnas<\/span><\/b>\n<\/p>\n<p>\n\t<span lang=\"EN-US\" style=\",serif\"><span style=\"text-decoration:none\"><span>Aasta seeneks 2021.a. valiti lilla p\u00f5dramokk ( uue nimega lilla k\u00fcbarnarmik) <\/span><\/span><\/span>\n<\/p>\n<p>\n\t<span lang=\"EN-US\" style=\",serif\"><span style=\"text-decoration:none\"><span>Valiti M\u00fckoloogia\u00fchingu juhatus 2-ks aastaks K\u00fclli Kalamees-Pani (juhataja) ja Triin Varvas (sekret\u00e4r).<\/span><\/span><\/span>\n<\/p>\n<p>\n\t<span lang=\"EN-US\" style=\",serif\">Ettepaneku tegi Irja Saar 2021.a. seenelaager teha P\u00f5hja-K\u00f5rvemaal. <\/span>\n<\/p>\n<p>\n\t<span lang=\"EN-US\" style=\",serif\">Aastakoosolekul Actiones ettekanded. <\/span>\n<\/p>\n<p>\n\t<span lang=\"EN-US\" style=\",serif\">M\u00fckoloogia\u00fchingu aastast 2020 tegi Actionesel kokkuv\u00f5tva esitluse K\u00fclli Kalamees.\u00a0\u00a0\u00a0\u00a0\u00a0\u00a0\u00a0\u00a0 <\/span>\n<\/p>\n<p>\n\t<span lang=\"EN-US\" style=\",serif\">Ettekanded Actionesel tegid: Tanel Vahter \u201cEesti p\u00f5llumuldade seeneelustik ja selle seisund\u201d, Jane Oja \u201cPool aastat Kataris\u201d, Kadri P\u00e4rtel \u201cHeinrich August Dietrichi 200. juubel \u2013 mida me teame tema elust ja seentest\u201d, \u00a0Polina Degtjarenko \u201cAlpi p\u00f5drasamblik aastaseeneks: \u00fclevaade ja kokkuv\u00f5te\u201d.<\/span>\n<\/p>\n<p>\n\t\u00a0\n<\/p>\n<p>\n\t<b><span lang=\"EN-US\" style=\",serif\">Eesti m\u00fckoloogia\u00fching 2020. aasta kokkuv\u00f5te.\u00a0 K\u00fclli Kalamees.<\/span><\/b>\n<\/p>\n<ul>\n<li>\n\t\t<span style=\"line-height:90%\"><span><span lang=\"EN-US\"><span style=\"line-height:90%\">2020.a toimus\u00a0\u00a0 2 suuremat \u00fcritust S\u00fcgisene seenelaager 4-6.09.20 Viljandimaal (osalejaid 40)\u00a0\u00a0\u00a0\u00a0 ja aastakoosolek 12.12.2020 Veebis Teamsis (osalejaid 26).\u00a0 Kevadine seenelaager j\u00e4i eriolukorra t\u00f5ttu riigis \u00e4ra.<\/span><\/span> <\/span><\/span>\n\t<\/li>\n<\/ul>\n<p>\n\t\u00a0\n<\/p>\n<ul>\n<li>\n\t\t<span style=\"line-height:90%\"><span><b><span lang=\"EN-US\"><span style=\"line-height:90%\"><span style=\"color:black\">S\u00fcgisene seenelaager.<\/span><\/span><\/span><\/b><\/span><\/span>\n\t<\/li>\n<li>\n\t\t<span style=\"line-height:90%\"><span>\u00a0<span lang=\"ET\"><span style=\"line-height:90%\"><span style=\"color:black\">V\u00e4lit\u00f6\u00f6d toimusid Viljandimaal seente uurimiseks: Heimtali pargis, Loodi looduspargis, Paistu \u00fcrgorus, \u00d5isus, Tohvril jm.<\/span><\/span><\/span><\/span><\/span>\n\t<\/li>\n<li>\n\t\t<span style=\"line-height:90%\"><span><span lang=\"EN-US\"><span style=\"line-height:90%\"><span style=\"color:black\">S\u00fcgisese seenelaagri<\/span><\/span><\/span> <span lang=\"EN-US\"><span style=\"line-height:90%\"><span style=\"color:black\">Laagri majutus o<\/span><\/span><\/span><span lang=\"ET\"><span style=\"line-height:90%\"><span style=\"color:black\">li<\/span><\/span><\/span><span lang=\"EN-US\"><span style=\"line-height:90%\"><span style=\"color:black\"> M\u00e4nniku Metsatalus https:\/\/metsatalu.ee\/ Viljandi l\u00e4hedal Intsu k\u00fclas, <\/span><\/span><\/span><span lang=\"ET\"><span style=\"line-height:90%\"><span style=\"color:black\">Seenen\u00e4ituse panime v\u00e4lja\u00a0 M\u00e4nniku talu v\u00e4li\u00f5ppeklassis, kus esindatud \u00fcle 100 seeneliigi<\/span><\/span><\/span><\/span><\/span>\n\t<\/li>\n<li>\n\t\t<span><span lang=\"ET\">Seenevaatlusi s\u00fcgiseses seenelaagris kokku 488, DNA anal\u00fc\u00fcse tehti 3 ja eksemplare l\u00e4ks kogusse 13. <\/span><\/span>\n\t<\/li>\n<\/ul>\n<p>\n\t<span lang=\"ET\">Andmed seenematkadest 3-l p\u00e4eval kanti PLUTOF-isse<\/span>\n<\/p>\n<p>\n\t<a href=\"https:\/\/plutof.ut.ee\/\"><span>https:\/\/plutof.ut.ee\/#\/study\/view\/86597<\/span><\/a>\n<\/p>\n<p>\n\t\u00a0\n<\/p>\n<ul>\n<li>\n\t\t<span style=\"line-height:90%\"><span><span lang=\"EN-US\"><span style=\"line-height:90%\">2020.aasta seen valiti Eesti m\u00fckoloogia\u00fchingu aastakoosolekul Tartus 7.12.2019 ja <b>2020. aasta seeneks oli alpi p\u00f5drasamblik (<i>Cladonia stellaris<\/i>)<\/b>. <\/span><\/span> <span lang=\"EN-US\"><span style=\"line-height:90%\">Ligikaudu 20 protsenti seentest on kohastunud p\u00fcsivalt koos elama kas vetika ja\/v\u00f5i ts\u00fcanobakteriga. Sellist p\u00fcsivat kooselu tunneme nime all \u201dsamblik\u201d. Artikkel ilmus ka Eesti Looduse jaanuar 2020 numbris. <\/span><\/span><\/span><\/span>\n\t<\/li>\n<\/ul>\n<p>\n\t\u00a0\n<\/p>\n<ul>\n<li>\n\t\t<span><b><span lang=\"EN-US\"><span style=\"text-decoration:none\"><span>Eesti m\u00fckoloogia\u00fchingu Actiones koosolek toimus 12.12.2020 veebis Teamsi keskkonnas<\/span><\/span><\/span><\/b><\/span>\n\t<\/li>\n<li>\n\t\t<span><span lang=\"EN-US\"><span style=\"text-decoration:none\"><span>Aasta seeneks 2021.a. valiti lilla p\u00f5dramokk, mid on n\u00fc\u00fcd uue nimega lilla k\u00fcbarnarmik <\/span><\/span><\/span>(<i>Hydnellum fuligineoviolaceum<\/i>)<\/span>\n\t<\/li>\n<li>\n\t\t<span><span lang=\"EN-US\"><span style=\"text-decoration:none\"><span>Valiti M\u00fckoloogia\u00fchingu juhatus 2-ks aastaks K\u00fclli Kalamees-Pani (juhataja) ja Triin Varvas (sekret\u00e4r)<\/span><\/span><\/span><\/span>\n\t<\/li>\n<li>\n\t\t<span><span lang=\"EN-US\">Aastakoosolekul 12.12.20 Actiones ettekanded. <\/span><\/span>\n\t<\/li>\n<li>\n\t\t<span><span lang=\"EN-US\">M\u00fckoloogia\u00fchingu aastast 2020 tegi Actionesel kokkuv\u00f5tva esitluse K\u00fclli Kalamees.\u00a0\u00a0\u00a0\u00a0\u00a0\u00a0\u00a0\u00a0 <\/span><\/span>\n\t<\/li>\n<li>\n\t\t<span><span lang=\"EN-US\">Ettekanded Actionesel tegid: Tanel Vahter \u201cEesti p\u00f5llumuldade seeneelustik ja selle seisund\u201d, Jane Oja \u201cPool aastat Kataris\u201d, Kadri P\u00e4rtel \u201cHeinrich August Dietrichi 200. juubel \u2013 mida me teame tema elust ja seentest\u201d,\u00a0 Polina Degtjarenko \u201cAlpi p\u00f5drasamblik aastaseeneks: \u00fclevaade ja kokkuv\u00f5te\u201d.<\/span><\/span>\n\t<\/li>\n<\/ul>\n<p>\n\t\u00a0\n<\/p>\n<ul>\n<li>\n\t\t<span style=\"line-height:90%\"><span><span lang=\"EN-US\"><span style=\"line-height:90%\">2020..aasta seenes\u00fcgis oli v\u00e4ga seenerikas, mida soosisid soojad ja niiskesd ilmad.ja Eestis korraldati palju huvitavaid liigirohkeid seenen\u00e4itusi erinevates paikades\u00a0 ning toimusid erinevad seenehariduslikud \u00fcritused (n\u00e4iteks seenen\u00e4itused, seeneretked seente \u00f5ppeks, seeneviktoriin jm)\u00a0 ja tehti huvitavaid seenevaatlusi (eElurikkus).<\/span><\/span><\/span><\/span>\n\t<\/li>\n<\/ul>\n","protected":false},"excerpt":{"rendered":"<p>12. detsembril 2020 kl 11 toimub Actionese ettekandeseminar. \u00a0Actiones toimub ainult veebis Teamsi keskkonnas. \u00a0 Ettekanded. 11 -11.20 K\u00fclli Kalamees \u201cM\u00fckoloogia\u00fchingu aasta 2020\u201d. Sissejuhatused P\u00e4evakavasse, kuidas toimuvad (ettekanded, aastaseen\u00a0 2021 kandidaadid ja valik, juhatuse valimised) 11.20-11.50 Tanel Vahter. Eesti p\u00f5llumuldade &#8230;<\/p>\n","protected":false},"author":52,"featured_media":0,"parent":0,"menu_order":0,"comment_status":"closed","ping_status":"closed","template":"","meta":{"_acf_changed":false,"inline_featured_image":false,"footnotes":""},"class_list":["post-60","page","type-page","status-publish","hentry"],"acf":[],"_links":{"self":[{"href":"https:\/\/sisu.ut.ee\/mukoloogiauhing\/wp-json\/wp\/v2\/pages\/60","targetHints":{"allow":["GET"]}}],"collection":[{"href":"https:\/\/sisu.ut.ee\/mukoloogiauhing\/wp-json\/wp\/v2\/pages"}],"about":[{"href":"https:\/\/sisu.ut.ee\/mukoloogiauhing\/wp-json\/wp\/v2\/types\/page"}],"author":[{"embeddable":true,"href":"https:\/\/sisu.ut.ee\/mukoloogiauhing\/wp-json\/wp\/v2\/users\/52"}],"replies":[{"embeddable":true,"href":"https:\/\/sisu.ut.ee\/mukoloogiauhing\/wp-json\/wp\/v2\/comments?post=60"}],"version-history":[{"count":1,"href":"https:\/\/sisu.ut.ee\/mukoloogiauhing\/wp-json\/wp\/v2\/pages\/60\/revisions"}],"predecessor-version":[{"id":525,"href":"https:\/\/sisu.ut.ee\/mukoloogiauhing\/wp-json\/wp\/v2\/pages\/60\/revisions\/525"}],"wp:attachment":[{"href":"https:\/\/sisu.ut.ee\/mukoloogiauhing\/wp-json\/wp\/v2\/media?parent=60"}],"curies":[{"name":"wp","href":"https:\/\/api.w.org\/{rel}","templated":true}]}}