{"id":6,"date":"2024-04-04T00:19:09","date_gmt":"2024-04-03T21:19:09","guid":{"rendered":"https:\/\/sisu.ut.ee\/mukoloogiauhing\/15102015-seenerikas-sugislaager-saaremaal-2015\/"},"modified":"2024-04-04T00:28:05","modified_gmt":"2024-04-03T21:28:05","slug":"15102015-seenerikas-sugislaager-saaremaal-2015","status":"publish","type":"page","link":"https:\/\/sisu.ut.ee\/mukoloogiauhing\/15102015-seenerikas-sugislaager-saaremaal-2015\/","title":{"rendered":"Kokkuv\u00f5te: Seenerikas s\u00fcgislaager Saaremaal 2015"},"content":{"rendered":"<p>Eesti m\u00fckoloogia\u00fchingu Seenelaager 2015.a. s\u00fcgisel toimus 24-27. septembril. Kuigi 2015.a septembri algus oli seenevaene, siis seenelaagri ajaks oli Saaremaal k\u00e4tte j\u00f5udnud liigirikas seeneaeg. Seenelaagris osales 27 m\u00fckoloogi ja seenehuvilist, majutus ja seente m\u00e4\u00e4ramise t\u00f6\u00f6tuba asus Panga k\u00fclas.\u00a0<\/p><p>Seeni uuriti Triigi sadama l\u00e4hedases okasmetsas, Tagalahe l\u00f5unakaldal ja Onni rannas luidetel ning luitem\u00e4nnikus, Tagam\u00f5isa puisniidul, Harilaiu luitem\u00e4nnikus, Tuiu-Paka kurisutel, J\u00f5empa n\u00f5mmem\u00e4nnikutes, Kandla okasmetsas ja Lihu linnuse \u00fcmbruses.\u00a0 Lisaks otsiti tr\u00fchvlilaadseid ja mullas elavaid seeni ning koguti ka mullaproove seeneliikide mitmekesisuse m\u00e4\u00e4ramiseks Saaremaa eri paigus. Seenelaagris osales ka v\u00e4lja\u00f5ppinud tr\u00fchvlikoer.<\/p><p>Massiliselt kasvas metsades kuuse- ja porgandriisikaid, liiv-, lehma- ja v\u00f5itatikuid, harilikku kukeseent, kitsemampleid, kreem- ja kaseriisikaid, tavalised olid ka punane k\u00e4rbseseen, m\u00e4nni- p\u00f5dramokk, pihkane ja m\u00e4nniliimik, punakas juurep\u00e4hkel. Huvitavamatest seentest olid roheline k\u00e4rbseseen <em>Amanita phalloides<\/em>, \u00a0roosa k\u00f5rvliudik <em>Otidea onotica<\/em>, \u00fcks puiduheinikutest <em>Tricholomopsis sulphureoides<\/em>, kataloonia punalehik <em>Entoloma catalaunicum<\/em>, liivaranna- narmasnutt <em>Inocybe dunensis<\/em>, hiline luiteseen <em>Tulostoma brumale<\/em>, \u00f5unriisikas <em>Lactarius evosmus<\/em>, kahkjas riisikas <em>Lactarius uvidus<\/em>. Leiti ka Saaremaale iseloomulik m\u00fcrgine saatana-kivipuravik <em>Boletus satanas<\/em>, mis Vello Liivi info j\u00e4rgi on sel 2015.a. suvel ja s\u00fcgisel olnud v\u00e4ga v\u00e4hearvukas seen.\u00a0<\/p><p>Eesti m\u00fckoloogia\u00fchingu kodulehelt leiate ka Saarema seenelaagris uuritud ja vaadeldud seente nimekirja.<\/p><p>Uudise leiate Eesti m\u00fckoloogia\u00fchingu kodulehelt http:\/\/mukoloogiauhing.ut.ee\/<\/p><p>Ootame ka seenelaagris osalenute seenelaagri seenefotosid, et need kodulehele \u00fcles panna.<\/p><p>K\u00fclli Kalamees-Pani<\/p><p>Eesti m\u00fckoloogia\u00fching<\/p><p>Kulli.kalamees-pani@ut.ee<\/p><br><figure class=\"wp-block-gallery has-nested-images columns-3 is-cropped wp-block-gallery-1 is-layout-flex wp-block-gallery-is-layout-flex\"><figure class=\"wp-block-image size-large\"><a href=\"https:\/\/sisu.ut.ee\/wp-content\/uploads\/sites\/121\/saaremaa_sugisene_seenelaager_201509_foto_vello_liiv-1-scaled.jpg\"><img decoding=\"async\" data-id=\"282\" src=\"https:\/\/sisu.ut.ee\/wp-content\/uploads\/sites\/121\/saaremaa_sugisene_seenelaager_201509_foto_vello_liiv-1-scaled.jpg\" alt=\"\" class=\"wp-ima&gt;&lt;\/figcaption&gt;&lt;\/figure&gt;&lt;figure class=\" wp-block-image size-large><\/a><a href=\"https:\/\/sisu.ut.ee\/wp-content\/uploads\/sites\/121\/porgandriisikas_l_deliciosus_fkyllik-1-scaled.jpg\"><img decoding=\"async\" data-id=\"285\" src=\"https:\/\/sisu.ut.ee\/wp-content\/uploads\/sites\/121\/porgandriisikas_l_deliciosus_fkyllik-1-scaled.jpg\" alt=\"\" class=\"wp-ima&gt;&lt;\/figcaption&gt;&lt;\/figure&gt;&lt;figure class=\" wp-block-image size-large><\/a><a href=\"https:\/\/sisu.ut.ee\/wp-content\/uploads\/sites\/121\/amanita_regalis_kuning-karbseseen_f_anna_baklan-scaled.jpg\"><img decoding=\"async\" data-id=\"96\" src=\"https:\/\/sisu.ut.ee\/wp-content\/uploads\/sites\/121\/amanita_regalis_kuning-karbseseen_f_anna_baklan-scaled.jpg\" alt=\"\" class=\"wp-ima&lt;\/figcaption&gt;&lt;\/figure&gt;&lt;figure class=\" wp-block-image size-large><\/a><a href=\"https:\/\/sisu.ut.ee\/wp-content\/uploads\/sites\/121\/clavulina_coralloides_harjakas_klavuliina_f_anna_baklan-scaled.jpg\"><img decoding=\"async\" data-id=\"97\" src=\"https:\/\/sisu.ut.ee\/wp-content\/uploads\/sites\/121\/clavulina_coralloides_harjakas_klavuliina_f_anna_baklan-scaled.jpg\" alt=\"\" class=\"wp-ima&lt;\/figcaption&gt;&lt;\/figure&gt;&lt;figure class=\" wp-block-image size-large><\/a><a href=\"https:\/\/sisu.ut.ee\/wp-content\/uploads\/sites\/121\/hydnellum_peckii_pecki_kubarnarmik_f_anna_naklan-scaled.jpg\"><img decoding=\"async\" data-id=\"98\" src=\"https:\/\/sisu.ut.ee\/wp-content\/uploads\/sites\/121\/hydnellum_peckii_pecki_kubarnarmik_f_anna_naklan-scaled.jpg\" alt=\"\" class=\"wp-ima&lt;\/figcaption&gt;&lt;\/figure&gt;&lt;figure class=\" wp-block-image size-large><\/a><a href=\"https:\/\/sisu.ut.ee\/wp-content\/uploads\/sites\/121\/laccaria_bicolor_sinilamell-rupik_f_anna_baklan-scaled.jpg\"><img decoding=\"async\" data-id=\"99\" src=\"https:\/\/sisu.ut.ee\/wp-content\/uploads\/sites\/121\/laccaria_bicolor_sinilamell-rupik_f_anna_baklan-scaled.jpg\" alt=\"\" class=\"wp-ima&lt;\/figcaption&gt;&lt;\/figure&gt;&lt;figure class=\" wp-block-image size-large><\/a><a href=\"https:\/\/sisu.ut.ee\/wp-content\/uploads\/sites\/121\/macrocystidia_cucumis_kurgiseen_f_anna_baklan-scaled.jpg\"><img decoding=\"async\" data-id=\"100\" src=\"https:\/\/sisu.ut.ee\/wp-content\/uploads\/sites\/121\/macrocystidia_cucumis_kurgiseen_f_anna_baklan-scaled.jpg\" alt=\"\" class=\"wp-ima&gt;&lt;\/figcaption&gt;&lt;\/figure&gt;&lt;figure class=\" wp-block-image size-large><\/a><a href=\"https:\/\/sisu.ut.ee\/wp-content\/uploads\/sites\/121\/phelldon_tomentosus_viltjas_vootnarmik_f_anna_baklan-1-scaled.jpg\"><img decoding=\"async\" data-id=\"291\" src=\"https:\/\/sisu.ut.ee\/wp-content\/uploads\/sites\/121\/phelldon_tomentosus_viltjas_vootnarmik_f_anna_baklan-1-scaled.jpg\" alt=\"\" class=\"wp-ima&gt;&lt;\/figcaption&gt;&lt;\/figure&gt;&lt;figure class=\" wp-block-image size-large><\/a><a href=\"https:\/\/sisu.ut.ee\/wp-content\/uploads\/sites\/121\/sarcodon_glaucopus_mugul-podramokk_f_anna_baklan-scaled.jpg\"><img decoding=\"async\" data-id=\"102\" src=\"https:\/\/sisu.ut.ee\/wp-content\/uploads\/sites\/121\/sarcodon_glaucopus_mugul-podramokk_f_anna_baklan-scaled.jpg\" alt=\"\" class=\"wp-ima&gt;&lt;\/figcaption&gt;&lt;\/figure&gt;&lt;figure class=\" wp-block-image size-large><\/a><a href=\"https:\/\/sisu.ut.ee\/wp-content\/uploads\/sites\/121\/tremiscus_helvelloides_lehterudik_f_anna_baklan-scaled.jpg\"><img decoding=\"async\" data-id=\"103\" src=\"https:\/\/sisu.ut.ee\/wp-content\/uploads\/sites\/121\/tremiscus_helvelloides_lehterudik_f_anna_baklan-scaled.jpg\" alt=\"\" class=\"wp-ima&gt;&lt;\/figcaption&gt;&lt;\/figure&gt;&lt;\/figure&gt;&lt;br&gt;&lt;div class=\" wp-block-group attached-files-group is-layout-constrained wp-block-group-is-layout-constrained><div class=\"wp-block-file\"><a href=\"https:\/\/sisu.ut.ee\/wp-content\/uploads\/sites\/121\/saaremaa_seenenimestik_2_201509.docx\" target=\"_blank\" rel=\"noreferrer noopener\">saaremaa_seenenimestik_2_201509.docx<\/a><\/div><\/a><\/figure><\/figure>","protected":false},"excerpt":{"rendered":"<p>Eesti m\u00fckoloogia\u00fchingu Seenelaager 2015.a. s\u00fcgisel toimus 24-27. septembril. Kuigi 2015.a septembri algus oli seenevaene, siis seenelaagri ajaks oli Saaremaal k\u00e4tte j\u00f5udnud liigirikas seeneaeg. Seenelaagris osales 27 m\u00fckoloogi ja seenehuvilist, majutus ja seente m\u00e4\u00e4ramise t\u00f6\u00f6tuba asus Panga k\u00fclas.\u00a0 Seeni uuriti Triigi &#8230;<\/p>\n","protected":false},"author":52,"featured_media":0,"parent":0,"menu_order":0,"comment_status":"closed","ping_status":"closed","template":"","meta":{"_acf_changed":false,"inline_featured_image":false,"footnotes":""},"class_list":["post-6","page","type-page","status-publish","hentry"],"acf":[],"_links":{"self":[{"href":"https:\/\/sisu.ut.ee\/mukoloogiauhing\/wp-json\/wp\/v2\/pages\/6","targetHints":{"allow":["GET"]}}],"collection":[{"href":"https:\/\/sisu.ut.ee\/mukoloogiauhing\/wp-json\/wp\/v2\/pages"}],"about":[{"href":"https:\/\/sisu.ut.ee\/mukoloogiauhing\/wp-json\/wp\/v2\/types\/page"}],"author":[{"embeddable":true,"href":"https:\/\/sisu.ut.ee\/mukoloogiauhing\/wp-json\/wp\/v2\/users\/52"}],"replies":[{"embeddable":true,"href":"https:\/\/sisu.ut.ee\/mukoloogiauhing\/wp-json\/wp\/v2\/comments?post=6"}],"version-history":[{"count":2,"href":"https:\/\/sisu.ut.ee\/mukoloogiauhing\/wp-json\/wp\/v2\/pages\/6\/revisions"}],"predecessor-version":[{"id":605,"href":"https:\/\/sisu.ut.ee\/mukoloogiauhing\/wp-json\/wp\/v2\/pages\/6\/revisions\/605"}],"wp:attachment":[{"href":"https:\/\/sisu.ut.ee\/mukoloogiauhing\/wp-json\/wp\/v2\/media?parent=6"}],"curies":[{"name":"wp","href":"https:\/\/api.w.org\/{rel}","templated":true}]}}