{"id":59,"date":"2024-04-04T00:19:12","date_gmt":"2024-04-03T21:19:12","guid":{"rendered":"https:\/\/sisu.ut.ee\/mukoloogiauhing\/aasta-seen-2021-lilla-kubarnarmik\/"},"modified":"2024-10-13T21:32:57","modified_gmt":"2024-10-13T18:32:57","slug":"aasta-seen-2021-lilla-kubarnarmik","status":"publish","type":"page","link":"https:\/\/sisu.ut.ee\/mukoloogiauhing\/aasta-seen-2021-lilla-kubarnarmik\/","title":{"rendered":"Aasta seen 2021 &#8211; lilla k\u00fcbarnarmik"},"content":{"rendered":"<h1><strong>2021. aasta seen on lilla k\u00fcbarnarmik\u00a0<\/strong><\/h1>\n<p><strong>12. detsembril 2020<\/strong> toimunud Eesti looduseuurijate seltsi Eesti m\u00fckoloogia\u00fchingu aastakoosolekul valiti 2021. aasta seeneks <a href=\"https:\/\/elurikkus.ee\/app\/taxonomy\/taxon\/761407\">lilla k\u00fcbarnarmik (<i>Hydnellum fuligineoviolaceum<\/i>).<\/a><\/p>\n<p style=\"text-align: justify;\">Eestimaa looduses esineb mitmeid p\u00f5dramokkadeks (<i>Sarcodon<\/i>) kutsutavaid seeneliike, millest m\u00f5ned on ka s\u00f6\u00f6davad. On inimesi, kes peavad p\u00f5dramokki headeks s\u00f6\u00f6giseenteks, ent teiste arvates on p\u00f5dramokad j\u00e4llegi liiga k\u00f5vad ja kibeda maitsega. \u00dchte neist omap\u00e4rase maitse ja v\u00e4ljan\u00e4gemisega seentest \u2013 <a href=\"https:\/\/elurikkus.ee\/app\/taxonomy\/taxon\/173550\">m\u00e4nni-p\u00f5dramokka (<i>Sarcodon squamosus<\/i>)<\/a> \u2013 kasutatakse ka n\u00e4iteks villase l\u00f5nga siniseks v\u00e4rvimiseks. Viimase aja molekulaarsed uuringud on aga n\u00e4idanud, et mitmed varem p\u00f5dramoka perekonda kuuluvad liigid on DNA-j\u00e4rjestuste alusel hoopis teise sarnase v\u00e4ljan\u00e4gemisega seeneperekonna \u2013 k\u00fcbarnarmiku (<i>Hydnellum<\/i>) \u2013 liikmed. Nende hulgas on ka lilla k\u00fcbarnarmik (<i>Hydnellum fuligineoviolaceum<\/i>), kelle varasemaks nimeks oli lilla p\u00f5dramokk (<i>Sarcodon fuligineoviolaceus<\/i>).<\/p>\n<p style=\"text-align: justify;\">Nagu enamik seeni, koosneb ka lilla k\u00fcbarnarmik viljakehast (seene n\u00e4htav maapealne osa) ja seeneniidistikust ehk m\u00fctseelist, mis on mullas ja mida me palja silmaga ei n\u00e4e. Sarnaselt paljude s\u00f6\u00f6giseentega on ka lilla k\u00fcbarnarmiku viljakehad jala ja k\u00fcbaraga. Kui aga n\u00e4iteks kukeseentel on k\u00fcbara alapinnal voldid ja puravikel torukesed, siis k\u00fcbarnarmikute k\u00fcbara alapinnal on narmad. Narmastel arenevad seeneeosed, mille abil seen levib. Eoste pikkus on umbes viis mikromeetrit \u2013 neid on v\u00f5imalik n\u00e4ha vaid mikroskoobi all.<\/p>\n<p style=\"text-align: justify;\">Kui \u00fclej\u00e4\u00e4nud k\u00fcbarnarmikute viljakehad on enamasti pruunika v\u00e4rvusega, siis lilla k\u00fcbarnarmik on nende hulgas kahtlemata omap\u00e4rane: pealt pruunika seenek\u00fcbara v\u00e4rvuses on m\u00e4rgata tumesinist tooni. Alak\u00fcljel olevad kuni poole sentimeetri pikkused narmad on aga v\u00e4rvuselt pruunikad v\u00f5i lillakad. Kui aga teha noaga l\u00e4bil\u00f5ige seene viljakehast, on k\u00f5ikjal n\u00e4ha tumesinist v\u00f5i lillakat tooni \u2013 see on hea eristustunnus teistest k\u00fcbarnarmikutest. Lilla k\u00fcbarnarmiku v\u00e4rskeid viljakehi v\u00f5ib leida vaid septembris ja oktoobris.<\/p>\n<p style=\"text-align: justify;\">Lilla k\u00fcbarnarmik kuulub <a href=\"https:\/\/et.wikipedia.org\/wiki\/Looduskaitse_all_olevad_liigid_Eestis\">looduskaitsealuste liikide I kaitsekategooriasse<\/a>. Ohustatud liikide Eesti punases nimestikus on seen aga arvatud <a href=\"https:\/\/et.wikipedia.org\/wiki\/Eesti_seente_punane_nimestik\">\u00e4\u00e4rmiselt ohustatud liikide kategooriasse<\/a>. Ta kasvab m\u00fckoriisamoodustajana maapinnal okaspuude ligiduses loo- ja n\u00f5mmemetsades. K\u00f5ik seni teadaolevad leiukohad paiknevad l\u00e4\u00e4nesaartel: Saaremaal, Vormsil ja Hiiumaal. Seent on otsitud ka n\u00e4iteks Raplamaa loometsadest, ent seni pole teda mandri-Eestist leitud. Lilla k\u00fcbarnarmik on meie looduses haruldane seen: leiukohti on Eestist teada vaid veidi alla k\u00fcmne. Kuna ta on haruldane ja looduskaitse all, tuleks seene viljakehad j\u00e4tta korjamata.<\/p>\n<p style=\"text-align: justify;\">Aasta seen 21 lilla k\u00fcbarnarmik (foto Vello Liiv, elurikkus.ut.ee) on leitav lingilt<\/p>\n<p><a href=\"https:\/\/elurikkus.ee\/app\/occurrences\/occurrence\/15486183\" target=\"_blank\" rel=\"noopener noreferrer\" data-auth=\"NotApplicable\">https:\/\/elurikkus.ee\/app\/occurrences\/occurrence\/15486183<\/a><\/p>\n<p>Uudise koostasid: Indrek Sell ja Irja Saar<\/p>\n\n\n<figure class=\"wp-block-gallery has-nested-images columns-3 is-cropped wp-block-gallery-1 is-layout-flex wp-block-gallery-is-layout-flex\">\n<figure class=\"wp-block-image size-large\"><a href=\"https:\/\/sisu.ut.ee\/wp-content\/uploads\/sites\/121\/aastaseen_lilla_kubarnarmik_foto_vello_liiv_elurikkus.ut_.ee_.jpg\"><img decoding=\"async\" data-id=\"185\" src=\"https:\/\/sisu.ut.ee\/wp-content\/uploads\/sites\/121\/aastaseen_lilla_kubarnarmik_foto_vello_liiv_elurikkus.ut_.ee_.jpg\" alt=\"\" class=\"wp-ima&gt;&lt;\/figcaption&gt;&lt;\/figure&gt;\n\n\n\n&lt;figure class=\" wp-block-image size-large><\/a><a href=\"https:\/\/sisu.ut.ee\/wp-content\/uploads\/sites\/121\/092020_sygislaager_img_1152_vello_liiv_foto.jpg\"><img decoding=\"async\" data-id=\"186\" src=\"https:\/\/sisu.ut.ee\/wp-content\/uploads\/sites\/121\/092020_sygislaager_img_1152_vello_liiv_foto.jpg\" alt=\"\" class=\"wp-ima&gt;&lt;\/figcaption&gt;&lt;\/figure&gt;\n&lt;\/figure&gt;\n\"><\/a><\/figure><\/figure>","protected":false},"excerpt":{"rendered":"<p>2021. aasta seen on lilla k\u00fcbarnarmik\u00a0 12. detsembril 2020 toimunud Eesti looduseuurijate seltsi Eesti m\u00fckoloogia\u00fchingu aastakoosolekul valiti 2021. aasta seeneks lilla k\u00fcbarnarmik (Hydnellum fuligineoviolaceum). Eestimaa looduses esineb mitmeid p\u00f5dramokkadeks (Sarcodon) kutsutavaid seeneliike, millest m\u00f5ned on ka s\u00f6\u00f6davad. On inimesi, kes &#8230;<\/p>\n","protected":false},"author":52,"featured_media":0,"parent":0,"menu_order":0,"comment_status":"closed","ping_status":"closed","template":"","meta":{"_acf_changed":false,"inline_featured_image":false,"footnotes":""},"class_list":["post-59","page","type-page","status-publish","hentry"],"acf":[],"_links":{"self":[{"href":"https:\/\/sisu.ut.ee\/mukoloogiauhing\/wp-json\/wp\/v2\/pages\/59","targetHints":{"allow":["GET"]}}],"collection":[{"href":"https:\/\/sisu.ut.ee\/mukoloogiauhing\/wp-json\/wp\/v2\/pages"}],"about":[{"href":"https:\/\/sisu.ut.ee\/mukoloogiauhing\/wp-json\/wp\/v2\/types\/page"}],"author":[{"embeddable":true,"href":"https:\/\/sisu.ut.ee\/mukoloogiauhing\/wp-json\/wp\/v2\/users\/52"}],"replies":[{"embeddable":true,"href":"https:\/\/sisu.ut.ee\/mukoloogiauhing\/wp-json\/wp\/v2\/comments?post=59"}],"version-history":[{"count":8,"href":"https:\/\/sisu.ut.ee\/mukoloogiauhing\/wp-json\/wp\/v2\/pages\/59\/revisions"}],"predecessor-version":[{"id":1034,"href":"https:\/\/sisu.ut.ee\/mukoloogiauhing\/wp-json\/wp\/v2\/pages\/59\/revisions\/1034"}],"wp:attachment":[{"href":"https:\/\/sisu.ut.ee\/mukoloogiauhing\/wp-json\/wp\/v2\/media?parent=59"}],"curies":[{"name":"wp","href":"https:\/\/api.w.org\/{rel}","templated":true}]}}