{"id":57,"date":"2024-04-04T00:19:12","date_gmt":"2024-04-03T21:19:12","guid":{"rendered":"https:\/\/sisu.ut.ee\/mukoloogiauhing\/mukoloogiauhingu-sugisene-seenelaager-23-26092021-korvemaal\/"},"modified":"2024-04-04T00:28:04","modified_gmt":"2024-04-03T21:28:04","slug":"mukoloogiauhingu-sugisene-seenelaager-23-26092021-korvemaal","status":"publish","type":"page","link":"https:\/\/sisu.ut.ee\/mukoloogiauhing\/mukoloogiauhingu-sugisene-seenelaager-23-26092021-korvemaal\/","title":{"rendered":"S\u00fcgislaager 23.-26.09.2021 K\u00f5rvemaal"},"content":{"rendered":"<p>\n\t<span style=\"font-size:15px\"><strong>S\u00fcgislaager 2021<\/strong><\/span>\n<\/p>\n<p>\n\t<br><strong><span style=\"font-size:14px\">Registreerumine kuni 16.09.2021.<\/span><\/strong>\n<\/p>\n<p>\n\t<span style=\"font-size:14px\">Seeneretked toimuvad K\u00f5rvemaa piirkonnas \u2013 t\u00e4psem kava septembri keskel. Seenekohtade info Triin Varvas.\u00a0<\/span>\n<\/p>\n<p>\n\t<span style=\"font-size:14px\">Seenelaagri majutus on <\/span><a data-url=\"http:\/\/www.janedaturism.ee\/firmast\" href=\"http:\/\/www.janedaturism.ee\/firmast\" target=\"_blank\" title=\"\" rel=\"noopener\">J\u00e4neda m\u00f5isa k\u00fclalistemajas<\/a><span style=\"font-size:14px\"> J\u00e4nedal.<\/span>\n<\/p>\n<p>\n\t<span style=\"font-size:14px\">Majutuses on kahesed toad, kahene tuba koos hommikus\u00f6\u00f6giga 46 eur\/\u00f6\u00f6, lisandub \u00f5htus\u00f6\u00f6gi hind kolmel \u00f5htul (praad ja magustoit, grupimen\u00fc\u00fc) 3x 12 eur. \u00d5htus\u00f6\u00f6gid on kell 18.00<\/span>\n<\/p>\n<p>\n\t<span style=\"font-size:14px\">Registreerumisel \u00a0palun t\u00e4psustage, mis p\u00e4eval saabute ja lahkute, mis \u00f6\u00f6del vajate majutust ja \u00f5htus\u00f6\u00f6ki. Palun teatada, kui teil on erisus \u00a0\u00f5htus\u00f6\u00f6gil (ei s\u00f6\u00f6 liha, toiduallergiad vms.) registreerumisel.\u00a0<\/span>\n<\/p>\n<p>\n\t<span style=\"font-size:14px\">\u00d5htul on v\u00f5imalik kasutada seminariruumi seente m\u00e4\u00e4ramiseks.<\/span>\n<\/p>\n<p>\n\t<span style=\"font-size:14px\">P\u00e4eval metsas l\u00f5unas\u00f6\u00f6k omal kaasa.\u00a0<\/span>\n<\/p>\n<p>\n\t<span style=\"font-size:14px\">\u00dchel \u00f5htul (kas reede v\u00f5i laup\u00e4ev, t\u00e4psustame) saun (kodulehel pilt saunamaailm). Maksmine kohapeal majutuse ja \u00f5htus\u00f6\u00f6kide eest. Lisaks kogume 10 eur osalustasu (seminariruum, saun).\u00a0<\/span>\n<\/p>\n<p>\n\t<span style=\"font-size:14px\">J\u00e4neda majutusse lubatakse ainult COVID t\u00f5endiga (kas vaktsineerimise, testi tulemuse v\u00f5i l\u00e4bip\u00f5demise t\u00f5end, kiirtesti t\u00f5end ei sobi), palun arvestada sellega ja olge valmis t\u00f5endit esitama.\u00a0<\/span>\n<\/p>\n<p>\n\t<span style=\"font-size:14px\"><strong>Palun registreeruda seenelaagrisse kuni 16.09.21<\/strong>, v\u00f5imalusel varakult, e-mailile: kulli.kalamees-pani@ut.ee<\/span>\n<\/p>\n<p>\n\t<br><span style=\"font-size:14px\">Kogunemispaik ja kellaaeg esimesel p\u00e4eval t\u00e4psustub.<\/span>\n<\/p>\n<p>\n\t<br><span style=\"font-size:14px\">Kohtumiseni seenelaagris!<\/span>\n<\/p>\n<p>\n\t<span style=\"font-size:14px\">K\u00fclli Kalamees<br>M\u00fckoloogia\u00fchingu esimees\u00a0<br>Tel. +372 53425101<br>kulli.kalamees-pani@ut.ee<\/span>\n<\/p>\n<p>\n\t<span style=\"font-size:14px\">Triin Varvas<br>M\u00fckoloogia\u00fchingu sekret\u00e4r<br>Tel. +37253482985<br>triin.varvas@emu.ee<\/span>\n<\/p>\n<p>\n\t\u00a0<\/p>\n","protected":false},"excerpt":{"rendered":"<p>S\u00fcgislaager 2021 Registreerumine kuni 16.09.2021. Seeneretked toimuvad K\u00f5rvemaa piirkonnas \u2013 t\u00e4psem kava septembri keskel. Seenekohtade info Triin Varvas.\u00a0 Seenelaagri majutus on J\u00e4neda m\u00f5isa k\u00fclalistemajas J\u00e4nedal. Majutuses on kahesed toad, kahene tuba koos hommikus\u00f6\u00f6giga 46 eur\/\u00f6\u00f6, lisandub \u00f5htus\u00f6\u00f6gi hind kolmel \u00f5htul &#8230;<\/p>\n","protected":false},"author":52,"featured_media":0,"parent":0,"menu_order":0,"comment_status":"closed","ping_status":"closed","template":"","meta":{"_acf_changed":false,"inline_featured_image":false,"footnotes":""},"class_list":["post-57","page","type-page","status-publish","hentry"],"acf":[],"_links":{"self":[{"href":"https:\/\/sisu.ut.ee\/mukoloogiauhing\/wp-json\/wp\/v2\/pages\/57","targetHints":{"allow":["GET"]}}],"collection":[{"href":"https:\/\/sisu.ut.ee\/mukoloogiauhing\/wp-json\/wp\/v2\/pages"}],"about":[{"href":"https:\/\/sisu.ut.ee\/mukoloogiauhing\/wp-json\/wp\/v2\/types\/page"}],"author":[{"embeddable":true,"href":"https:\/\/sisu.ut.ee\/mukoloogiauhing\/wp-json\/wp\/v2\/users\/52"}],"replies":[{"embeddable":true,"href":"https:\/\/sisu.ut.ee\/mukoloogiauhing\/wp-json\/wp\/v2\/comments?post=57"}],"version-history":[{"count":1,"href":"https:\/\/sisu.ut.ee\/mukoloogiauhing\/wp-json\/wp\/v2\/pages\/57\/revisions"}],"predecessor-version":[{"id":528,"href":"https:\/\/sisu.ut.ee\/mukoloogiauhing\/wp-json\/wp\/v2\/pages\/57\/revisions\/528"}],"wp:attachment":[{"href":"https:\/\/sisu.ut.ee\/mukoloogiauhing\/wp-json\/wp\/v2\/media?parent=57"}],"curies":[{"name":"wp","href":"https:\/\/api.w.org\/{rel}","templated":true}]}}