{"id":56,"date":"2024-04-04T00:19:12","date_gmt":"2024-04-03T21:19:12","guid":{"rendered":"https:\/\/sisu.ut.ee\/mukoloogiauhing\/eesti-mukoloogiauhingu-2021-aasta-kokkuvote\/"},"modified":"2024-04-04T00:28:04","modified_gmt":"2024-04-03T21:28:04","slug":"eesti-mukoloogiauhingu-2021-aasta-kokkuvote","status":"publish","type":"page","link":"https:\/\/sisu.ut.ee\/mukoloogiauhing\/eesti-mukoloogiauhingu-2021-aasta-kokkuvote\/","title":{"rendered":"Eesti m\u00fckoloogia\u00fchingu aastakoosolek Actiones 2021"},"content":{"rendered":"<p>\r\n\t<span style=\"font-size:16px\">Eesti M\u00fckoloogia\u00fchingu aastakoosolek 2021.<\/span>\r\n<\/p>\r\n\r\n<p>\r\n\tActiones 2021. toimub h\u00fcbriidvormis- nii veebi\u00fclekandena kui v\u00f5imalusega koha peal osaleda. Aastakoosolek algab 11.detsembril kl 11.00 Tartus Eesti Looduseuurijate Seltsi saalis, Sruve tn 2.\u00a0\r\n<\/p>\r\n\r\n<p>\r\n\tKoha peal osalemisel on vajalik Covid t\u00f5end ja mask!!!<br>Seminari veebi\u00fclekanne toimub BigBlueButton keskkonna vahendusel. Veebilink siin:\r\n<\/p>\r\n\r\n<p>\r\n\t<a data-url=\"https:\/\/videosild.emu.ee\/b\/tri-qos-7kq-ojv\" href=\"https:\/\/videosild.emu.ee\/b\/tri-qos-7kq-ojv\" target=\"_blank\" title=\"\" rel=\"noopener\">https:\/\/videosild.emu.ee\/b\/tri-qos-7kq-ojv<\/a>\r\n<\/p>\r\n\r\n<p>\r\n\tJuurdep\u00e4\u00e4su kood:<br>937317\r\n<\/p>\r\n\r\n<p>\r\n\tKava\r\n<\/p>\r\n\r\n<p>\r\n\t11.00 -11.20 K\u00fclli Kalamees M\u00fckoloogia\u00fchingu aasta 2021. Sissejuhatus Actionesele<br>11.20-11.50 Indrek Sell. Aasta seen 2021 \u2013 lilla k\u00fcbarnarmik<br>11.50-12.20 Liina J\u00fcrisoo. Jalakasurma levik ja tekitajad Kirde-Euroopas.\r\n<\/p>\r\n\r\n<p>\r\n\tV\u00e4ike vaheaeg (kohvipaus)\r\n<\/p>\r\n\r\n<p>\r\n\t12.35-13.10 Aastaseen 2022 valimine.<br>13.10-13.35 Polina Degtjarenko ja Piret L\u00f5hmus. T\u00e4helepanu! Valmis olla! Samblik! \u2013 tagasivaade Eesti esimesele sambliketeemalisele teadusalgatusele.<br>13.35-14.05 Kadri P\u00f5ldmaa. Kahest 2021 end taasilmutanud kandseenest. L\u00fchikokkuv\u00f5te seenevaatluste p\u00e4evast koos aruteluga selle l\u00e4biviimise kohta j\u00e4rgmisel aastal.<br>14.05- Muud k\u00fcsimused.\r\n<\/p>\r\n\r\n<p>\r\n\tP\u00e4evakavas v\u00f5ib ette tulla muudatusi.\r\n<\/p>\r\n\r\n<p>\r\n\tKohtumiseni laup\u00e4eval!\r\n<\/p>\r\n\r\n<p>\r\n\tK\u00fclli ja Triin\r\n<\/p>\r\n\r\n<p>\r\n\t<br>K\u00fclli Kalamees, m\u00fckoloogia\u00fchingu esimees\u00a0<br>tel. 53425101<br>kulli.kalamees-pani@ut.ee\r\n<\/p>\r\n\r\n<p>\r\n\tTriin Varvas, m\u00fckoloogia\u00fchingu sekret\u00e4r<br>tel. 53482985<br>triin.varvas@emu.ee\r\n<\/p>\r\n\r\n<p>\r\n\t\u00a0\r\n<\/p>\r\n\r\n<p>\r\n\t<span style=\"font-size:14px\">Kokkuv\u00f5te 2021. seeneaastast.<\/span>\r\n<\/p>\r\n\r\n<p>\r\n\tEesti m\u00fckoloogia\u00fchingu poolt korraldati 2021. aastal kaks traditsioonilist seenelaagrit, m\u00f5lemad K\u00f5rvemaa piirkonnas. Lisaks toimus oktoobris esmakordselt \u00fcleriigiline seenevaatluste p\u00e4ev. T\u00e4psem \u00fclevaade aasta tegevustest on leitav K. Kalamehe koostatud esitlusest.\r\n<\/p>\r\n<br><div class=\"wp-block-group attached-files-group is-layout-constrained wp-block-group-is-layout-constrained\"><div class=\"wp-block-file\"><a href=\"https:\/\/sisu.ut.ee\/wp-content\/uploads\/sites\/121\/mukoloogiauhing21_esitlus.pdf\" target=\"_blank\" rel=\"noreferrer noopener\">mukoloogiauhing21_esitlus.pdf<\/a><\/div><\/div>","protected":false},"excerpt":{"rendered":"<p>Eesti M\u00fckoloogia\u00fchingu aastakoosolek 2021. Actiones 2021. toimub h\u00fcbriidvormis- nii veebi\u00fclekandena kui v\u00f5imalusega koha peal osaleda. Aastakoosolek algab 11.detsembril kl 11.00 Tartus Eesti Looduseuurijate Seltsi saalis, Sruve tn 2.\u00a0 Koha peal osalemisel on vajalik Covid t\u00f5end ja mask!!!Seminari veebi\u00fclekanne toimub BigBlueButton &#8230;<\/p>\n","protected":false},"author":52,"featured_media":0,"parent":0,"menu_order":0,"comment_status":"closed","ping_status":"closed","template":"","meta":{"_acf_changed":false,"inline_featured_image":false,"footnotes":""},"class_list":["post-56","page","type-page","status-publish","hentry"],"acf":[],"_links":{"self":[{"href":"https:\/\/sisu.ut.ee\/mukoloogiauhing\/wp-json\/wp\/v2\/pages\/56","targetHints":{"allow":["GET"]}}],"collection":[{"href":"https:\/\/sisu.ut.ee\/mukoloogiauhing\/wp-json\/wp\/v2\/pages"}],"about":[{"href":"https:\/\/sisu.ut.ee\/mukoloogiauhing\/wp-json\/wp\/v2\/types\/page"}],"author":[{"embeddable":true,"href":"https:\/\/sisu.ut.ee\/mukoloogiauhing\/wp-json\/wp\/v2\/users\/52"}],"replies":[{"embeddable":true,"href":"https:\/\/sisu.ut.ee\/mukoloogiauhing\/wp-json\/wp\/v2\/comments?post=56"}],"version-history":[{"count":2,"href":"https:\/\/sisu.ut.ee\/mukoloogiauhing\/wp-json\/wp\/v2\/pages\/56\/revisions"}],"predecessor-version":[{"id":586,"href":"https:\/\/sisu.ut.ee\/mukoloogiauhing\/wp-json\/wp\/v2\/pages\/56\/revisions\/586"}],"wp:attachment":[{"href":"https:\/\/sisu.ut.ee\/mukoloogiauhing\/wp-json\/wp\/v2\/media?parent=56"}],"curies":[{"name":"wp","href":"https:\/\/api.w.org\/{rel}","templated":true}]}}