{"id":54,"date":"2024-04-04T00:19:12","date_gmt":"2024-04-03T21:19:12","guid":{"rendered":"https:\/\/sisu.ut.ee\/mukoloogiauhing\/seenelaagri-vaatlused\/"},"modified":"2024-09-04T09:41:09","modified_gmt":"2024-09-04T06:41:09","slug":"seenelaagri-vaatlused","status":"publish","type":"page","link":"https:\/\/sisu.ut.ee\/mukoloogiauhing\/seenelaagri-vaatlused\/","title":{"rendered":"Seenelaagri vaatlused"},"content":{"rendered":"<p><strong>2017<\/strong><\/p>\n<p>S\u00fcgislaagri vaatlused<\/p>\n<p><a href=\"https:\/\/app.plutof.ut.ee\/study\/view\/38920\" target=\"_blank\" rel=\"noopener\" data-url=\"https:\/\/app.plutof.ut.ee\/study\/view\/38920\">Kevadlaagri vaatlused<\/a><\/p>\n<p><strong>2016<\/strong><\/p>\n<p><a href=\"https:\/\/app.plutof.ut.ee\/study\/view\/34512\" target=\"_blank\" rel=\"noopener\" data-url=\"https:\/\/app.plutof.ut.ee\/study\/view\/34512\">S\u00fcgislaagri vaatlused<\/a><\/p>\n<p><a href=\"https:\/\/app.plutof.ut.ee\/study\/view\/33572\" target=\"_blank\" rel=\"noopener\" data-url=\"https:\/\/app.plutof.ut.ee\/study\/view\/33572\">Kevadlaagri vaatlused<\/a><\/p>\n<p><strong>2015<\/strong><\/p>\n<p><a href=\"https:\/\/app.plutof.ut.ee\/study\/view\/33573\" target=\"_blank\" rel=\"noopener\" data-url=\"https:\/\/app.plutof.ut.ee\/study\/view\/33573\">S\u00fcgislaagri\u00a0vaatlused<\/a><\/p>\n<p><a href=\"https:\/\/app.plutof.ut.ee\/study\/view\/31914\" target=\"_blank\" rel=\"noopener\" data-url=\"https:\/\/app.plutof.ut.ee\/study\/view\/31914\">Kevadlaagri vaatlused<\/a><\/p>\n","protected":false},"excerpt":{"rendered":"<p>2017 S\u00fcgislaagri vaatlused Kevadlaagri vaatlused 2016 S\u00fcgislaagri vaatlused Kevadlaagri vaatlused 2015 S\u00fcgislaagri\u00a0vaatlused Kevadlaagri vaatlused<\/p>\n","protected":false},"author":52,"featured_media":0,"parent":0,"menu_order":0,"comment_status":"closed","ping_status":"closed","template":"","meta":{"_acf_changed":false,"inline_featured_image":false,"footnotes":""},"class_list":["post-54","page","type-page","status-publish","hentry"],"acf":[],"_links":{"self":[{"href":"https:\/\/sisu.ut.ee\/mukoloogiauhing\/wp-json\/wp\/v2\/pages\/54","targetHints":{"allow":["GET"]}}],"collection":[{"href":"https:\/\/sisu.ut.ee\/mukoloogiauhing\/wp-json\/wp\/v2\/pages"}],"about":[{"href":"https:\/\/sisu.ut.ee\/mukoloogiauhing\/wp-json\/wp\/v2\/types\/page"}],"author":[{"embeddable":true,"href":"https:\/\/sisu.ut.ee\/mukoloogiauhing\/wp-json\/wp\/v2\/users\/52"}],"replies":[{"embeddable":true,"href":"https:\/\/sisu.ut.ee\/mukoloogiauhing\/wp-json\/wp\/v2\/comments?post=54"}],"version-history":[{"count":2,"href":"https:\/\/sisu.ut.ee\/mukoloogiauhing\/wp-json\/wp\/v2\/pages\/54\/revisions"}],"predecessor-version":[{"id":818,"href":"https:\/\/sisu.ut.ee\/mukoloogiauhing\/wp-json\/wp\/v2\/pages\/54\/revisions\/818"}],"wp:attachment":[{"href":"https:\/\/sisu.ut.ee\/mukoloogiauhing\/wp-json\/wp\/v2\/media?parent=54"}],"curies":[{"name":"wp","href":"https:\/\/api.w.org\/{rel}","templated":true}]}}