{"id":5,"date":"2024-04-04T00:19:09","date_gmt":"2024-04-03T21:19:09","guid":{"rendered":"https:\/\/sisu.ut.ee\/mukoloogiauhing\/eesti-mukoloogiauhingu-aastakoosolek-actiones-2016\/"},"modified":"2024-04-04T00:28:05","modified_gmt":"2024-04-03T21:28:05","slug":"eesti-mukoloogiauhingu-aastakoosolek-actiones-2016","status":"publish","type":"page","link":"https:\/\/sisu.ut.ee\/mukoloogiauhing\/eesti-mukoloogiauhingu-aastakoosolek-actiones-2016\/","title":{"rendered":"Eesti m\u00fckoloogia\u00fchingu aastakoosolek Actiones 2016"},"content":{"rendered":"<p style=\"text-align: left\"><strong>Eesti m\u00fckoloogia\u00fchingu aastakoosolek Actiones <\/strong><\/p>\n<p style=\"text-align: left\"><strong>\u00a0<\/strong><strong>Tartus 10.detsembril 2016 kl 11-15.30<\/strong>, Vanemuise 46 -247, 248 T\u00dc loodusmuuseumi \u00f5ppeklassides<\/p>\n<p style=\"text-align: left\"><strong>P\u00e4evakavas\u00a0<\/strong><\/p>\n<p style=\"text-align: left\">\u00a010.30 -11\u00a0 <strong>Hommikukohv<\/strong><\/p>\n<p style=\"text-align: left\"><strong>Ettekanded:<\/strong><\/p>\n<p style=\"text-align: left\">11 -11.20 K\u00fclli Kalamees \u201cM\u00fckoloogia\u00fchingu aasta 2016\u201d. Aastaseene\u00a0 2017 kuulutamisest<\/p>\n<p style=\"text-align: left\">11.20-11.50 Allan Zirk \u00a0\u201cMobiilne andmekogumine PLUTOF-is\u201d<\/p>\n<p style=\"text-align: left\">11.50-12.20 \u00a0Liisi Talas \u201cSeenekoosluste tuvastamine j\u00e4\u00e4ajaj\u00e4rgsetest p\u00f5hjasetetest 18S rDNA ja ITS2 ala j\u00e4rjestuse p\u00f5hise meetodiga\u201d<\/p>\n<p style=\"text-align: left\">12.20-12.35 M\u00fckoloogia\u00fchingu organisatsioonilised k\u00fcsimused<\/p>\n<p style=\"text-align: left\"><strong>L\u00f5unaeine<\/strong> 12.35-13.15 kohapeal\u00a0<\/p>\n<p style=\"text-align: left\">13.20-13.50 Ave Suija \u201cSamblikest ja nende seentest\u201d<\/p>\n<p style=\"text-align: left\">13.50-14.20 Mari Pent \u201cBakterid ja seened\u201d<\/p>\n<p style=\"text-align: left\">14.20-14.45 Polina Degtjarenko \u201cLihheniseerunud seente geneetiline mitmekesisus- meetodid, m\u00f5jutavad tegurid, n\u00e4ited\u201d<\/p>\n<p style=\"text-align: left\">14.45-15.15 Vello Liiv \u201cPuguseente perekonna <em>Scleroderma<\/em> liikide visuaalne ja mikroskoopiline eristamine (2016.a. materjali p\u00f5hjal)\u201d\u00a0<\/p>\n<p style=\"text-align: left\">15.15-15.30 P\u00e4eva kokkuv\u00f5te , k\u00fcsimused, arutelu<\/p>\n<p style=\"text-align: left\"><strong>Kavas on uue ettev\u00f5tmisena v\u00e4lja kuulutada \u00fchingu poolt<\/strong> <strong>2017 aasta seen<\/strong>, oodatud on teie ettepanekud ja m\u00f5tteavaldused K\u00fclli mailile ja kohapeal. Lisaks ootame teie ettepanekuid, kus 2016. aasta seenelaagrid v\u00f5iksid toimuda. Palun registreeruda \u00fcritusele 6.detsembriks <a href=\"mailto:kulli.kalamees-pani@ut.ee\">kulli.kalamees-pani@ut.ee<\/a>, tel 53425101<\/p>\n<p style=\"text-align: left\"><span style=\"color: #1e68e0\"><strong>Kokkuv\u00f5te aastakoosolekust 10.12.2016.\u00a0<\/strong><\/span><\/p>\n<p style=\"text-align: left\"><span style=\"color: #1e68e0\"><strong>Aastakoosolekul 10.12.2016 toimusid valimised: <\/strong><\/span><\/p>\n<p style=\"text-align: left\"><span style=\"color: #1e68e0\" data-mce-mark=\"1\"><strong>1) Kaheks j\u00e4rgnevaks aastaks valiti m\u00fckoloogia\u00fchingu <strong>esimeheks K\u00fclli Kalamees-Pani ja\u00a0<\/strong>sekret\u00e4riks \u00a0Jane Oja. \u00a0<\/strong><\/span><\/p>\n<p style=\"text-align: left\"><span style=\"color: #1e68e0\" data-mce-mark=\"1\"><strong>2) Aasta seeneks 2017 valiti kukeseen.<\/strong><\/span><\/p>\n<p style=\"text-align: left\">\n<\/p><p style=\"text-align: left\">K\u00fclli Kalamees, tel 53425101, kulli.kalamees-pani@ut.ee<\/p>\n<p style=\"text-align: left\">Irma Zettur, tel 5025035, Irma.zettur@ut.ee<\/p>\n<p style=\"text-align: left\">Eesti m\u00fckoloogia\u00fching<\/p>\n<p style=\"text-align: left\">www.mukoloogiauhing.ut.ee<\/p>\n<p><strong>\u00a0<\/strong><\/p>\n","protected":false},"excerpt":{"rendered":"<p>Eesti m\u00fckoloogia\u00fchingu aastakoosolek Actiones \u00a0Tartus 10.detsembril 2016 kl 11-15.30, Vanemuise 46 -247, 248 T\u00dc loodusmuuseumi \u00f5ppeklassides P\u00e4evakavas\u00a0 \u00a010.30 -11\u00a0 Hommikukohv Ettekanded: 11 -11.20 K\u00fclli Kalamees \u201cM\u00fckoloogia\u00fchingu aasta 2016\u201d. Aastaseene\u00a0 2017 kuulutamisest 11.20-11.50 Allan Zirk \u00a0\u201cMobiilne andmekogumine PLUTOF-is\u201d 11.50-12.20 \u00a0Liisi Talas &#8230;<\/p>\n","protected":false},"author":52,"featured_media":0,"parent":0,"menu_order":0,"comment_status":"closed","ping_status":"closed","template":"","meta":{"_acf_changed":false,"inline_featured_image":false,"footnotes":""},"class_list":["post-5","page","type-page","status-publish","hentry"],"acf":[],"_links":{"self":[{"href":"https:\/\/sisu.ut.ee\/mukoloogiauhing\/wp-json\/wp\/v2\/pages\/5","targetHints":{"allow":["GET"]}}],"collection":[{"href":"https:\/\/sisu.ut.ee\/mukoloogiauhing\/wp-json\/wp\/v2\/pages"}],"about":[{"href":"https:\/\/sisu.ut.ee\/mukoloogiauhing\/wp-json\/wp\/v2\/types\/page"}],"author":[{"embeddable":true,"href":"https:\/\/sisu.ut.ee\/mukoloogiauhing\/wp-json\/wp\/v2\/users\/52"}],"replies":[{"embeddable":true,"href":"https:\/\/sisu.ut.ee\/mukoloogiauhing\/wp-json\/wp\/v2\/comments?post=5"}],"version-history":[{"count":1,"href":"https:\/\/sisu.ut.ee\/mukoloogiauhing\/wp-json\/wp\/v2\/pages\/5\/revisions"}],"predecessor-version":[{"id":580,"href":"https:\/\/sisu.ut.ee\/mukoloogiauhing\/wp-json\/wp\/v2\/pages\/5\/revisions\/580"}],"wp:attachment":[{"href":"https:\/\/sisu.ut.ee\/mukoloogiauhing\/wp-json\/wp\/v2\/media?parent=5"}],"curies":[{"name":"wp","href":"https:\/\/api.w.org\/{rel}","templated":true}]}}