{"id":47,"date":"2024-04-04T00:19:12","date_gmt":"2024-04-03T21:19:12","guid":{"rendered":"https:\/\/sisu.ut.ee\/mukoloogiauhing\/majaseen-ou\/"},"modified":"2024-04-09T08:57:35","modified_gmt":"2024-04-09T05:57:35","slug":"majaseen-ou","status":"publish","type":"page","link":"https:\/\/sisu.ut.ee\/mukoloogiauhing\/majaseen-ou\/","title":{"rendered":"Majaseen O\u00dc"},"content":{"rendered":"<p><a href=\"http:\/\/www.majaseen.ee\" target=\"_blank\" rel=\"noopener\" data-url=\"http:\/\/www.majaseen.ee\"><img loading=\"lazy\" decoding=\"async\" class=\"alignnone wp-image-174\" style=\"float: left; margin-right: 15px;\" title=\"majaseen_cut.png\" src=\"https:\/\/sisu.ut.ee\/wp-content\/uploads\/sites\/121\/majaseen_cut.png\" alt=\"majaseen_cut.png\" width=\"133\" height=\"104\" srcset=\"https:\/\/sisu.ut.ee\/wp-content\/uploads\/sites\/121\/majaseen_cut.png 803w, https:\/\/sisu.ut.ee\/wp-content\/uploads\/sites\/121\/majaseen_cut-300x235.png 300w, https:\/\/sisu.ut.ee\/wp-content\/uploads\/sites\/121\/majaseen_cut-768x601.png 768w\" sizes=\"auto, (max-width: 133px) 100vw, 133px\"><\/a>Soovitame majaseene ekspertiisi ja m\u00e4\u00e4ramise puhul v\u00f5tta \u00fchendust\u00a0Tartu \u00dclikoolist v\u00f5rsunud iduettev\u00f5ttega <a href=\"http:\/\/www.majaseen.ee\" target=\"_blank\" rel=\"noopener\" data-url=\"http:\/\/www.majaseen.ee\">Majaseen O\u00dc<\/a>.\u00a0Uuri l\u00e4hemalt!<\/p>\n","protected":false},"excerpt":{"rendered":"<p>Soovitame majaseene ekspertiisi ja m\u00e4\u00e4ramise puhul v\u00f5tta \u00fchendust\u00a0Tartu \u00dclikoolist v\u00f5rsunud iduettev\u00f5ttega Majaseen O\u00dc.\u00a0Uuri l\u00e4hemalt!<\/p>\n","protected":false},"author":52,"featured_media":0,"parent":0,"menu_order":0,"comment_status":"closed","ping_status":"closed","template":"","meta":{"_acf_changed":false,"inline_featured_image":false,"footnotes":""},"class_list":["post-47","page","type-page","status-publish","hentry"],"acf":[],"_links":{"self":[{"href":"https:\/\/sisu.ut.ee\/mukoloogiauhing\/wp-json\/wp\/v2\/pages\/47","targetHints":{"allow":["GET"]}}],"collection":[{"href":"https:\/\/sisu.ut.ee\/mukoloogiauhing\/wp-json\/wp\/v2\/pages"}],"about":[{"href":"https:\/\/sisu.ut.ee\/mukoloogiauhing\/wp-json\/wp\/v2\/types\/page"}],"author":[{"embeddable":true,"href":"https:\/\/sisu.ut.ee\/mukoloogiauhing\/wp-json\/wp\/v2\/users\/52"}],"replies":[{"embeddable":true,"href":"https:\/\/sisu.ut.ee\/mukoloogiauhing\/wp-json\/wp\/v2\/comments?post=47"}],"version-history":[{"count":8,"href":"https:\/\/sisu.ut.ee\/mukoloogiauhing\/wp-json\/wp\/v2\/pages\/47\/revisions"}],"predecessor-version":[{"id":681,"href":"https:\/\/sisu.ut.ee\/mukoloogiauhing\/wp-json\/wp\/v2\/pages\/47\/revisions\/681"}],"wp:attachment":[{"href":"https:\/\/sisu.ut.ee\/mukoloogiauhing\/wp-json\/wp\/v2\/media?parent=47"}],"curies":[{"name":"wp","href":"https:\/\/api.w.org\/{rel}","templated":true}]}}