{"id":46,"date":"2024-04-04T00:19:11","date_gmt":"2024-04-03T21:19:11","guid":{"rendered":"https:\/\/sisu.ut.ee\/mukoloogiauhing\/21062016-kevadine-seenelaager\/"},"modified":"2024-09-04T09:37:57","modified_gmt":"2024-09-04T06:37:57","slug":"21062016-kevadine-seenelaager","status":"publish","type":"page","link":"https:\/\/sisu.ut.ee\/mukoloogiauhing\/21062016-kevadine-seenelaager\/","title":{"rendered":"Kokkuv\u00f5te: Kevadine seenelaager 2016"},"content":{"rendered":"<p><strong>M\u00fckoloogia\u00fchingu kevadised seeneretked Harjumaal\u00a0<\/strong><\/p>\n<p>Eesti m\u00fckoloogia\u00fchingu kevadlaagris 5-7.05.2016 Harjumaal leiti 35 eri liiki seeni.\u00a0 Seente uurimisretked toimusid neljal p\u00e4eval Harjumaal Vasalemmas, Rummus, Korbul, Munalaskmel, Vanaasemel, Paldiski piirkonnas ja Pakri poolsaarel, Karilepas, Madisel, Harju-Madisel, Keila tammikus, Pedasel, Nahkjalas, Padisel ja Viherpalus. Seenelaagri keskus ja majutus asus Pedasel.<\/p>\n<p>Tuntumatest kevadseentest leiti erkpunaseid harilikke karikseeni ja heade s\u00f6\u00f6giseentena tuntud kurreleid. Vaadeldi erinevaid puidul kasvavaid seeni \/tuletael, k\u00e4nnupess, kasek\u00e4sn, ebatuletael, haavataelik, kuuse-juurepess, must p\u00e4ssik, rohetiksik, roostepruun taelik jt). \u00a0Leiti k\u00e4bidel kasvavaid m\u00e4nni- k\u00e4bik\u00f5rgeseid ja \u00fclasel roosteseent Tranzschelia anemones. Haruldasematest seentest vaadeldi hiidm\u00fcrklit.<\/p>\n<p>T\u00e4psem info liikidest Eesti m\u00fckoloogia\u00fchingu\u00a0kodulehel <a href=\"http:\/\/mukoloogiauhing.ut.ee\" target=\"_blank\" rel=\"noopener\" data-url=\"http:\/\/mukoloogiauhing.ut.ee\">mukoloogiauhing.ut.ee<\/a>, kust leiab ka vaadeldud liikide nimekirja. Kevadlaagri vaatluskohad kaardil ja kohatud liikide nimekirja leiab ka PlutoF harrastusteaduse projektide avalikul lehel <a href=\"https:\/\/app.plutof.ut.ee\/study\/view\/33572\" target=\"_blank\" rel=\"noopener\" data-url=\"https:\/\/app.plutof.ut.ee\/study\/view\/33572\">\u201c2016 Spring Mushroom Foray\u201d<\/a>.<\/p>\n<p>K\u00f5ike head K\u00fclli Kalamees-Pani<\/p>\n<p>Eesti m\u00fckoloogia\u00fching<\/p>\n<p>\u00a0<\/p>\n\n\n<figure class=\"wp-block-gallery has-nested-images columns-3 is-cropped wp-block-gallery-1 is-layout-flex wp-block-gallery-is-layout-flex\">\n<figure class=\"wp-block-image size-large\"><a href=\"https:\/\/sisu.ut.ee\/wp-content\/uploads\/sites\/121\/2016_kevadine_seenelaager_harjumaal_f_vello_liiv-scaled.jpeg\"><img decoding=\"async\" data-id=\"162\" src=\"https:\/\/sisu.ut.ee\/wp-content\/uploads\/sites\/121\/2016_kevadine_seenelaager_harjumaal_f_vello_liiv-scaled.jpeg\" alt=\"\" class=\"wp-ima&gt;&lt;\/figcaption&gt;&lt;\/figure&gt;\n\n\n\n&lt;figure class=\" wp-block-image size-large><\/a><a href=\"https:\/\/sisu.ut.ee\/wp-content\/uploads\/sites\/121\/img_4968_lounaeine_kevadlaagris_foto_kulli_kalamees-scaled.jpg\"><img decoding=\"async\" data-id=\"163\" src=\"https:\/\/sisu.ut.ee\/wp-content\/uploads\/sites\/121\/img_4968_lounaeine_kevadlaagris_foto_kulli_kalamees-scaled.jpg\" alt=\"\" class=\"wp-ima&gt;&lt;\/figcaption&gt;&lt;\/figure&gt;\n\n\n\n&lt;figure class=\" wp-block-image size-large><\/a><a href=\"https:\/\/sisu.ut.ee\/wp-content\/uploads\/sites\/121\/img_4962_seenemaaramine_f_kulli_kalamees-scaled.jpg\"><img decoding=\"async\" data-id=\"164\" src=\"https:\/\/sisu.ut.ee\/wp-content\/uploads\/sites\/121\/img_4962_seenemaaramine_f_kulli_kalamees-scaled.jpg\" alt=\"\" class=\"wp-ima&gt;&lt;\/figcaption&gt;&lt;\/figure&gt;\n\n\n\n&lt;figure class=\" wp-block-image size-large><\/a><a href=\"https:\/\/sisu.ut.ee\/wp-content\/uploads\/sites\/121\/img_4924_hetked_kevadlaagris-scaled.jpg\"><img decoding=\"async\" data-id=\"165\" src=\"https:\/\/sisu.ut.ee\/wp-content\/uploads\/sites\/121\/img_4924_hetked_kevadlaagris-scaled.jpg\" alt=\"\" class=\"wp-ima&gt;&lt;\/figcaption&gt;&lt;\/figure&gt;\n\n\n\n&lt;figure class=\" wp-block-image size-large><\/a><a href=\"https:\/\/sisu.ut.ee\/wp-content\/uploads\/sites\/121\/img_4928_panga_all_foto_kulli_kalamees-scaled.jpg\"><img decoding=\"async\" data-id=\"166\" src=\"https:\/\/sisu.ut.ee\/wp-content\/uploads\/sites\/121\/img_4928_panga_all_foto_kulli_kalamees-scaled.jpg\" alt=\"\" class=\"wp-ima&gt;&lt;\/figcaption&gt;&lt;\/figure&gt;\n\n\n\n&lt;figure class=\" wp-block-image size-large><\/a><a href=\"https:\/\/sisu.ut.ee\/wp-content\/uploads\/sites\/121\/img_4948_parnasalu_kivikulvis_foto_kulli_kalamees-scaled.jpg\"><img decoding=\"async\" data-id=\"167\" src=\"https:\/\/sisu.ut.ee\/wp-content\/uploads\/sites\/121\/img_4948_parnasalu_kivikulvis_foto_kulli_kalamees-scaled.jpg\" alt=\"\" class=\"wp-ima&gt;&lt;\/figcaption&gt;&lt;\/figure&gt;\n\n\n\n&lt;figure class=\" wp-block-image size-large><\/a><a href=\"https:\/\/sisu.ut.ee\/wp-content\/uploads\/sites\/121\/img_4908_kevadlaagri_olustikus_pakri_ps_foto_kulli_kalamees-scaled.jpg\"><img decoding=\"async\" data-id=\"168\" src=\"https:\/\/sisu.ut.ee\/wp-content\/uploads\/sites\/121\/img_4908_kevadlaagri_olustikus_pakri_ps_foto_kulli_kalamees-scaled.jpg\" alt=\"\" class=\"wp-ima&gt;&lt;\/figcaption&gt;&lt;\/figure&gt;\n\n\n\n&lt;figure class=\" wp-block-image size-large><\/a><a href=\"https:\/\/sisu.ut.ee\/wp-content\/uploads\/sites\/121\/dsc_0914_teel_seenele_-foto_kulli_kalamees-scaled.jpg\"><img decoding=\"async\" data-id=\"169\" src=\"https:\/\/sisu.ut.ee\/wp-content\/uploads\/sites\/121\/dsc_0914_teel_seenele_-foto_kulli_kalamees-scaled.jpg\" alt=\"\" class=\"wp-ima&gt;&lt;\/figcaption&gt;&lt;\/figure&gt;\n\n\n\n&lt;figure class=\" wp-block-image size-large><\/a><a href=\"https:\/\/sisu.ut.ee\/wp-content\/uploads\/sites\/121\/dsc_0925_samblikuid_kivil_uurimas_foto_kulli_kalamees-scaled.jpg\"><img decoding=\"async\" data-id=\"170\" src=\"https:\/\/sisu.ut.ee\/wp-content\/uploads\/sites\/121\/dsc_0925_samblikuid_kivil_uurimas_foto_kulli_kalamees-scaled.jpg\" alt=\"\" class=\"wp-ima&gt;&lt;\/figcaption&gt;&lt;\/figure&gt;\n\n\n\n&lt;figure class=\" wp-block-image size-large><\/a><a href=\"https:\/\/sisu.ut.ee\/wp-content\/uploads\/sites\/121\/dsc_1108_ikka_seened_foto_kulli_kalamees-scaled.jpg\"><img decoding=\"async\" data-id=\"171\" src=\"https:\/\/sisu.ut.ee\/wp-content\/uploads\/sites\/121\/dsc_1108_ikka_seened_foto_kulli_kalamees-scaled.jpg\" alt=\"\" class=\"wp-ima&gt;&lt;\/figcaption&gt;&lt;\/figure&gt;\n\n\n\n&lt;figure class=\" wp-block-image size-large><\/a><a href=\"https:\/\/sisu.ut.ee\/wp-content\/uploads\/sites\/121\/img_4921_kurrelid_verpa_bohemica_keila_foto_kulli_kalamees-scaled.jpg\"><img decoding=\"async\" data-id=\"172\" src=\"https:\/\/sisu.ut.ee\/wp-content\/uploads\/sites\/121\/img_4921_kurrelid_verpa_bohemica_keila_foto_kulli_kalamees-scaled.jpg\" alt=\"\" class=\"wp-ima&gt;&lt;\/figcaption&gt;&lt;\/figure&gt;\n\n\n\n&lt;figure class=\" wp-block-image size-large><\/a><a href=\"https:\/\/sisu.ut.ee\/wp-content\/uploads\/sites\/121\/dsc_1053_seenekorviga_foto_kulli_kalamees-scaled.jpg\"><img decoding=\"async\" data-id=\"173\" src=\"https:\/\/sisu.ut.ee\/wp-content\/uploads\/sites\/121\/dsc_1053_seenekorviga_foto_kulli_kalamees-scaled.jpg\" alt=\"\" class=\"wp-ima&gt;&lt;\/figcaption&gt;&lt;\/figure&gt;\n&lt;\/figure&gt;\n\n\n&lt;p&gt;&lt;\/p&gt;\n\n\n&lt;div class=\" wp-block-group attached-files-group is-layout-constrained wp-block-group-is-layout-constrained>\n<div class=\"wp-block-file\"><a href=\"https:\/\/sisu.ut.ee\/wp-content\/uploads\/sites\/121\/seenenimekiri_2016_emu_kevadlaagris_harjumaal.docx\" target=\"_blank\" rel=\"noreferrer noopener\">seenenimekiri_2016_emu_kevadlaagris_harjumaal.docx<\/a><\/div>\n\n<\/a><\/figure><\/figure>","protected":false},"excerpt":{"rendered":"<p>M\u00fckoloogia\u00fchingu kevadised seeneretked Harjumaal\u00a0 Eesti m\u00fckoloogia\u00fchingu kevadlaagris 5-7.05.2016 Harjumaal leiti 35 eri liiki seeni.\u00a0 Seente uurimisretked toimusid neljal p\u00e4eval Harjumaal Vasalemmas, Rummus, Korbul, Munalaskmel, Vanaasemel, Paldiski piirkonnas ja Pakri poolsaarel, Karilepas, Madisel, Harju-Madisel, Keila tammikus, Pedasel, Nahkjalas, Padisel ja Viherpalus. &#8230;<\/p>\n","protected":false},"author":52,"featured_media":0,"parent":0,"menu_order":0,"comment_status":"closed","ping_status":"closed","template":"","meta":{"_acf_changed":false,"inline_featured_image":false,"footnotes":""},"class_list":["post-46","page","type-page","status-publish","hentry"],"acf":[],"_links":{"self":[{"href":"https:\/\/sisu.ut.ee\/mukoloogiauhing\/wp-json\/wp\/v2\/pages\/46","targetHints":{"allow":["GET"]}}],"collection":[{"href":"https:\/\/sisu.ut.ee\/mukoloogiauhing\/wp-json\/wp\/v2\/pages"}],"about":[{"href":"https:\/\/sisu.ut.ee\/mukoloogiauhing\/wp-json\/wp\/v2\/types\/page"}],"author":[{"embeddable":true,"href":"https:\/\/sisu.ut.ee\/mukoloogiauhing\/wp-json\/wp\/v2\/users\/52"}],"replies":[{"embeddable":true,"href":"https:\/\/sisu.ut.ee\/mukoloogiauhing\/wp-json\/wp\/v2\/comments?post=46"}],"version-history":[{"count":3,"href":"https:\/\/sisu.ut.ee\/mukoloogiauhing\/wp-json\/wp\/v2\/pages\/46\/revisions"}],"predecessor-version":[{"id":816,"href":"https:\/\/sisu.ut.ee\/mukoloogiauhing\/wp-json\/wp\/v2\/pages\/46\/revisions\/816"}],"wp:attachment":[{"href":"https:\/\/sisu.ut.ee\/mukoloogiauhing\/wp-json\/wp\/v2\/media?parent=46"}],"curies":[{"name":"wp","href":"https:\/\/api.w.org\/{rel}","templated":true}]}}